{"id":11708,"date":"2024-03-28T14:47:32","date_gmt":"2024-03-28T07:47:32","guid":{"rendered":"https:\/\/b2c.fairs.vn\/?post_type=product&#038;p=11708"},"modified":"2024-03-28T14:47:32","modified_gmt":"2024-03-28T07:47:32","slug":"tra-mang-cau-phung-phat-hop-giay-doi","status":"publish","type":"product","link":"https:\/\/b2c.fairs.vn\/en\/product\/tra-mang-cau-phung-phat-hop-giay-doi\/","title":{"rendered":"Tr\u00e0 m\u00e3ng c\u1ea7u Ph\u1ee5ng Ph\u00e1t (h\u1ed9p gi\u1ea5y \u0111\u00f4i)"},"content":{"rendered":"<p><strong>M\u00f4 t\u1ea3 s\u1ea3n ph\u1ea9m:<\/strong><\/p>\n<p>Tr\u00e0 m\u00e3ng c\u1ea7u Ph\u1ee5ng Ph\u00e1t \u0111\u01b0\u1ee3c l\u00e0m t\u1eeb 100% t\u1eeb th\u1ecbt qu\u1ea3 m\u00e3ng c\u1ea7u xi\u00eam gi\u00e0 v\u1eeba \u0111\u1ee7, \u0111\u01b0\u1ee3c c\u1eaft s\u1ee3i, ph\u01a1i n\u1eafng cho r\u00e1o v\u00e0 \u0111\u01b0\u1ee3c xao v\u00e0ng \u01b0\u01a1m v\u1edbi nhi\u1ec7t \u0111\u1ed9 v\u1eeba \u0111\u1ee7 \u0111\u1ec3 b\u1ea3o \u0111\u1ea3m gi\u1eef \u0111\u01b0\u1ee3c h\u01b0\u01a1ng v\u1ecb d\u1ecbu nh\u1eb9 c\u1ee7a m\u00e3u c\u1ea7u c\u0169ng nh\u01b0 c\u00e1c d\u01b0\u1ee1ng ch\u1ea5t . B\u00ean c\u1ea1nh h\u01b0\u01a1ng v\u1ecb th\u01a1m ngon d\u1ecbu nh\u1eb9 gi\u00fap ng\u01b0\u1eddi d\u00f9ng th\u01b0 gi\u1ea3n sau nh\u1eefng gi\u1edd l\u00e0m vi\u1ec7c m\u1ec7t m\u1ecfi, tr\u00e0 m\u00e3ng c\u1ea7u Ph\u1ee5ng Ph\u00e1t c\u00f2n gi\u00fap ng\u01b0\u1eddi d\u00f9ng b\u1ea3o v\u1ec7 s\u1ee9c kho\u1ebb c\u1ee7a m\u00ecnh<\/p>\n<p><u>C\u00f4ng d\u1ee5ng:<\/u><\/p>\n<p>+ Ng\u0103n ng\u1eeba ung th\u01b0: Trong tr\u00e0 m\u00e3ng c\u1ea7u c\u00f3 ch\u1ee9a nh\u00f3m kh\u00e1ng sinh m\u1ea1nh acetogenin n\u00ean c\u00f3 \u0111\u1eb7c t\u00ednh ung th\u01b0 t\u1ed1t<\/p>\n<p>+ B\u1ea3o v\u1ec7 tim m\u1ea1ch: L\u01b0\u1ee3ng kali v\u00e0 c\u00e1c ho\u1ea1t ch\u1ea5t d\u1ed3i d\u00e0o trong tr\u00e0 m\u00e3ng c\u1ea7u gi\u00fap h\u1ea1 huy\u1ebft \u00e1p kh\u00e1 nhi\u1ec1u. \u0110\u1ed1i v\u1edbi nh\u1eefng ng\u01b0\u1eddi b\u1ecb t\u0103ng huy\u1ebft \u00e1p, \u0111\u00e2y l\u00e0 m\u1ed9t c\u00e1ch hi\u1ec7u qu\u1ea3 \u0111\u1ec3 ki\u1ec3m so\u00e1t huy\u1ebft \u00e1p v\u00e0 gi\u1ea3m \u00e1p l\u1ef1c cho tim.<\/p>\n<p>+ H\u1ed7 h\u1ee3 ti\u00eau ho\u00e1: Tr\u00e0 m\u00e3ng c\u1ea7u ch\u1ee9a c\u00e1c lo\u1ea1i vitamin v\u00e0 kho\u00e1ng ch\u1ea5t c\u0169ng nh\u01b0 c\u00e1c h\u1ee3p ch\u1ea5t ch\u1ed1ng vi\u00eam c\u00f3 ch\u1ee9c n\u0103ng h\u1ed7 tr\u1ee3 h\u1ec7 ti\u00eau h\u00f3a. Nh\u1eefng ch\u1ea5t n\u00e0y c\u0169ng gi\u00fap ng\u0103n ng\u1eeba m\u1ed9t s\u1ed1 t\u00ecnh tr\u1ea1ng nh\u01b0 t\u00e1o b\u00f3n, kh\u00f3 ti\u00eau, \u0111au b\u1ee5ng, \u0111\u1ea7y h\u01a1i v\u00e0 ti\u00eau ch\u1ea3y. L\u01b0\u1ee3ng canxi trong lo\u1ea1i tr\u00e0 n\u00e0y c\u0169ng gi\u00fap c\u01a1 th\u1ec3 h\u1ea5p thu s\u1eaft hi\u1ec7u qu\u1ea3 h\u01a1n. H\u01a1n n\u1eefa, \u0111\u1eb7c t\u00ednh kh\u00e1ng khu\u1ea9n c\u1ee7a tr\u00e0 m\u00e3ng c\u1ea7u c\u0169ng gi\u00fap c\u00e2n b\u1eb1ng m\u00f4i tr\u01b0\u1eddng vi sinh trong ru\u1ed9t.<\/p>\n<p>+ L\u00e0m \u0111\u1eb9p da: Tr\u00e0 m\u00e3ng c\u1ea7u c\u00f3 th\u1ec3 gi\u00fap da c\u0103ng m\u1ecbn h\u01a1n v\u00e0 l\u1ed7 ch\u00e2n l\u00f4ng nh\u1ecf l\u1ea1i. \u0110i\u1ec1u n\u00e0y kh\u00f4ng ch\u1ec9 gi\u00fap gi\u1ea3m s\u1ef1 xu\u1ea5t hi\u1ec7n c\u1ee7a n\u1ebfp nh\u0103n, l\u01b0u gi\u1eef n\u00e9t tr\u1ebb trung m\u00e0 c\u00f2n ng\u0103n ng\u1eeba m\u1ed9t s\u1ed1 t\u00ecnh tr\u1ea1ng kh\u00f3 ch\u1ecbu nh\u01b0 n\u1ed5i m\u1ee5n v\u00e0 vi\u00eam l\u1ed7 ch\u00e2n long. Ngo\u00e0i ra tr\u00e0 m\u00e3ng c\u1ea7u c\u0169ng gi\u00fap ng\u01b0\u1eddi d\u00f9ng m\u00e1t gan v\u00e0 thanh l\u1ecdc c\u01a1 th\u1ec3<\/p>","protected":false},"excerpt":{"rendered":"<p>M\u00f4 t\u1ea3 s\u1ea3n ph\u1ea9m: Tr\u00e0 m\u00e3ng c\u1ea7u Ph\u1ee5ng Ph\u00e1t \u0111\u01b0\u1ee3c l\u00e0m t\u1eeb 100% t\u1eeb th\u1ecbt qu\u1ea3 m\u00e3ng c\u1ea7u xi\u00eam gi\u00e0<\/p>","protected":false},"featured_media":11711,"comment_status":"open","ping_status":"closed","template":"","meta":{"_acf_changed":false},"product_cat":[325],"product_tag":[],"class_list":{"0":"post-11708","1":"product","2":"type-product","3":"status-publish","4":"has-post-thumbnail","6":"product_cat-san-pham-do-uong","8":"first","9":"instock","10":"shipping-taxable","11":"purchasable","12":"product-type-simple"},"acf":[],"_links":{"self":[{"href":"https:\/\/b2c.fairs.vn\/en\/wp-json\/wp\/v2\/product\/11708","targetHints":{"allow":["GET"]}}],"collection":[{"href":"https:\/\/b2c.fairs.vn\/en\/wp-json\/wp\/v2\/product"}],"about":[{"href":"https:\/\/b2c.fairs.vn\/en\/wp-json\/wp\/v2\/types\/product"}],"replies":[{"embeddable":true,"href":"https:\/\/b2c.fairs.vn\/en\/wp-json\/wp\/v2\/comments?post=11708"}],"version-history":[{"count":0,"href":"https:\/\/b2c.fairs.vn\/en\/wp-json\/wp\/v2\/product\/11708\/revisions"}],"wp:featuredmedia":[{"embeddable":true,"href":"https:\/\/b2c.fairs.vn\/en\/wp-json\/wp\/v2\/media\/11711"}],"wp:attachment":[{"href":"https:\/\/b2c.fairs.vn\/en\/wp-json\/wp\/v2\/media?parent=11708"}],"wp:term":[{"taxonomy":"product_cat","embeddable":true,"href":"https:\/\/b2c.fairs.vn\/en\/wp-json\/wp\/v2\/product_cat?post=11708"},{"taxonomy":"product_tag","embeddable":true,"href":"https:\/\/b2c.fairs.vn\/en\/wp-json\/wp\/v2\/product_tag?post=11708"}],"curies":[{"name":"wp","href":"https:\/\/api.w.org\/{rel}","templated":true}]}}