{"id":11685,"date":"2024-03-28T14:40:20","date_gmt":"2024-03-28T07:40:20","guid":{"rendered":"https:\/\/b2c.fairs.vn\/?post_type=product&#038;p=11685"},"modified":"2024-04-04T09:24:52","modified_gmt":"2024-04-04T02:24:52","slug":"san-go-mat-go-oc-cho","status":"publish","type":"product","link":"https:\/\/b2c.fairs.vn\/en\/product\/san-go-mat-go-oc-cho\/","title":{"rendered":"S\u00e0n g\u1ed7 &#8211; RW 1704 G\u1ed7 k\u1ef9 thu\u1eadt m\u1eb7t g\u1ed7 \u00f3c ch\u00f3"},"content":{"rendered":"<div class=\"col-xs-12\">\n<div class=\"row\">\n<div class=\"col-xs-12 col-md-6\">\n<div class=\"summary entry-summary\">\n<div class=\"description\">\n<p>S\u00e0n g\u1ed7 Nh\u1eadt B\u1ea3n Daiki t\u00ednh n\u0103ng si\u00eau ch\u1ecbu n\u01b0\u1edbc ch\u00f4ng cong v\u00eanh ,m\u1ed1i m\u1ecdt \u0111\u01b0\u1ee3c l\u00e0m ho\u00e0n to\u00e0n b\u1eb1ng g\u1ed7 th\u00e2n thi\u1ec7n m\u00f4i tr\u01b0\u1eddng kh\u00f4ng g\u00e2y \u0111\u1ed9c h\u1ea1i l\u1ea7n \u0111\u1ea7u ti\u00ean c\u00f3 m\u1eb7t tai Vi\u1ec7t Nam<\/p>\n<p>Kt:890*140*12mm<\/p>\n<p>\u0110\u01b0\u1ee3c c\u1ea5u t\u1ea1o b\u1eddi 5-7 l\u1edbp g\u1ed7 lauan d\u00e1n v\u00e0o nhau ch\u1ed1ng cong v\u00eanh co ng\u00f3t<\/p>\n<p>Tr\u00ean b\u1ec1 m\u1eb7t l\u00e0 l\u1edbp vener t\u1ef1 nhi\u00ean v\u00e2n g\u1ed7 \u00f3c ch\u00f3 sau \u0111\u00f3 l\u00e0 l\u1edbp ph\u1ee7 s\u01a1n UV<\/p>\n<\/div>\n<\/div>\n<\/div>\n<\/div>\n<\/div>","protected":false},"excerpt":{"rendered":"<p>S\u00e0n g\u1ed7 Nh\u1eadt B\u1ea3n Daiki t\u00ednh n\u0103ng si\u00eau ch\u1ecbu n\u01b0\u1edbc ch\u00f4ng cong v\u00eanh ,m\u1ed1i m\u1ecdt \u0111\u01b0\u1ee3c l\u00e0m ho\u00e0n to\u00e0n b\u1eb1ng<\/p>","protected":false},"featured_media":11691,"comment_status":"open","ping_status":"closed","template":"","meta":{"_acf_changed":false},"product_cat":[520,400,399],"product_tag":[],"class_list":{"0":"post-11685","1":"product","2":"type-product","3":"status-publish","4":"has-post-thumbnail","6":"product_cat-nha-cua-doi-song","7":"product_cat-noi-that","8":"product_cat-vat-lieu-xay-dung","10":"first","11":"instock","12":"shipping-taxable","13":"product-type-simple"},"acf":[],"_links":{"self":[{"href":"https:\/\/b2c.fairs.vn\/en\/wp-json\/wp\/v2\/product\/11685","targetHints":{"allow":["GET"]}}],"collection":[{"href":"https:\/\/b2c.fairs.vn\/en\/wp-json\/wp\/v2\/product"}],"about":[{"href":"https:\/\/b2c.fairs.vn\/en\/wp-json\/wp\/v2\/types\/product"}],"replies":[{"embeddable":true,"href":"https:\/\/b2c.fairs.vn\/en\/wp-json\/wp\/v2\/comments?post=11685"}],"version-history":[{"count":0,"href":"https:\/\/b2c.fairs.vn\/en\/wp-json\/wp\/v2\/product\/11685\/revisions"}],"wp:featuredmedia":[{"embeddable":true,"href":"https:\/\/b2c.fairs.vn\/en\/wp-json\/wp\/v2\/media\/11691"}],"wp:attachment":[{"href":"https:\/\/b2c.fairs.vn\/en\/wp-json\/wp\/v2\/media?parent=11685"}],"wp:term":[{"taxonomy":"product_cat","embeddable":true,"href":"https:\/\/b2c.fairs.vn\/en\/wp-json\/wp\/v2\/product_cat?post=11685"},{"taxonomy":"product_tag","embeddable":true,"href":"https:\/\/b2c.fairs.vn\/en\/wp-json\/wp\/v2\/product_tag?post=11685"}],"curies":[{"name":"wp","href":"https:\/\/api.w.org\/{rel}","templated":true}]}}