{"id":11676,"date":"2024-03-28T14:34:18","date_gmt":"2024-03-28T07:34:18","guid":{"rendered":"https:\/\/b2c.fairs.vn\/?post_type=product&#038;p=11676"},"modified":"2024-03-28T14:34:19","modified_gmt":"2024-03-28T07:34:19","slug":"tra-thao-moc-tui-loc-silymarin-ogatea","status":"publish","type":"product","link":"https:\/\/b2c.fairs.vn\/en\/product\/tra-thao-moc-tui-loc-silymarin-ogatea\/","title":{"rendered":"Tr\u00e0 th\u1ea3o m\u1ed9c t\u00fai l\u1ecdc Silymarin Ogatea"},"content":{"rendered":"<p><strong>TR\u00c0 TH\u1ea2O M\u1ed8C T\u00daI L\u1eccC SILYMARIN<\/strong><\/p>\n<p>C\u00e2y k\u1ebf s\u1eefa v\u1ed1n m\u1ecdc hoang d\u00e3 \u1edf v\u00f9ng \u00d0\u1ecba Trung H\u1ea3i. Ng\u00e0y nay, lo\u1ea1i c\u00e2y n\u00e0y \u0111\u00e3 \u0111\u01b0\u1ee3c tr\u1ed3ng kh\u1eafp n\u01a1i tr\u00ean th\u1ebf gi\u1edbi trong \u0111\u00f3 c\u00f3 Vi\u1ec7t Nam.<\/p>\n<p>C\u00e2y k\u1ebf s\u1eefa tr\u01b0\u1edfng th\u00e0nh c\u00f3 th\u1ec3 cao t\u1edbi 3m. Hoa l\u1edbn m\u00e0u t\u00edm th\u01b0\u1eddng m\u1ecdc ph\u00eda tr\u00ean \u0111\u1ea7u c\u1ee7a c\u00e2y. Ch\u00fang \u0111\u01b0\u1ee3c g\u1ecdi l\u00e0 k\u1ebf s\u1eefa do c\u00f3 tr\u00ean nh\u1eefng chi\u1ebfc l\u00e1 gai s\u1eafc nh\u1ecdn c\u00f3 nh\u1eefng g\u00e2n m\u00e0u s\u1eefa. Ch\u00fang th\u01b0\u1eddng \u0111\u01b0\u1ee3c thu ho\u1ea1ch v\u00e0o th\u00e1ng 8, kho\u1ea3ng 2 \u2013 3 tu\u1ea7n sau khi n\u1edf hoa.<\/p>\n<p>Nhi\u1ec1u th\u1ebf k\u1ef7 qua cao c\u1ee7a c\u00e2y k\u1ebf s\u1eefa \u0111\u01b0\u1ee3c bi\u1ebft \u0111\u1ebfn nh\u01b0 \u201cthu\u1ed1c b\u1ed5 gan\u201d. Ho\u1ea1t ch\u1ea5t trong c\u00e2y k\u1ebf s\u1eefa l\u00e0 silymarin, \u0111\u01b0\u1ee3c chi\u1ebft t\u1eeb h\u1ea1t k\u1ebf s\u1eefa. Silymarin l\u00e0 ch\u1ea5t ch\u1ed1ng oxy ho\u00e1 c\u00f3 t\u00e1c d\u1ee5ng ph\u1ee5c h\u1ed3i v\u00e0 b\u1ea3o v\u1ec7 gan. V\u00ec v\u1eady, c\u00e2y k\u1ebf s\u1eefa \u0111\u01b0\u1ee3c cho l\u00e0 b\u1ea3o v\u1ec7 v\u00e0 t\u0103ng c\u01b0\u1eddng ch\u1ee9c n\u0103ng gan.<\/p>\n<p>Tr\u00e0 l\u00e0m t\u1eeb c\u00e2y k\u1ebf s\u1eefa \u0111\u00e3 \u0111\u01b0\u1ee3c s\u1eed d\u1ee5ng nh\u01b0 l\u00e0 ph\u01b0\u01a1ng ph\u00e1p t\u1ef1 nhi\u00ean \u0111i\u1ec1u tr\u1ecb c\u00e1c b\u1ec7nh v\u1ec1 gan trong th\u1eddi c\u1ed5 \u0111\u1ea1i.<\/p>\n<p>Ch\u00fang t\u00f4i \u0111\u00e3 t\u1ea1o ra tr\u00e0 t\u00fai l\u1ecdc l\u00e0m t\u1eeb c\u00e2y k\u1ebf s\u1eefa \u0111\u1ec3 b\u1ea3o v\u1ec7 l\u00e1 gan cho b\u1ea1n<\/p>\n<p><strong>H\u01b0\u1edbng d\u1eabn pha tr\u00e0<\/strong><\/p>\n<p>B\u1ea1n cho t\u00fai tr\u00e0 v\u00e0o c\u1ed1c v\u00e0 th\u00eam 200ml n\u01b0\u1edbc n\u00f3ng<\/p>\n<p>Ng\u00e2m tr\u00e0 kho\u1ea3ng 2-3 ph\u00fat l\u00e0 d\u00f9ng \u0111\u01b0\u1ee3c<\/p>\n<p>M\u1ed7i ng\u00e0y n\u00ean d\u00f9ng 2 g\u00f3i tr\u00e0, m\u1ed7i l\u1ea7n m\u1ed9t g\u00f3i tr\u00e0 sau \u0103n<\/p>\n<p>B\u1ea1n kh\u00f4ng n\u00ean s\u1eed d\u1ee5ng tr\u00e0 cho nh\u1eefng \u0111\u1ed1i t\u01b0\u1ee3ng nh\u1ea1y c\u1ea3m nh\u01b0 ph\u1ee5 n\u1eef c\u00f3 thai v\u00e0 tr\u1ebb em d\u01b0\u1edbi 6 tu\u1ed5i.<\/p>\n<p><strong>M\u00e0u c\u1ee7a tr\u00e0 t\u1eeb v\u00e0ng \u0111\u1ebfn v\u00e0ng nh\u1ea1t<\/strong>: B\u1edfi v\u00ec \u0111\u01b0\u1ee3c s\u1ea3n xu\u1ea5t t\u1eeb h\u1ea1t c\u00e2y k\u1ebf s\u1eefa nguy\u00ean ch\u1ea5t.<\/p>\n<p><strong>Ch\u1ec9 s\u1eed d\u1ee5ng sau khi b\u00f3c h\u1ed9p ra trong v\u00f2ng 20 ng\u00e0y.<\/strong><\/p>\n<p><strong>H\u01b0\u1edbng d\u1eabn b\u1ea3o qu\u1ea3n<\/strong><\/p>\n<p>N\u01a1i kh\u00f4 r\u00e1o<\/p>\n<p><strong>Kh\u1ed1i l\u01b0\u1ee3ng t\u1ecbnh:\u00a0\u00a0<\/strong>30g (10 t\u00fai x 3g)<\/p>","protected":false},"excerpt":{"rendered":"<p>TR\u00c0 TH\u1ea2O M\u1ed8C T\u00daI L\u1eccC SILYMARIN C\u00e2y k\u1ebf s\u1eefa v\u1ed1n m\u1ecdc hoang d\u00e3 \u1edf v\u00f9ng \u00d0\u1ecba Trung H\u1ea3i. Ng\u00e0y nay,<\/p>","protected":false},"featured_media":11679,"comment_status":"open","ping_status":"closed","template":"","meta":{"_acf_changed":false},"product_cat":[321,22,323],"product_tag":[],"class_list":{"0":"post-11676","1":"product","2":"type-product","3":"status-publish","4":"has-post-thumbnail","6":"product_cat-che","7":"product_cat-sanphamthucpham","8":"product_cat-san-pham-tra-tu-thuc-vat-khac","10":"first","11":"instock","12":"shipping-taxable","13":"purchasable","14":"product-type-simple"},"acf":[],"_links":{"self":[{"href":"https:\/\/b2c.fairs.vn\/en\/wp-json\/wp\/v2\/product\/11676","targetHints":{"allow":["GET"]}}],"collection":[{"href":"https:\/\/b2c.fairs.vn\/en\/wp-json\/wp\/v2\/product"}],"about":[{"href":"https:\/\/b2c.fairs.vn\/en\/wp-json\/wp\/v2\/types\/product"}],"replies":[{"embeddable":true,"href":"https:\/\/b2c.fairs.vn\/en\/wp-json\/wp\/v2\/comments?post=11676"}],"version-history":[{"count":0,"href":"https:\/\/b2c.fairs.vn\/en\/wp-json\/wp\/v2\/product\/11676\/revisions"}],"wp:featuredmedia":[{"embeddable":true,"href":"https:\/\/b2c.fairs.vn\/en\/wp-json\/wp\/v2\/media\/11679"}],"wp:attachment":[{"href":"https:\/\/b2c.fairs.vn\/en\/wp-json\/wp\/v2\/media?parent=11676"}],"wp:term":[{"taxonomy":"product_cat","embeddable":true,"href":"https:\/\/b2c.fairs.vn\/en\/wp-json\/wp\/v2\/product_cat?post=11676"},{"taxonomy":"product_tag","embeddable":true,"href":"https:\/\/b2c.fairs.vn\/en\/wp-json\/wp\/v2\/product_tag?post=11676"}],"curies":[{"name":"wp","href":"https:\/\/api.w.org\/{rel}","templated":true}]}}