{"id":11670,"date":"2024-03-28T14:33:01","date_gmt":"2024-03-28T07:33:01","guid":{"rendered":"https:\/\/b2c.fairs.vn\/?post_type=product&#038;p=11670"},"modified":"2024-03-28T14:33:02","modified_gmt":"2024-03-28T07:33:02","slug":"tra-gung-den-ogatea","status":"publish","type":"product","link":"https:\/\/b2c.fairs.vn\/en\/product\/tra-gung-den-ogatea\/","title":{"rendered":"Tr\u00e0 g\u1eebng \u0111en Ogatea"},"content":{"rendered":"<p><strong>H\u01b0\u1edbng d\u1eabn pha tr\u00e0<\/strong><\/p>\n<p>Cho t\u00fai tr\u00e0 v\u00e0o c\u1ed1c<\/p>\n<p>Th\u00eam 200 ml n\u01b0\u1edbc n\u00f3ng<\/p>\n<p>Ng\u00e2m tr\u00e0 kho\u1ea3ng 2-3 ph\u00fat<\/p>\n<p>Th\u00eam \u0111\u01b0\u1eddng v\u00e0 \u0111\u00e1 n\u1ebfu b\u1ea1n th\u00edch u\u1ed1ng m\u00e1t l\u1ea1nh<\/p>\n<p><strong>H\u01b0\u1edbng d\u1eabn b\u1ea3o qu\u1ea3n<\/strong><\/p>\n<p>N\u01a1i kh\u00f4 r\u00e1o<\/p>\n<p><strong>Kh\u1ed1i l\u01b0\u1ee3ng t\u1ecbnh: \u00a040<\/strong>g (20 t\u00fai x 2g)<\/p>","protected":false},"excerpt":{"rendered":"<p>H\u01b0\u1edbng d\u1eabn pha tr\u00e0 Cho t\u00fai tr\u00e0 v\u00e0o c\u1ed1c Th\u00eam 200 ml n\u01b0\u1edbc n\u00f3ng Ng\u00e2m tr\u00e0 kho\u1ea3ng 2-3 ph\u00fat Th\u00eam<\/p>","protected":false},"featured_media":11671,"comment_status":"open","ping_status":"closed","template":"","meta":{"_acf_changed":false},"product_cat":[321,22,323],"product_tag":[],"class_list":{"0":"post-11670","1":"product","2":"type-product","3":"status-publish","4":"has-post-thumbnail","6":"product_cat-che","7":"product_cat-sanphamthucpham","8":"product_cat-san-pham-tra-tu-thuc-vat-khac","10":"first","11":"instock","12":"shipping-taxable","13":"purchasable","14":"product-type-simple"},"acf":[],"_links":{"self":[{"href":"https:\/\/b2c.fairs.vn\/en\/wp-json\/wp\/v2\/product\/11670","targetHints":{"allow":["GET"]}}],"collection":[{"href":"https:\/\/b2c.fairs.vn\/en\/wp-json\/wp\/v2\/product"}],"about":[{"href":"https:\/\/b2c.fairs.vn\/en\/wp-json\/wp\/v2\/types\/product"}],"replies":[{"embeddable":true,"href":"https:\/\/b2c.fairs.vn\/en\/wp-json\/wp\/v2\/comments?post=11670"}],"version-history":[{"count":0,"href":"https:\/\/b2c.fairs.vn\/en\/wp-json\/wp\/v2\/product\/11670\/revisions"}],"wp:featuredmedia":[{"embeddable":true,"href":"https:\/\/b2c.fairs.vn\/en\/wp-json\/wp\/v2\/media\/11671"}],"wp:attachment":[{"href":"https:\/\/b2c.fairs.vn\/en\/wp-json\/wp\/v2\/media?parent=11670"}],"wp:term":[{"taxonomy":"product_cat","embeddable":true,"href":"https:\/\/b2c.fairs.vn\/en\/wp-json\/wp\/v2\/product_cat?post=11670"},{"taxonomy":"product_tag","embeddable":true,"href":"https:\/\/b2c.fairs.vn\/en\/wp-json\/wp\/v2\/product_tag?post=11670"}],"curies":[{"name":"wp","href":"https:\/\/api.w.org\/{rel}","templated":true}]}}