{"id":11662,"date":"2024-03-28T14:31:37","date_gmt":"2024-03-28T07:31:37","guid":{"rendered":"https:\/\/b2c.fairs.vn\/?post_type=product&#038;p=11662"},"modified":"2024-03-28T14:31:38","modified_gmt":"2024-03-28T07:31:38","slug":"tra-thao-moc-tui-loc-hoat-huyet-duong-nao-ogatea","status":"publish","type":"product","link":"https:\/\/b2c.fairs.vn\/en\/product\/tra-thao-moc-tui-loc-hoat-huyet-duong-nao-ogatea\/","title":{"rendered":"Tr\u00e0 th\u1ea3o m\u1ed9c t\u00fai l\u1ecdc Ho\u1ea1t huy\u1ebft d\u01b0\u1ee1ng n\u00e3o Ogatea"},"content":{"rendered":"<p><strong>TR\u00c0 TH\u1ea2O M\u1ed8C T\u00daI L\u1eccC HO\u1ea0T HUY\u1ebeT D\u01af\u1ee0NG N\u00c3O OGATEA\u00a0<\/strong><\/p>\n<p>B\u1ea1n kh\u00f3 th\u1ec3 t\u1eadp trung v\u00ec \u00e1p l\u1ef1c c\u00f4ng vi\u1ec7c? B\u1ea1n m\u1ec7t m\u1ecfi v\u00ec nh\u1eefng \u0111\u00f2i h\u1ecfi c\u1ee7a con tr\u1ebb? B\u1ea1n c\u1ea3m th\u1ea5y kh\u00f3 kh\u0103n khi ki\u1ec3m so\u00e1t c\u1ea3m x\u00fac c\u1ee7a m\u00ecnh.<\/p>\n<p>L\u00fac n\u00e0y b\u1ea1n c\u1ea7n m\u1ed9t ly tr\u00e0 \u00a0\u0111\u1ec3 b\u00ecnh t\u00e2m, gi\u1ea3m c\u0103ng th\u1eb3ng m\u1ec7t m\u1ecfi. Ch\u00fang t\u00f4i hi\u1ec3u \u0111i\u1ec1u \u0111\u00f3 n\u00ean \u0111\u00e3 s\u1ea3n xu\u1ea5t tr\u00e0 t\u00fai l\u1ecdc Ho\u1ea1t Huy\u1ebft D\u01b0\u1ee1ng N\u00e3o Ogtea \u0111\u1ec3 b\u1ea3o v\u1ec7 b\u1ed9 n\u00e3o c\u1ee7a b\u1ea1n, gi\u00fap b\u1ea1n d\u1ec5 d\u00e0ng th\u00edch nghi v\u1edbi \u00e1p l\u1ef1c c\u1ee7a cu\u1ed9c s\u1ed1ng hi\u1ec7n \u0111\u1ea1i.<\/p>\n<p>Th\u00e0nh ph\u1ea7n th\u1ee9 nh\u1ea5t l\u00e0 l\u00e1 b\u1ea1ch qu\u1ea3 gi\u00fap c\u1ea3i thi\u1ec7n tr\u00ed nh\u1edb v\u00e0 t\u0103ng c\u01b0\u1eddng ch\u1ee9c n\u0103ng tim m\u1ea1ch. Th\u00e0nh ph\u1ea7n th\u1ee9 hai l\u00e0 \u0111inh l\u0103ng \u0111\u01b0\u1ee3c coi l\u00e0 \u201cnh\u00e2n s\u00e2m c\u1ee7a ng\u01b0\u1eddi ngh\u00e8o\u201d b\u1edfi v\u00ec c\u00f4ng d\u1ee5ng ho\u1ea1t huy\u1ebft, an th\u1ea7n v\u00e0 ti\u00eau vi\u00eam. Do \u0111\u00f3, c\u00f4ng d\u1ee5ng c\u1ee7a l\u00e1 b\u1ea1ch qu\u1ea3 v\u00e0 l\u00e1 \u0111inh l\u0103ng l\u00e0 \u0111i\u1ec1u tuy\u1ec7t v\u1eddi gi\u00fap gi\u1ea3m c\u0103ng th\u1eb3ng, lo \u00e2u.<\/p>\n<p><strong>H\u01b0\u1edbng d\u1eabn pha tr\u00e0<\/strong><\/p>\n<p>B\u1ea1n cho t\u00fai tr\u00e0 v\u00e0o c\u1ed1c v\u00e0 th\u00eam 200ml n\u01b0\u1edbc n\u00f3ng. Ng\u00e2m tr\u00e0 kho\u1ea3ng 2-3 ph\u00fat l\u00e0 d\u00f9ng \u0111\u01b0\u1ee3c. B\u1ea1n c\u00f3 th\u1ec3 b\u1ed5 sung n\u01b0\u1edbc m\u1ed9t l\u1ea7n n\u1eefa sau khi s\u1eed d\u1ee5ng. M\u1ed7i ng\u00e0y n\u00ean d\u00f9ng 2 g\u00f3i tr\u00e0, m\u1ed7i l\u1ea7n m\u1ed9t g\u00f3i tr\u00e0 sau \u0103n. N\u1ebfu b\u1ea1n kh\u00f4ng u\u1ed1ng \u0111\u01b0\u1ee3c \u0111\u1eafng b\u1ea1n c\u00f3 th\u1ec3 pha tr\u00e0 v\u1edbi l\u01b0\u1ee3ng n\u01b0\u1edbc nhi\u1ec1u h\u01a1n.<\/p>\n<p>B\u1ea1n kh\u00f4ng n\u00ean s\u1eed d\u1ee5ng tr\u00e0 cho nh\u1eefng \u0111\u1ed1i t\u01b0\u1ee3ng nh\u1ea1y c\u1ea3m nh\u01b0 ph\u1ee5 n\u1eef c\u00f3 thai v\u00e0 tr\u1ebb em d\u01b0\u1edbi 6 tu\u1ed5i.<\/p>\n<p><strong>H\u01b0\u1edbng d\u1eabn b\u1ea3o qu\u1ea3n<\/strong><\/p>\n<p>N\u01a1i kh\u00f4 r\u00e1o<\/p>\n<p><strong>Kh\u1ed1i l\u01b0\u1ee3ng t\u1ecbnh: \u00a040<\/strong>g (20 t\u00fai x 2g)<\/p>","protected":false},"excerpt":{"rendered":"<p>TR\u00c0 TH\u1ea2O M\u1ed8C T\u00daI L\u1eccC HO\u1ea0T HUY\u1ebeT D\u01af\u1ee0NG N\u00c3O OGATEA\u00a0 B\u1ea1n kh\u00f3 th\u1ec3 t\u1eadp trung v\u00ec \u00e1p l\u1ef1c c\u00f4ng vi\u1ec7c?<\/p>","protected":false},"featured_media":11664,"comment_status":"open","ping_status":"closed","template":"","meta":{"_acf_changed":false},"product_cat":[321,22,323],"product_tag":[],"class_list":{"0":"post-11662","1":"product","2":"type-product","3":"status-publish","4":"has-post-thumbnail","6":"product_cat-che","7":"product_cat-sanphamthucpham","8":"product_cat-san-pham-tra-tu-thuc-vat-khac","10":"first","11":"instock","12":"shipping-taxable","13":"purchasable","14":"product-type-simple"},"acf":[],"_links":{"self":[{"href":"https:\/\/b2c.fairs.vn\/en\/wp-json\/wp\/v2\/product\/11662","targetHints":{"allow":["GET"]}}],"collection":[{"href":"https:\/\/b2c.fairs.vn\/en\/wp-json\/wp\/v2\/product"}],"about":[{"href":"https:\/\/b2c.fairs.vn\/en\/wp-json\/wp\/v2\/types\/product"}],"replies":[{"embeddable":true,"href":"https:\/\/b2c.fairs.vn\/en\/wp-json\/wp\/v2\/comments?post=11662"}],"version-history":[{"count":0,"href":"https:\/\/b2c.fairs.vn\/en\/wp-json\/wp\/v2\/product\/11662\/revisions"}],"wp:featuredmedia":[{"embeddable":true,"href":"https:\/\/b2c.fairs.vn\/en\/wp-json\/wp\/v2\/media\/11664"}],"wp:attachment":[{"href":"https:\/\/b2c.fairs.vn\/en\/wp-json\/wp\/v2\/media?parent=11662"}],"wp:term":[{"taxonomy":"product_cat","embeddable":true,"href":"https:\/\/b2c.fairs.vn\/en\/wp-json\/wp\/v2\/product_cat?post=11662"},{"taxonomy":"product_tag","embeddable":true,"href":"https:\/\/b2c.fairs.vn\/en\/wp-json\/wp\/v2\/product_tag?post=11662"}],"curies":[{"name":"wp","href":"https:\/\/api.w.org\/{rel}","templated":true}]}}