{"id":11652,"date":"2024-03-28T14:30:19","date_gmt":"2024-03-28T07:30:19","guid":{"rendered":"https:\/\/b2c.fairs.vn\/?post_type=product&#038;p=11652"},"modified":"2024-03-28T14:30:19","modified_gmt":"2024-03-28T07:30:19","slug":"tra-tui-loc-nhan-tran-ogatea","status":"publish","type":"product","link":"https:\/\/b2c.fairs.vn\/en\/product\/tra-tui-loc-nhan-tran-ogatea\/","title":{"rendered":"Tr\u00e0 t\u00fai l\u1ecdc nh\u00e2n tr\u1ea7n Ogatea"},"content":{"rendered":"<p><strong>TR\u00c0 T\u00daI L\u1eccC NH\u00c2N TR\u1ea6N OGATEA\u00a0<\/strong><\/p>\n<p><em>Ch\u1ec9 c\u1ea7n \u00edt ph\u00fat c\u00f3 ngay c\u1ed1c tr\u00e0 ngon, h\u01b0\u01a1ng v\u1ecb \u0111\u1eadm \u0111\u00e0. S\u1eed d\u1ee5ng ti\u1ec7n l\u1ee3i nh\u1edd v\u00e0o s\u1ef1 s\u00e1ng t\u1ea1o trong quy tr\u00ecnh s\u1ea3n xu\u1ea5t Ogatea.<\/em><\/p>\n<p><em>Tr\u00e0 nh\u00e2n tr\u1ea7n Ogatea gi\u00fap thanh nhi\u1ec7t<\/em><\/p>\n<p><strong>H\u01b0\u1edbng d\u1eabn pha tr\u00e0<\/strong><\/p>\n<p>Nh\u00fang t\u00fai tr\u00e0 v\u00e0o c\u1ed1c n\u01b0\u1edbc<\/p>\n<p>Ng\u00e2m tr\u00e0 kho\u1ea3ng 2-3 ph\u00fat<\/p>\n<p>Th\u00eam \u0111\u01b0\u1eddng v\u00e0 \u0111\u00e1 n\u1ebfu b\u1ea1n th\u00edch u\u1ed1ng m\u00e1t l\u1ea1nh<\/p>\n<p><strong>Ch\u00fa \u00fd:<\/strong>\u00a0N\u00ean s\u1eed d\u1ee5ng ngay sau khi pha ho\u1eb7c sau khi pha c\u1ea5t trong t\u1ee7 l\u1ea1nh v\u00e0 s\u1eed d\u1ee5ng trong 12 gi\u1edd<\/p>\n<p><strong>H\u01b0\u1edbng d\u1eabn b\u1ea3o qu\u1ea3n<\/strong><\/p>\n<p>N\u01a1i kh\u00f4 r\u00e1o<\/p>\n<p><strong>Kh\u1ed1i l\u01b0\u1ee3ng t\u1ecbnh: \u00a0<\/strong>75g (25 t\u00fai x 3g)<\/p>","protected":false},"excerpt":{"rendered":"<p>TR\u00c0 T\u00daI L\u1eccC NH\u00c2N TR\u1ea6N OGATEA\u00a0 Ch\u1ec9 c\u1ea7n \u00edt ph\u00fat c\u00f3 ngay c\u1ed1c tr\u00e0 ngon, h\u01b0\u01a1ng v\u1ecb \u0111\u1eadm \u0111\u00e0. S\u1eed<\/p>","protected":false},"featured_media":11655,"comment_status":"open","ping_status":"closed","template":"","meta":{"_acf_changed":false},"product_cat":[321,22,323],"product_tag":[],"class_list":{"0":"post-11652","1":"product","2":"type-product","3":"status-publish","4":"has-post-thumbnail","6":"product_cat-che","7":"product_cat-sanphamthucpham","8":"product_cat-san-pham-tra-tu-thuc-vat-khac","10":"first","11":"instock","12":"shipping-taxable","13":"purchasable","14":"product-type-simple"},"acf":[],"_links":{"self":[{"href":"https:\/\/b2c.fairs.vn\/en\/wp-json\/wp\/v2\/product\/11652","targetHints":{"allow":["GET"]}}],"collection":[{"href":"https:\/\/b2c.fairs.vn\/en\/wp-json\/wp\/v2\/product"}],"about":[{"href":"https:\/\/b2c.fairs.vn\/en\/wp-json\/wp\/v2\/types\/product"}],"replies":[{"embeddable":true,"href":"https:\/\/b2c.fairs.vn\/en\/wp-json\/wp\/v2\/comments?post=11652"}],"version-history":[{"count":0,"href":"https:\/\/b2c.fairs.vn\/en\/wp-json\/wp\/v2\/product\/11652\/revisions"}],"wp:featuredmedia":[{"embeddable":true,"href":"https:\/\/b2c.fairs.vn\/en\/wp-json\/wp\/v2\/media\/11655"}],"wp:attachment":[{"href":"https:\/\/b2c.fairs.vn\/en\/wp-json\/wp\/v2\/media?parent=11652"}],"wp:term":[{"taxonomy":"product_cat","embeddable":true,"href":"https:\/\/b2c.fairs.vn\/en\/wp-json\/wp\/v2\/product_cat?post=11652"},{"taxonomy":"product_tag","embeddable":true,"href":"https:\/\/b2c.fairs.vn\/en\/wp-json\/wp\/v2\/product_tag?post=11652"}],"curies":[{"name":"wp","href":"https:\/\/api.w.org\/{rel}","templated":true}]}}