{"id":11636,"date":"2024-03-28T14:28:43","date_gmt":"2024-03-28T07:28:43","guid":{"rendered":"https:\/\/b2c.fairs.vn\/?post_type=product&#038;p=11636"},"modified":"2024-03-28T14:28:44","modified_gmt":"2024-03-28T07:28:44","slug":"tra-thao-moc-tui-loc-tien-liet-thong-ogatea","status":"publish","type":"product","link":"https:\/\/b2c.fairs.vn\/en\/product\/tra-thao-moc-tui-loc-tien-liet-thong-ogatea\/","title":{"rendered":"Tr\u00e0 th\u1ea3o m\u1ed9c t\u00fai l\u1ecdc Ti\u1ec1n li\u1ec7t th\u00f4ng Ogatea"},"content":{"rendered":"<p><strong>TR\u00c0 TH\u1ea2O M\u1ed8C T\u00daI L\u1eccC TI\u1ec0N LI\u1ec6T TH\u00d4NG OGATEA<\/strong><\/p>\n<p>Theo D\u01b0\u1ee3c \u0111i\u1ec3n Vi\u1ec7t Nam, l\u00e1 c\u00e2y Trinh n\u1eef ho\u00e0ng cung ch\u1ee7 tr\u1ecb ti\u1ec3u ti\u1ec7n b\u00ed d\u1eaft, u x\u01a1 tuy\u1ebfn ti\u1ec1n li\u1ec7t. Tam th\u1ea5t c\u00f3 t\u00e1c d\u1ee5ng t\u00e1n \u1ee9 chi huy\u1ebft, ti\u00eau s\u01b0ng gi\u1ea3m \u0111au.<\/p>\n<p>Ch\u00fang t\u00f4i k\u1ebft h\u1ee3p Trinh n\u1eef ho\u00e0ng cung v\u00e0 Tam Th\u1ea5t v\u1edbi ph\u01b0\u01a1ng ch\u00e2m:<\/p>\n<p><strong><em>Ti\u1ec1n li\u1ec7t th\u00f4ng kh\u00f4ng lo b\u1ecb t\u1eafc<\/em><\/strong><\/p>\n<p><strong>H\u01b0\u1edbng d\u1eabn pha tr\u00e0<\/strong><\/p>\n<p>B\u1ea1n cho t\u00fai tr\u00e0 v\u00e0o c\u1ed1c v\u00e0 th\u00eam 200ml n\u01b0\u1edbc n\u00f3ng. Ng\u00e2m tr\u00e0 kho\u1ea3ng 2-3 ph\u00fat l\u00e0 d\u00f9ng \u0111\u01b0\u1ee3c. B\u1ea1n c\u00f3 th\u1ec3 b\u1ed5 sung n\u01b0\u1edbc m\u1ed9t l\u1ea7n n\u1eefa sau khi s\u1eed d\u1ee5ng. M\u1ed7i ng\u00e0y n\u00ean d\u00f9ng 3 \u0111\u1ebfn 4 g\u00f3i tr\u00e0, m\u1ed7i l\u1ea7n 1 \u0111\u1ebfn 2 g\u00f3i tr\u00e0 sau \u0103n. N\u1ebfu b\u1ea1n kh\u00f4ng u\u1ed1ng \u0111\u01b0\u1ee3c \u0111\u1eafng b\u1ea1n c\u00f3 th\u1ec3 pha tr\u00e0 v\u1edbi l\u01b0\u1ee3ng n\u01b0\u1edbc nhi\u1ec1u h\u01a1n.<\/p>\n<p>B\u1ea1n kh\u00f4ng n\u00ean s\u1eed d\u1ee5ng tr\u00e0 cho nh\u1eefng \u0111\u1ed1i t\u01b0\u1ee3ng nh\u1ea1y c\u1ea3m nh\u01b0 ph\u1ee5 n\u1eef c\u00f3 thai v\u00e0 tr\u1ebb em d\u01b0\u1edbi 6 tu\u1ed5i.<\/p>\n<p><strong>H\u01b0\u1edbng d\u1eabn b\u1ea3o qu\u1ea3n<\/strong><\/p>\n<p>N\u01a1i kh\u00f4 r\u00e1o<\/p>\n<p><strong>Kh\u1ed1i l\u01b0\u1ee3ng t\u1ecbnh:<\/strong>\u00a0 40g (20 t\u00fai x 2g)<\/p>","protected":false},"excerpt":{"rendered":"<p>TR\u00c0 TH\u1ea2O M\u1ed8C T\u00daI L\u1eccC TI\u1ec0N LI\u1ec6T TH\u00d4NG OGATEA Theo D\u01b0\u1ee3c \u0111i\u1ec3n Vi\u1ec7t Nam, l\u00e1 c\u00e2y Trinh n\u1eef ho\u00e0ng cung<\/p>","protected":false},"featured_media":11641,"comment_status":"open","ping_status":"closed","template":"","meta":{"_acf_changed":false},"product_cat":[321,22,323],"product_tag":[],"class_list":{"0":"post-11636","1":"product","2":"type-product","3":"status-publish","4":"has-post-thumbnail","6":"product_cat-che","7":"product_cat-sanphamthucpham","8":"product_cat-san-pham-tra-tu-thuc-vat-khac","10":"first","11":"instock","12":"shipping-taxable","13":"purchasable","14":"product-type-simple"},"acf":[],"_links":{"self":[{"href":"https:\/\/b2c.fairs.vn\/en\/wp-json\/wp\/v2\/product\/11636","targetHints":{"allow":["GET"]}}],"collection":[{"href":"https:\/\/b2c.fairs.vn\/en\/wp-json\/wp\/v2\/product"}],"about":[{"href":"https:\/\/b2c.fairs.vn\/en\/wp-json\/wp\/v2\/types\/product"}],"replies":[{"embeddable":true,"href":"https:\/\/b2c.fairs.vn\/en\/wp-json\/wp\/v2\/comments?post=11636"}],"version-history":[{"count":0,"href":"https:\/\/b2c.fairs.vn\/en\/wp-json\/wp\/v2\/product\/11636\/revisions"}],"wp:featuredmedia":[{"embeddable":true,"href":"https:\/\/b2c.fairs.vn\/en\/wp-json\/wp\/v2\/media\/11641"}],"wp:attachment":[{"href":"https:\/\/b2c.fairs.vn\/en\/wp-json\/wp\/v2\/media?parent=11636"}],"wp:term":[{"taxonomy":"product_cat","embeddable":true,"href":"https:\/\/b2c.fairs.vn\/en\/wp-json\/wp\/v2\/product_cat?post=11636"},{"taxonomy":"product_tag","embeddable":true,"href":"https:\/\/b2c.fairs.vn\/en\/wp-json\/wp\/v2\/product_tag?post=11636"}],"curies":[{"name":"wp","href":"https:\/\/api.w.org\/{rel}","templated":true}]}}