{"id":11634,"date":"2024-03-28T14:29:34","date_gmt":"2024-03-28T07:29:34","guid":{"rendered":"https:\/\/b2c.fairs.vn\/?post_type=product&#038;p=11634"},"modified":"2024-04-19T17:03:59","modified_gmt":"2024-04-19T10:03:59","slug":"cao-linh-chi-tuan-linh","status":"publish","type":"product","link":"https:\/\/b2c.fairs.vn\/en\/product\/cao-linh-chi-tuan-linh\/","title":{"rendered":"Cao Linh Chi Tu\u00e2\u0301n Linh"},"content":{"rendered":"<ul class=\"product_info\">\n<li>\n<p class=\"text-justify\">* D\u00f9ng pha v\u01a1\u0301i n\u01b0\u1edbc u\u1ed1ng, s\u1eed d\u1ee5ng th\u01b0\u1eddng xuy\u00ean t\u1ed1t cho s\u1ee9c kho\u1ebb<br \/>\n* Gi\u00fap gi\u1ea3m m\u1ee1 m\u00e1u, m\u00e1t gan, t\u0103ng c\u01b0\u1eddng s\u1ee9c kho\u1ebb<br \/>\n* Ngu\u1ed3n g\u1ed1c r\u00f5 r\u00e0ng, \u0111a\u0309m ba\u0309o v\u1ec7 sinh an toa\u0300n th\u01b0\u0323c ph\u00e2\u0309m<\/p>\n<\/li>\n<\/ul>","protected":false},"excerpt":{"rendered":"<p>* D\u00f9ng pha v\u01a1\u0301i n\u01b0\u1edbc u\u1ed1ng, s\u1eed d\u1ee5ng th\u01b0\u1eddng xuy\u00ean t\u1ed1t cho s\u1ee9c kho\u1ebb * Gi\u00fap gi\u1ea3m m\u1ee1 m\u00e1u, m\u00e1t<\/p>","protected":false},"featured_media":11638,"comment_status":"open","ping_status":"closed","template":"","meta":{"_acf_changed":false},"product_cat":[366,398],"product_tag":[],"class_list":{"0":"post-11634","1":"product","2":"type-product","3":"status-publish","4":"has-post-thumbnail","6":"product_cat-hang-cnnt-cap-qg","7":"product_cat-san-pham-cnnt-tb-cap-qg-2021","9":"first","10":"instock","11":"shipping-taxable","12":"purchasable","13":"product-type-simple"},"acf":[],"_links":{"self":[{"href":"https:\/\/b2c.fairs.vn\/en\/wp-json\/wp\/v2\/product\/11634","targetHints":{"allow":["GET"]}}],"collection":[{"href":"https:\/\/b2c.fairs.vn\/en\/wp-json\/wp\/v2\/product"}],"about":[{"href":"https:\/\/b2c.fairs.vn\/en\/wp-json\/wp\/v2\/types\/product"}],"replies":[{"embeddable":true,"href":"https:\/\/b2c.fairs.vn\/en\/wp-json\/wp\/v2\/comments?post=11634"}],"version-history":[{"count":0,"href":"https:\/\/b2c.fairs.vn\/en\/wp-json\/wp\/v2\/product\/11634\/revisions"}],"wp:featuredmedia":[{"embeddable":true,"href":"https:\/\/b2c.fairs.vn\/en\/wp-json\/wp\/v2\/media\/11638"}],"wp:attachment":[{"href":"https:\/\/b2c.fairs.vn\/en\/wp-json\/wp\/v2\/media?parent=11634"}],"wp:term":[{"taxonomy":"product_cat","embeddable":true,"href":"https:\/\/b2c.fairs.vn\/en\/wp-json\/wp\/v2\/product_cat?post=11634"},{"taxonomy":"product_tag","embeddable":true,"href":"https:\/\/b2c.fairs.vn\/en\/wp-json\/wp\/v2\/product_tag?post=11634"}],"curies":[{"name":"wp","href":"https:\/\/api.w.org\/{rel}","templated":true}]}}