{"id":11626,"date":"2024-03-28T14:26:54","date_gmt":"2024-03-28T07:26:54","guid":{"rendered":"https:\/\/b2c.fairs.vn\/?post_type=product&#038;p=11626"},"modified":"2024-03-28T14:26:55","modified_gmt":"2024-03-28T07:26:55","slug":"tra-hoi-xuan-ogatea-new","status":"publish","type":"product","link":"https:\/\/b2c.fairs.vn\/en\/product\/tra-hoi-xuan-ogatea-new\/","title":{"rendered":"Tr\u00e0 H\u1ed3i xu\u00e2n Ogatea New"},"content":{"rendered":"<p><strong>TR\u00c0 TH\u1ea2O M\u1ed8C T\u00daI L\u1eccC H\u1ed2I XU\u00c2N OGATEA NEW<\/strong><\/p>\n<p>Qua nhi\u1ec1u th\u1ebf k\u1ef7, ng\u01b0\u1eddi d\u00e2n b\u1ea3n \u0111\u1ecba B\u1eafc M\u1ef9 \u0111\u00e3 d\u00f9ng c\u00e2y hoa anh th\u1ea3o l\u00e0m th\u1ea3o d\u01b0\u1ee3c trong h\u1ed9i ch\u1ee9ng ti\u1ec1n m\u00e3n kinh v\u00e0 t\u0103ng c\u01b0\u1eddng kh\u1ea3 n\u0103ng sinh l\u00fd c\u1ee7a n\u1eef gi\u1edbi.<\/p>\n<p>Theo b\u1ed9 s\u00e1ch \u201cNh\u1eefng c\u00e2y thu\u1ed1c v\u00e0 v\u1ecb thu\u1ed1c Vi\u1ec7t Nam\u201d c\u1ee7a gi\u00e1o s\u01b0 \u0110\u1ed7 T\u1ea5t L\u1ee3i, H\u00e0 th\u1ee7 \u00f4 lu\u00f4n \u0111\u01b0\u1ee3c ch\u1ecb em ph\u1ee5 n\u1eef t\u00edn nhi\u1ec7m s\u1eed d\u1ee5ng \u0111\u1ec3 gi\u1eef m\u00e3i tu\u1ed5i thanh xu\u00e2n, t\u00f3c \u0111en tr\u1edf l\u1ea1i.<\/p>\n<p>Theo y h\u1ecdc c\u1ed5 truy\u1ec1n Trung Hoa, \u0110\u00f4ng tr\u00f9ng h\u1ea1 th\u1ea3o c\u1ea3i thi\u1ec7n kh\u1ea3 n\u0103ng ho\u1ea1t \u0111\u1ed9ng t\u00ecnh d\u1ee5c, ch\u1ed1ng l\u00e3o ho\u00e1 v\u00e0 t\u0103ng c\u01b0\u1eddng h\u1ec7 th\u1ed1ng mi\u1ec5n d\u1ecbch.<\/p>\n<p>Ngo\u00e0i ra, theo \u0110\u00f4ng y th\u1eadn kh\u00ed l\u00e0 c\u1ed9i ngu\u1ed3n sinh ho\u00e1 c\u1ee7a c\u01a1 th\u1ec3. D\u00f9ng \u0111\u1eadu \u0111en l\u01b0\u1ee3ng nh\u1ecf h\u1eb1ng ng\u00e0y c\u00f3 th\u1ec3 duy tr\u00ec s\u1ef1 ho\u1ea1t \u0111\u1ed9ng c\u1ee7a th\u1eadn \u0111\u01b0\u1ee3c b\u1ec1n b\u1ec9 \u1ed5n \u0111\u1ecbnh l\u00e2u d\u00e0i.. S\u1ef1 k\u1ebft h\u1ee3p v\u1edbi \u0111\u1eadu \u0111en c\u00e0ng l\u00e0m t\u0103ng t\u00e1c d\u1ee5ng c\u1ee7a H\u00e0 Th\u1ee7 \u00f4, tinh ch\u1ea5t hoa anh th\u1ea3o v\u00e0 \u0110\u00f4ng tr\u00f9ng h\u1ea1 th\u1ea3o.<\/p>\n<p>Ch\u00ednh v\u00ec\u00a0 th\u1ebf ch\u00fang t\u00f4i \u0111\u00e3 t\u1ea1o ra tr\u00e0 H\u1ed3i Xu\u00e2n Ogatea New v\u1edbi c\u00e1c th\u00e0nh ph\u1ea7n d\u01b0\u1edbi \u0111\u00e2y:<\/p>\n<p><strong>Th\u00e0nh ph\u1ea7n<\/strong><\/p>\n<p>Tinh ch\u1ea5t hoa anh th\u1ea3o \u00a0\u00a0\u00a0\u00a0\u00a0\u00a0\u00a0\u00a0\u00a0 150mg<\/p>\n<p>H\u00e0 th\u1ee7 \u00f4\u00a0\u00a0\u00a0\u00a0\u00a0\u00a0\u00a0\u00a0\u00a0\u00a0\u00a0\u00a0\u00a0\u00a0\u00a0\u00a0\u00a0\u00a0\u00a0\u00a0\u00a0 \u00a0\u00a0\u00a0\u00a0\u00a0\u00a0\u00a0\u00a0\u00a0\u00a0\u00a0 1.5g<\/p>\n<p>\u0110\u00f4ng tr\u00f9ng h\u1ea1 th\u1ea3o\u00a0\u00a0\u00a0\u00a0 \u00a0\u00a0\u00a0\u00a0\u00a0\u00a0\u00a0\u00a0\u00a0\u00a0\u00a0 1.5g<\/p>\n<p>\u0110\u1eadu\u00a0 \u0111en\u00a0\u00a0\u00a0\u00a0\u00a0\u00a0\u00a0\u00a0\u00a0 \u00a0\u00a0\u00a0\u00a0\u00a0\u00a0\u00a0\u00a0\u00a0\u00a0\u00a0\u00a0\u00a0\u00a0\u00a0\u00a0\u00a0\u00a0\u00a0\u00a0\u00a0\u00a0\u00a0 850mg<\/p>\n<p><strong>H\u01b0\u1edbng d\u1eabn pha tr\u00e0<\/strong><\/p>\n<p>Cho t\u00fai tr\u00e0 v\u00e0o c\u1ed1c<\/p>\n<p>Th\u00eam 200 ml n\u01b0\u1edbc n\u00f3ng<\/p>\n<p>Ng\u00e2m tr\u00e0 kho\u1ea3ng 2-3 ph\u00fat<\/p>\n<p><strong>H\u01b0\u1edbng d\u1eabn b\u1ea3o qu\u1ea3n<\/strong><\/p>\n<p>N\u01a1i kh\u00f4 r\u00e1o<\/p>\n<p><strong>Kh\u1ed1i l\u01b0\u1ee3ng t\u1ecbnh:<\/strong>\u00a0 80g (20 t\u00fai x 4g)<\/p>","protected":false},"excerpt":{"rendered":"<p>TR\u00c0 TH\u1ea2O M\u1ed8C T\u00daI L\u1eccC H\u1ed2I XU\u00c2N OGATEA NEW Qua nhi\u1ec1u th\u1ebf k\u1ef7, ng\u01b0\u1eddi d\u00e2n b\u1ea3n \u0111\u1ecba B\u1eafc M\u1ef9 \u0111\u00e3<\/p>","protected":false},"featured_media":11631,"comment_status":"open","ping_status":"closed","template":"","meta":{"_acf_changed":false},"product_cat":[321,22,323],"product_tag":[],"class_list":{"0":"post-11626","1":"product","2":"type-product","3":"status-publish","4":"has-post-thumbnail","6":"product_cat-che","7":"product_cat-sanphamthucpham","8":"product_cat-san-pham-tra-tu-thuc-vat-khac","10":"first","11":"instock","12":"shipping-taxable","13":"purchasable","14":"product-type-simple"},"acf":[],"_links":{"self":[{"href":"https:\/\/b2c.fairs.vn\/en\/wp-json\/wp\/v2\/product\/11626","targetHints":{"allow":["GET"]}}],"collection":[{"href":"https:\/\/b2c.fairs.vn\/en\/wp-json\/wp\/v2\/product"}],"about":[{"href":"https:\/\/b2c.fairs.vn\/en\/wp-json\/wp\/v2\/types\/product"}],"replies":[{"embeddable":true,"href":"https:\/\/b2c.fairs.vn\/en\/wp-json\/wp\/v2\/comments?post=11626"}],"version-history":[{"count":0,"href":"https:\/\/b2c.fairs.vn\/en\/wp-json\/wp\/v2\/product\/11626\/revisions"}],"wp:featuredmedia":[{"embeddable":true,"href":"https:\/\/b2c.fairs.vn\/en\/wp-json\/wp\/v2\/media\/11631"}],"wp:attachment":[{"href":"https:\/\/b2c.fairs.vn\/en\/wp-json\/wp\/v2\/media?parent=11626"}],"wp:term":[{"taxonomy":"product_cat","embeddable":true,"href":"https:\/\/b2c.fairs.vn\/en\/wp-json\/wp\/v2\/product_cat?post=11626"},{"taxonomy":"product_tag","embeddable":true,"href":"https:\/\/b2c.fairs.vn\/en\/wp-json\/wp\/v2\/product_tag?post=11626"}],"curies":[{"name":"wp","href":"https:\/\/api.w.org\/{rel}","templated":true}]}}