{"id":11616,"date":"2024-03-28T14:24:15","date_gmt":"2024-03-28T07:24:15","guid":{"rendered":"https:\/\/b2c.fairs.vn\/?post_type=product&#038;p=11616"},"modified":"2024-03-28T14:24:15","modified_gmt":"2024-03-28T07:24:15","slug":"tra-ngu-ngon-ogatea","status":"publish","type":"product","link":"https:\/\/b2c.fairs.vn\/en\/product\/tra-ngu-ngon-ogatea\/","title":{"rendered":"Tr\u00e0 Ng\u1ee7 ngon Ogatea"},"content":{"rendered":"<p>Theo D\u01b0\u1ee3c \u0111i\u1ec3n Vi\u1ec7t Nam, c\u00e1c v\u1ecb T\u00e1o nh\u00e2n, Th\u1ea3o quy\u1ebft minh, T\u00e2m sen \u0111\u1ec1u ch\u1ee7 tr\u1ecb m\u1ea5t ng\u1ee7<\/p>\n<p>B\u1ea1n hay b\u1ecb tr\u1eb1n tr\u1ecdc khi ng\u1ee7, ng\u1ee7 m\u01a1, ng\u1ee7 kh\u00f4ng say\u2026\u2026 m\u1ed9t ly tr\u00e0 ng\u1ee7 ngon Ogatea \u00a0tr\u01b0\u1edbc khi ng\u1ee7 30 ph\u00fat s\u1ebd gi\u00fap b\u1ea1n c\u00f3 gi\u1ea5c ng\u1ee7 ngon h\u01a1n.<\/p>\n<p><strong>Th\u00e0nh ph\u1ea7n t\u00fai tr\u00e0 4g<\/strong><\/p>\n<p>T\u00e1o nh\u00e2n\u00a0\u00a0\u00a0\u00a0\u00a0\u00a0\u00a0\u00a0\u00a0\u00a0\u00a0\u00a0\u00a0\u00a0\u00a0\u00a0\u00a0\u00a0\u00a0\u00a0 1,5g<\/p>\n<p>Th\u1ea3o quy\u1ebft minh\u00a0\u00a0\u00a0\u00a0\u00a0\u00a0\u00a0\u00a0 1,5g<\/p>\n<p>T\u00e2m sen\u00a0\u00a0\u00a0\u00a0\u00a0\u00a0\u00a0\u00a0\u00a0\u00a0\u00a0\u00a0\u00a0\u00a0\u00a0\u00a0\u00a0\u00a0\u00a0\u00a0\u00a0\u00a0 0,5g<\/p>\n<p>Cam th\u1ea3o\u00a0\u00a0\u00a0\u00a0\u00a0\u00a0\u00a0\u00a0\u00a0\u00a0\u00a0\u00a0\u00a0\u00a0\u00a0\u00a0\u00a0\u00a0\u00a0\u00a0 0,5g<\/p>\n<p><strong>H\u01b0\u1edbng d\u1eabn pha tr\u00e0<\/strong><\/p>\n<p>Cho t\u00fai tr\u00e0 v\u00e0o c\u1ed1c<\/p>\n<p>Th\u00eam 200 ml n\u01b0\u1edbc n\u00f3ng<\/p>\n<p>Ng\u00e2m tr\u00e0 kho\u1ea3ng 2-3 ph\u00fat<\/p>\n<p><strong>H\u01b0\u1edbng d\u1eabn b\u1ea3o qu\u1ea3n<\/strong><\/p>\n<p>N\u01a1i kh\u00f4 r\u00e1o<\/p>\n<p><strong>Kh\u1ed1i l\u01b0\u1ee3ng t\u1ecbnh:<\/strong>\u00a0 60g (15 t\u00fai x 4g)<\/p>","protected":false},"excerpt":{"rendered":"<p>Theo D\u01b0\u1ee3c \u0111i\u1ec3n Vi\u1ec7t Nam, c\u00e1c v\u1ecb T\u00e1o nh\u00e2n, Th\u1ea3o quy\u1ebft minh, T\u00e2m sen \u0111\u1ec1u ch\u1ee7 tr\u1ecb m\u1ea5t ng\u1ee7 B\u1ea1n<\/p>","protected":false},"featured_media":11619,"comment_status":"open","ping_status":"closed","template":"","meta":{"_acf_changed":false},"product_cat":[321,22,323],"product_tag":[],"class_list":{"0":"post-11616","1":"product","2":"type-product","3":"status-publish","4":"has-post-thumbnail","6":"product_cat-che","7":"product_cat-sanphamthucpham","8":"product_cat-san-pham-tra-tu-thuc-vat-khac","10":"first","11":"instock","12":"shipping-taxable","13":"purchasable","14":"product-type-simple"},"acf":[],"_links":{"self":[{"href":"https:\/\/b2c.fairs.vn\/en\/wp-json\/wp\/v2\/product\/11616","targetHints":{"allow":["GET"]}}],"collection":[{"href":"https:\/\/b2c.fairs.vn\/en\/wp-json\/wp\/v2\/product"}],"about":[{"href":"https:\/\/b2c.fairs.vn\/en\/wp-json\/wp\/v2\/types\/product"}],"replies":[{"embeddable":true,"href":"https:\/\/b2c.fairs.vn\/en\/wp-json\/wp\/v2\/comments?post=11616"}],"version-history":[{"count":0,"href":"https:\/\/b2c.fairs.vn\/en\/wp-json\/wp\/v2\/product\/11616\/revisions"}],"wp:featuredmedia":[{"embeddable":true,"href":"https:\/\/b2c.fairs.vn\/en\/wp-json\/wp\/v2\/media\/11619"}],"wp:attachment":[{"href":"https:\/\/b2c.fairs.vn\/en\/wp-json\/wp\/v2\/media?parent=11616"}],"wp:term":[{"taxonomy":"product_cat","embeddable":true,"href":"https:\/\/b2c.fairs.vn\/en\/wp-json\/wp\/v2\/product_cat?post=11616"},{"taxonomy":"product_tag","embeddable":true,"href":"https:\/\/b2c.fairs.vn\/en\/wp-json\/wp\/v2\/product_tag?post=11616"}],"curies":[{"name":"wp","href":"https:\/\/api.w.org\/{rel}","templated":true}]}}