{"id":11596,"date":"2024-03-28T14:21:09","date_gmt":"2024-03-28T07:21:09","guid":{"rendered":"https:\/\/b2c.fairs.vn\/?post_type=product&#038;p=11596"},"modified":"2024-03-28T14:25:10","modified_gmt":"2024-03-28T07:25:10","slug":"tra-thao-moc-duong-phe-ogatea","status":"publish","type":"product","link":"https:\/\/b2c.fairs.vn\/en\/product\/tra-thao-moc-duong-phe-ogatea\/","title":{"rendered":"Tr\u00e0 th\u1ea3o m\u1ed9c D\u01b0\u1ee1ng ph\u1ebf Ogatea"},"content":{"rendered":"<p><strong>TR\u00c0 TH\u1ea2O M\u1ed8C D\u01af\u1ee0NG PH\u1ebe OGATEA<\/strong><\/p>\n<p>Theo y h\u1ecdc c\u1ed5 truy\u1ec1n, H\u1ed3ng s\u00e2m \u0111\u01b0\u1ee3c coi l\u00e0 \u0111\u1ea1i b\u1ed5 nguy\u00ean kh\u00ed v\u00e0 \u0111\u1ee9ng \u0111\u1ea7u trong c\u00e1c v\u1ecb thu\u1ed1c qu\u00fd. H\u1ed3ng s\u00e2m gi\u00fap n\u00e2ng cao th\u1ec3 tr\u1ea1ng v\u00e0 tinh th\u1ea7n \u1edf nh\u1eefng ng\u01b0\u1eddi s\u1ee9c kh\u1ecfe y\u1ebfu, hay m\u1ec7t m\u1ecfi nh\u1ea5t l\u00e0 nh\u1eefng ng\u01b0\u1eddi m\u1edbi \u1ed1m d\u1eady.<\/p>\n<p>Theo d\u01b0\u1ee3c \u0111i\u1ec3n Vi\u1ec7t Nam, c\u00e1c v\u1ecb H\u1ed3ng s\u00e2m, M\u1ea1ch m\u00f4n, C\u00e1t c\u00e1nh, Ng\u0169 v\u1ecb t\u1eed v\u00e0 Cam th\u1ea3o \u0111\u1ec1u c\u00f3 ch\u1ee7 tr\u1ecb trong ph\u1ebf h\u01b0 ho suy\u1ec5n v\u00e0 ho k\u00e9o d\u00e0i.<\/p>\n<p>Ch\u00fang t\u00f4i t\u1ea1o ra tr\u00e0 th\u1ea3o m\u1ed9c D\u01b0\u1ee1ng ph\u1ebf Ogatea t\u1eeb c\u00e1c th\u00e0nh ph\u1ea7n tr\u00ean.<\/p>\n<p><strong>H\u01b0\u1edbng d\u1eabn pha tr\u00e0<\/strong><\/p>\n<p>Cho t\u00fai tr\u00e0 v\u00e0o c\u1ed1c.<\/p>\n<p>Th\u00eam 250 ml n\u01b0\u1edbc s\u00f4i.<\/p>\n<p>Ng\u00e2m tr\u00e0 kho\u1ea3ng 5 ph\u00fat (C\u00f3 th\u1ec3 th\u00eam n\u01b0\u1edbc h\u00e3m l\u1ea1i l\u1ea7n 2)<\/p>\n<p>Ng\u00e0y u\u1ed1ng 2 g\u00f3i v\u00e0o s\u00e1ng v\u00e0 chi\u1ec1u.<\/p>\n<p><strong>H\u01b0\u1edbng d\u1eabn b\u1ea3o qu\u1ea3n<\/strong><\/p>\n<p>N\u01a1i kh\u00f4 r\u00e1o<\/p>\n<p><strong>Kh\u1ed1i l\u01b0\u1ee3ng t\u1ecbnh:<\/strong>\u00a0 45g (10 t\u00fai x 4.5g)<\/p>","protected":false},"excerpt":{"rendered":"<p>TR\u00c0 TH\u1ea2O M\u1ed8C D\u01af\u1ee0NG PH\u1ebe OGATEA Theo y h\u1ecdc c\u1ed5 truy\u1ec1n, H\u1ed3ng s\u00e2m \u0111\u01b0\u1ee3c coi l\u00e0 \u0111\u1ea1i b\u1ed5 nguy\u00ean kh\u00ed<\/p>","protected":false},"featured_media":11599,"comment_status":"open","ping_status":"closed","template":"","meta":{"_acf_changed":false},"product_cat":[321,22,323],"product_tag":[],"class_list":{"0":"post-11596","1":"product","2":"type-product","3":"status-publish","4":"has-post-thumbnail","6":"product_cat-che","7":"product_cat-sanphamthucpham","8":"product_cat-san-pham-tra-tu-thuc-vat-khac","10":"first","11":"instock","12":"shipping-taxable","13":"purchasable","14":"product-type-simple"},"acf":[],"_links":{"self":[{"href":"https:\/\/b2c.fairs.vn\/en\/wp-json\/wp\/v2\/product\/11596","targetHints":{"allow":["GET"]}}],"collection":[{"href":"https:\/\/b2c.fairs.vn\/en\/wp-json\/wp\/v2\/product"}],"about":[{"href":"https:\/\/b2c.fairs.vn\/en\/wp-json\/wp\/v2\/types\/product"}],"replies":[{"embeddable":true,"href":"https:\/\/b2c.fairs.vn\/en\/wp-json\/wp\/v2\/comments?post=11596"}],"version-history":[{"count":0,"href":"https:\/\/b2c.fairs.vn\/en\/wp-json\/wp\/v2\/product\/11596\/revisions"}],"wp:featuredmedia":[{"embeddable":true,"href":"https:\/\/b2c.fairs.vn\/en\/wp-json\/wp\/v2\/media\/11599"}],"wp:attachment":[{"href":"https:\/\/b2c.fairs.vn\/en\/wp-json\/wp\/v2\/media?parent=11596"}],"wp:term":[{"taxonomy":"product_cat","embeddable":true,"href":"https:\/\/b2c.fairs.vn\/en\/wp-json\/wp\/v2\/product_cat?post=11596"},{"taxonomy":"product_tag","embeddable":true,"href":"https:\/\/b2c.fairs.vn\/en\/wp-json\/wp\/v2\/product_tag?post=11596"}],"curies":[{"name":"wp","href":"https:\/\/api.w.org\/{rel}","templated":true}]}}