{"id":11577,"date":"2024-03-28T14:29:22","date_gmt":"2024-03-28T07:29:22","guid":{"rendered":"https:\/\/b2c.fairs.vn\/?post_type=product&#038;p=11577"},"modified":"2024-04-19T15:32:31","modified_gmt":"2024-04-19T08:32:31","slug":"mien-dong-tai-hoan-500gr","status":"publish","type":"product","link":"https:\/\/b2c.fairs.vn\/en\/product\/mien-dong-tai-hoan-500gr\/","title":{"rendered":"Mi\u1ebfn dong T\u00e0i Hoan &#8211; 500gr"},"content":{"rendered":"<p>* V\u1edbi h\u01b0\u01a1ng v\u1ecb th\u01a1m ngon, m\u00e0u s\u1eafc mi\u1ebfn d\u1ec5 nh\u1eadn bi\u1ebft, \u0111\u1ed9 dai gi\u00f2n c\u1ee7a mi\u1ebfn \u0111\u00e3 t\u1ea1o n\u00ean n\u00e9t \u0111\u1eb7c tr\u01b0ng c\u1ee7a mi\u1ebfn dong.<\/p>\n<p>Ng\u01b0\u1eddi b\u1ec7nh ti\u1ec3u \u0111\u01b0\u1eddng n\u00ean b\u1ed5 sung nh\u1eefng m\u00f3n l\u00e0m t\u1eeb mi\u1ebfn dong v\u00e0o th\u1ef1c \u0111\u01a1n \u0103n u\u1ed1ng h\u1eb1ng ng\u00e0y v\u00e0 \u0103n mi\u1ebfn thay c\u01a1m \u0111\u1ec3 l\u00e0m gi\u1ea3m l\u01b0\u1ee3ng \u0111\u01b0\u1eddng tinh b\u1ed9t \u0111\u1ebfn m\u1ee9c t\u1ed1i \u0111a.<\/p>\n<p>* \u0102n mi\u1ebfn h\u1eb1ng ng\u00e0y gi\u00fap b\u1ea1n ki\u1ec3m so\u00e1t \u0111\u01b0\u1ee3c c\u00e2n n\u1eb7ng h\u1ee3p l\u00ed v\u00e0 h\u1ea1n ch\u1ebf \u0111\u01b0\u1ee3c l\u01b0\u1ee3ng calo n\u1ea1p n\u00e0o c\u01a1 th\u1ec3.<\/p>\n<p>\u0110\u01b0\u1ee3c l\u00e0m t\u1eeb tinh b\u1ed9t, nh\u01b0ng mi\u1ebfn dong l\u1ea1i c\u00f3 t\u00ednh m\u00e1t, nhi\u1ec1u ch\u1ea5t x\u01a1, kh\u00f4ng ch\u1ee9a ch\u1ea5t b\u00e9o v\u00e0 b\u1ed5 sung \u00edt calo. Do \u0111\u00f3, \u0111\u00e2y l\u00e0 th\u1ef1c ph\u1ea9m tuy\u1ec7t v\u1eddi cho nh\u1eefng b\u1ea1n mu\u1ed1n gi\u1ea3m c\u00e2n v\u00e0 duy tr\u00ec c\u00e2n n\u1eb7ng hi\u1ec7n t\u1ea1i.<\/p>\n<p>* S\u1ea3n xu\u1ea5t theo ph\u01b0\u01a1ng ph\u00e1p truy\u1ec1n th\u1ed1ng.100% t\u1eeb tinh b\u1ed9t dong ri\u1ec1ng.<\/p>\n<p>* S\u1ea3n ph\u1ea9m 5 n\u0103m li\u1ec1n l\u00e0 s\u1ea3n ph\u1ea9m c\u00f4ng nghi\u1ec7p n\u00f4ng th\u00f4n ti\u00eau bi\u1ec3u c\u1ea5p t\u1ec9nh<\/p>\n<p>* S\u1ea3n ph\u1ea9m OCOP t\u1ec9nh B\u1eafc K\u1ea1n<\/p>\n<p>&#8211; Ng\u00e0y s\u1ea3n xu\u1ea5t: in tr\u00ean bao b\u00ec s\u1ea3n ph\u1ea9m<\/p>","protected":false},"excerpt":{"rendered":"<p>* V\u1edbi h\u01b0\u01a1ng v\u1ecb th\u01a1m ngon, m\u00e0u s\u1eafc mi\u1ebfn d\u1ec5 nh\u1eadn bi\u1ebft, \u0111\u1ed9 dai gi\u00f2n c\u1ee7a mi\u1ebfn \u0111\u00e3 t\u1ea1o n\u00ean<\/p>","protected":false},"featured_media":11644,"comment_status":"open","ping_status":"closed","template":"","meta":{"_acf_changed":false},"product_cat":[315,366,398,22,313],"product_tag":[],"class_list":{"0":"post-11577","1":"product","2":"type-product","3":"status-publish","4":"has-post-thumbnail","6":"product_cat-che-bien-tu-gao-ngu-coc","7":"product_cat-hang-cnnt-cap-qg","8":"product_cat-san-pham-cnnt-tb-cap-qg-2021","9":"product_cat-sanphamthucpham","10":"product_cat-thuc-pham-che-bien","12":"first","13":"instock","14":"shipping-taxable","15":"purchasable","16":"product-type-simple"},"acf":[],"_links":{"self":[{"href":"https:\/\/b2c.fairs.vn\/en\/wp-json\/wp\/v2\/product\/11577","targetHints":{"allow":["GET"]}}],"collection":[{"href":"https:\/\/b2c.fairs.vn\/en\/wp-json\/wp\/v2\/product"}],"about":[{"href":"https:\/\/b2c.fairs.vn\/en\/wp-json\/wp\/v2\/types\/product"}],"replies":[{"embeddable":true,"href":"https:\/\/b2c.fairs.vn\/en\/wp-json\/wp\/v2\/comments?post=11577"}],"version-history":[{"count":0,"href":"https:\/\/b2c.fairs.vn\/en\/wp-json\/wp\/v2\/product\/11577\/revisions"}],"wp:featuredmedia":[{"embeddable":true,"href":"https:\/\/b2c.fairs.vn\/en\/wp-json\/wp\/v2\/media\/11644"}],"wp:attachment":[{"href":"https:\/\/b2c.fairs.vn\/en\/wp-json\/wp\/v2\/media?parent=11577"}],"wp:term":[{"taxonomy":"product_cat","embeddable":true,"href":"https:\/\/b2c.fairs.vn\/en\/wp-json\/wp\/v2\/product_cat?post=11577"},{"taxonomy":"product_tag","embeddable":true,"href":"https:\/\/b2c.fairs.vn\/en\/wp-json\/wp\/v2\/product_tag?post=11577"}],"curies":[{"name":"wp","href":"https:\/\/api.w.org\/{rel}","templated":true}]}}