{"id":11538,"date":"2024-03-28T14:15:43","date_gmt":"2024-03-28T07:15:43","guid":{"rendered":"https:\/\/b2c.fairs.vn\/?post_type=product&#038;p=11538"},"modified":"2024-04-23T13:48:41","modified_gmt":"2024-04-23T06:48:41","slug":"mien-dong-nhat-thien-500g-dac-san-ba-be-bac-kan-100-tu-tinh-bot-dong-rieng","status":"publish","type":"product","link":"https:\/\/b2c.fairs.vn\/en\/product\/mien-dong-nhat-thien-500g-dac-san-ba-be-bac-kan-100-tu-tinh-bot-dong-rieng\/","title":{"rendered":"Mi\u1ebfn dong Nh\u1ea5t Thi\u1ec7n 500g \u0111\u1eb7c s\u1ea3n Ba B\u1ec3 &#8211; B\u1eafc K\u1ea1n ,100% t\u1eeb tinh b\u1ed9t dong ri\u1ec1ng"},"content":{"rendered":"<p><strong>Mi\u1ebfn dong Nh\u1ea5t Thi\u1ec7n &#8211; \u0110\u1ecba ch\u1ec9 : Huy\u1ec7n Ba B\u1ec3, T\u1ec9ng B\u1eafc K\u1ea1n.<\/strong><\/p>\n<p>+ Mi\u1ebfn dong Ba B\u1ec3 l\u00e0 lo\u1ea1i mi\u1ebfn ngon n\u1ed5i ti\u1ebfng, \u0111\u01b0\u1ee3c l\u00e0m t\u1eeb 100% tinh b\u1ed9t Dong \u0111\u1eb7c bi\u1ec7t ngon c\u1ee7a v\u00f9ng \u0111\u1ea5t Ba B\u1ec3 thu\u1ed9c T\u1ec9nh B\u1eafc K\u1ea1n.<\/p>\n<p>+ Kh\u1ed1i l\u01b0\u1ee3ng 1 t\u00fai : 500gr.<\/p>\n<p>+ Th\u00e0nh ph\u1ea7n : 100% tinh b\u1ed9t dong ri\u1ec1ng.<\/p>\n<p><img fetchpriority=\"high\" decoding=\"async\" src=\"https:\/\/salt.tikicdn.com\/ts\/tmp\/5f\/4c\/d5\/52f59ef0596b5f5240ab990330415fe7.jpg\" alt=\"\" width=\"750\" height=\"462\" \/><\/p>\n<p>C\u00e1ch s\u1eed d\u1ee5ng :<\/p>\n<p>+ D\u00f9ng ch\u1ebf bi\u1ebfn c\u00e1c m\u00f3n \u0103n v\u1edbi rau, gia v\u1ecb v\u00e0 c\u00e1c lo\u1ea1i th\u1ecbt, h\u1ea3i s\u1ea3n.<\/p>\n<p>+ N\u1ea5u mi\u1ebfn : Tr\u01b0\u1edbc khi n\u1ea5u ng\u00e2m mi\u1ebfn trong n\u01b0\u1edbc \u1ea5m t\u1eeb 3-5 ph\u00fat. Khi n\u1ea5u \u0111\u1ec3 canh s\u00f4i trong 3 ph\u00fat cho s\u1ee3i mi\u1ebfn kh\u00f4ng b\u1ecb c\u1ee9ng ( Mi\u1ebfn c\u00f3 th\u1ec3 n\u1ea5u l\u1ea1i 2-3 l\u1ea7n s\u1ee3i mi\u1ebfn v\u1eabn kh\u00f4ng b\u1ecb n\u00e1t).<\/p>\n<p>+ X\u00e0o mi\u1ebfn : Tr\u01b0\u1edbc khi x\u00e0o ng\u00e2m qua n\u01b0\u1edbc s\u00f4i cho s\u1ee3i mi\u1ebfn m\u1ec1m r\u1ed3i ti\u1ebfn h\u00e0nh x\u00e0o nh\u01b0 c\u00e1c m\u00f3n \u0103n kh\u00e1c.<\/p>\n<p>B\u1ea3o qu\u1ea3n :<\/p>\n<p>+ \u0110\u1ec3 n\u01a1i kh\u00f4 r\u00e1o tho\u00e1ng m\u00e1t, h\u1ea1n s\u1eed d\u1ee5ng 18 th\u00e1ng k\u1ec3 t\u1eeb ng\u00e0y s\u1ea3n xu\u1ea5t \u0111\u01b0\u1ee3c ghi tr\u00ean bao b\u00ec.<\/p>\n<p><img decoding=\"async\" src=\"https:\/\/salt.tikicdn.com\/ts\/tmp\/78\/e8\/ce\/3b255dfae9578089a0fd41ac5f83535a.jpg\" alt=\"\" width=\"749\" height=\"500\" \/><\/p>\n<p>C\u01a1 s\u1edf s\u1ea3n xu\u1ea5t mi\u1ebfn dong Nh\u1ea5t Thi\u1ec7n l\u00e0 1 trong 14 c\u01a1 s\u1edf \u0111\u01b0\u1ee3c c\u00f4ng nh\u1eadn nh\u00e3n hi\u1ec7u t\u1eadp th\u1ec3 \u201cMi\u1ebfn dong B\u1eafc K\u1ea1n\u201d , \u0111\u1ea3m b\u1ea3o an to\u00e0n v\u1ec7 sinh th\u1ef1c ph\u1ea9m, b\u1ea3o v\u1ec7 m\u00f4i tr\u01b0\u1eddng.<\/p>\n<p>N\u1ed5i ti\u1ebfng nh\u1ea5t \u1edf Ba B\u1ec3 l\u00e0 c\u01a1 s\u1edf s\u1ea3n xu\u1ea5t mi\u1ebfn dong Nh\u1ea5t Thi\u1ec7n \u2013 Ba B\u1ec3, n\u1ed5i ti\u1ebfng ngon nh\u1ea5t v\u00f9ng.<\/p>\n<p>Mi\u1ebfn dong Nh\u1ea5t Thi\u1ec7n \u0111\u01b0\u1ee3c th\u00e0nh l\u1eadp t\u1eeb n\u0103m 1996 tr\u00ean b\u1ec1 d\u00e0y kinh nghi\u1ec7m s\u1ea3n xu\u1ea5t truy\u1ec1n th\u1ed1ng k\u1ebft h\u1ee3p v\u1edbi c\u00f4ng ngh\u1ec7 hi\u1ec7n \u0111\u1ea1i \u0111\u00e3 cho ra m\u1ed9t lo\u1ea1i mi\u1ebfn Nh\u1ea5t Thi\u1ec7n th\u01a1m ngon, s\u1ee3i mi\u1ebfn nh\u1ecf \u0111\u1ec1u v\u00e0 trong dai d\u00f2n, kh\u00f4ng b\u1ecb n\u00e1t\u2026<\/p>\n<p>Mi\u1ebfn dong Nh\u1ea5t Thi\u1ec7n kh\u00f4ng s\u1eed d\u1ee5ng h\u00f3a ch\u1ea5t t\u1ea9y r\u1eeda v\u00e0 pha ch\u1ed9n m\u00e0 l\u00e0m ho\u00e0n to\u00e0n t\u1ef1 nhi\u00ean b\u1eb1ng c\u1ee7 Dong Ri\u1ec1ng v\u00e0 n\u01b0\u1edbc gi\u1ebfng \u0111\u00e0o s\u1ea1ch kh\u00f4ng c\u00f3 v\u00e1ng.<\/p>\n<p>\u1ede B\u1eafc K\u1ea1n c\u00f3 ba c\u1edf s\u1edf s\u1ea3n xu\u1ea5t ch\u00ednh l\u00e0 Na R\u00ec, Ba B\u1ec3, T\u00e2n S\u01a1n, nh\u01b0ng v\u1eabn \u0111\u01b0\u1ee3c \u01b0a chu\u1ed9ng v\u00e0 ng\u01b0\u1eddi d\u00e2n tin d\u00f9ng v\u00e0 b\u00ecnh ch\u1ecdn l\u00e0 mi\u1ebfn dong Nh\u1ea5t Thi\u1ec7n \u2013 Ba B\u1ec3. Th\u01b0\u01a1ng hi\u1ec7u mi\u1ebfn dong\u00a0 Nh\u1ea5t Thi\u1ec7n kh\u00f4ng ch\u1ec9 n\u1ed5i ti\u1ebfng \u1edf B\u1eafc K\u1ea1n c\u00f3 ch\u1ed7 \u0111\u1ee9ng tr\u00ean th\u1ecb tr\u01b0\u1eddng g\u1ea7n 20 n\u0103m\u00a0 m\u00e0 \u0111\u00e3 \u0111\u01b0\u1ee3c c\u1ea3 n\u01b0\u1edbc bi\u1ebft \u0111\u1ebfn v\u00e0 gi\u1edd \u0111\u00e2y mi\u1ebfn dong Nh\u1ea5t Thi\u1ec7n \u2013 Ba B\u1ec3 \u0111\u00e3 v\u00e0 \u0111ang xu\u1ea5t kh\u1ea9u sang n\u01b0\u1edbc ngo\u00e0i.<\/p>\n<p><img decoding=\"async\" src=\"https:\/\/salt.tikicdn.com\/ts\/tmp\/ba\/82\/6b\/292d6c9242921bf7754de4489cf6212a.jpg\" alt=\"\" width=\"750\" height=\"500\" \/><\/p>\n<p>C\u00e2y dong ri\u1ec1ng m\u1ecdc t\u1ef1 nhi\u00ean v\u00e0 \u0111\u01b0\u1ee3c khai th\u00e1c l\u00e2u \u0111\u1eddi \u1edf huy\u1ec7n Na R\u00ec. N\u01a1i \u0111\u00e2y \u0111\u01b0\u1ee3c coi l\u00e0 v\u00f9ng \u0111\u1ea5t kh\u1edfi ngu\u1ed3n c\u1ee7a c\u00e2y dong ri\u1ec1ng b\u1edfi kh\u00ed h\u1eadu quanh n\u0103m m\u00e1t m\u1ebb c\u1ee7a v\u00f9ng n\u00fai \u0111\u00e1 cao, r\u1ea5t th\u00edch h\u1ee3p \u0111\u1ec3 c\u00e2y dong ri\u1ec1ng ph\u00e1t tri\u1ec3n. C\u0169ng t\u1eeb \u0111\u00f3, ng\u01b0\u1eddi d\u00e2n n\u01a1i \u0111\u00e2y \u0111\u00e3 ch\u1ebf bi\u1ebfn ra mi\u1ebfn dong &#8211; m\u00f3n \u0103n truy\u1ec1n th\u1ed3ng trong nh\u1eefng ng\u00e0y l\u1ec5 t\u1ebft. D\u1ea7n d\u00e0, ngh\u1ec1 l\u00e0m mi\u1ebfn ph\u00e1t tri\u1ec3n h\u01a1n v\u00e0 \u0111\u01b0\u1ee3c ng\u01b0\u1eddi d\u00e2n l\u01b0u gi\u1eef qua nhi\u1ec1u \u0111\u1eddi, nhi\u1ec1u th\u1ebf h\u1ec7. Tuy nhi\u00ean, do t\u1eadp qu\u00e1n l\u00e0m \u0103n nh\u1ecf l\u1ebb, s\u1ea3n xu\u1ea5t mang t\u00ednh t\u1ef1 cung t\u1ef1 c\u1ea5p l\u00e0 ch\u00ednh n\u00ean ngh\u1ec1 l\u00e0m mi\u1ebfn ch\u1ec9 ch\u1ee7 y\u1ebfu ph\u1ee5c v\u1ee5 nhu c\u1ea7u c\u1ee7a h\u1ed9 gia \u0111\u00ecnh.<\/p>\n<p>Gi\u00e1 s\u1ea3n ph\u1ea9m tr\u00ean Tiki \u0111\u00e3 bao g\u1ed3m thu\u1ebf theo lu\u1eadt hi\u1ec7n h\u00e0nh. B\u00ean c\u1ea1nh \u0111\u00f3, tu\u1ef3 v\u00e0o lo\u1ea1i s\u1ea3n ph\u1ea9m, h\u00ecnh th\u1ee9c v\u00e0 \u0111\u1ecba ch\u1ec9 giao h\u00e0ng m\u00e0 c\u00f3 th\u1ec3 ph\u00e1t sinh th\u00eam chi ph\u00ed kh\u00e1c nh\u01b0 ph\u00ed v\u1eadn chuy\u1ec3n, ph\u1ee5 ph\u00ed h\u00e0ng c\u1ed3ng k\u1ec1nh, thu\u1ebf nh\u1eadp kh\u1ea9u (\u0111\u1ed1i v\u1edbi \u0111\u01a1n h\u00e0ng giao t\u1eeb n\u01b0\u1edbc ngo\u00e0i c\u00f3 gi\u00e1 tr\u1ecb tr\u00ean 1 tri\u1ec7u \u0111\u1ed3ng)&#8230;..<\/p>","protected":false},"excerpt":{"rendered":"<p>Mi\u1ebfn dong Nh\u1ea5t Thi\u1ec7n &#8211; \u0110\u1ecba ch\u1ec9 : Huy\u1ec7n Ba B\u1ec3, T\u1ec9ng B\u1eafc K\u1ea1n. + Mi\u1ebfn dong Ba B\u1ec3 l\u00e0<\/p>","protected":false},"featured_media":11542,"comment_status":"open","ping_status":"closed","template":"","meta":{"_acf_changed":false},"product_cat":[315,366,398,22,313],"product_tag":[],"class_list":{"0":"post-11538","1":"product","2":"type-product","3":"status-publish","4":"has-post-thumbnail","6":"product_cat-che-bien-tu-gao-ngu-coc","7":"product_cat-hang-cnnt-cap-qg","8":"product_cat-san-pham-cnnt-tb-cap-qg-2021","9":"product_cat-sanphamthucpham","10":"product_cat-thuc-pham-che-bien","12":"first","13":"instock","14":"shipping-taxable","15":"purchasable","16":"product-type-simple"},"acf":[],"_links":{"self":[{"href":"https:\/\/b2c.fairs.vn\/en\/wp-json\/wp\/v2\/product\/11538","targetHints":{"allow":["GET"]}}],"collection":[{"href":"https:\/\/b2c.fairs.vn\/en\/wp-json\/wp\/v2\/product"}],"about":[{"href":"https:\/\/b2c.fairs.vn\/en\/wp-json\/wp\/v2\/types\/product"}],"replies":[{"embeddable":true,"href":"https:\/\/b2c.fairs.vn\/en\/wp-json\/wp\/v2\/comments?post=11538"}],"version-history":[{"count":0,"href":"https:\/\/b2c.fairs.vn\/en\/wp-json\/wp\/v2\/product\/11538\/revisions"}],"wp:featuredmedia":[{"embeddable":true,"href":"https:\/\/b2c.fairs.vn\/en\/wp-json\/wp\/v2\/media\/11542"}],"wp:attachment":[{"href":"https:\/\/b2c.fairs.vn\/en\/wp-json\/wp\/v2\/media?parent=11538"}],"wp:term":[{"taxonomy":"product_cat","embeddable":true,"href":"https:\/\/b2c.fairs.vn\/en\/wp-json\/wp\/v2\/product_cat?post=11538"},{"taxonomy":"product_tag","embeddable":true,"href":"https:\/\/b2c.fairs.vn\/en\/wp-json\/wp\/v2\/product_tag?post=11538"}],"curies":[{"name":"wp","href":"https:\/\/api.w.org\/{rel}","templated":true}]}}