{"id":11488,"date":"2024-03-28T13:38:50","date_gmt":"2024-03-28T06:38:50","guid":{"rendered":"https:\/\/b2c.fairs.vn\/?post_type=product&#038;p=11488"},"modified":"2024-04-19T13:41:28","modified_gmt":"2024-04-19T06:41:28","slug":"gach-khong-nung-acc","status":"publish","type":"product","link":"https:\/\/b2c.fairs.vn\/en\/product\/gach-khong-nung-acc\/","title":{"rendered":"G\u1ea1ch kh\u00f4ng nung ACC"},"content":{"rendered":"<p>G\u1ea0CH KH\u00d4NG NUNG AAC l\u00e0 1 lo\u1ea1i v\u1eadt li\u1ec7u x\u00e2y d\u1ef1ng ch\u1ea5t l\u01b0\u1ee3ng cao \u0111\u01b0\u1ee3c s\u1ea3n xu\u1ea5t t\u1eeb c\u00e1t, \u0111\u00e1 m\u1ea1t nghi\u1ec1n m\u1ecbn (ph\u1ebf li\u1ec7u c\u1ee7a ng\u00e0nh khai th\u00e1c \u0111\u00e1 x\u00e2y d\u1ef1ng) k\u1ebft h\u1ee3p v\u1edbi xi m\u0103ng, v\u00f4i, th\u1ea1ch cao, h\u1ee3p ch\u1ea5t nh\u00f4m v\u00e0 n\u01b0\u1edbc. M\u1ed9t s\u1ed1 ph\u1ea3n \u1ee9ng h\u00f3a h\u1ecdc x\u1ea3y ra trong qu\u00e1 tr\u00ecnh s\u1ea3n xu\u1ea5t v\u00e0 ch\u01b0ng \u00e1p l\u00e0m cho g\u1ea1ch AAC c\u00f3 tr\u1ecdng l\u01b0\u1ee3ng si\u00eau nh\u1eb9 v\u00e0 c\u00f3 \u0111\u1ed9 b\u1ec1n cao v\u1edbi nhi\u1ec1u t\u00ednh n\u0103ng v\u01b0\u1ee3t tr\u1ed9i so v\u1edbi g\u1ea1ch \u0111\u1ea5t s\u00e9t nung truy\u1ec1n th\u1ed1ng (g\u1ea1ch tuynel).<\/p>\n<p><strong>Th\u00f4ng s\u1ed1 k\u1ef9 thu\u00e2t :<\/strong><\/p>\n<table>\n<tbody>\n<tr>\n<td><b>\u0110\u1ed9 h\u00fat n\u01b0\u1edbc:<\/b><\/td>\n<td>&lt;=20% kh\u1ed1i l\u01b0\u1ee3ng<\/td>\n<\/tr>\n<tr>\n<td><b>C\u01b0\u1eddng \u0111\u1ed9 n\u00e9n:<\/b><\/td>\n<td>&gt;= 4-6 \u00a0Mpa<\/td>\n<\/tr>\n<tr>\n<td><b>C\u00f4ng d\u1ee5ng:<\/b><\/td>\n<td>X\u00e2y t\u01b0\u1eddng<\/td>\n<\/tr>\n<\/tbody>\n<\/table>\n<p>&nbsp;<\/p>\n<table>\n<tbody>\n<tr>\n<td>\n<table>\n<tbody>\n<tr>\n<td><b>K\u00edch th\u01b0\u1edbc:<\/b><\/td>\n<td>600mm x 200 x 150<\/td>\n<\/tr>\n<tr>\n<td><b>\u0110\u1ed9 ch\u00ednh x\u00e1c:\u00a0<\/b><\/td>\n<td>&lt;=1-2 mm<\/td>\n<\/tr>\n<tr>\n<td><b>\u0110\u1ed9 h\u00fat n\u01b0\u1edbc:<\/b><\/td>\n<td>&lt;=20% kh\u1ed1i l\u01b0\u1ee3ng<\/td>\n<\/tr>\n<tr>\n<td><b>C\u01b0\u1eddng \u0111\u1ed9 n\u00e9n:<\/b><\/td>\n<td>&gt;= 4-6 \u00a0Mpa<\/td>\n<\/tr>\n<tr>\n<td><b>C\u00f4ng d\u1ee5ng:<\/b><\/td>\n<td>X\u00e2y t\u01b0\u1eddng<\/td>\n<\/tr>\n<\/tbody>\n<\/table>\n<\/td>\n<td><\/td>\n<\/tr>\n<\/tbody>\n<\/table>\n<p>&nbsp;<\/p>\n<table>\n<tbody>\n<tr>\n<td>\n<table>\n<tbody>\n<tr>\n<td><b>K\u00edch th\u01b0\u1edbc:<\/b><\/td>\n<td>600mm x 200 x 200<\/td>\n<\/tr>\n<tr>\n<td><b>\u0110\u1ed9 ch\u00ednh x\u00e1c:\u00a0<\/b><\/td>\n<td>&lt;=1-2 mm<\/td>\n<\/tr>\n<tr>\n<td><b>\u0110\u1ed9 h\u00fat n\u01b0\u1edbc:<\/b><\/td>\n<td>&lt;=20% kh\u1ed1i l\u01b0\u1ee3ng<\/td>\n<\/tr>\n<tr>\n<td><b>C\u01b0\u1eddng \u0111\u1ed9 n\u00e9n:<\/b><\/td>\n<td>&gt;= 4-6 \u00a0Mpa<\/td>\n<\/tr>\n<tr>\n<td><b>C\u00f4ng d\u1ee5ng:<\/b><\/td>\n<td>X\u00e2y t\u01b0\u1eddng<\/td>\n<\/tr>\n<\/tbody>\n<\/table>\n<\/td>\n<\/tr>\n<\/tbody>\n<\/table>\n<p><strong>1.<\/strong><strong>T\u1ef7 tr\u1ecdng nh\u1eb9<\/strong>: t\u1ef7 tr\u1ecdng l\u00e0 350-850kg\/m3, ch\u1ec9\u00a0t\u01b0\u01a1ng \u0111\u01b0\u01a1ng 1\/2 g\u1ea1ch \u0111\u1eb7c, 2\/3 g\u1ea1ch r\u1ed7ng 2 l\u1ed7, 1\/5 t\u1ef7 tr\u1ecdng g\u1ea1ch b\u00ea t\u00f4ng th\u00f4ng th\u01b0\u1eddng. Gi\u00fap gi\u1ea3m t\u1ea3i tr\u1ecdng t\u00f2a nh\u00e0 gi\u1ea3m k\u1ebft c\u1ea5u m\u00f3ng d\u1ea7m c\u1ed9t gi\u00fap gi\u1ea3m chi ph\u00ed k\u1ebft c\u1ea5u v\u00e0 x\u00e2y th\u00f4.<\/p>\n<p><strong>2. T\u00ednh b\u1ea3o \u00f4n c\u00e1ch nhi\u1ec7t cao<\/strong>: H\u1ec7 s\u1ed1 d\u1eabn nhi\u1ec7t kho\u1ea3ng 0.11 -&gt; 0.22W\/mok, b\u1eb1ng 1\/4 \u0111\u1ebfn 1\/5 h\u1ec7 s\u1ed1 d\u1eabn nhi\u1ec7t g\u1ea1ch nung, t\u01b0\u01a1ng \u0111\u01b0\u01a1ng 1\/6 h\u1ec7 s\u1ed1 d\u1eabn nhi\u1ec7t c\u1ee7a g\u1ea1ch b\u00ea t\u00f4ng th\u00f4ng th\u01b0\u1eddng, g\u00fap gi\u1ea3m t\u1edbi 40% chi ph\u00ed \u0111i\u1ec7n n\u0103ng ti\u00eau th\u1ee5 cho \u0111i\u1ec1u ho\u00e0.<\/p>\n<p><strong>3. Kh\u1ea3 n\u0103ng ch\u1ed1ng ch\u00e1y<\/strong>: S\u1ea3n ph\u1ea9m l\u00e0 v\u1eadt li\u1ec7u v\u00f4 c\u01a1 v\u00e0 kh\u00f4ng b\u1eaft ch\u00e1y, k\u1ebft c\u1ea5u nhi\u1ec1u l\u1ed7 kh\u00ed nh\u1ecf kh\u00f4ng d\u1eabn nhi\u1ec7t, do \u0111\u00f3 ch\u1ed1ng ch\u00e1y t\u1ed1t,\u00a0\u0111\u1ea1t ti\u00eau chu\u1ea9n c\u1ea5p I theo ti\u00eau chu\u1ea9n Qu\u1ed1c gia.<\/p>\n<p><strong>4. C\u00e1ch \u00e2m t\u1ed1t<\/strong>: Do k\u1ebft c\u1ea5u v\u1edbi nhi\u1ec1u l\u1ed7 kh\u00ed th\u00f4ng tho\u00e1ng nhau, l\u01b0\u1ee3ng l\u1ed7 kh\u00ed \u0111\u01b0\u1ee3c ph\u00e2n b\u1ed1 \u0111\u1ec1u \u0111\u1eb7n v\u1edbi m\u1eadt \u0111\u1ed9 cao n\u00ean c\u00f3 kh\u1ea3 n\u0103ng c\u00e1ch \u00e2m t\u1ed1t.<\/p>\n<p><strong>5. Kh\u1ea3 n\u0103ng ch\u1ecbu ch\u1ea5n \u0111\u1ed9ng t\u1ed1t<\/strong>: V\u00ec tr\u1ecdng l\u01b0\u1ee3ng c\u1ee7a g\u1ea1ch th\u1ea5p n\u00ean tr\u1ecdng l\u1ef1c \u0111\u1eb7t l\u00ean m\u1eb7t \u0111\u1ea5t th\u1ea5p, c\u1ed9ng v\u1edbi k\u1ebft c\u1ea5u x\u1ed1p, n\u00ean c\u00f3 kh\u1ea3 n\u0103ng h\u1ea5p th\u1ee5 xung l\u1ef1c r\u1ea5t t\u1ed1t, kh\u1ea3 n\u0103ng ch\u1ecbu \u0111\u1ed9ng \u0111\u1ea5t t\u1ed1t h\u01a1n h\u1eb3n so v\u1edbi g\u1ea1ch x\u00e2y th\u00f4ng th\u01b0\u1eddng.<\/p>\n<p><strong>6.\u00a0<\/strong><strong>Thi c\u00f4ng nhanh v\u00e0 thu\u1eadn ti\u1ec7n<\/strong>: Do c\u00f3 th\u1ec3 khoan, c\u1eaft, \u0111\u00f3ng \u0111inh,\u2026 c\u0169ng nh\u01b0 c\u00f3 th\u1ec3 th\u00eam c\u1ed1t th\u00e9p, gi\u00fap cho vi\u1ec7c x\u00e2y d\u1ef1ng c\u00f4ng tr\u00ecnh \u0111\u01b0\u1ee3c th\u1ef1c hi\u1ec7n nhanh ch\u00f3ng, d\u1ec5 d\u00e0ng thi c\u00f4ng.<\/p>\n<p><strong>7. \u00a0Hi\u1ec7u qu\u1ea3 kinh t\u1ebf:<\/strong>\u00a0Do c\u00f3 th\u1ec3 gi\u1ea3m t\u1ea3i tr\u1ecdng c\u00f4ng tr\u00ecnh, gi\u1ea3m k\u1ebft c\u1ea5u n\u1ec1n m\u00f3ng, thi c\u00f4ng nhanh, ti\u1ebft ki\u1ec7m v\u1eefa x\u00e2y, b\u1ea3o \u00f4n t\u1ed1t gi\u1ea3m chi ph\u00ed x\u1eed l\u00fd c\u00e1ch nhi\u1ec7t, gi\u1ea3m ti\u00eau th\u1ee5 \u0111i\u1ec7n n\u0103ng, k\u00edch \u00a0th\u01b0\u1edbc ch\u00ednh x\u00e1c v\u00e0 d\u1ec5 thi c\u00f4ng n\u00ean hao h\u1ee5t \u00edt trong thi c\u00f4ng,\u2026 gi\u00fap gi\u1ea3m \u0111\u00e1ng k\u1ec3 chi ph\u00ed trong thi c\u00f4ng v\u00e0 s\u1eed d\u1ee5ng c\u00f4ng tr\u00ecnh.<\/p>\n<p><strong>8. Th\u00e2n thi\u1ec7n v\u1edbi m\u00f4i tr\u01b0\u1eddng:<\/strong>\u00a0G\u1ea1ch b\u00ea t\u00f4ng khi ch\u01b0ng \u00e1p Viglacera trong qu\u00e1 tr\u00ecnh s\u1ea3n xu\u1ea5t kh\u00f4ng ph\u00e1t sinh kh\u00ed th\u1ea3i, ch\u1ea5t th\u1ea3i r\u1eafn, n\u01b0\u1edbc th\u1ea3i c\u00f4ng nghi\u1ec7p ra m\u00f4i tr\u01b0\u1eddng, trong qu\u00e1 tr\u00ecnh s\u1eed d\u1ee5ng ti\u1ebft ki\u1ec7m t\u00e0i nguy\u00ean, n\u0103ng l\u01b0\u1ee3ng v\u00e0 th\u00e2n thi\u1ec7n v\u1edbi m\u00f4i tr\u01b0\u1eddng n\u00ean l\u00e0 m\u1ed9t v\u1eadt li\u1ec7u x\u00e2y d\u1ef1ng xanh.<\/p>","protected":false},"excerpt":{"rendered":"<p>G\u1ea0CH KH\u00d4NG NUNG AAC l\u00e0 1 lo\u1ea1i v\u1eadt li\u1ec7u x\u00e2y d\u1ef1ng ch\u1ea5t l\u01b0\u1ee3ng cao \u0111\u01b0\u1ee3c s\u1ea3n xu\u1ea5t t\u1eeb c\u00e1t, \u0111\u00e1<\/p>","protected":false},"featured_media":11492,"comment_status":"open","ping_status":"closed","template":"","meta":{"_acf_changed":false},"product_cat":[520,366,367,399],"product_tag":[],"class_list":{"0":"post-11488","1":"product","2":"type-product","3":"status-publish","4":"has-post-thumbnail","6":"product_cat-nha-cua-doi-song","7":"product_cat-hang-cnnt-cap-qg","8":"product_cat-hang-cnnt-cap-qg-2023","9":"product_cat-vat-lieu-xay-dung","11":"first","12":"instock","13":"shipping-taxable","14":"purchasable","15":"product-type-simple"},"acf":[],"_links":{"self":[{"href":"https:\/\/b2c.fairs.vn\/en\/wp-json\/wp\/v2\/product\/11488","targetHints":{"allow":["GET"]}}],"collection":[{"href":"https:\/\/b2c.fairs.vn\/en\/wp-json\/wp\/v2\/product"}],"about":[{"href":"https:\/\/b2c.fairs.vn\/en\/wp-json\/wp\/v2\/types\/product"}],"replies":[{"embeddable":true,"href":"https:\/\/b2c.fairs.vn\/en\/wp-json\/wp\/v2\/comments?post=11488"}],"version-history":[{"count":0,"href":"https:\/\/b2c.fairs.vn\/en\/wp-json\/wp\/v2\/product\/11488\/revisions"}],"wp:featuredmedia":[{"embeddable":true,"href":"https:\/\/b2c.fairs.vn\/en\/wp-json\/wp\/v2\/media\/11492"}],"wp:attachment":[{"href":"https:\/\/b2c.fairs.vn\/en\/wp-json\/wp\/v2\/media?parent=11488"}],"wp:term":[{"taxonomy":"product_cat","embeddable":true,"href":"https:\/\/b2c.fairs.vn\/en\/wp-json\/wp\/v2\/product_cat?post=11488"},{"taxonomy":"product_tag","embeddable":true,"href":"https:\/\/b2c.fairs.vn\/en\/wp-json\/wp\/v2\/product_tag?post=11488"}],"curies":[{"name":"wp","href":"https:\/\/api.w.org\/{rel}","templated":true}]}}