{"id":11466,"date":"2024-03-28T14:01:49","date_gmt":"2024-03-28T07:01:49","guid":{"rendered":"https:\/\/b2c.fairs.vn\/?post_type=product&#038;p=11466"},"modified":"2024-04-19T15:47:03","modified_gmt":"2024-04-19T08:47:03","slug":"my-chu-green","status":"publish","type":"product","link":"https:\/\/b2c.fairs.vn\/en\/product\/my-chu-green\/","title":{"rendered":"M\u1ef3 ch\u0169 green"},"content":{"rendered":"<p>M\u1ef3 ch\u0169 Green \u2013 Ch\u00f9m ng\u00e2y\u00a0\u2013 LO\u1ea0I NGON \u0110\u1eb6C BI\u1ec6T 400 MY CHU GREEN \u2013 HIGH QUALITY RICE NOODLES<\/p>\n<p>M\u1ef3 g\u1ea1o B\u1eafc Giang th\u01b0\u1ee3ng h\u1ea1ng- M\u1ef3 dai,\u00a0s\u1ee3i nh\u1ecf \u2013 Kh\u00f4ng ch\u1ea5t b\u1ea3o qu\u1ea3n v\u00e0 ph\u1ee5 gia M\u1ef3 g\u1ea1o v\u1ed1n l\u00e0 m\u1ed9t trong nh\u1eefng nguy\u00ean li\u1ec7u tuy\u1ec7t v\u1eddi thay th\u1ebf cho m\u1ef3 t\u00f4m, b\u1edfi t\u00ednh an to\u00e0n v\u00e0 \u0111\u1ed9 dai th\u01a1m \u0111\u1eb7c bi\u1ec7t c\u1ee7a m\u1ef3. V\u00e0 n\u00f3i \u0111\u1ebfn M\u1ef3 g\u1ea1o, ng\u01b0\u1eddi ta s\u1ebd ngh\u0129 ngay t\u1edbi M\u1ef3 ch\u0169 \u2013 B\u1eafc Giang, m\u1ed9t trong nh\u1eefng th\u1ef1c ph\u1ea9m c\u00f3 ti\u1ebfng kh\u00f4ng ch\u1ec9 trong n\u01b0\u1edbc m\u00e0 c\u1ea3 \u1edf n\u01b0\u1edbc ngo\u00e0i.<\/p>\n<p>TH\u00c0NH PH\u1ea6N\u00a0M\u1ef2 CH\u0168 GREEN CH\u00d9M NG\u00c2Y \u2013 LO\u1ea0I NGON \u0110\u1eb6C BI\u1ec6T G\u1ea1o, n\u01b0\u1edbc v\u00e0 mu\u1ed1i M\u1ef2 CH\u0168 GREEN- LO\u1ea0I NGON \u0110\u1eb6C BI\u1ec6T C\u00d3 G\u00cc N\u1ed4I B\u1eacT?<\/p>\n<p>Nh\u1eefng m\u1ebb M\u1ef3 Ch\u1ee7 Green- lo\u1ea1i \u0111\u1eb7c bi\u1ec7t kh\u00f4ng gi\u1ed1ng nh\u01b0 nh\u1eefng lo\u1ea1i\u00a0m\u1ef3\u00a0ch\u0169 th\u00f4ng th\u01b0\u1eddng kh\u00e1c. \u0110\u1ec3 cho ra l\u00f2 \u0111\u01b0\u1ee3c nh\u1eefng m\u1ebb M\u1ef3 ch\u0169 Green \u0111\u1ea1t ch\u1ea5t l\u01b0\u1ee3ng v\u00e0 ti\u00eau chu\u1ea9n xu\u1ea5t kh\u1ea9u, M\u1ef3 ch\u0169 Green c\u1ee7a HTX Thu\u1eadn H\u01b0\u01a1ng \u0111\u00e3 s\u1eed d\u1ee5ng\u00a0nh\u1eefng ngu\u1ed3n nguy\u00ean li\u1ec7u ch\u1ea5t l\u01b0\u1ee3ng cao:<\/p>\n<p>\ud83c\udf3e\u00a0T\u1eeb g\u1ea1o bao thai h\u1ed3ng \u0111\u1ec3 b\u00e1nh\u00a0c\u00f3 \u0111\u1ed9 d\u1ebbo v\u00e0 th\u01a1m ngon m\u00e0 m\u1ef3 ch\u0169 th\u00f4ng th\u01b0\u1eddng kh\u00f4ng c\u00f3.<\/p>\n<p>&nbsp;<\/p>\n<p>\ud83c\udf3e L\u00e1 Ch\u00f9m ng\u00e2y b\u1ea3n \u0111\u1ecba<\/p>\n<p>\ud83d\udeb0 \u0110\u1ea3m b\u1ea3o ngu\u1ed3n n\u01b0\u1edbc s\u1ea1ch \u0111\u1ec3 b\u00e1nh \u0111\u1ea1t \u0111\u01b0\u1ee3c \u0111\u1ed9 trong v\u00e0 dai.<\/p>\n<p>\ud83d\udd25 D\u01b0\u1edbi b\u00e0n tay v\u00e0 kinh nghi\u1ec7m c\u1ee7a nh\u1eefng ng\u01b0\u1eddi l\u00e0m b\u00e1nh l\u00e2u n\u0103m, M\u1ef9 Ch\u0169 Green \u0111\u01b0\u1ee3c l\u00e0m t\u1eeb nh\u1eefng m\u1ebb b\u00e1nh c\u00f3 \u0111\u1ed9 ch\u00edn ph\u1ed3ng v\u00e0 trong\u00a0l\u00fd t\u01b0\u1edfng \u0111\u1ec3 cho ra nh\u1eefng m\u1ebb M\u1ef3 ch\u0169 Green d\u1ebbo dai v\u00e0 \u0111\u1eadm \u0111\u00e0.<\/p>\n<p>\ud83d\udeab Kh\u00f4ng s\u1eed d\u1ee5ng Ch\u1ea5t b\u1ea3o qu\u1ea3n v\u00e0 ph\u1ee5 gia C\u00c1CH N\u1ea4U M\u1ef2 CH\u0168 GREEN- LO\u1ea0I NGON \u0110\u1eb6C BI\u1ec6T<\/p>\n<p>\ud83c\udf5c M\u1ef3 n\u01b0\u1edbc:\u00a0 R\u1eeda m\u1ef3, \u0111\u1ec3 r\u00e1o r\u1ed3i n\u1ea5u m\u1ef3 v\u1edbi n\u01b0\u1edbc s\u00fap (g\u00e0\/ b\u00f2\/ t\u00f4m n\u00f5n) trong kho\u1ea3ng 20- 30 gi\u00e2y<\/p>\n<p>\ud83c\udf5d M\u1ef3 x\u00e0o: Lu\u1ed9c m\u1ef3 g\u1ea7n ch\u00edn, v\u1edbt ra x\u1ea3 n\u01b0\u1edbc l\u1ea1nh ho\u1eb7c tr\u1ed9n d\u1ea7u \u0103n \u0111\u1ec3 tr\u00e1nh b\u1ebft d\u00ednh, r\u1ed3i x\u00e0o v\u1edbi rau c\u1ea3i, h\u1ea3i s\u1ea3n ho\u1eb7c th\u1eadp c\u1ea9m.<\/p>\n<p>\ud83c\udf72 M\u1ef3 chay: S\u1eed d\u1ee5ng c\u00e1c lo\u1ea1i c\u1ee7 (c\u1ee7 c\u1ea3i, c\u00e0 r\u1ed1t, h\u00e0nh t\u00e2y) \u0111\u1ec3 n\u1ea5u n\u01b0\u1edbc d\u00f9ng chay, n\u00eam v\u1eeba. R\u1eeda m\u1ef3, \u0111\u1ec3 r\u00e1o r\u1ed3i cho m\u1ef3 v\u00e0o n\u01b0\u1edbc d\u00f9ng kho\u1ea3ng 20-30 gi\u00e2y.<\/p>\n<p>XU\u1ea4T X\u1ee8 V\u00c0 QUY C\u00c1CH \u0110\u00d3NG G\u00d3I M\u1ef2 CH\u0168 GREEN- LO\u1ea0I NGON \u0110\u1eb6C BI\u1ec6T<\/p>\n<p>\ud83c\udfe1 Xu\u1ea5t x\u1ee9: Vi\u1ec7t Nam (HTX Thu\u1eadn H\u01b0\u01a1ng)<\/p>\n<p>\ud83d\udce6 Quy c\u00e1ch \u0111\u00f3ng g\u00f3i: T\u00fai gi\u1ea5y 400g (\u00b1\u00a020g)<\/p>\n<p>\u23f3\u00a0 H\u1ea1n s\u1eed d\u1ee5ng: 06\u00a0th\u00e1ng\u00a0k\u1ec3 t\u1eeb ng\u00e0y s\u1ea3n xu\u1ea5t (in tr\u00ean bao b\u00ec)<\/p>","protected":false},"excerpt":{"rendered":"<p>M\u1ef3 ch\u0169 Green \u2013 Ch\u00f9m ng\u00e2y\u00a0\u2013 LO\u1ea0I NGON \u0110\u1eb6C BI\u1ec6T 400 MY CHU GREEN \u2013 HIGH QUALITY RICE NOODLES M\u1ef3<\/p>","protected":false},"featured_media":11536,"comment_status":"open","ping_status":"closed","template":"","meta":{"_acf_changed":false},"product_cat":[315,366,398,22,313],"product_tag":[],"class_list":{"0":"post-11466","1":"product","2":"type-product","3":"status-publish","4":"has-post-thumbnail","6":"product_cat-che-bien-tu-gao-ngu-coc","7":"product_cat-hang-cnnt-cap-qg","8":"product_cat-san-pham-cnnt-tb-cap-qg-2021","9":"product_cat-sanphamthucpham","10":"product_cat-thuc-pham-che-bien","12":"first","13":"instock","14":"shipping-taxable","15":"purchasable","16":"product-type-simple"},"acf":[],"_links":{"self":[{"href":"https:\/\/b2c.fairs.vn\/en\/wp-json\/wp\/v2\/product\/11466","targetHints":{"allow":["GET"]}}],"collection":[{"href":"https:\/\/b2c.fairs.vn\/en\/wp-json\/wp\/v2\/product"}],"about":[{"href":"https:\/\/b2c.fairs.vn\/en\/wp-json\/wp\/v2\/types\/product"}],"replies":[{"embeddable":true,"href":"https:\/\/b2c.fairs.vn\/en\/wp-json\/wp\/v2\/comments?post=11466"}],"version-history":[{"count":0,"href":"https:\/\/b2c.fairs.vn\/en\/wp-json\/wp\/v2\/product\/11466\/revisions"}],"wp:featuredmedia":[{"embeddable":true,"href":"https:\/\/b2c.fairs.vn\/en\/wp-json\/wp\/v2\/media\/11536"}],"wp:attachment":[{"href":"https:\/\/b2c.fairs.vn\/en\/wp-json\/wp\/v2\/media?parent=11466"}],"wp:term":[{"taxonomy":"product_cat","embeddable":true,"href":"https:\/\/b2c.fairs.vn\/en\/wp-json\/wp\/v2\/product_cat?post=11466"},{"taxonomy":"product_tag","embeddable":true,"href":"https:\/\/b2c.fairs.vn\/en\/wp-json\/wp\/v2\/product_tag?post=11466"}],"curies":[{"name":"wp","href":"https:\/\/api.w.org\/{rel}","templated":true}]}}