{"id":11446,"date":"2024-03-28T13:19:03","date_gmt":"2024-03-28T06:19:03","guid":{"rendered":"https:\/\/b2c.fairs.vn\/?post_type=product&#038;p=11446"},"modified":"2024-04-19T15:46:20","modified_gmt":"2024-04-19T08:46:20","slug":"tra-hoa-vang-tui-loc","status":"publish","type":"product","link":"https:\/\/b2c.fairs.vn\/en\/product\/tra-hoa-vang-tui-loc\/","title":{"rendered":"Tr\u00e0 hoa v\u00e0ng t\u00fai l\u1ecdc"},"content":{"rendered":"<p><span class=\"_5mfr _47e3\"><span class=\"_7oe\">\ud83c\uddfa\ud83c\uddf8<\/span><\/span> Theo T\u1ea1p ch\u00ed \u201cCamellia International Journal\u201d chuy\u00ean nghi\u00ean c\u1ee9u v\u1ec1 Tr\u00e0 Hoa V\u00e0ng tr\u00ean th\u1ebf gi\u1edbi c\u00e1c h\u1ee3p ch\u1ea5t c\u1ee7a tr\u00e0 hoa v\u00e0ng c\u00f3 kh\u1ea3 n\u0103ng ki\u1ec1m ch\u1ebf s\u1ef1 sinh tr\u01b0\u1edfng c\u1ee7a c\u00e1c kh\u1ed1i u \u0111\u1ebfn 33,8%, gi\u00fap gi\u1ea3m \u0111\u1ebfn 35% h\u00e0m l\u01b0\u1ee3ng cholesterol trong m\u00e1u. L\u00e0 d\u01b0\u1ee3c li\u1ec7u s\u1edf h\u1eefu h\u00e0m l\u01b0\u1ee3ng ch\u1ea5t dinh d\u01b0\u1ee1ng phong ph\u00fa nh\u1ea5t trong t\u1ef1 nhi\u00ean, Tr\u00e0 hoa v\u00e0ng Y\u00ean T\u1eed\u00a0s\u1edf h\u1eefu h\u01a1n 400 ho\u1ea1t ch\u1ea5t, trong \u1ea5y nhi\u1ec1u ho\u1ea1t ch\u1ea5t qu\u00fd nh\u01b0 Saponin, Tea polyphenol v\u00e0 nh\u1eefng nh\u00e2n t\u1ed1 vi l\u01b0\u1ee3ng \u1edf m\u1ee9c cao nh\u1ea5t (Se, Ge, Zn, V, Mo, Mn, K\u2026).<\/p>\n<p><span class=\"_5mfr _47e3\"><span class=\"_7oe\">\ud83d\udc9e<\/span><\/span>\u00a0H\u00e3y quan t\u00e2m \u0111\u1ebfn s\u1ee9c kh\u1ecfe c\u1ee7a b\u1ea1n, gia \u0111\u00ecnh v\u00e0 ng\u01b0\u1eddi th\u00e2n ngay t\u1eeb b\u00e2y gi\u1edd v\u1edbi TR\u00c0 HOA V\u00c0NG Y\u00caN T\u1eec d\u1ea1ng t\u00fai l\u1ecdc.<\/p>\n<p><strong><span class=\"_5mfr _47e3\"><span class=\"_7oe\">\u2733<\/span><\/span> C\u00d4NG D\u1ee4NG:<\/strong><span class=\"text_exposed_show\"><br \/>\n<span class=\"_5mfr _47e3\"><span class=\"_7oe\">\u2705<\/span><\/span>\u00a0Ph\u00f2ng ng\u1eeba, gi\u1ea3m nguy c\u01a1 m\u1eafc c\u00e1c b\u1ec7nh ung th\u01b0.<br \/>\n<span class=\"_5mfr _47e3\"><span class=\"_7oe\">\u2705<\/span><\/span>\u00a0\u0110i\u1ec1u h\u00f2a huy\u1ebft \u00e1p, h\u1ea1 \u0111\u01b0\u1eddng huy\u1ebft<br \/>\n<span class=\"_5mfr _47e3\"><span class=\"_7oe\">\u2705<\/span><\/span>\u00a0Gi\u1ea3i \u0111\u1ed9c gan, th\u1eadn<br \/>\n<span class=\"_5mfr _47e3\"><span class=\"_7oe\">\u2705<\/span><\/span>\u00a0Ng\u0103n ng\u1eeba x\u01a1 v\u1eefa \u0111\u1ed9ng m\u1ea1ch<br \/>\n<span class=\"_5mfr _47e3\"><span class=\"_7oe\">\u2705<\/span><\/span>\u00a0Gi\u1ea3m stress v\u00e0 t\u1ec9nh t\u00e1o th\u1ea7n kinh<br \/>\n<span class=\"_5mfr _47e3\"><span class=\"_7oe\">\u2705<\/span><\/span>\u00a0Ch\u1ed1ng oxi h\u00f3a, h\u1ea1n ch\u1ebf s\u1ef1 l\u00e3o h\u00f3a<br \/>\n<span class=\"_5mfr _47e3\"><span class=\"_7oe\">\u2705<\/span><\/span>\u00a0Gi\u00fap t\u0103ng tr\u00ed nh\u1edb, k\u00e9o d\u00e0i tu\u1ed5i th\u1ecd<br \/>\n<span class=\"_5mfr _47e3\"><span class=\"_7oe\">\u2714<\/span><\/span>\u00a0T\u1ed1t cho b\u1ec7nh tim m\u1ea1ch<br \/>\n<span class=\"_5mfr _47e3\"><span class=\"_7oe\">\u2714<\/span><\/span>\u00a0T\u1ed1t cho b\u00eanh nh\u00e2n ti\u1ec3u \u0111\u01b0\u1eddng<\/span><\/p>\n<div class=\"text_exposed_show\">\n<p><span class=\"_5mfr _47e3\"><span class=\"_7oe\">\ud83d\udc68\u200d\ud83d\udc69\u200d\ud83d\udc67\u200d\ud83d\udc67<\/span><\/span>\u00a0V\u1edbi nh\u1eefng ng\u01b0\u1eddi l\u00e0m vi\u1ec7c v\u0103n ph\u00f2ng u\u1ed1ng 1 c\u1ed1c tr\u00e0 h\u00e0ng ng\u00e0y khi l\u00e0m vi\u1ec7c v\u00e0 ngh\u1ec9 ng\u01a1i s\u1ebd r\u1ea5t t\u1ed1t cho s\u1ee9c kh\u1ecfe. Hay l\u00e0m qu\u00e0 t\u1eb7ng cho b\u1ed1 m\u1eb9, ng\u01b0\u1eddi th\u00e2n th\u00ec qu\u00e1 tuy\u1ec7t v\u1eddi.<\/p>\n<\/div>","protected":false},"excerpt":{"rendered":"<p>\ud83c\uddfa\ud83c\uddf8 Theo T\u1ea1p ch\u00ed \u201cCamellia International Journal\u201d chuy\u00ean nghi\u00ean c\u1ee9u v\u1ec1 Tr\u00e0 Hoa V\u00e0ng tr\u00ean th\u1ebf gi\u1edbi c\u00e1c h\u1ee3p ch\u1ea5t<\/p>","protected":false},"featured_media":11453,"comment_status":"open","ping_status":"closed","template":"","meta":{"_acf_changed":false},"product_cat":[321,366,398,22,323],"product_tag":[],"class_list":{"0":"post-11446","1":"product","2":"type-product","3":"status-publish","4":"has-post-thumbnail","6":"product_cat-che","7":"product_cat-hang-cnnt-cap-qg","8":"product_cat-san-pham-cnnt-tb-cap-qg-2021","9":"product_cat-sanphamthucpham","10":"product_cat-san-pham-tra-tu-thuc-vat-khac","12":"first","13":"instock","14":"shipping-taxable","15":"purchasable","16":"product-type-variable"},"acf":[],"_links":{"self":[{"href":"https:\/\/b2c.fairs.vn\/en\/wp-json\/wp\/v2\/product\/11446","targetHints":{"allow":["GET"]}}],"collection":[{"href":"https:\/\/b2c.fairs.vn\/en\/wp-json\/wp\/v2\/product"}],"about":[{"href":"https:\/\/b2c.fairs.vn\/en\/wp-json\/wp\/v2\/types\/product"}],"replies":[{"embeddable":true,"href":"https:\/\/b2c.fairs.vn\/en\/wp-json\/wp\/v2\/comments?post=11446"}],"version-history":[{"count":0,"href":"https:\/\/b2c.fairs.vn\/en\/wp-json\/wp\/v2\/product\/11446\/revisions"}],"wp:featuredmedia":[{"embeddable":true,"href":"https:\/\/b2c.fairs.vn\/en\/wp-json\/wp\/v2\/media\/11453"}],"wp:attachment":[{"href":"https:\/\/b2c.fairs.vn\/en\/wp-json\/wp\/v2\/media?parent=11446"}],"wp:term":[{"taxonomy":"product_cat","embeddable":true,"href":"https:\/\/b2c.fairs.vn\/en\/wp-json\/wp\/v2\/product_cat?post=11446"},{"taxonomy":"product_tag","embeddable":true,"href":"https:\/\/b2c.fairs.vn\/en\/wp-json\/wp\/v2\/product_tag?post=11446"}],"curies":[{"name":"wp","href":"https:\/\/api.w.org\/{rel}","templated":true}]}}