{"id":11436,"date":"2024-03-28T11:57:54","date_gmt":"2024-03-28T04:57:54","guid":{"rendered":"https:\/\/b2c.fairs.vn\/?post_type=product&#038;p=11436"},"modified":"2024-04-02T15:28:19","modified_gmt":"2024-04-02T08:28:19","slug":"may-lam-nhang-tu-dong","status":"publish","type":"product","link":"https:\/\/b2c.fairs.vn\/en\/product\/may-lam-nhang-tu-dong\/","title":{"rendered":"M\u00e1y l\u00e0m nhang t\u1ef1 \u0111\u1ed9ng"},"content":{"rendered":"<p>&#8211; M\u00e1y l\u00e0m nhang t\u1ef1 \u0111\u1ed9ng (pittong 24mm, motor 1,5hp) \u0111\u01b0\u1ee3c c\u00f4ng ty H\u1ea3i Lan thi\u1ebft k\u1ebf v\u00e0 ch\u1ebf t\u1ea1o. D\u00f2ng m\u00e1y n\u00e0y chuy\u00ean l\u00e0m nhang c\u00e2y t\u1ef1 \u0111\u1ed9ng. Qu\u00fd kh\u00e1ch h\u00e0ng ch\u1ec9 c\u1ea7n b\u1ecf nguy\u00ean li\u1ec7u b\u1ed9t v\u00e0o ph\u1ec5u, t\u0103m v\u00e0o m\u00e1y g\u1eafp v\u00e0 nh\u1ea5n n\u00fat cho m\u00e1y ho\u1ea1t \u0111\u1ed9ng, qu\u00fd kh\u00e1ch h\u00e0ng ch\u1ec9 vi\u1ec7c l\u1ea5y nhang \u0111i ph\u01a1i l\u00e0 xong.<\/p>\n<p>&#8211; D\u00f2ng m\u00e1y l\u00e0m nhang t\u1ef1 \u0111\u1ed9ng\u00a0(pittong 24mm, motor 1,5hp)\u00a0n\u00e0y l\u00e0 d\u00f9ng b\u1ed9 xylanh &#8211; pittong v\u00e0 b\u1ea1c gan 24mm. Chuy\u00ean d\u00e0nh cho kh\u00e1ch h\u00e0ng l\u00e0m lo\u1ea1i l\u1edbn, lo\u1ea1i 5mm.<\/p>","protected":false},"excerpt":{"rendered":"<p>&#8211; M\u00e1y l\u00e0m nhang t\u1ef1 \u0111\u1ed9ng (pittong 24mm, motor 1,5hp) \u0111\u01b0\u1ee3c c\u00f4ng ty H\u1ea3i Lan thi\u1ebft k\u1ebf v\u00e0 ch\u1ebf t\u1ea1o.<\/p>","protected":false},"featured_media":11444,"comment_status":"open","ping_status":"closed","template":"","meta":{"_acf_changed":false},"product_cat":[366,447,446,367,348,392],"product_tag":[],"class_list":{"0":"post-11436","1":"product","2":"type-product","3":"status-publish","4":"has-post-thumbnail","6":"product_cat-hang-cnnt-cap-qg","7":"product_cat-san-pham-cnnt-tb-cap-qg-2017","8":"product_cat-san-pham-cnnt-tb-cap-qg-2019","9":"product_cat-hang-cnnt-cap-qg-2023","10":"product_cat-thiet-bi-co-khi","11":"product_cat-thiet-bi-may-moc-khac","13":"first","14":"instock","15":"shipping-taxable","16":"product-type-simple"},"acf":[],"_links":{"self":[{"href":"https:\/\/b2c.fairs.vn\/en\/wp-json\/wp\/v2\/product\/11436","targetHints":{"allow":["GET"]}}],"collection":[{"href":"https:\/\/b2c.fairs.vn\/en\/wp-json\/wp\/v2\/product"}],"about":[{"href":"https:\/\/b2c.fairs.vn\/en\/wp-json\/wp\/v2\/types\/product"}],"replies":[{"embeddable":true,"href":"https:\/\/b2c.fairs.vn\/en\/wp-json\/wp\/v2\/comments?post=11436"}],"version-history":[{"count":0,"href":"https:\/\/b2c.fairs.vn\/en\/wp-json\/wp\/v2\/product\/11436\/revisions"}],"wp:featuredmedia":[{"embeddable":true,"href":"https:\/\/b2c.fairs.vn\/en\/wp-json\/wp\/v2\/media\/11444"}],"wp:attachment":[{"href":"https:\/\/b2c.fairs.vn\/en\/wp-json\/wp\/v2\/media?parent=11436"}],"wp:term":[{"taxonomy":"product_cat","embeddable":true,"href":"https:\/\/b2c.fairs.vn\/en\/wp-json\/wp\/v2\/product_cat?post=11436"},{"taxonomy":"product_tag","embeddable":true,"href":"https:\/\/b2c.fairs.vn\/en\/wp-json\/wp\/v2\/product_tag?post=11436"}],"curies":[{"name":"wp","href":"https:\/\/api.w.org\/{rel}","templated":true}]}}