{"id":11435,"date":"2024-03-28T14:28:02","date_gmt":"2024-03-28T07:28:02","guid":{"rendered":"https:\/\/b2c.fairs.vn\/?post_type=product&#038;p=11435"},"modified":"2024-04-23T16:04:31","modified_gmt":"2024-04-23T09:04:31","slug":"nuoc-mam-khai-hoan-40-do-dam","status":"publish","type":"product","link":"https:\/\/b2c.fairs.vn\/en\/product\/nuoc-mam-khai-hoan-40-do-dam\/","title":{"rendered":"N\u01b0\u1edbc m\u1eafm Kh\u1ea3i Ho\u00e0n 40 \u0111\u1ed9 \u0111\u1ea1m"},"content":{"rendered":"<p><b>N\u01b0\u1edbc m\u1eafm Kh\u1ea3i Ho\u00e0n Ph\u00fa Qu\u1ed1c<\/b> \u0111\u01b0\u1ee3c l\u00e0m t\u1eeb c\u00e1 c\u01a1m than Ph\u00fa Qu\u1ed1c v\u00e0 mu\u1ed1i bi\u1ec3n B\u00e0 R\u1ecba V\u0169ng T\u00e0u, \u1ee7 ch\u01b0\u1ee3p ho\u00e0n to\u00e0n t\u1ef1 nhi\u00ean trong th\u00f9ng g\u1ed7 b\u1eddi l\u1eddi thi\u00ean nhi\u00ean t\u1eeb 12-15 th\u00e1ng theo ph\u01b0\u01a1ng ph\u00e1p truy\u1ec1n th\u1ed1ng, qu\u1ea3n l\u00fd ch\u1ea5t l\u01b0\u1ee3ng theo ti\u00eau chu\u1ea9n HACCP t\u1eeb kh\u00e2u \u0111\u00e1nh b\u1eaft \u0111\u1ebfn th\u00e0nh ph\u1ea9m. S\u1ea3n ph\u1ea9m c\u00f3 l\u1ecbch s\u1eed h\u00ecnh th\u00e0nh h\u01a1n 200 n\u0103m, \u0111\u01b0\u1ee3c b\u1ea3o h\u1ed9 ch\u1ec9 d\u1eabn \u0111\u1ecba l\u00fd trong n\u01b0\u1edbc v\u00e0 28 n\u01b0\u1edbc Li\u00ean Minh Ch\u00e2u \u00c2u. Quy tr\u00ecnh s\u1ea3n xu\u1ea5t theo ti\u00eau chu\u1ea9n HACCP &amp; ISO 22000.<\/p>\n<p><strong>Quy tr\u00ecnh s\u1ea3n xu\u1ea5t:<\/strong><\/p>\n<p>C\u00e1 c\u01a1m t\u01b0\u01a1i \u0111\u01b0\u1ee3c t\u00e0u \u0111\u00e1nh b\u1eaft c\u1ee7a Kh\u1ea3i Ho\u00e0n khai th\u00e1c t\u1ea1i v\u00f9ng bi\u1ec3n thu\u1ed9c V\u1ecbnh Th\u00e1i Lan \u2192 \u0111em v\u1ec1 nh\u00e0 th\u00f9ng \u1ee7 ch\u01b0\u1ee3p trong th\u00f9ng g\u1ed5 \u2192 l\u00ean men ho\u00e0n to\u00e0n t\u01b0 nhi\u00ean th\u1eddi gian t\u1eeb 12 \u0111\u1ebfn 15 th\u00e1ng \u2192 \u0111\u1ea3o trong \u2013 r\u00fat ki\u1ec7t \u2192 l\u1ea5y th\u00e0nh ph\u1ea9m \u2192 \u0111\u00f3ng chai \u2013 d\u00e1n nh\u00e3n mang th\u01b0\u01a1ng hi\u1ec7u Kh\u1ea3i Ho\u00e0n \u2192 \u0111\u1ebfn tay ng\u01b0\u1eddi ti\u00eau d\u00f9ng.<\/p>\n<p><strong>N\u01b0\u1edbc m\u1eafm Kh\u1ea3i Ho\u00e0n:<\/strong><\/p>\n<p>\u2022 \u0110\u1ed9 \u0111\u1ea1m: 40<br \/>\n\u2022 Th\u1ec3 t\u00edch: 205ml\/1 chai<br \/>\n\u2022 Quy c\u00e1ch: 1 th\u00f9ng 6 chai<\/p>\n<p><strong>Th\u00e0nh ph\u1ea7n:<\/strong><\/p>\n<p>\u2022 \u0110\u1ea1m t\u1ed5ng s\u1ed1<br \/>\n\u2022 \u0110\u1ea1m amin (acid amin)<br \/>\n\u2022 \u0110\u1ea1m amon<br \/>\n\u2022 Vitamin B1, B2, B12, PP<br \/>\n\u2022 C\u00e1 c\u01a1m &amp; mu\u1ed1i NaCl<\/p>\n<p><strong>\u00a0<\/strong><strong>H\u01b0\u1edbng\u00a0d\u1eabn s\u1eed d\u1ee5ng n\u01b0\u1edbc m\u1eafm Kh\u1ea3i Ho\u00e0n<\/strong><\/p>\n<p>\u2022 S\u1eed d\u1ee5ng nguy\u00ean ch\u1ea5t \u0111\u1ec3 ch\u1ea5m th\u1ecbt, c\u00e1, rau, \u0111\u1eadu\u2026<br \/>\n\u2022 \u01af\u1edbp, chi\u00ean, x\u00e0o, gia v\u1ecb th\u1ee9c \u0103n<br \/>\n\u2022 Khuy\u1ebfn c\u00e1o s\u1eed d\u1ee5ng trong trong v\u00f2ng 1 th\u00e1ng k\u1ec3 t\u1eeb ng\u00e0y m\u1edf n\u1eafp.<br \/>\n\u2022 Sau khi s\u1eed d\u1ee5ng ph\u1ea3i \u0111\u1eady k\u00edn.<\/p>\n<p><strong>B\u1ea3o qu\u1ea3n:<\/strong>\u00a0N\u01a1i s\u1ea1ch s\u1ebd, kh\u00f4 r\u00e1o, tho\u00e1ng m\u00e1t, tr\u00e1nh \u00e1nh n\u1eafng tr\u1ef1c ti\u1ebfp, m\u00f9i m\u1ea1nh ho\u1eb7c c\u00e1c lo\u1ea1i ho\u00e1 ch\u1ea5t.<br \/>\n<strong>H\u1ea1n s\u1eed d\u1ee5ng:<\/strong>\u00a002 n\u0103m k\u1ec3 t\u1eeb ng\u00e0y s\u1ea3n xu\u1ea5t<\/p>","protected":false},"excerpt":{"rendered":"<p>N\u01b0\u1edbc m\u1eafm Kh\u1ea3i Ho\u00e0n Ph\u00fa Qu\u1ed1c \u0111\u01b0\u1ee3c l\u00e0m t\u1eeb c\u00e1 c\u01a1m than Ph\u00fa Qu\u1ed1c v\u00e0 mu\u1ed1i bi\u1ec3n B\u00e0 R\u1ecba V\u0169ng<\/p>","protected":false},"featured_media":11568,"comment_status":"open","ping_status":"closed","template":"","meta":{"_acf_changed":false},"product_cat":[318,366,447,367,22,319],"product_tag":[],"class_list":{"0":"post-11435","1":"product","2":"type-product","3":"status-publish","4":"has-post-thumbnail","6":"product_cat-gia-vi","7":"product_cat-hang-cnnt-cap-qg","8":"product_cat-san-pham-cnnt-tb-cap-qg-2017","9":"product_cat-hang-cnnt-cap-qg-2023","10":"product_cat-sanphamthucpham","11":"product_cat-tuong-nuoc-mam-gia-vi-dang-long-khac","13":"first","14":"instock","15":"shipping-taxable","16":"purchasable","17":"product-type-variable"},"acf":[],"_links":{"self":[{"href":"https:\/\/b2c.fairs.vn\/en\/wp-json\/wp\/v2\/product\/11435","targetHints":{"allow":["GET"]}}],"collection":[{"href":"https:\/\/b2c.fairs.vn\/en\/wp-json\/wp\/v2\/product"}],"about":[{"href":"https:\/\/b2c.fairs.vn\/en\/wp-json\/wp\/v2\/types\/product"}],"replies":[{"embeddable":true,"href":"https:\/\/b2c.fairs.vn\/en\/wp-json\/wp\/v2\/comments?post=11435"}],"version-history":[{"count":0,"href":"https:\/\/b2c.fairs.vn\/en\/wp-json\/wp\/v2\/product\/11435\/revisions"}],"wp:featuredmedia":[{"embeddable":true,"href":"https:\/\/b2c.fairs.vn\/en\/wp-json\/wp\/v2\/media\/11568"}],"wp:attachment":[{"href":"https:\/\/b2c.fairs.vn\/en\/wp-json\/wp\/v2\/media?parent=11435"}],"wp:term":[{"taxonomy":"product_cat","embeddable":true,"href":"https:\/\/b2c.fairs.vn\/en\/wp-json\/wp\/v2\/product_cat?post=11435"},{"taxonomy":"product_tag","embeddable":true,"href":"https:\/\/b2c.fairs.vn\/en\/wp-json\/wp\/v2\/product_tag?post=11435"}],"curies":[{"name":"wp","href":"https:\/\/api.w.org\/{rel}","templated":true}]}}