{"id":11434,"date":"2024-03-28T11:56:51","date_gmt":"2024-03-28T04:56:51","guid":{"rendered":"https:\/\/b2c.fairs.vn\/?post_type=product&#038;p=11434"},"modified":"2024-04-19T15:48:33","modified_gmt":"2024-04-19T08:48:33","slug":"xe-rua-hung-thao","status":"publish","type":"product","link":"https:\/\/b2c.fairs.vn\/en\/product\/xe-rua-hung-thao\/","title":{"rendered":"Xe r\u00f9a H\u00f9ng Th\u1ea3o"},"content":{"rendered":"<h3>C\u00f4ng d\u1ee5ng xe r\u00f9a:<\/h3>\n<ul>\n<li>Cho m\u1ed9t ng\u01b0\u1eddi s\u1eed d\u1ee5ng \u0111\u1ec3 v\u1eadn chuy\u1ec3n th\u1ed3, ch\u1edf b\u1eb1ng tay khi l\u00e0m v\u01b0\u1eddn, ch\u1edf v\u1eadt li\u1ec7u x\u00e2y d\u1ef1ng. D\u1ec5 d\u00e0ng \u0111i\u1ec1u khi\u1ec3n lu\u1ed3n l\u00e1ch \u0111\u01b0a v\u1eadt li\u1ec7u v\u00e0o t\u1eadn ng\u00f3c ng\u00e1ch, ng\u00f5 h\u1ebbm ho\u1eb7c nh\u1eefng n\u01a1i c\u00f3 \u0111\u1ecba h\u00ecnh nh\u1ecf h\u1eb9p.<\/li>\n<li>Trong l\u00e0m v\u01b0\u1eddn xe r\u00f9a \u0111\u1ec3 ch\u1edf c\u00e2y, \u0111\u1ea5t, ph\u00e2n b\u00f3n, thu d\u1ecdn c\u1ecf r\u00e1c, thu ho\u1ea1ch qu\u1ea3 ho\u1eb7c rau m\u1ea7u\u2026<\/li>\n<li>Trong x\u00e2y d\u1ef1ng ch\u1edf c\u00e1t \u0111\u00e1, v\u00f4i, v\u1eefa, g\u1ea1ch\u2026<\/li>\n<li>Trong lao \u0111\u1ed9ng h\u00e0ng ng\u00e0y: ch\u1edf h\u00e0ng h\u00f3a, v\u1eadn chuy\u1ec3n c\u00e1c \u0111\u1ed3 v\u1eadt khi d\u1ecdn nh\u00e0\u2026<\/li>\n<li>T\u00ednh linh ho\u1ea1t: Kh\u00f4ng ch\u1ec9 trong x\u00e2y d\u1ef1ng, xe r\u00f9a th\u00f4ng d\u1ee5ng \u1edf kh\u1eafp m\u1ecdi n\u01a1i, s\u1eed d\u1ee5ng trong n\u00f4ng nghi\u1ec7p, c\u00f4ng nghi\u1ec7p \u0111\u1ec3 \u0111\u1ea9y h\u00e0ng h\u00f3a\u2026<\/li>\n<li>T\u00ednh th\u00e2n thi\u1ec7n: th\u00e2n thi\u1ec7n, d\u1ec5 s\u1eed d\u1ee5ng cho h\u1ea7u h\u1ebft m\u1ecdi ng\u01b0\u1eddi.<\/li>\n<li>\u0110\u1ed9 an to\u00e0n cao: v\u1edbi c\u00e1c c\u1ea1nh c\u1ee7a m\u00e9p l\u00e0 \u0111\u01b0\u1ee3c bo tr\u00f2n, v\u00e1t cong r\u1ea5t an to\u00e0n, kh\u00f4ng g\u00e2y th\u01b0\u01a1ng t\u00edch.<\/li>\n<li>\u0110\u1ed9 b\u1ec1n cao: r\u00f9a xe \u0111\u01b0\u1ee3c l\u00e0m t\u1eeb v\u1eadt li\u1ec7u kh\u00f4ng g\u1ec9.<\/li>\n<li>Ti\u1ebft ki\u1ec7m: Gi\u00e1 xe r\u00f9a hi\u1ec7n \u0111ang \u0111\u01b0\u1ee3c b\u00e1n \u1edf m\u1ee9c gi\u00e1 r\u1ea5t c\u1ea1nh tranh tr\u00ean th\u1ecb tr\u01b0\u1eddng, gi\u00fap ng\u01b0\u1eddi ti\u00eau d\u00f9ng thu\u1eadn l\u1ee3i l\u1ef1a ch\u1ecdn v\u00e0 mua.<\/li>\n<\/ul>\n<h3>C\u00e1ch s\u1eed d\u1ee5ng:<\/h3>\n<ul>\n<li>Ch\u1ec9 c\u1ea7n cho v\u1eadt li\u1ec7u l\u00ean m\u00e1ng \u0111\u1ec3 c\u00e2n b\u1eb1ng, n\u1eafm l\u1ea5y hai tay c\u1ea7m d\u00f9ng l\u1ef1c \u0111\u1ea9y v\u1ec1 ph\u00eda tr\u01b0\u1edbc.<\/li>\n<li>Khi s\u1eed d\u1ee5ng xe r\u00f9a b\u1ea1n c\u1ea7n ch\u00fa \u00fd \u0111\u1ec3 v\u1eadt li\u1ec7u c\u1ea9n th\u1eadn g\u1ecdn g\u00e0ng tr\u00e1nh l\u00e0m r\u01a1i v\u00e0o ch\u00e2n khi di chuy\u1ec3n.<\/li>\n<\/ul>\n<h3>L\u01b0u \u00fd khi s\u1eed d\u1ee5ng xe r\u00f9a:<\/h3>\n<ul>\n<li>Khi chuy\u00ean ch\u1edf nh\u1eefng s\u1ea3n ph\u1ea9m c\u1ed3ng k\u1ec1nh n\u00ean ch\u1eb1ng s\u1ea3n ph\u1ea9m b\u1eb1ng d\u00e2y, tr\u00e1nh tr\u01b0\u1eddng h\u1ee3p s\u01a1 \u00fd l\u00e0m r\u01a1i.<\/li>\n<\/ul>","protected":false},"excerpt":{"rendered":"<p>C\u00f4ng d\u1ee5ng xe r\u00f9a: Cho m\u1ed9t ng\u01b0\u1eddi s\u1eed d\u1ee5ng \u0111\u1ec3 v\u1eadn chuy\u1ec3n th\u1ed3, ch\u1edf b\u1eb1ng tay khi l\u00e0m v\u01b0\u1eddn, ch\u1edf<\/p>","protected":false},"featured_media":11437,"comment_status":"open","ping_status":"closed","template":"","meta":{"_acf_changed":false},"product_cat":[366,398,348,392],"product_tag":[],"class_list":{"0":"post-11434","1":"product","2":"type-product","3":"status-publish","4":"has-post-thumbnail","6":"product_cat-hang-cnnt-cap-qg","7":"product_cat-san-pham-cnnt-tb-cap-qg-2021","8":"product_cat-thiet-bi-co-khi","9":"product_cat-thiet-bi-may-moc-khac","11":"first","12":"instock","13":"shipping-taxable","14":"product-type-simple"},"acf":[],"_links":{"self":[{"href":"https:\/\/b2c.fairs.vn\/en\/wp-json\/wp\/v2\/product\/11434","targetHints":{"allow":["GET"]}}],"collection":[{"href":"https:\/\/b2c.fairs.vn\/en\/wp-json\/wp\/v2\/product"}],"about":[{"href":"https:\/\/b2c.fairs.vn\/en\/wp-json\/wp\/v2\/types\/product"}],"replies":[{"embeddable":true,"href":"https:\/\/b2c.fairs.vn\/en\/wp-json\/wp\/v2\/comments?post=11434"}],"version-history":[{"count":0,"href":"https:\/\/b2c.fairs.vn\/en\/wp-json\/wp\/v2\/product\/11434\/revisions"}],"wp:featuredmedia":[{"embeddable":true,"href":"https:\/\/b2c.fairs.vn\/en\/wp-json\/wp\/v2\/media\/11437"}],"wp:attachment":[{"href":"https:\/\/b2c.fairs.vn\/en\/wp-json\/wp\/v2\/media?parent=11434"}],"wp:term":[{"taxonomy":"product_cat","embeddable":true,"href":"https:\/\/b2c.fairs.vn\/en\/wp-json\/wp\/v2\/product_cat?post=11434"},{"taxonomy":"product_tag","embeddable":true,"href":"https:\/\/b2c.fairs.vn\/en\/wp-json\/wp\/v2\/product_tag?post=11434"}],"curies":[{"name":"wp","href":"https:\/\/api.w.org\/{rel}","templated":true}]}}