{"id":11411,"date":"2024-03-28T11:46:13","date_gmt":"2024-03-28T04:46:13","guid":{"rendered":"https:\/\/b2c.fairs.vn\/?post_type=product&#038;p=11411"},"modified":"2024-03-28T11:58:37","modified_gmt":"2024-03-28T04:58:37","slug":"tra-moc-cau-ngon-tra-thai-nguyen-thanh-hai-tra","status":"publish","type":"product","link":"https:\/\/b2c.fairs.vn\/en\/product\/tra-moc-cau-ngon-tra-thai-nguyen-thanh-hai-tra\/","title":{"rendered":"Tr\u00e0 M\u00f3c C\u00e2u Ngon &#8211; Tr\u00e0 Th\u00e1i Nguy\u00ean &#8211; Thanh H\u1ea3i Tr\u00e0"},"content":{"rendered":"<div class=\"tab-content-detail\">\n<div class=\"tab-content\">\n<div id=\"tab-ct-dt-1\" class=\"tab-content-item active\">\n<p><strong>\u00a0Tr\u00e0 M\u00f3c C\u00e2u Ngon \u2013 Th\u00e1i Nguy\u00ean Tr\u00e0 &#8211; Thanh H\u1ea3i Tr\u00e0<\/strong><\/p>\n<p><strong>C\u00f4ng d\u1ee5ng tr\u00e0 xanh Th\u00e1i Nguy\u00ean:<\/strong><\/p>\n<ol>\n<li><strong>Ch\u1ed1ng l\u00e3o h\u00f3a v\u00e0 ng\u0103n ng\u1eeba ung th\u01b0:<\/strong>Th\u00e0nh ph\u1ea7n ch\u1ed1ng oxy h\u00f3a (polyphenol) trong tr\u00e0 hi\u1ec7u l\u1ef1c h\u01a1n g\u1ea5p 18 l\u1ea7n so v\u1edbi vitamin C v\u00e0 vitamin E, c\u00f3 th\u1ec3 gi\u00fap b\u1ea3o v\u1ec7 c\u00e1c t\u1ebf b\u00e0o kh\u00f4ng b\u1ecb ph\u00e1 h\u1ee7y b\u1edfi b\u1ec7nh ung th\u01b0.<\/li>\n<li><strong>Ng\u0103n ng\u1eeba b\u1ec7nh tim m\u1ea1ch:<\/strong>Theo c\u00e1c nh\u00e0 khoa h\u1ecdc Anh tr\u00e0 kh\u00f4ng ch\u1ec9 b\u1ed5 sung n\u01b0\u1edbc m\u00e0 c\u00f2n ng\u0103n ng\u1eeba b\u1ec7nh tim. U\u1ed1ng tr\u00e0 m\u1ed7i ng\u00e0y c\u00f3 th\u1ec3 l\u00e0m gi\u1ea3m 11% nguy c\u01a1 m\u1eafc b\u1ec7nh tim.<\/li>\n<li><strong>Gi\u1ea3m stress hi\u1ec7u qu\u1ea3:<\/strong>C\u00e1c axit amin trong tr\u00e0 c\u00f3 th\u1ec3 th\u00fac \u0111\u1ea9y b\u00e0i ti\u1ebft dopamine, v\u00e0 dopamine l\u00e0 ch\u1ea5t chi ph\u1ed1i c\u1ea3m x\u00fac, ni\u1ec1m vui c\u00f3 th\u1ec3 l\u00e0m cho t\u00e2m tr\u1ea1ng ph\u1ea5n ch\u1ea5n sau khi u\u1ed1ng.<\/li>\n<li><strong>H\u1ed7 tr\u1ee3 gi\u1ea3m c\u00e2n:<\/strong>Trong tr\u00e0 c\u00f3 ch\u1ee9a Cafein v\u00e0 ch\u1ea5t Tanin c\u00f3 t\u00e1c d\u1ee5ng r\u1ea5t t\u1ed1t v\u1edbi vi\u1ec7c \u0111\u00e0o th\u1ea3i ch\u1ea5t m\u1ee1 v\u00e0 c\u00e1c \u0111\u1ed9c t\u1ed1 v\u00ec v\u1eady u\u1ed1ng ch\u00e8 th\u01b0\u1eddng xuy\u00ean s\u1ebd gi\u00fap b\u1ea1n gi\u1ea3m c\u00e2n hi\u1ec7u qu\u1ea3 m\u00e0 v\u1eabn kh\u1ecfe \u0111\u1eb9p.<\/li>\n<li><strong>Gi\u1ea3m \u0111\u00e1ng k\u1ec3 tri\u1ec7u ch\u1ee9ng ti\u1ec3u \u0111\u01b0\u1eddng:<\/strong>Nghi\u00ean c\u1ee9u t\u1ea1i \u0110\u1ea1i h\u1ecdc Y D\u01b0\u1ee3c Toyama Nh\u1eadt B\u1ea3n ph\u00e1t hi\u1ec7n: 1.300 b\u1ec7nh nh\u00e2n ti\u1ec3u \u0111\u01b0\u1eddng u\u1ed1ng tr\u00e0 pha v\u1edbi n\u01b0\u1edbc \u0111un s\u00f4i \u0111\u1ec3 ngu\u1ed9i, qua th\u1eddi gian 6 th\u00e1ng cho th\u1ea5y 82% s\u1ed1 b\u1ec7nh nh\u00e2n ti\u1ec3u \u0111\u01b0\u1eddng \u0111\u00e3 gi\u1ea3m \u0111\u01b0\u1ee3c \u0111\u00e1ng k\u1ec3 c\u00e1c tri\u1ec7u ch\u1ee9ng, kho\u1ea3ng 9% b\u1ec7nh nh\u00e2n ti\u1ec3u \u0111\u01b0\u1eddng ph\u1ee5c h\u1ed3i tr\u1edf l\u1ea1i b\u00ecnh th\u01b0\u1eddng l\u01b0\u1ee3ng \u0111\u01b0\u1eddng trong m\u00e1u.<\/li>\n<\/ol>\n<p><strong>H\u01b0\u1edbng d\u1eabn pha tr\u00e0:<\/strong><\/p>\n<ol>\n<li>Ch\u1ecdn n\u01b0\u1edbc pha tr\u00e0: N\u01b0\u1edbc pha tr\u00e0 s\u1eed d\u1ee5ng n\u01b0\u1edbc su\u1ed1i ngu\u1ed3n ho\u1eb7c n\u01b0\u1edbc gi\u1ebfng kh\u01a1i l\u00e0 ngon nh\u1ea5t. Ho\u1eb7c c\u00f3 th\u1ec3 d\u00f9ng n\u01b0\u1edbc l\u1ecdc m\u00e1y \u0111\u1ec3 pha. Kh\u00f4ng n\u00ean s\u1eed d\u1ee5ng n\u01b0\u1edbc m\u00e1y ho\u1eb7c n\u01b0\u1edbc kho\u00e1ng v\u00ec s\u1ebd l\u00e0m thay \u0111\u1ed5i m\u00e0u s\u1eafc, m\u00f9i v\u1ecb c\u1ee7a n\u01b0\u1edbc tr\u00e0<\/li>\n<li>\u1ea4m pha tr\u00e0: Hi\u1ec7n nay tr\u00ean th\u1ecb tr\u01b0\u1eddng r\u1ea5t \u0111\u00e3 d\u1ea1ng c\u00e1c lo\u1ea1i \u1ea5m pha tr\u00e0. \u0110\u1ed1i v\u1edbi \u0111\u1eb7c s\u1ea3n ch\u00e8 Th\u00e1i Nguy\u00ean \u0111i\u1ec3n h\u00ecnh l\u00e0 ch\u00e8 b\u00fap non La B\u1eb1ng, b\u1ea1n n\u00ean ch\u1ecdn d\u00f9ng c\u00e1c lo\u1ea1i \u1ea5m t\u1eed sa, \u1ea5m g\u1ed1m. Trong tr\u01b0\u1eddng h\u1ee3p kh\u00f4ng c\u00f3 hai lo\u1ea1i \u1ea5m n\u00e0y th\u00ec b\u00ean n\u00ean ch\u1ecdn \u1ea5m s\u1ee9, tuy\u1ec7t \u0111\u1ed1i kh\u00f4ng n\u00ean d\u00f9ng \u1ea5m s\u1eaft \u0111\u1ec3 pha tr\u00e0.<\/li>\n<li>Tr\u00e1ng tr\u00e0: Tr\u00e1ng b\u1eb1ng n\u01b0\u1edbc \u0111un s\u00f4i cho n\u00f3ng \u1ea5m, sau \u0111\u00f3 th\u1ea3 m\u1ed9t l\u01b0\u1ee3ng tr\u00e0 v\u1eeba \u0111\u1ee7 v\u00e0o \u1ea5m (\u0111\u1ed1i \u1ea9m cho kho\u1ea3ng 10g tr\u00e0, tam \u1ea9m cho kho\u1ea3ng 15g tr\u00e0\u2026). Sau 3 gi\u00e2y \u0111\u1ed5 n\u01b0\u1edbc tr\u00e1ng tr\u00e0 \u0111i. D\u00f9ng n\u01b0\u1edbc n\u00e0y \u0111\u1ec3 l\u00e0m n\u00f3ng c\u00e1c ch\u00e9n tr\u00e0. Vi\u1ec7c l\u00e0m n\u00e0y gi\u00fap b\u1ea1n lo\u1ea1i b\u1ecf m\u1ed9t s\u1ed1 c\u00e1c b\u1ee5i ph\u1ea5n tr\u00e0 (c\u00f3 v\u1ecb ng\u00e1i) \u0111\u1ed3ng th\u1eddi l\u00e0m n\u00f3ng tr\u00e0 v\u00e0 n\u1edf c\u00e1nh tr\u00e0.<\/li>\n<li>Ch\u1ebf n\u01b0\u1edbc s\u00f4i v\u00e0o \u1ea5m:\u0110\u1ea7u ti\u00ean ch\u1ebf m\u1ed9t l\u01b0\u1ee3ng n\u01b0\u1edbc s\u00f4i kho\u1ea3ng 80 \u2013 90 \u0111\u1ed9 C v\u1eeba \u0111\u1ee7 v\u00e0o \u1ea5m. H\u00e3m 3 ph\u00fat, sau \u0111\u00f3 \u0111\u1ed5 h\u1ebft n\u01b0\u1edbc tr\u00e0 ra ch\u00e9n t\u1ed1ng ho\u1eb7c chia \u0111\u1ec1u ra c\u00e1c ch\u00e9n qu\u00e2n. L\u01b0u \u00fd: B\u1ea1n kh\u00f4ng n\u00ean \u0111\u1ec3 l\u1ea1i n\u01b0\u1edbc nhi\u1ec1u trong \u1ea5m v\u00ec ng\u00e2m tr\u00e0 b\u00fap non trong n\u01b0\u1edbc s\u00f4i l\u00e2u s\u1ebd l\u00e0m m\u1ea5t h\u01b0\u01a1ng v\u1ecb v\u00e0 m\u00e0u n\u01b0\u1edbc. T\u1edbi n\u01b0\u1edbc sau, b\u1ea1n n\u00ean \u0111\u1ee3i \u0111\u1ebfn khi n\u00e0o g\u1ea7n th\u01b0\u1edfng h\u1ebft ch\u00e9n \u0111\u1ea7u th\u00ec h\u00e3y ch\u1ebf th\u00eam n\u01b0\u1edbc s\u00f4i, \u0111\u1ee3i th\u00eam kho\u1ea3ng 1 ph\u00fat l\u00e0 r\u00f3t ra ngay.<\/li>\n<li>Ngay sau khi chia n\u01b0\u1edbc tr\u00e0 ra c\u00e1c ch\u00e9n, b\u1ea1n \u0111\u01b0a ch\u00e9n tr\u00e0 l\u1ea1i g\u1ea7n m\u0169i \u0111\u1ec3 th\u01b0\u1edfng th\u1ee9c th\u00eam m\u1ed9t l\u1ea7n n\u1eefa h\u01b0\u01a1ng t\u1ef1 nhi\u00ean c\u1ee7a tr\u00e0 sau \u0111\u00f3 t\u1eeb t\u1eeb th\u01b0\u1edfng tr\u00e0 b\u00ean nh\u1eefng c\u00e2u chuy\u1ec7n h\u00e0n huy\u00ean, tri k\u1ef7.<\/li>\n<li>Tr\u00e0 La B\u1eb1ng c\u00f3 s\u1ef1 kh\u00e1c bi\u1ec7t so v\u1edbi v\u00f9ng tr\u00e0 kh\u00e1c, b\u1ea1n c\u00f3 th\u1ec3 s\u1eed d\u1ee5ng \u0111\u01b0\u1ee3c 4 l\u1ea7n ch\u1ebf n\u01b0\u1edbc m\u00e0 kh\u00f4ng b\u1ecb m\u1ea5t v\u1ecb v\u00e0 h\u01b0\u01a1ng tr\u00e0.<\/li>\n<\/ol>\n<p><strong>H\u01b0\u1edbng d\u1eabn b\u1ea3o qu\u1ea3n<\/strong><\/p>\n<ol>\n<li>Bu\u1ed9c ch\u1eb7t g\u00f3i tr\u00e0 sau khi s\u1eed d\u1ee5ng.<\/li>\n<li>B\u1ea3o qu\u1ea3n n\u01a1i kh\u00f4 r\u00e1o tho\u00e1ng m\u00e1t, tr\u00e1nh \u00e1nh s\u00e1ng tr\u1ef1c ti\u1ebfp, tr\u00e1nh n\u01a1i \u1ea9m m\u1ed1c.<\/li>\n<li>C\u00f3 th\u1ec3 b\u1ea3o qu\u1ea3n trong h\u1ed9p thi\u1ebfc k\u00edn ho\u1eb7c h\u1ed9p th\u1ee7y tinh \u0111\u1ee5c.<\/li>\n<li>Tr\u00e0 kh\u00f4 b\u1ea3o qu\u1ea3n \u0111\u01b0\u1ee3c l\u00e2u d\u00e0i trong ng\u0103n m\u00e1t t\u1ee7 l\u1ea1nh. C\u00f3 th\u1ec3 gi\u1eef \u0111\u01b0\u1ee3c m\u00f9i th\u01a1m v\u00e0 ch\u1ea5t l\u01b0\u1ee3ng tr\u00e0 r\u1ea5t l\u00e2u.<\/li>\n<li>H\u1ea1n d\u00f9ng 01 n\u0103m k\u1ec3 t\u1eeb ng\u00e0y s\u1ea3n xu\u1ea5t.<\/li>\n<\/ol>\n<\/div>\n<\/div>\n<\/div>","protected":false},"excerpt":{"rendered":"<p>\u00a0Tr\u00e0 M\u00f3c C\u00e2u Ngon \u2013 Th\u00e1i Nguy\u00ean Tr\u00e0 &#8211; Thanh H\u1ea3i Tr\u00e0 C\u00f4ng d\u1ee5ng tr\u00e0 xanh Th\u00e1i Nguy\u00ean: Ch\u1ed1ng l\u00e3o<\/p>","protected":false},"featured_media":11418,"comment_status":"open","ping_status":"closed","template":"","meta":{"_acf_changed":false},"product_cat":[321,322,22],"product_tag":[],"class_list":{"0":"post-11411","1":"product","2":"type-product","3":"status-publish","4":"has-post-thumbnail","6":"product_cat-che","7":"product_cat-che-tuoi-che-bien","8":"product_cat-sanphamthucpham","10":"first","11":"instock","12":"sale","13":"shipping-taxable","14":"purchasable","15":"product-type-simple"},"acf":[],"_links":{"self":[{"href":"https:\/\/b2c.fairs.vn\/en\/wp-json\/wp\/v2\/product\/11411","targetHints":{"allow":["GET"]}}],"collection":[{"href":"https:\/\/b2c.fairs.vn\/en\/wp-json\/wp\/v2\/product"}],"about":[{"href":"https:\/\/b2c.fairs.vn\/en\/wp-json\/wp\/v2\/types\/product"}],"replies":[{"embeddable":true,"href":"https:\/\/b2c.fairs.vn\/en\/wp-json\/wp\/v2\/comments?post=11411"}],"version-history":[{"count":0,"href":"https:\/\/b2c.fairs.vn\/en\/wp-json\/wp\/v2\/product\/11411\/revisions"}],"wp:featuredmedia":[{"embeddable":true,"href":"https:\/\/b2c.fairs.vn\/en\/wp-json\/wp\/v2\/media\/11418"}],"wp:attachment":[{"href":"https:\/\/b2c.fairs.vn\/en\/wp-json\/wp\/v2\/media?parent=11411"}],"wp:term":[{"taxonomy":"product_cat","embeddable":true,"href":"https:\/\/b2c.fairs.vn\/en\/wp-json\/wp\/v2\/product_cat?post=11411"},{"taxonomy":"product_tag","embeddable":true,"href":"https:\/\/b2c.fairs.vn\/en\/wp-json\/wp\/v2\/product_tag?post=11411"}],"curies":[{"name":"wp","href":"https:\/\/api.w.org\/{rel}","templated":true}]}}