{"id":11394,"date":"2024-03-28T11:37:00","date_gmt":"2024-03-28T04:37:00","guid":{"rendered":"https:\/\/b2c.fairs.vn\/?post_type=product&#038;p=11394"},"modified":"2024-04-23T13:52:46","modified_gmt":"2024-04-23T06:52:46","slug":"banh-trang-tom","status":"publish","type":"product","link":"https:\/\/b2c.fairs.vn\/en\/product\/banh-trang-tom\/","title":{"rendered":"B\u00e1nh tr\u00e1ng t\u00f4m"},"content":{"rendered":"","protected":false},"excerpt":{"rendered":"","protected":false},"featured_media":11395,"comment_status":"open","ping_status":"closed","template":"","meta":{"_acf_changed":false},"product_cat":[315,366,398,367,22,313],"product_tag":[],"class_list":{"0":"post-11394","1":"product","2":"type-product","3":"status-publish","4":"has-post-thumbnail","6":"product_cat-che-bien-tu-gao-ngu-coc","7":"product_cat-hang-cnnt-cap-qg","8":"product_cat-san-pham-cnnt-tb-cap-qg-2021","9":"product_cat-hang-cnnt-cap-qg-2023","10":"product_cat-sanphamthucpham","11":"product_cat-thuc-pham-che-bien","13":"first","14":"instock","15":"shipping-taxable","16":"purchasable","17":"product-type-simple"},"acf":[],"_links":{"self":[{"href":"https:\/\/b2c.fairs.vn\/en\/wp-json\/wp\/v2\/product\/11394","targetHints":{"allow":["GET"]}}],"collection":[{"href":"https:\/\/b2c.fairs.vn\/en\/wp-json\/wp\/v2\/product"}],"about":[{"href":"https:\/\/b2c.fairs.vn\/en\/wp-json\/wp\/v2\/types\/product"}],"replies":[{"embeddable":true,"href":"https:\/\/b2c.fairs.vn\/en\/wp-json\/wp\/v2\/comments?post=11394"}],"version-history":[{"count":0,"href":"https:\/\/b2c.fairs.vn\/en\/wp-json\/wp\/v2\/product\/11394\/revisions"}],"wp:featuredmedia":[{"embeddable":true,"href":"https:\/\/b2c.fairs.vn\/en\/wp-json\/wp\/v2\/media\/11395"}],"wp:attachment":[{"href":"https:\/\/b2c.fairs.vn\/en\/wp-json\/wp\/v2\/media?parent=11394"}],"wp:term":[{"taxonomy":"product_cat","embeddable":true,"href":"https:\/\/b2c.fairs.vn\/en\/wp-json\/wp\/v2\/product_cat?post=11394"},{"taxonomy":"product_tag","embeddable":true,"href":"https:\/\/b2c.fairs.vn\/en\/wp-json\/wp\/v2\/product_tag?post=11394"}],"curies":[{"name":"wp","href":"https:\/\/api.w.org\/{rel}","templated":true}]}}