{"id":11350,"date":"2024-03-28T11:06:49","date_gmt":"2024-03-28T04:06:49","guid":{"rendered":"https:\/\/b2c.fairs.vn\/?post_type=product&#038;p=11350"},"modified":"2024-03-28T11:06:50","modified_gmt":"2024-03-28T04:06:50","slug":"bot-5-thu-dau","status":"publish","type":"product","link":"https:\/\/b2c.fairs.vn\/en\/product\/bot-5-thu-dau\/","title":{"rendered":"B\u1ed9t 5 th\u1ee9 \u0111\u1eadu"},"content":{"rendered":"<div class=\"row\">\n<div class=\"col-sm-6\">\n<div class=\"intro\">\n<p><strong>H\u01b0\u1edbng d\u1eabn s\u1eed d\u1ee5ng<\/strong><\/p>\n<p><strong>+ D\u00f9ng n\u00f3ng:<\/strong>\u00a0pha 1 g\u00f3i b\u1ed9t 5 th\u1ee9 \u0111\u1eadu (35 g) v\u1edbi 120 ml n\u01b0\u1edbc ch\u00edn \u1ea5m, khu\u1ea5y \u0111\u1ec1u v\u00e0 th\u01b0\u1edfng th\u1ee9c.<\/p>\n<p><strong>+ D\u00f9ng l\u1ea1nh:<\/strong>\u00a0pha 1 g\u00f3i b\u1ed9t 5 th\u1ee9 \u0111\u1eadu (35 g) v\u1edbi 60 ml n\u01b0\u1edbc tinh khi\u1ebft, khu\u1ea5y \u0111\u1ec1u, th\u00eam \u0111\u00e1 v\u00e0 th\u01b0\u1edfng th\u1ee9c.<\/p>\n<\/div>\n<\/div>\n<\/div>\n<div class=\"row\">\n<div class=\"col-sm-8\">\n<div class=\"fulltext\">\n<p>B\u1ed9t 5 th\u1ee9 \u0111\u1eadu Nguy\u00ean H\u1eadu v\u1edbi th\u00e0nh ph\u1ea7n ho\u00e0n to\u00e0n t\u1ef1 nhi\u00ean nh\u01b0 m\u00e8 \u0111en v\u00e0 h\u1ea1t sen r\u1ea5t t\u1ed1t cho s\u1ee9c kh\u1ecfe m\u1ecdi ng\u01b0\u1eddi \u1edf m\u1ecdi \u0111\u1ed9 tu\u1ed5i, v\u1edbi t\u1eebng g\u00f3i nh\u1ecf 35 g v\u1eeba \u0111\u1ee7 cho m\u1ed7i l\u1ea7n u\u1ed1ng, c\u00f3 th\u1ec3 d\u00f9ng h\u00e0ng ng\u00e0y.<\/p>\n<p>D\u1ec5 pha ch\u1ebf, nhanh g\u1ecdn, ti\u1ec7n d\u1ee5ng c\u00f3 th\u1ec3 d\u00f9ng m\u1ecdi l\u00fac, m\u1ecdi n\u01a1i n\u00ean r\u1ea5t ph\u00f9 h\u1ee3p v\u1edbi cu\u1ed9c s\u1ed1ng b\u1eadn r\u1ed9n nh\u01b0ng v\u1eabn \u0111\u1ea3m b\u1ea3o cung c\u1ea5p \u0111\u1ea7y \u0111\u1ee7 d\u01b0\u1ee1ng ch\u1ea5t cho c\u01a1 th\u1ec3.<\/p>\n<p>S\u1ea3n ph\u1ea9m \u0111\u01b0\u1ee3c s\u1ea3n xu\u1ea5t v\u1edbi qui tr\u00ecnh c\u00f4ng ngh\u1ec7 hi\u1ec7n \u0111\u1ea1i, thi\u1ebft b\u1ecb kh\u00e9p k\u00edn, qu\u1ea3n l\u00fd ch\u1ea5t l\u01b0\u1ee3ng nghi\u00eam ng\u1eb7t, ki\u1ec3m duy\u1ec7t ch\u1eb7t ch\u1ebd t\u1eeb nguy\u00ean li\u1ec7u cho \u0111\u1ebfn th\u00e0nh ph\u1ea9m nh\u1eb1m \u0111\u1ea3m b\u1ea3o s\u1ef1 an to\u00e0n &#8211; b\u1ed5 d\u01b0\u1ee1ng cho s\u1ee9c kh\u1ecfe.<\/p>\n<p>\u0110\u1eb7c bi\u1ec7t, b\u1ed9t 5 th\u1ee9 \u0111\u1eadu Nguy\u00ean H\u1eadu \u0111\u01b0\u1ee3c pha ch\u1ebf v\u1edbi c\u00f4ng th\u1ee9c t\u1ed1i \u01b0u d\u1ef1a tr\u00ean s\u1ef1 c\u00e2n b\u1eb1ng c\u1ee7a c\u00e1c th\u00e0nh ph\u1ea7n d\u01b0\u1ee1ng ch\u1ea5t, gi\u00fap c\u01a1 th\u1ec3 d\u1ec5 h\u1ea5p thu, nh\u1ea5t l\u00e0 tr\u1ebb em v\u00e0 ng\u01b0\u1eddi gi\u00e0.<\/p>\n<p><strong>M\u1ed9t ly b\u1ed9t 5 th\u1ee9 \u0111\u1eadu v\u00e0o bu\u1ed5i s\u00e1ng cung c\u1ea5p n\u0103ng l\u01b0\u1ee3ng ho\u1ea1t \u0111\u1ed9ng s\u00e1ng t\u1ea1o cho b\u1ea1n c\u1ea3 ng\u00e0y.<\/strong><\/p>\n<\/div>\n<\/div>\n<\/div>","protected":false},"excerpt":{"rendered":"<div class=\"row\">\n<div class=\"col-sm-6\">\n<div class=\"intro\">\n<p><strong>H\u01b0\u1edbng d\u1eabn s\u1eed d\u1ee5ng<\/strong><\/p>\n<p><strong>+ D\u00f9ng n\u00f3ng:<\/strong>\u00a0pha 1 g\u00f3i b\u1ed9t 5 th\u1ee9 \u0111\u1eadu (35 g) v\u1edbi 120 ml n\u01b0\u1edbc ch\u00edn \u1ea5m, khu\u1ea5y \u0111\u1ec1u v\u00e0 th\u01b0\u1edfng th\u1ee9c.<\/p>\n<p><strong>+ D\u00f9ng l\u1ea1nh:<\/strong>\u00a0pha 1 g\u00f3i b\u1ed9t 5 th\u1ee9 \u0111\u1eadu (35 g) v\u1edbi 60 ml n\u01b0\u1edbc tinh khi\u1ebft, khu\u1ea5y \u0111\u1ec1u, th\u00eam \u0111\u00e1 v\u00e0 th\u01b0\u1edfng th\u1ee9c.<\/p>\n<\/div>\n<\/div>\n<\/div>\n<div class=\"row\">\n<div class=\"col-sm-8\">\n<div class=\"fulltext\">\n<p>B\u1ed9t 5 th\u1ee9 \u0111\u1eadu Nguy\u00ean H\u1eadu v\u1edbi th\u00e0nh ph\u1ea7n ho\u00e0n to\u00e0n t\u1ef1 nhi\u00ean nh\u01b0 m\u00e8 \u0111en v\u00e0 h\u1ea1t sen r\u1ea5t t\u1ed1t cho s\u1ee9c kh\u1ecfe m\u1ecdi ng\u01b0\u1eddi \u1edf m\u1ecdi \u0111\u1ed9 tu\u1ed5i, v\u1edbi t\u1eebng g\u00f3i nh\u1ecf 35 g v\u1eeba \u0111\u1ee7 cho m\u1ed7i l\u1ea7n u\u1ed1ng, c\u00f3 th\u1ec3 d\u00f9ng h\u00e0ng ng\u00e0y.<\/p>\n<p>D\u1ec5 pha ch\u1ebf, nhanh g\u1ecdn, ti\u1ec7n d\u1ee5ng c\u00f3 th\u1ec3 d\u00f9ng m\u1ecdi l\u00fac, m\u1ecdi n\u01a1i n\u00ean r\u1ea5t ph\u00f9 h\u1ee3p v\u1edbi cu\u1ed9c s\u1ed1ng b\u1eadn r\u1ed9n nh\u01b0ng v\u1eabn \u0111\u1ea3m b\u1ea3o cung c\u1ea5p \u0111\u1ea7y \u0111\u1ee7 d\u01b0\u1ee1ng ch\u1ea5t cho c\u01a1 th\u1ec3.<\/p>\n<p>S\u1ea3n ph\u1ea9m \u0111\u01b0\u1ee3c s\u1ea3n xu\u1ea5t v\u1edbi qui tr\u00ecnh c\u00f4ng ngh\u1ec7 hi\u1ec7n \u0111\u1ea1i, thi\u1ebft b\u1ecb kh\u00e9p k\u00edn, qu\u1ea3n l\u00fd ch\u1ea5t l\u01b0\u1ee3ng nghi\u00eam ng\u1eb7t, ki\u1ec3m duy\u1ec7t ch\u1eb7t ch\u1ebd t\u1eeb nguy\u00ean li\u1ec7u cho \u0111\u1ebfn th\u00e0nh ph\u1ea9m nh\u1eb1m \u0111\u1ea3m b\u1ea3o s\u1ef1 an to\u00e0n &#8211; b\u1ed5 d\u01b0\u1ee1ng cho s\u1ee9c kh\u1ecfe.<\/p>\n<p>\u0110\u1eb7c bi\u1ec7t, b\u1ed9t 5 th\u1ee9 \u0111\u1eadu Nguy\u00ean H\u1eadu \u0111\u01b0\u1ee3c pha ch\u1ebf v\u1edbi c\u00f4ng th\u1ee9c t\u1ed1i \u01b0u d\u1ef1a tr\u00ean s\u1ef1 c\u00e2n b\u1eb1ng c\u1ee7a c\u00e1c th\u00e0nh ph\u1ea7n d\u01b0\u1ee1ng ch\u1ea5t, gi\u00fap c\u01a1 th\u1ec3 d\u1ec5 h\u1ea5p thu, nh\u1ea5t l\u00e0 tr\u1ebb em v\u00e0 ng\u01b0\u1eddi gi\u00e0.<\/p>\n<p><strong>M\u1ed9t ly b\u1ed9t 5 th\u1ee9 \u0111\u1eadu v\u00e0o bu\u1ed5i s\u00e1ng cung c\u1ea5p n\u0103ng l\u01b0\u1ee3ng ho\u1ea1t \u0111\u1ed9ng s\u00e1ng t\u1ea1o cho b\u1ea1n c\u1ea3 ng\u00e0y.<\/strong><\/p>\n<\/div>\n<\/div>\n<\/div>","protected":false},"featured_media":11354,"comment_status":"open","ping_status":"closed","template":"","meta":{"_acf_changed":false},"product_cat":[311,22,310],"product_tag":[],"class_list":{"0":"post-11350","1":"product","2":"type-product","3":"status-publish","4":"has-post-thumbnail","6":"product_cat-gao-ngu-coc-hat-so-che-khac","7":"product_cat-sanphamthucpham","8":"product_cat-thuc-pham-tho-so-che","10":"first","11":"instock","12":"shipping-taxable","13":"product-type-simple"},"acf":[],"_links":{"self":[{"href":"https:\/\/b2c.fairs.vn\/en\/wp-json\/wp\/v2\/product\/11350","targetHints":{"allow":["GET"]}}],"collection":[{"href":"https:\/\/b2c.fairs.vn\/en\/wp-json\/wp\/v2\/product"}],"about":[{"href":"https:\/\/b2c.fairs.vn\/en\/wp-json\/wp\/v2\/types\/product"}],"replies":[{"embeddable":true,"href":"https:\/\/b2c.fairs.vn\/en\/wp-json\/wp\/v2\/comments?post=11350"}],"version-history":[{"count":0,"href":"https:\/\/b2c.fairs.vn\/en\/wp-json\/wp\/v2\/product\/11350\/revisions"}],"wp:featuredmedia":[{"embeddable":true,"href":"https:\/\/b2c.fairs.vn\/en\/wp-json\/wp\/v2\/media\/11354"}],"wp:attachment":[{"href":"https:\/\/b2c.fairs.vn\/en\/wp-json\/wp\/v2\/media?parent=11350"}],"wp:term":[{"taxonomy":"product_cat","embeddable":true,"href":"https:\/\/b2c.fairs.vn\/en\/wp-json\/wp\/v2\/product_cat?post=11350"},{"taxonomy":"product_tag","embeddable":true,"href":"https:\/\/b2c.fairs.vn\/en\/wp-json\/wp\/v2\/product_tag?post=11350"}],"curies":[{"name":"wp","href":"https:\/\/api.w.org\/{rel}","templated":true}]}}