{"id":11335,"date":"2024-03-28T10:58:24","date_gmt":"2024-03-28T03:58:24","guid":{"rendered":"https:\/\/b2c.fairs.vn\/?post_type=product&#038;p=11335"},"modified":"2024-03-28T10:58:24","modified_gmt":"2024-03-28T03:58:24","slug":"muoi-ot-2","status":"publish","type":"product","link":"https:\/\/b2c.fairs.vn\/en\/product\/muoi-ot-2\/","title":{"rendered":"Mu\u1ed1i \u1edbt"},"content":{"rendered":"<div class=\"row\">\n<div class=\"col-sm-6\">\n<div class=\"intro\">\n<p><strong>Tr\u1ecdng l\u01b0\u1ee3ng t\u1ecbnh:<\/strong>\u00a0150 g<\/p>\n<p><strong>Th\u00e0nh ph\u1ea7n:<\/strong>\u00a0mu\u1ed1i, \u1edbt t\u01b0\u01a1i, t\u1ecfi t\u01b0\u01a1i<\/p>\n<\/div>\n<\/div>\n<\/div>\n<div class=\"row\">\n<div class=\"col-sm-8\">\n<div class=\"fulltext\">\n<p><strong>H\u01b0\u1edbng d\u1eabn s\u1eed d\u1ee5ng<\/strong><\/p>\n<p>+ D\u00f9ng chung v\u1edbi c\u00e1c lo\u1ea1i tr\u00e1i c\u00e2y c\u00f3 v\u1ecb chua<br \/>\n+ D\u00f9ng t\u1ea9m \u01b0\u1edbp c\u00e1c m\u00f3n chi\u00ean n\u01b0\u1edbng nh\u01b0: c\u00e1, th\u1ecbt, s\u01b0\u1eddn,\u2026<br \/>\n+ D\u00f9ng v\u1edbi th\u1ee7y h\u1ea3i s\u1ea3n, g\u00e0 lu\u1ed9c, th\u1ecbt lu\u1ed9c,\u2026<\/p>\n<p>Mu\u1ed1i \u1edbt Nguy\u00ean H\u1eadu \u0111\u01b0\u1ee3c s\u1ea3n xu\u1ea5t v\u1edbi th\u00e0nh ph\u1ea7n nguy\u00ean li\u1ec7u ho\u00e0n to\u00e0n t\u1ef1 nhi\u00ean. S\u1ea3n ph\u1ea9m c\u00f3 v\u1ecb m\u1eb7n \u0111\u1eadm \u0111\u00e0, cay cay th\u01a1m n\u1ed3ng.<\/p>\n<p>M\u1ed9t l\u1ea7n n\u1ebfm th\u1eed, nh\u1edb m\u00e3i tr\u1ecdn \u0111\u1eddi.<\/p>\n<\/div>\n<\/div>\n<\/div>","protected":false},"excerpt":{"rendered":"<div class=\"row\">\n<div class=\"col-sm-6\">\n<div class=\"intro\">\n<p><strong>Tr\u1ecdng l\u01b0\u1ee3ng t\u1ecbnh:<\/strong>\u00a0150 g<\/p>\n<p><strong>Th\u00e0nh ph\u1ea7n:<\/strong>\u00a0mu\u1ed1i, \u1edbt t\u01b0\u01a1i, t\u1ecfi t\u01b0\u01a1i<\/p>\n<\/div>\n<\/div>\n<\/div>\n<div class=\"row\">\n<div class=\"col-sm-8\">\n<div class=\"fulltext\">\n<p><strong>H\u01b0\u1edbng d\u1eabn s\u1eed d\u1ee5ng<\/strong><\/p>\n<p>+ D\u00f9ng chung v\u1edbi c\u00e1c lo\u1ea1i tr\u00e1i c\u00e2y c\u00f3 v\u1ecb chua<br \/>\n+ D\u00f9ng t\u1ea9m \u01b0\u1edbp c\u00e1c m\u00f3n chi\u00ean n\u01b0\u1edbng nh\u01b0: c\u00e1, th\u1ecbt, s\u01b0\u1eddn,\u2026<br \/>\n+ D\u00f9ng v\u1edbi th\u1ee7y h\u1ea3i s\u1ea3n, g\u00e0 lu\u1ed9c, th\u1ecbt lu\u1ed9c,\u2026<\/p>\n<p>Mu\u1ed1i \u1edbt Nguy\u00ean H\u1eadu \u0111\u01b0\u1ee3c s\u1ea3n xu\u1ea5t v\u1edbi th\u00e0nh ph\u1ea7n nguy\u00ean li\u1ec7u ho\u00e0n to\u00e0n t\u1ef1 nhi\u00ean. S\u1ea3n ph\u1ea9m c\u00f3 v\u1ecb m\u1eb7n \u0111\u1eadm \u0111\u00e0, cay cay th\u01a1m n\u1ed3ng.<\/p>\n<p>M\u1ed9t l\u1ea7n n\u1ebfm th\u1eed, nh\u1edb m\u00e3i tr\u1ecdn \u0111\u1eddi.<\/p>\n<\/div>\n<\/div>\n<\/div>","protected":false},"featured_media":11337,"comment_status":"open","ping_status":"closed","template":"","meta":{"_acf_changed":false},"product_cat":[318,320,22],"product_tag":[],"class_list":{"0":"post-11335","1":"product","2":"type-product","3":"status-publish","4":"has-post-thumbnail","6":"product_cat-gia-vi","7":"product_cat-gia-vi-khac","8":"product_cat-sanphamthucpham","10":"first","11":"instock","12":"shipping-taxable","13":"product-type-simple"},"acf":[],"_links":{"self":[{"href":"https:\/\/b2c.fairs.vn\/en\/wp-json\/wp\/v2\/product\/11335","targetHints":{"allow":["GET"]}}],"collection":[{"href":"https:\/\/b2c.fairs.vn\/en\/wp-json\/wp\/v2\/product"}],"about":[{"href":"https:\/\/b2c.fairs.vn\/en\/wp-json\/wp\/v2\/types\/product"}],"replies":[{"embeddable":true,"href":"https:\/\/b2c.fairs.vn\/en\/wp-json\/wp\/v2\/comments?post=11335"}],"version-history":[{"count":0,"href":"https:\/\/b2c.fairs.vn\/en\/wp-json\/wp\/v2\/product\/11335\/revisions"}],"wp:featuredmedia":[{"embeddable":true,"href":"https:\/\/b2c.fairs.vn\/en\/wp-json\/wp\/v2\/media\/11337"}],"wp:attachment":[{"href":"https:\/\/b2c.fairs.vn\/en\/wp-json\/wp\/v2\/media?parent=11335"}],"wp:term":[{"taxonomy":"product_cat","embeddable":true,"href":"https:\/\/b2c.fairs.vn\/en\/wp-json\/wp\/v2\/product_cat?post=11335"},{"taxonomy":"product_tag","embeddable":true,"href":"https:\/\/b2c.fairs.vn\/en\/wp-json\/wp\/v2\/product_tag?post=11335"}],"curies":[{"name":"wp","href":"https:\/\/api.w.org\/{rel}","templated":true}]}}