{"id":11331,"date":"2024-03-28T10:55:06","date_gmt":"2024-03-28T03:55:06","guid":{"rendered":"https:\/\/b2c.fairs.vn\/?post_type=product&#038;p=11331"},"modified":"2024-03-28T10:55:06","modified_gmt":"2024-03-28T03:55:06","slug":"bot-nep-loc","status":"publish","type":"product","link":"https:\/\/b2c.fairs.vn\/en\/product\/bot-nep-loc\/","title":{"rendered":"B\u1ed9t n\u1ebfp l\u1ecdc"},"content":{"rendered":"<div class=\"row\">\n<div class=\"col-sm-6\">\n<div class=\"intro\">\n<p><strong>Tr\u1ecdng l\u01b0\u1ee3ng t\u1ecbnh:<\/strong>\u00a0400 g<\/p>\n<p><strong>Th\u00e0nh ph\u1ea7n:<\/strong>\u00a0\u0111\u01b0\u1ee3c ch\u1ebf bi\u1ebfn 100% h\u1ea1t n\u1ebfp nguy\u00ean ch\u1ea5t.<\/p>\n<\/div>\n<\/div>\n<\/div>\n<div class=\"row\">\n<div class=\"col-sm-8\">\n<div class=\"fulltext\">\n<p><strong>H\u01b0\u1edbng d\u1eabn s\u1eed d\u1ee5ng:<\/strong><\/p>\n<p>+ D\u00f9ng \u0111\u1ec3 l\u00e0m ch\u00e8 tr\u00f4i n\u01b0\u1edbc, b\u00e1nh \u00edt tr\u1ea7n, b\u00e1nh \u00edt nh\u00e2n \u0111\u1eadu xanh\/d\u1eeba v\u00e0 c\u00e1c lo\u1ea1i b\u00e1nh kh\u00e1c.<\/p>\n<p>+ B\u1ed9t n\u1ebfp l\u1ecdc Nguy\u00ean H\u1eadu v\u1edbi th\u00e0nh ph\u1ea7n 100% tinh b\u1ed9t n\u1ebfp nguy\u00ean ch\u1ea5t. B\u1ed9t tr\u1eafng t\u1ef1 nhi\u00ean r\u1ea5t th\u00edch h\u1ee3p l\u00e0m c\u00e1c lo\u1ea1i b\u00e1nh nh\u01b0: b\u00e1nh \u00edt tr\u1ea7n, b\u00e1nh \u00edt nh\u00e2n \u0111\u1eadu xanh, b\u00e1nh \u00edt nh\u00e2n d\u1eeba, ch\u00e8 tr\u00f4i n\u01b0\u1edbc v\u00e0 c\u00e1c lo\u1ea1i b\u00e1nh kh\u00e1c .<\/p>\n<p>Nguy\u00ean li\u1ec7u n\u1ebfp d\u00f9ng \u0111\u1ec3 s\u1ea3n xu\u1ea5t b\u1ed9t n\u1ebfp l\u1ecdc \u0111\u00e3 \u0111\u01b0\u1ee3c Cty Nguy\u00ean H\u1eadu l\u1ef1a ch\u1ecdn c\u1ea9n th\u1eadn, s\u1ea3n ph\u1ea9m \u0111\u01b0\u1ee3c s\u1ea3n xu\u1ea5t v\u1edbi qui tr\u00ecnh c\u00f4ng ngh\u1ec7 ti\u00ean ti\u1ebfn, \u0111\u00f3ng g\u00f3i kh\u00e9p k\u00edn n\u00ean \u0111\u1ea3m b\u1ea3o an to\u00e0n cho s\u1ee9c kh\u1ecfe ng\u01b0\u1eddi ti\u00eau d\u00f9ng.<\/p>\n<p>B\u1ed9t n\u1ebfp l\u1ecdc Nguy\u00ean H\u1eadu c\u00f9ng b\u1ea1n t\u1ea1o n\u00ean nhi\u1ec1u m\u00f3n \u0103n h\u1ea5p d\u1eabn.<\/p>\n<\/div>\n<\/div>\n<\/div>","protected":false},"excerpt":{"rendered":"<div class=\"row\">\n<div class=\"col-sm-6\">\n<div class=\"intro\">\n<p><strong>Tr\u1ecdng l\u01b0\u1ee3ng t\u1ecbnh:<\/strong>\u00a0400 g<\/p>\n<p><strong>Th\u00e0nh ph\u1ea7n:<\/strong>\u00a0\u0111\u01b0\u1ee3c ch\u1ebf bi\u1ebfn 100% h\u1ea1t n\u1ebfp nguy\u00ean ch\u1ea5t.<\/p>\n<\/div>\n<\/div>\n<\/div>\n<div class=\"row\">\n<div class=\"col-sm-8\">\n<div class=\"fulltext\">\n<p><strong>H\u01b0\u1edbng d\u1eabn s\u1eed d\u1ee5ng:<\/strong><\/p>\n<p>+ D\u00f9ng \u0111\u1ec3 l\u00e0m ch\u00e8 tr\u00f4i n\u01b0\u1edbc, b\u00e1nh \u00edt tr\u1ea7n, b\u00e1nh \u00edt nh\u00e2n \u0111\u1eadu xanh\/d\u1eeba v\u00e0 c\u00e1c lo\u1ea1i b\u00e1nh kh\u00e1c.<\/p>\n<p>+ B\u1ed9t n\u1ebfp l\u1ecdc Nguy\u00ean H\u1eadu v\u1edbi th\u00e0nh ph\u1ea7n 100% tinh b\u1ed9t n\u1ebfp nguy\u00ean ch\u1ea5t. B\u1ed9t tr\u1eafng t\u1ef1 nhi\u00ean r\u1ea5t th\u00edch h\u1ee3p l\u00e0m c\u00e1c lo\u1ea1i b\u00e1nh nh\u01b0: b\u00e1nh \u00edt tr\u1ea7n, b\u00e1nh \u00edt nh\u00e2n \u0111\u1eadu xanh, b\u00e1nh \u00edt nh\u00e2n d\u1eeba, ch\u00e8 tr\u00f4i n\u01b0\u1edbc v\u00e0 c\u00e1c lo\u1ea1i b\u00e1nh kh\u00e1c .<\/p>\n<p>Nguy\u00ean li\u1ec7u n\u1ebfp d\u00f9ng \u0111\u1ec3 s\u1ea3n xu\u1ea5t b\u1ed9t n\u1ebfp l\u1ecdc \u0111\u00e3 \u0111\u01b0\u1ee3c Cty Nguy\u00ean H\u1eadu l\u1ef1a ch\u1ecdn c\u1ea9n th\u1eadn, s\u1ea3n ph\u1ea9m \u0111\u01b0\u1ee3c s\u1ea3n xu\u1ea5t v\u1edbi qui tr\u00ecnh c\u00f4ng ngh\u1ec7 ti\u00ean ti\u1ebfn, \u0111\u00f3ng g\u00f3i kh\u00e9p k\u00edn n\u00ean \u0111\u1ea3m b\u1ea3o an to\u00e0n cho s\u1ee9c kh\u1ecfe ng\u01b0\u1eddi ti\u00eau d\u00f9ng.<\/p>\n<p>B\u1ed9t n\u1ebfp l\u1ecdc Nguy\u00ean H\u1eadu c\u00f9ng b\u1ea1n t\u1ea1o n\u00ean nhi\u1ec1u m\u00f3n \u0103n h\u1ea5p d\u1eabn.<\/p>\n<\/div>\n<\/div>\n<\/div>","protected":false},"featured_media":11332,"comment_status":"open","ping_status":"closed","template":"","meta":{"_acf_changed":false},"product_cat":[311,22,310],"product_tag":[],"class_list":{"0":"post-11331","1":"product","2":"type-product","3":"status-publish","4":"has-post-thumbnail","6":"product_cat-gao-ngu-coc-hat-so-che-khac","7":"product_cat-sanphamthucpham","8":"product_cat-thuc-pham-tho-so-che","10":"first","11":"instock","12":"shipping-taxable","13":"product-type-simple"},"acf":[],"_links":{"self":[{"href":"https:\/\/b2c.fairs.vn\/en\/wp-json\/wp\/v2\/product\/11331","targetHints":{"allow":["GET"]}}],"collection":[{"href":"https:\/\/b2c.fairs.vn\/en\/wp-json\/wp\/v2\/product"}],"about":[{"href":"https:\/\/b2c.fairs.vn\/en\/wp-json\/wp\/v2\/types\/product"}],"replies":[{"embeddable":true,"href":"https:\/\/b2c.fairs.vn\/en\/wp-json\/wp\/v2\/comments?post=11331"}],"version-history":[{"count":0,"href":"https:\/\/b2c.fairs.vn\/en\/wp-json\/wp\/v2\/product\/11331\/revisions"}],"wp:featuredmedia":[{"embeddable":true,"href":"https:\/\/b2c.fairs.vn\/en\/wp-json\/wp\/v2\/media\/11332"}],"wp:attachment":[{"href":"https:\/\/b2c.fairs.vn\/en\/wp-json\/wp\/v2\/media?parent=11331"}],"wp:term":[{"taxonomy":"product_cat","embeddable":true,"href":"https:\/\/b2c.fairs.vn\/en\/wp-json\/wp\/v2\/product_cat?post=11331"},{"taxonomy":"product_tag","embeddable":true,"href":"https:\/\/b2c.fairs.vn\/en\/wp-json\/wp\/v2\/product_tag?post=11331"}],"curies":[{"name":"wp","href":"https:\/\/api.w.org\/{rel}","templated":true}]}}