{"id":11324,"date":"2024-03-28T10:54:05","date_gmt":"2024-03-28T03:54:05","guid":{"rendered":"https:\/\/b2c.fairs.vn\/?post_type=product&#038;p=11324"},"modified":"2024-03-28T10:54:05","modified_gmt":"2024-03-28T03:54:05","slug":"bot-gao-loc","status":"publish","type":"product","link":"https:\/\/b2c.fairs.vn\/en\/product\/bot-gao-loc\/","title":{"rendered":"B\u1ed9t g\u1ea1o l\u1ecdc"},"content":{"rendered":"<div class=\"row\">\n<div class=\"col-sm-6\">\n<div class=\"intro\">\n<p><strong>Tr\u1ecdng l\u01b0\u1ee3ng t\u1ecbnh:<\/strong>\u00a0400 g<\/p>\n<p><strong>Th\u00e0nh ph\u1ea7n:<\/strong>\u00a0\u0111\u01b0\u1ee3c ch\u1ebf bi\u1ebfn 100% tinh t\u00fay t\u1eeb h\u1ea1t g\u1ea1o.<\/p>\n<\/div>\n<\/div>\n<\/div>\n<div class=\"row\">\n<div class=\"col-sm-8\">\n<div class=\"fulltext\">\n<p><strong>H\u01b0\u1edbng d\u1eabn s\u1eed d\u1ee5ng:<\/strong><\/p>\n<p>+ D\u00f9ng \u0111\u1ec3 l\u00e0m b\u00e1nh cu\u1ed1n, b\u00e1nh canh, b\u00e1nh b\u00f2, b\u00e1nh gi\u00f2, b\u00e1nh \u0111\u00fac v\u00e0 c\u00e1c lo\u1ea1i b\u00e1nh kh\u00e1c<\/p>\n<p>+ B\u1ed9t g\u1ea1o l\u1ecdc Nguy\u00ean H\u1eadu v\u1edbi th\u00e0nh ph\u1ea7n 100% tinh b\u1ed9t g\u1ea1o nguy\u00ean ch\u1ea5t. B\u1ed9t tr\u1eafng t\u1ef1 nhi\u00ean r\u1ea5t th\u00edch h\u1ee3p l\u00e0m c\u00e1c lo\u1ea1i b\u00e1nh nh\u01b0: b\u00e1nh cu\u1ed1n, b\u00e1nh canh, b\u00e1nh b\u00f2, b\u00e1nh gi\u00f2, b\u00e1nh \u0111\u00fac v\u00e0 c\u00e1c lo\u1ea1i b\u00e1nh kh\u00e1c.<\/p>\n<p>Nguy\u00ean li\u1ec7u g\u1ea1o d\u00f9ng \u0111\u1ec3 s\u1ea3n xu\u1ea5t b\u1ed9t g\u1ea1o l\u1ecdc \u0111\u00e3 \u0111\u01b0\u1ee3c Cty Nguy\u00ean H\u1eadu l\u1ef1a ch\u1ecdn c\u1ea9n th\u1eadn, s\u1ea3n ph\u1ea9m \u0111\u01b0\u1ee3c s\u1ea3n xu\u1ea5t v\u1edbi qui tr\u00ecnh c\u00f4ng ngh\u1ec7 ti\u00ean ti\u1ebfn, \u0111\u00f3ng g\u00f3i kh\u00e9p k\u00edn n\u00ean \u0111\u1ea3m b\u1ea3o an to\u00e0n cho s\u1ee9c kh\u1ecfe ng\u01b0\u1eddi ti\u00eau d\u00f9ng.<\/p>\n<p>B\u1ed9t g\u1ea1o l\u1ecdc Nguy\u00ean H\u1eadu l\u00e0 nguy\u00ean li\u1ec7u tuy\u1ec7t v\u1eddi \u0111\u1ec3 l\u00e0m n\u00ean nh\u1eefng m\u00f3n \u0103n ngon.<\/p>\n<\/div>\n<\/div>\n<\/div>","protected":false},"excerpt":{"rendered":"<div class=\"row\">\n<div class=\"col-sm-6\">\n<div class=\"intro\">\n<p><strong>Tr\u1ecdng l\u01b0\u1ee3ng t\u1ecbnh:<\/strong>\u00a0400 g<\/p>\n<p><strong>Th\u00e0nh ph\u1ea7n:<\/strong>\u00a0\u0111\u01b0\u1ee3c ch\u1ebf bi\u1ebfn 100% tinh t\u00fay t\u1eeb h\u1ea1t g\u1ea1o.<\/p>\n<\/div>\n<\/div>\n<\/div>\n<div class=\"row\">\n<div class=\"col-sm-8\">\n<div class=\"fulltext\">\n<p><strong>H\u01b0\u1edbng d\u1eabn s\u1eed d\u1ee5ng:<\/strong><\/p>\n<p>+ D\u00f9ng \u0111\u1ec3 l\u00e0m b\u00e1nh cu\u1ed1n, b\u00e1nh canh, b\u00e1nh b\u00f2, b\u00e1nh gi\u00f2, b\u00e1nh \u0111\u00fac v\u00e0 c\u00e1c lo\u1ea1i b\u00e1nh kh\u00e1c<\/p>\n<p>+ B\u1ed9t g\u1ea1o l\u1ecdc Nguy\u00ean H\u1eadu v\u1edbi th\u00e0nh ph\u1ea7n 100% tinh b\u1ed9t g\u1ea1o nguy\u00ean ch\u1ea5t. B\u1ed9t tr\u1eafng t\u1ef1 nhi\u00ean r\u1ea5t th\u00edch h\u1ee3p l\u00e0m c\u00e1c lo\u1ea1i b\u00e1nh nh\u01b0: b\u00e1nh cu\u1ed1n, b\u00e1nh canh, b\u00e1nh b\u00f2, b\u00e1nh gi\u00f2, b\u00e1nh \u0111\u00fac v\u00e0 c\u00e1c lo\u1ea1i b\u00e1nh kh\u00e1c.<\/p>\n<p>Nguy\u00ean li\u1ec7u g\u1ea1o d\u00f9ng \u0111\u1ec3 s\u1ea3n xu\u1ea5t b\u1ed9t g\u1ea1o l\u1ecdc \u0111\u00e3 \u0111\u01b0\u1ee3c Cty Nguy\u00ean H\u1eadu l\u1ef1a ch\u1ecdn c\u1ea9n th\u1eadn, s\u1ea3n ph\u1ea9m \u0111\u01b0\u1ee3c s\u1ea3n xu\u1ea5t v\u1edbi qui tr\u00ecnh c\u00f4ng ngh\u1ec7 ti\u00ean ti\u1ebfn, \u0111\u00f3ng g\u00f3i kh\u00e9p k\u00edn n\u00ean \u0111\u1ea3m b\u1ea3o an to\u00e0n cho s\u1ee9c kh\u1ecfe ng\u01b0\u1eddi ti\u00eau d\u00f9ng.<\/p>\n<p>B\u1ed9t g\u1ea1o l\u1ecdc Nguy\u00ean H\u1eadu l\u00e0 nguy\u00ean li\u1ec7u tuy\u1ec7t v\u1eddi \u0111\u1ec3 l\u00e0m n\u00ean nh\u1eefng m\u00f3n \u0103n ngon.<\/p>\n<\/div>\n<\/div>\n<\/div>","protected":false},"featured_media":11328,"comment_status":"open","ping_status":"closed","template":"","meta":{"_acf_changed":false},"product_cat":[311,22,310],"product_tag":[],"class_list":{"0":"post-11324","1":"product","2":"type-product","3":"status-publish","4":"has-post-thumbnail","6":"product_cat-gao-ngu-coc-hat-so-che-khac","7":"product_cat-sanphamthucpham","8":"product_cat-thuc-pham-tho-so-che","10":"first","11":"instock","12":"shipping-taxable","13":"product-type-simple"},"acf":[],"_links":{"self":[{"href":"https:\/\/b2c.fairs.vn\/en\/wp-json\/wp\/v2\/product\/11324","targetHints":{"allow":["GET"]}}],"collection":[{"href":"https:\/\/b2c.fairs.vn\/en\/wp-json\/wp\/v2\/product"}],"about":[{"href":"https:\/\/b2c.fairs.vn\/en\/wp-json\/wp\/v2\/types\/product"}],"replies":[{"embeddable":true,"href":"https:\/\/b2c.fairs.vn\/en\/wp-json\/wp\/v2\/comments?post=11324"}],"version-history":[{"count":0,"href":"https:\/\/b2c.fairs.vn\/en\/wp-json\/wp\/v2\/product\/11324\/revisions"}],"wp:featuredmedia":[{"embeddable":true,"href":"https:\/\/b2c.fairs.vn\/en\/wp-json\/wp\/v2\/media\/11328"}],"wp:attachment":[{"href":"https:\/\/b2c.fairs.vn\/en\/wp-json\/wp\/v2\/media?parent=11324"}],"wp:term":[{"taxonomy":"product_cat","embeddable":true,"href":"https:\/\/b2c.fairs.vn\/en\/wp-json\/wp\/v2\/product_cat?post=11324"},{"taxonomy":"product_tag","embeddable":true,"href":"https:\/\/b2c.fairs.vn\/en\/wp-json\/wp\/v2\/product_tag?post=11324"}],"curies":[{"name":"wp","href":"https:\/\/api.w.org\/{rel}","templated":true}]}}