{"id":11319,"date":"2024-03-28T10:52:58","date_gmt":"2024-03-28T03:52:58","guid":{"rendered":"https:\/\/b2c.fairs.vn\/?post_type=product&#038;p=11319"},"modified":"2024-03-28T10:52:59","modified_gmt":"2024-03-28T03:52:59","slug":"bot-chien-chuoi","status":"publish","type":"product","link":"https:\/\/b2c.fairs.vn\/en\/product\/bot-chien-chuoi\/","title":{"rendered":"B\u1ed9t chi\u00ean chu\u1ed1i"},"content":{"rendered":"<div class=\"row\">\n<div class=\"col-sm-6\">\n<div class=\"intro\">\n<p><strong>Tr\u1ecdng l\u01b0\u1ee3ng t\u1ecbnh:<\/strong>\u00a0150 g<\/p>\n<p><strong>Th\u00e0nh ph\u1ea7n:<\/strong>\u00a0b\u1ed9t g\u1ea1o, b\u1ed9t m\u00ec, tinh b\u1ed9t b\u1eafp, tinh b\u1ed9t khoai m\u00ec v\u00e0 mu\u1ed1i<\/p>\n<\/div>\n<\/div>\n<\/div>\n<div class=\"row\">\n<div class=\"col-sm-8\">\n<div class=\"fulltext\">\n<p><strong>H\u01b0\u1edbng d\u1eabn s\u1eed d\u1ee5ng:<\/strong><\/p>\n<p>+ B\u01b0\u1edbc 1: Pha 150 g b\u1ed9t v\u1edbi 180 ml n\u01b0\u1edbc, khu\u1ea5y th\u1eadt \u0111\u1ec1u (\u0111\u1ec3 y\u00ean 10 ph\u00fat)<br \/>\n+ B\u01b0\u1edbc 2: Nh\u00fang chu\u1ed1i (\u0111\u00e3 \u0111\u01b0\u1ee3c \u00e9p d\u1eb9p v\u00e0o b\u1ed9t)<br \/>\n+ B\u01b0\u1edbc 3: Chi\u00ean v\u00e0ng \u0111\u1ec1u 2 m\u1eb7t c\u1ee7a mi\u1ebfng chu\u1ed1i trong ch\u1ea3o d\u1ea7u \u0111ang s\u00f4i (l\u1eeda v\u1eeba), v\u1edbt ra<\/p>\n<p>B\u1ed9t chi\u00ean chu\u1ed1i \u0111\u01b0\u1ee3c pha ch\u1ebf t\u1eeb nhi\u1ec1u nguy\u00ean li\u1ec7u b\u1ed9t c\u00f3 ch\u1ea5t l\u01b0\u1ee3ng cao, \u0111\u1eb7c bi\u1ec7t kh\u00f4ng ch\u1ee9a ch\u1ea5t b\u1ea3o qu\u1ea3n, kh\u00f4ng cholesterol n\u00ean an to\u00e0n cho s\u1ee9c kh\u1ecfe ng\u01b0\u1eddi ti\u00eau d\u00f9ng \u0111\u1ed3ng th\u1eddi gi\u00fap b\u1ea1n ti\u1ebft ki\u1ec7m \u0111\u01b0\u1ee3c nhi\u1ec1u th\u1eddi gian th\u1ef1c hi\u1ec7n.<\/p>\n<p>B\u1ed9t chu\u1ed1i chi\u00ean Nguy\u00ean H\u1eadu s\u1ebd gi\u00fap b\u1ea1n c\u00f3 \u0111\u01b0\u1ee3c mi\u1ebfng chu\u1ed1i chi\u00ean c\u1ef1c k\u1ef3 h\u1ea5p d\u1eabn v\u1edbi l\u1edbp v\u1ecf b\u1ecdc b\u00ean ngo\u00e0i v\u00e0ng \u01b0\u01a1m, gi\u00f2n r\u1ee5m \u0111\u1eb7c bi\u1ec7t kh\u00f4ng th\u1ea5m d\u1ea7u, m\u00f9i th\u01a1m lan t\u1ecfa t\u1eeb ru\u1ed9t chu\u1ed1i t\u01b0\u01a1i ngon b\u00ean trong g\u00f3p ph\u1ea7n t\u0103ng th\u00eam t\u00ednh h\u1ea5p d\u1eabn cho v\u1ecb gi\u00e1c.<\/p>\n<p>Chu\u1ed1i chi\u00ean l\u00e0 m\u00f3n \u0103n v\u1eb7t th\u01a1m ngon kh\u00f3 qu\u00ean. Nhanh ch\u00f3ng, \u0111\u01a1n gi\u1ea3n, d\u1ec5 l\u00e0m.<\/p>\n<p>H\u00e3y th\u1ef1c hi\u1ec7n ngay b\u1ea1n nh\u00e9!<\/p>\n<\/div>\n<\/div>\n<\/div>","protected":false},"excerpt":{"rendered":"<div class=\"row\">\n<div class=\"col-sm-6\">\n<div class=\"intro\">\n<p><strong>Tr\u1ecdng l\u01b0\u1ee3ng t\u1ecbnh:<\/strong>\u00a0150 g<\/p>\n<p><strong>Th\u00e0nh ph\u1ea7n:<\/strong>\u00a0b\u1ed9t g\u1ea1o, b\u1ed9t m\u00ec, tinh b\u1ed9t b\u1eafp, tinh b\u1ed9t khoai m\u00ec v\u00e0 mu\u1ed1i<\/p>\n<\/div>\n<\/div>\n<\/div>\n<div class=\"row\">\n<div class=\"col-sm-8\">\n<div class=\"fulltext\">\n<p><strong>H\u01b0\u1edbng d\u1eabn s\u1eed d\u1ee5ng:<\/strong><\/p>\n<p>+ B\u01b0\u1edbc 1: Pha 150 g b\u1ed9t v\u1edbi 180 ml n\u01b0\u1edbc, khu\u1ea5y th\u1eadt \u0111\u1ec1u (\u0111\u1ec3 y\u00ean 10 ph\u00fat)<br \/>\n+ B\u01b0\u1edbc 2: Nh\u00fang chu\u1ed1i (\u0111\u00e3 \u0111\u01b0\u1ee3c \u00e9p d\u1eb9p v\u00e0o b\u1ed9t)<br \/>\n+ B\u01b0\u1edbc 3: Chi\u00ean v\u00e0ng \u0111\u1ec1u 2 m\u1eb7t c\u1ee7a mi\u1ebfng chu\u1ed1i trong ch\u1ea3o d\u1ea7u \u0111ang s\u00f4i (l\u1eeda v\u1eeba), v\u1edbt ra<\/p>\n<p>B\u1ed9t chi\u00ean chu\u1ed1i \u0111\u01b0\u1ee3c pha ch\u1ebf t\u1eeb nhi\u1ec1u nguy\u00ean li\u1ec7u b\u1ed9t c\u00f3 ch\u1ea5t l\u01b0\u1ee3ng cao, \u0111\u1eb7c bi\u1ec7t kh\u00f4ng ch\u1ee9a ch\u1ea5t b\u1ea3o qu\u1ea3n, kh\u00f4ng cholesterol n\u00ean an to\u00e0n cho s\u1ee9c kh\u1ecfe ng\u01b0\u1eddi ti\u00eau d\u00f9ng \u0111\u1ed3ng th\u1eddi gi\u00fap b\u1ea1n ti\u1ebft ki\u1ec7m \u0111\u01b0\u1ee3c nhi\u1ec1u th\u1eddi gian th\u1ef1c hi\u1ec7n.<\/p>\n<p>B\u1ed9t chu\u1ed1i chi\u00ean Nguy\u00ean H\u1eadu s\u1ebd gi\u00fap b\u1ea1n c\u00f3 \u0111\u01b0\u1ee3c mi\u1ebfng chu\u1ed1i chi\u00ean c\u1ef1c k\u1ef3 h\u1ea5p d\u1eabn v\u1edbi l\u1edbp v\u1ecf b\u1ecdc b\u00ean ngo\u00e0i v\u00e0ng \u01b0\u01a1m, gi\u00f2n r\u1ee5m \u0111\u1eb7c bi\u1ec7t kh\u00f4ng th\u1ea5m d\u1ea7u, m\u00f9i th\u01a1m lan t\u1ecfa t\u1eeb ru\u1ed9t chu\u1ed1i t\u01b0\u01a1i ngon b\u00ean trong g\u00f3p ph\u1ea7n t\u0103ng th\u00eam t\u00ednh h\u1ea5p d\u1eabn cho v\u1ecb gi\u00e1c.<\/p>\n<p>Chu\u1ed1i chi\u00ean l\u00e0 m\u00f3n \u0103n v\u1eb7t th\u01a1m ngon kh\u00f3 qu\u00ean. Nhanh ch\u00f3ng, \u0111\u01a1n gi\u1ea3n, d\u1ec5 l\u00e0m.<\/p>\n<p>H\u00e3y th\u1ef1c hi\u1ec7n ngay b\u1ea1n nh\u00e9!<\/p>\n<\/div>\n<\/div>\n<\/div>","protected":false},"featured_media":11321,"comment_status":"open","ping_status":"closed","template":"","meta":{"_acf_changed":false},"product_cat":[311,22,310],"product_tag":[],"class_list":{"0":"post-11319","1":"product","2":"type-product","3":"status-publish","4":"has-post-thumbnail","6":"product_cat-gao-ngu-coc-hat-so-che-khac","7":"product_cat-sanphamthucpham","8":"product_cat-thuc-pham-tho-so-che","10":"first","11":"instock","12":"shipping-taxable","13":"product-type-simple"},"acf":[],"_links":{"self":[{"href":"https:\/\/b2c.fairs.vn\/en\/wp-json\/wp\/v2\/product\/11319","targetHints":{"allow":["GET"]}}],"collection":[{"href":"https:\/\/b2c.fairs.vn\/en\/wp-json\/wp\/v2\/product"}],"about":[{"href":"https:\/\/b2c.fairs.vn\/en\/wp-json\/wp\/v2\/types\/product"}],"replies":[{"embeddable":true,"href":"https:\/\/b2c.fairs.vn\/en\/wp-json\/wp\/v2\/comments?post=11319"}],"version-history":[{"count":0,"href":"https:\/\/b2c.fairs.vn\/en\/wp-json\/wp\/v2\/product\/11319\/revisions"}],"wp:featuredmedia":[{"embeddable":true,"href":"https:\/\/b2c.fairs.vn\/en\/wp-json\/wp\/v2\/media\/11321"}],"wp:attachment":[{"href":"https:\/\/b2c.fairs.vn\/en\/wp-json\/wp\/v2\/media?parent=11319"}],"wp:term":[{"taxonomy":"product_cat","embeddable":true,"href":"https:\/\/b2c.fairs.vn\/en\/wp-json\/wp\/v2\/product_cat?post=11319"},{"taxonomy":"product_tag","embeddable":true,"href":"https:\/\/b2c.fairs.vn\/en\/wp-json\/wp\/v2\/product_tag?post=11319"}],"curies":[{"name":"wp","href":"https:\/\/api.w.org\/{rel}","templated":true}]}}