{"id":11300,"date":"2024-03-28T10:49:42","date_gmt":"2024-03-28T03:49:42","guid":{"rendered":"https:\/\/b2c.fairs.vn\/?post_type=product&#038;p=11300"},"modified":"2024-03-28T10:49:42","modified_gmt":"2024-03-28T03:49:42","slug":"bot-chien-tom","status":"publish","type":"product","link":"https:\/\/b2c.fairs.vn\/en\/product\/bot-chien-tom\/","title":{"rendered":"B\u1ed9t chi\u00ean t\u00f4m"},"content":{"rendered":"<div class=\"row\">\n<div class=\"col-sm-6\">\n<div class=\"intro\">\n<p><strong>Tr\u1ecdng l\u01b0\u1ee3ng t\u1ecbnh:<\/strong>\u00a0150 g<\/p>\n<p><strong>Th\u00e0nh ph\u1ea7n:<\/strong>\u00a0b\u1ed9t g\u1ea1o, b\u1ed9t m\u00ec, tinh b\u1ed9t b\u1eafp, tinh b\u1ed9t khoai m\u00ec v\u00e0 gia v\u1ecb<\/p>\n<\/div>\n<\/div>\n<\/div>\n<div class=\"row\">\n<div class=\"col-sm-8\">\n<div class=\"fulltext\">\n<p><strong>H\u01b0\u1edbng d\u1eabn s\u1eed d\u1ee5ng:<\/strong>\u00a0d\u00f9ng \u0111\u1ec3 t\u1ea9m v\u00e0o th\u1ef1c ph\u1ea9m tr\u01b0\u1edbc khi chi\u00ean nh\u01b0: g\u00e0, v\u1ecbt, c\u00e1, m\u1ef1c, s\u01b0\u1eddn, cua, t\u00f4m v\u00e0 c\u00e1c lo\u1ea1i c\u1ee7,\u2026kh\u00f4ng c\u1ea7n b\u1ed5 sung gia v\u1ecb.<\/p>\n<p>+ B\u01b0\u1edbc 1: R\u1eeda s\u1ea1ch, \u0111\u1ec3 r\u00e1o nguy\u00ean li\u1ec7u<br \/>\n+ B\u01b0\u1edbc 2: Pha 150 g b\u1ed9t v\u1edbi 150 ml n\u01b0\u1edbc, khu\u1ea5y th\u1eadt \u0111\u1ec1u<br \/>\n+ B\u01b0\u1edbc 3: Nh\u00fang nguy\u00ean li\u1ec7u c\u1ea7n chi\u00ean v\u00e0o b\u1ed9t<br \/>\n+ B\u01b0\u1edbc 4: Chi\u00ean v\u00e0ng gi\u00f2n trong ch\u1ea3o d\u1ea7u \u0111ang s\u00f4i<\/p>\n<p>B\u1ed9t chi\u00ean gi\u00f2n \u0111\u01b0\u1ee3c pha ch\u1ebf t\u1eeb nhi\u1ec1u nguy\u00ean li\u1ec7u b\u1ed9t c\u00f3 ch\u1ea5t l\u01b0\u1ee3ng cao, \u0111\u1eb7c bi\u1ec7t kh\u00f4ng ch\u1ee9a ch\u1ea5t b\u1ea3o qu\u1ea3n, kh\u00f4ng cholesterol n\u00ean an to\u00e0n cho s\u1ee9c kh\u1ecfe ng\u01b0\u1eddi ti\u00eau d\u00f9ng \u0111\u1ed3ng th\u1eddi gi\u00fap b\u1ea1n ti\u1ebft ki\u1ec7m \u0111\u01b0\u1ee3c nhi\u1ec1u th\u1eddi gian th\u1ef1c hi\u1ec7n m\u00f3n \u0103n.<\/p>\n<p>B\u00ean c\u1ea1nh \u0111\u00f3, b\u1ed9t chi\u00ean gi\u00f2n Nguy\u00ean H\u1eadu kh\u00f4ng ch\u1ec9 \u0111\u1ea3m b\u1ea3o \u0111\u01b0\u1ee3c h\u01b0\u01a1ng v\u1ecb th\u01a1m ngon \u0111\u1eb7c tr\u01b0ng c\u1ee7a m\u00f3n \u0103n l\u00e0 \u201cgi\u00f2n tan khi \u0103n\u201d m\u00e0 c\u00f2n gi\u00fap m\u00f3n \u0103n th\u00eam h\u1ea5p d\u1eabn v\u00ec m\u00e0u v\u00e0ng \u01b0\u01a1m c\u1ee7a th\u1ef1c ph\u1ea9m sau khi chi\u00ean.<\/p>\n<p>H\u00e3y tr\u1ed5 t\u00e0i ngay b\u1ea1n nh\u00e9!<\/p>\n<\/div>\n<\/div>\n<\/div>","protected":false},"excerpt":{"rendered":"<div class=\"row\">\n<div class=\"col-sm-6\">\n<div class=\"intro\">\n<p><strong>Tr\u1ecdng l\u01b0\u1ee3ng t\u1ecbnh:<\/strong>\u00a0150 g<\/p>\n<p><strong>Th\u00e0nh ph\u1ea7n:<\/strong>\u00a0b\u1ed9t g\u1ea1o, b\u1ed9t m\u00ec, tinh b\u1ed9t b\u1eafp, tinh b\u1ed9t khoai m\u00ec v\u00e0 gia v\u1ecb<\/p>\n<\/div>\n<\/div>\n<\/div>\n<div class=\"row\">\n<div class=\"col-sm-8\">\n<div class=\"fulltext\">\n<p><strong>H\u01b0\u1edbng d\u1eabn s\u1eed d\u1ee5ng:<\/strong>\u00a0d\u00f9ng \u0111\u1ec3 t\u1ea9m v\u00e0o th\u1ef1c ph\u1ea9m tr\u01b0\u1edbc khi chi\u00ean nh\u01b0: g\u00e0, v\u1ecbt, c\u00e1, m\u1ef1c, s\u01b0\u1eddn, cua, t\u00f4m v\u00e0 c\u00e1c lo\u1ea1i c\u1ee7,\u2026kh\u00f4ng c\u1ea7n b\u1ed5 sung gia v\u1ecb.<\/p>\n<p>+ B\u01b0\u1edbc 1: R\u1eeda s\u1ea1ch, \u0111\u1ec3 r\u00e1o nguy\u00ean li\u1ec7u<br \/>\n+ B\u01b0\u1edbc 2: Pha 150 g b\u1ed9t v\u1edbi 150 ml n\u01b0\u1edbc, khu\u1ea5y th\u1eadt \u0111\u1ec1u<br \/>\n+ B\u01b0\u1edbc 3: Nh\u00fang nguy\u00ean li\u1ec7u c\u1ea7n chi\u00ean v\u00e0o b\u1ed9t<br \/>\n+ B\u01b0\u1edbc 4: Chi\u00ean v\u00e0ng gi\u00f2n trong ch\u1ea3o d\u1ea7u \u0111ang s\u00f4i<\/p>\n<p>B\u1ed9t chi\u00ean gi\u00f2n \u0111\u01b0\u1ee3c pha ch\u1ebf t\u1eeb nhi\u1ec1u nguy\u00ean li\u1ec7u b\u1ed9t c\u00f3 ch\u1ea5t l\u01b0\u1ee3ng cao, \u0111\u1eb7c bi\u1ec7t kh\u00f4ng ch\u1ee9a ch\u1ea5t b\u1ea3o qu\u1ea3n, kh\u00f4ng cholesterol n\u00ean an to\u00e0n cho s\u1ee9c kh\u1ecfe ng\u01b0\u1eddi ti\u00eau d\u00f9ng \u0111\u1ed3ng th\u1eddi gi\u00fap b\u1ea1n ti\u1ebft ki\u1ec7m \u0111\u01b0\u1ee3c nhi\u1ec1u th\u1eddi gian th\u1ef1c hi\u1ec7n m\u00f3n \u0103n.<\/p>\n<p>B\u00ean c\u1ea1nh \u0111\u00f3, b\u1ed9t chi\u00ean gi\u00f2n Nguy\u00ean H\u1eadu kh\u00f4ng ch\u1ec9 \u0111\u1ea3m b\u1ea3o \u0111\u01b0\u1ee3c h\u01b0\u01a1ng v\u1ecb th\u01a1m ngon \u0111\u1eb7c tr\u01b0ng c\u1ee7a m\u00f3n \u0103n l\u00e0 \u201cgi\u00f2n tan khi \u0103n\u201d m\u00e0 c\u00f2n gi\u00fap m\u00f3n \u0103n th\u00eam h\u1ea5p d\u1eabn v\u00ec m\u00e0u v\u00e0ng \u01b0\u01a1m c\u1ee7a th\u1ef1c ph\u1ea9m sau khi chi\u00ean.<\/p>\n<p>H\u00e3y tr\u1ed5 t\u00e0i ngay b\u1ea1n nh\u00e9!<\/p>\n<\/div>\n<\/div>\n<\/div>","protected":false},"featured_media":11307,"comment_status":"open","ping_status":"closed","template":"","meta":{"_acf_changed":false},"product_cat":[311,22,310],"product_tag":[],"class_list":{"0":"post-11300","1":"product","2":"type-product","3":"status-publish","4":"has-post-thumbnail","6":"product_cat-gao-ngu-coc-hat-so-che-khac","7":"product_cat-sanphamthucpham","8":"product_cat-thuc-pham-tho-so-che","10":"first","11":"instock","12":"shipping-taxable","13":"product-type-simple"},"acf":[],"_links":{"self":[{"href":"https:\/\/b2c.fairs.vn\/en\/wp-json\/wp\/v2\/product\/11300","targetHints":{"allow":["GET"]}}],"collection":[{"href":"https:\/\/b2c.fairs.vn\/en\/wp-json\/wp\/v2\/product"}],"about":[{"href":"https:\/\/b2c.fairs.vn\/en\/wp-json\/wp\/v2\/types\/product"}],"replies":[{"embeddable":true,"href":"https:\/\/b2c.fairs.vn\/en\/wp-json\/wp\/v2\/comments?post=11300"}],"version-history":[{"count":0,"href":"https:\/\/b2c.fairs.vn\/en\/wp-json\/wp\/v2\/product\/11300\/revisions"}],"wp:featuredmedia":[{"embeddable":true,"href":"https:\/\/b2c.fairs.vn\/en\/wp-json\/wp\/v2\/media\/11307"}],"wp:attachment":[{"href":"https:\/\/b2c.fairs.vn\/en\/wp-json\/wp\/v2\/media?parent=11300"}],"wp:term":[{"taxonomy":"product_cat","embeddable":true,"href":"https:\/\/b2c.fairs.vn\/en\/wp-json\/wp\/v2\/product_cat?post=11300"},{"taxonomy":"product_tag","embeddable":true,"href":"https:\/\/b2c.fairs.vn\/en\/wp-json\/wp\/v2\/product_tag?post=11300"}],"curies":[{"name":"wp","href":"https:\/\/api.w.org\/{rel}","templated":true}]}}