{"id":11282,"date":"2024-03-28T10:47:03","date_gmt":"2024-03-28T03:47:03","guid":{"rendered":"https:\/\/b2c.fairs.vn\/?post_type=product&#038;p=11282"},"modified":"2024-04-23T16:15:59","modified_gmt":"2024-04-23T09:15:59","slug":"tinh-dau-nhau-cao-cap","status":"publish","type":"product","link":"https:\/\/b2c.fairs.vn\/en\/product\/tinh-dau-nhau-cao-cap\/","title":{"rendered":"Tinh d\u1ea7u nh\u00e0u cao c\u1ea5p"},"content":{"rendered":"<p>&#8211; Noni Oil \u0110\u01b0\u1ee3c Chi\u1ebft Xu\u1ea5t b\u1eb1ng C\u00f4ng Ngh\u1ec7 Co2 si\u00eau T\u1edbi H\u1ea1n C\u1ee7a \u0110\u1ee9c<br \/>\n&#8211; Noni Oil Ch\u0103m S\u00f3c Da, D\u01b0\u1ee1ng \u1ea8m Da Kh\u00f4ng Nh\u1eddn D\u00ednh, D\u1ec5 D\u00e0ng L\u00e0m S\u1ea1ch, L\u00e0m M\u1ecbn V\u00e0 Se Kh\u00edt L\u1ed7 Ch\u00e2n L\u00f4ng, Ng\u0103n Ng\u1eeba N\u00e1m, T\u00e0n Nhang, \u0110\u1ed3i M\u1ed3i<br \/>\n&#8211; H\u1ed7 Tr\u1ee3 C\u00e1c B\u1ec7nh Ngo\u00e0i Da Nh\u01b0 Vi\u00ean Da C\u01a1 \u0110\u1ecba, Vi\u00eam L\u1ed7 Ch\u00e2n L\u00f4ng, C\u00f4n Tr\u00f9ng \u0110\u1ed1t&#8230;&#8230;.<\/p>\n<p>&nbsp;<\/p>\n<p>NONI OIL<img decoding=\"async\" src=\"https:\/\/www.facebook.com\/images\/emoji.php\/v9\/te8\/1\/16\/1f330.png\" alt=\"????\" \/><img decoding=\"async\" src=\"https:\/\/www.facebook.com\/images\/emoji.php\/v9\/te8\/1\/16\/1f330.png\" alt=\"????\" \/><\/p>\n<p>C\u00f3 nhi\u1ec1u l\u1ee3i \u00edch cho s\u1ee9c kh\u1ecfe bao g\u1ed3m ch\u1ed1ng vi\u00eam nhi\u1ec5m, ch\u1ed1ng oxy h\u00f3a, gi\u1eef \u1ea9m cho da, t\u0103ng c\u01b0\u1eddng h\u1ec7 mi\u1ec5n d\u1ecbch.<\/p>\n<p><img decoding=\"async\" src=\"https:\/\/www.facebook.com\/images\/emoji.php\/v9\/t7b\/1\/16\/1f44c.png\" alt=\"????\" \/>D\u1ea7u Noni \u0111\u01b0\u1ee3c h\u1ea5p thu nhanh v\u00e0o da, ko h\u1ec1 b\u1ecb nh\u1eddn tr\u00ean b\u1ec1 m\u1eb7t da, gi\u00fap cho l\u00e0n da c\u00f3 kh\u1ea3 n\u0103ng t\u00e1i t\u1ea1o v\u00e0 c\u00e2n b\u1eb1ng, d\u1ea7u th\u1ea9m th\u1ea5u v\u00e0o c\u00e1c l\u1edbp s\u00e2u c\u1ee7a da, c\u00f3 ch\u1ea5t ch\u1ed1ng oxy h\u00f3a t\u1ef1 nhi\u00ean.<\/p>\n<p>ch\u00fang ta ti\u1ebfp x\u00fac v\u1edbi \u00e1nh n\u1eafng m\u1eb7t tr\u1eddi v\u00e0 c\u00e1c ch\u1ea5t \u00f4 nhi\u1ec5m m\u00f4i tr\u01b0\u1eddng l\u00e0 \u0111i\u1ec1u ko th\u1ec3 tr\u00e1nh kh\u1ecfi, \u0111i\u1ec1u quan tr\u1ecdng l\u00e0 ph\u1ea3i b\u1ea3o v\u1ec7 l\u00e0n da tr\u00e1nh kh\u1ecfi t\u00e1c h\u1ea1i m\u00e0 c\u00e1c g\u1ed1c t\u1ef1 do c\u00f3 th\u1ec3 x\u1ea3y ra, ngo\u00e0i ch\u1ebf \u0111\u1ed9 \u0103n u\u1ed1ng l\u00e0nh m\u1ea1nh th\u00ec m\u1ed9t trong nh\u1eefng c\u00e1ch t\u1ed1t nh\u1ea5t \u0111\u1ec3 ch\u1ed1ng l\u1ea1i c\u00e1c g\u1ed1c t\u1ef1 do l\u00e0 d\u00f9ng Noni oil \u0111\u1ec3 cung c\u1ea5p ch\u1ea5t ch\u1ed1ng oxy h\u00f3a tr\u1ef1c ti\u1ebfp<\/p>\n<p><img decoding=\"async\" src=\"https:\/\/www.facebook.com\/images\/emoji.php\/v9\/t7b\/1\/16\/1f44c.png\" alt=\"????\" \/>Noni oil \u0111\u01b0\u1ee3c tri\u1ebft xu\u1ea5t t\u1eeb h\u1ea1t qu\u1ea3 Nh\u00e0u, h\u1ea1t Noni r\u1ea5t gi\u00e0u axit Linoleic. Lionelic acid ch\u1ecbu tr\u00e1ch nhi\u1ec7m gi\u1eef cho khu\u00f4n m\u1eb7t gi\u1eef n\u01b0\u1edbc 1 c\u00e1ch t\u1ed1i \u01b0u. D\u1ea7u h\u1ea1t Noni \u0111\u01b0\u1ee3c s\u1eed d\u1ee5ng ch\u0103m s\u00f3c da s\u1ebd kh\u00f4ng l\u00e0m \u1ed1 da, c\u00f3 t\u00e1c d\u1ee5ng ch\u1ed1ng vi\u00eam, ch\u1ed1ng oxy h\u00f3a v\u00e0 m\u1ed9t lo\u1ea1t c\u00e1c ch\u1ea5t dinh d\u01b0\u1ee1ng c\u00f3 l\u1ee3i<\/p>\n<p><img decoding=\"async\" src=\"https:\/\/www.facebook.com\/images\/emoji.php\/v9\/tfc\/1\/16\/1f44d.png\" alt=\"????\" \/>th\u00e0nh ph\u1ea7n ch\u00ednh trong Noni Oil:<\/p>\n<p>xeronie, Tani, Amino Acids, anthraquinone, flavonoid, iridoids, lignans, polysacarit, sterol, terpemoids, scopoletin, asperulide, rutin, axit linoleic, axit amin, alkaloids<\/p>\n<p><img decoding=\"async\" src=\"https:\/\/www.facebook.com\/images\/emoji.php\/v9\/tfc\/1\/16\/1f44d.png\" alt=\"????\" \/>V\u1eady c\u00f4ng d\u1ee5ng ch\u00ednh c\u1ee7a Noni Oil l\u00e0 g\u00ec<\/p>\n<p>&#8211; Noni Oil ch\u1ee9a c\u00e1c axit b\u00e9o c\u1ee5 th\u1ec3 \u0111\u00e3 \u0111\u01b0\u1ee3c ch\u1ee9ng minh l\u00e0 c\u1ea3i thi\u1ec7n s\u1ef1 h\u1ea5p th\u1ee5 c\u00e1c h\u1ee3p ch\u1ea5t d\u01b0\u1ee3c li\u1ec7u qua da. D\u01b0\u1edbi \u0111\u00e2y l\u00e0 m\u1ed9t s\u1ed1 l\u1ee3i \u00edch c\u1ee7a lo\u1ea1i Oil qu\u00fd n\u00e0y:<\/p>\n<p>+ t\u0103ng c\u01b0\u1eddng h\u1ea5p thu qua da<\/p>\n<p>+ l\u00e0m m\u1ec1m, d\u1ecbu v\u00e0 gi\u1eef \u1ea9m cho da, gi\u1ea3m nh\u0103n, m\u1edd n\u00e1m<\/p>\n<p>+c\u1ea3i thi\u1ec7n v\u1ebft th\u01b0\u01a1ng: tr\u1ea7y x\u01b0\u1edbc, zona th\u1ea7n kinh, c\u00f4n tr\u00f9ng \u0111\u1ed1t<\/p>\n<p>+ \u0111\u1eb7c t\u00ednh ch\u1ed1ng m\u1ee5n<\/p>\n<p>+ \u0111\u1eb7c t\u00ednh ch\u1ed1ng vi\u00eam<\/p>\n<p>+ kh\u00f4ng g\u00e2y k\u00edch \u1ee9ng<\/p>\n<p>+Phytosterol c\u00f3 trong d\u1ea7u h\u1ea1t Noni \u0111\u01b0\u1ee3c b\u00e1o c\u00e1o l\u00e0 c\u00f3 t\u00e1c d\u1ee5ng ch\u1ed1ng ung th\u01b0, ch\u1ed1ng oxy h\u00f3a, ch\u1ed1ng vi khu\u1ea9n v\u00e0 ch\u1ed1ng vi\u00eam. Ch\u00ednh v\u00ec v\u1eady m\u00e0 e n\u00f3 c\u00f2n th\u00eam 1 c\u00f4ng d\u1ee5ng n\u1eefa v\u1edbi ph\u1ee5 n\u1eef ch\u00fang m\u00ecnh l\u00e0 h\u1ed7 tr\u1ee3 x\u1eed l\u00fd vi\u00eam, n\u1ea5m \u00e2m \u0111\u1ea1o n\u1eefa \u0111\u00f3 \u1ea1<\/p>\n<p>+t\u0103ng c\u01b0\u1eddng s\u1ee9c kh\u1ecfe l\u00e0n da t\u1ed5ng th\u1ec3<\/p>\n<p>&nbsp;<\/p>\n<p>&nbsp;<\/p>\n<p>&nbsp;<\/p>","protected":false},"excerpt":{"rendered":"<p>&#8211; Noni Oil \u0110\u01b0\u1ee3c Chi\u1ebft Xu\u1ea5t b\u1eb1ng C\u00f4ng Ngh\u1ec7 Co2 si\u00eau T\u1edbi H\u1ea1n C\u1ee7a \u0110\u1ee9c &#8211; Noni Oil Ch\u0103m S\u00f3c<\/p>","protected":false},"featured_media":11286,"comment_status":"open","ping_status":"closed","template":"","meta":{"_acf_changed":false},"product_cat":[332,366,398,335],"product_tag":[],"class_list":{"0":"post-11282","1":"product","2":"type-product","3":"status-publish","4":"has-post-thumbnail","6":"product_cat-san-pham-duoc-lieu-va-san-pham-tu-duoc-lieu","7":"product_cat-hang-cnnt-cap-qg","8":"product_cat-san-pham-cnnt-tb-cap-qg-2021","9":"product_cat-tinh-dau-va-thao-duoc-khac","11":"first","12":"instock","13":"shipping-taxable","14":"purchasable","15":"product-type-simple"},"acf":[],"_links":{"self":[{"href":"https:\/\/b2c.fairs.vn\/en\/wp-json\/wp\/v2\/product\/11282","targetHints":{"allow":["GET"]}}],"collection":[{"href":"https:\/\/b2c.fairs.vn\/en\/wp-json\/wp\/v2\/product"}],"about":[{"href":"https:\/\/b2c.fairs.vn\/en\/wp-json\/wp\/v2\/types\/product"}],"replies":[{"embeddable":true,"href":"https:\/\/b2c.fairs.vn\/en\/wp-json\/wp\/v2\/comments?post=11282"}],"version-history":[{"count":0,"href":"https:\/\/b2c.fairs.vn\/en\/wp-json\/wp\/v2\/product\/11282\/revisions"}],"wp:featuredmedia":[{"embeddable":true,"href":"https:\/\/b2c.fairs.vn\/en\/wp-json\/wp\/v2\/media\/11286"}],"wp:attachment":[{"href":"https:\/\/b2c.fairs.vn\/en\/wp-json\/wp\/v2\/media?parent=11282"}],"wp:term":[{"taxonomy":"product_cat","embeddable":true,"href":"https:\/\/b2c.fairs.vn\/en\/wp-json\/wp\/v2\/product_cat?post=11282"},{"taxonomy":"product_tag","embeddable":true,"href":"https:\/\/b2c.fairs.vn\/en\/wp-json\/wp\/v2\/product_tag?post=11282"}],"curies":[{"name":"wp","href":"https:\/\/api.w.org\/{rel}","templated":true}]}}