{"id":11278,"date":"2024-03-28T10:45:18","date_gmt":"2024-03-28T03:45:18","guid":{"rendered":"https:\/\/b2c.fairs.vn\/?post_type=product&#038;p=11278"},"modified":"2024-03-28T10:45:18","modified_gmt":"2024-03-28T03:45:18","slug":"bot-banh-xeo","status":"publish","type":"product","link":"https:\/\/b2c.fairs.vn\/en\/product\/bot-banh-xeo\/","title":{"rendered":"B\u1ed9t b\u00e1nh x\u00e8o"},"content":{"rendered":"<div class=\"row\">\n<div class=\"col-sm-6\">\n<div class=\"intro\">\n<p><strong>Tr\u1ecdng l\u01b0\u1ee3ng t\u1ecbnh:<\/strong>\u00a0400<\/p>\n<p><strong>Th\u00e0nh ph\u1ea7n:<\/strong>\u00a0b\u1ed9t g\u1ea1o, tinh b\u1ed9t khoai m\u00ec, b\u1ed9t ngh\u1ec7 v\u00e0 mu\u1ed1i<\/p>\n<\/div>\n<\/div>\n<\/div>\n<div class=\"row\">\n<div class=\"col-sm-8\">\n<div class=\"fulltext\">\n<p><strong>H\u01b0\u1edbng d\u1eabn s\u1eed d\u1ee5ng<\/strong><\/p>\n<p>+ B\u01b0\u1edbc 1: 400 g b\u1ed9t b\u00e1nh x\u00e8o h\u00f2a v\u1edbi 700 ml n\u01b0\u1edbc c\u1ed1t d\u1eeba, b\u1ed9t ngh\u1ec7 v\u00e0 h\u00e0nh l\u00e1 th\u00e1i nh\u1ecf, khu\u1ea5y \u0111\u1ec1u<br \/>\n+ B\u01b0\u1edbc 2: Tr\u00e1ng d\u1ea7u v\u00e0o ch\u1ea3o \u0111\u00e3 th\u1eadt n\u00f3ng, ti\u1ebfn h\u00e0nh cho th\u1ecbt, t\u00f4m, n\u1ea5m v\u00e0o x\u00e0o. Sau \u0111\u00f3, \u0111\u1ed5 b\u1ed9t b\u00e1nh x\u00e8o (\u0111\u00e3 khu\u1ea5y \u0111\u1ec1u) v\u00e0o ch\u1ea3o, tr\u00e1ng \u0111\u1ec1u, th\u00eam gi\u00e1 v\u00e0o gi\u1eefa ch\u1ea3o.<br \/>\n+ B\u01b0\u1edbc 3: \u0110\u1eady n\u1eafp kho\u1ea3ng 3 \u2013 4 ph\u00fat.<br \/>\n+ B\u01b0\u1edbc 4: Khi th\u1ea5y b\u00e1nh x\u00e8o ch\u00edn gi\u00f2n v\u00e0 v\u00e0ng \u0111\u1ec1u, g\u1eadp \u0111\u00f4i b\u00e1nh l\u1ea1i, l\u1ea5y b\u00e1nh ra d\u0129a d\u00f9ng chung v\u1edbi rau v\u00e0 n\u01b0\u1edbc m\u1eafm.<\/p>\n<p>B\u00e1nh x\u00e8o l\u00e0 m\u1ed9t \u1ea9m th\u1ef1c truy\u1ec1n th\u1ed1ng n\u1ed5i ti\u1ebfng v\u00e0 c\u0169ng l\u00e0 m\u1ed9t m\u00f3n \u0103n quen thu\u1ed9c c\u1ee7a m\u1ecdi gia \u0111\u00ecnh ng\u01b0\u1eddi mi\u1ec1n Nam.<\/p>\n<p>B\u1ed9t b\u00e1nh x\u00e8o Nguy\u00ean H\u1eadu gi\u00fap ti\u1ebft ki\u1ec7m th\u1eddi gian chu\u1ea9n b\u1ecb, \u0111\u1ed3ng th\u1eddi v\u1edbi c\u00f4ng th\u1ee9c pha ch\u1ebf truy\u1ec1n th\u1ed1ng h\u1ee3p l\u00fd gi\u00fap b\u1ea1n th\u00eam s\u1ef1 t\u1ef1 tin khi \u0111\u1ed5 b\u00e1nh x\u00e8o. S\u1eed d\u1ee5ng b\u1ed9t b\u00e1nh x\u00e8o Nguy\u00ean H\u1eadu s\u1ebd g\u00f3p ph\u1ea7n t\u1ea1o n\u00ean m\u00f3n \u0103n th\u01a1m ngon v\u00e0ng gi\u00f2n h\u1ea5p d\u1eabn.<\/p>\n<\/div>\n<\/div>\n<\/div>","protected":false},"excerpt":{"rendered":"<div class=\"row\">\n<div class=\"col-sm-6\">\n<div class=\"intro\">\n<p><strong>Tr\u1ecdng l\u01b0\u1ee3ng t\u1ecbnh:<\/strong>\u00a0400<\/p>\n<p><strong>Th\u00e0nh ph\u1ea7n:<\/strong>\u00a0b\u1ed9t g\u1ea1o, tinh b\u1ed9t khoai m\u00ec, b\u1ed9t ngh\u1ec7 v\u00e0 mu\u1ed1i<\/p>\n<\/div>\n<\/div>\n<\/div>\n<div class=\"row\">\n<div class=\"col-sm-8\">\n<div class=\"fulltext\">\n<p><strong>H\u01b0\u1edbng d\u1eabn s\u1eed d\u1ee5ng<\/strong><\/p>\n<p>+ B\u01b0\u1edbc 1: 400 g b\u1ed9t b\u00e1nh x\u00e8o h\u00f2a v\u1edbi 700 ml n\u01b0\u1edbc c\u1ed1t d\u1eeba, b\u1ed9t ngh\u1ec7 v\u00e0 h\u00e0nh l\u00e1 th\u00e1i nh\u1ecf, khu\u1ea5y \u0111\u1ec1u<br \/>\n+ B\u01b0\u1edbc 2: Tr\u00e1ng d\u1ea7u v\u00e0o ch\u1ea3o \u0111\u00e3 th\u1eadt n\u00f3ng, ti\u1ebfn h\u00e0nh cho th\u1ecbt, t\u00f4m, n\u1ea5m v\u00e0o x\u00e0o. Sau \u0111\u00f3, \u0111\u1ed5 b\u1ed9t b\u00e1nh x\u00e8o (\u0111\u00e3 khu\u1ea5y \u0111\u1ec1u) v\u00e0o ch\u1ea3o, tr\u00e1ng \u0111\u1ec1u, th\u00eam gi\u00e1 v\u00e0o gi\u1eefa ch\u1ea3o.<br \/>\n+ B\u01b0\u1edbc 3: \u0110\u1eady n\u1eafp kho\u1ea3ng 3 \u2013 4 ph\u00fat.<br \/>\n+ B\u01b0\u1edbc 4: Khi th\u1ea5y b\u00e1nh x\u00e8o ch\u00edn gi\u00f2n v\u00e0 v\u00e0ng \u0111\u1ec1u, g\u1eadp \u0111\u00f4i b\u00e1nh l\u1ea1i, l\u1ea5y b\u00e1nh ra d\u0129a d\u00f9ng chung v\u1edbi rau v\u00e0 n\u01b0\u1edbc m\u1eafm.<\/p>\n<p>B\u00e1nh x\u00e8o l\u00e0 m\u1ed9t \u1ea9m th\u1ef1c truy\u1ec1n th\u1ed1ng n\u1ed5i ti\u1ebfng v\u00e0 c\u0169ng l\u00e0 m\u1ed9t m\u00f3n \u0103n quen thu\u1ed9c c\u1ee7a m\u1ecdi gia \u0111\u00ecnh ng\u01b0\u1eddi mi\u1ec1n Nam.<\/p>\n<p>B\u1ed9t b\u00e1nh x\u00e8o Nguy\u00ean H\u1eadu gi\u00fap ti\u1ebft ki\u1ec7m th\u1eddi gian chu\u1ea9n b\u1ecb, \u0111\u1ed3ng th\u1eddi v\u1edbi c\u00f4ng th\u1ee9c pha ch\u1ebf truy\u1ec1n th\u1ed1ng h\u1ee3p l\u00fd gi\u00fap b\u1ea1n th\u00eam s\u1ef1 t\u1ef1 tin khi \u0111\u1ed5 b\u00e1nh x\u00e8o. S\u1eed d\u1ee5ng b\u1ed9t b\u00e1nh x\u00e8o Nguy\u00ean H\u1eadu s\u1ebd g\u00f3p ph\u1ea7n t\u1ea1o n\u00ean m\u00f3n \u0103n th\u01a1m ngon v\u00e0ng gi\u00f2n h\u1ea5p d\u1eabn.<\/p>\n<\/div>\n<\/div>\n<\/div>","protected":false},"featured_media":11283,"comment_status":"open","ping_status":"closed","template":"","meta":{"_acf_changed":false},"product_cat":[311,22,310],"product_tag":[],"class_list":{"0":"post-11278","1":"product","2":"type-product","3":"status-publish","4":"has-post-thumbnail","6":"product_cat-gao-ngu-coc-hat-so-che-khac","7":"product_cat-sanphamthucpham","8":"product_cat-thuc-pham-tho-so-che","10":"first","11":"instock","12":"shipping-taxable","13":"product-type-simple"},"acf":[],"_links":{"self":[{"href":"https:\/\/b2c.fairs.vn\/en\/wp-json\/wp\/v2\/product\/11278","targetHints":{"allow":["GET"]}}],"collection":[{"href":"https:\/\/b2c.fairs.vn\/en\/wp-json\/wp\/v2\/product"}],"about":[{"href":"https:\/\/b2c.fairs.vn\/en\/wp-json\/wp\/v2\/types\/product"}],"replies":[{"embeddable":true,"href":"https:\/\/b2c.fairs.vn\/en\/wp-json\/wp\/v2\/comments?post=11278"}],"version-history":[{"count":0,"href":"https:\/\/b2c.fairs.vn\/en\/wp-json\/wp\/v2\/product\/11278\/revisions"}],"wp:featuredmedia":[{"embeddable":true,"href":"https:\/\/b2c.fairs.vn\/en\/wp-json\/wp\/v2\/media\/11283"}],"wp:attachment":[{"href":"https:\/\/b2c.fairs.vn\/en\/wp-json\/wp\/v2\/media?parent=11278"}],"wp:term":[{"taxonomy":"product_cat","embeddable":true,"href":"https:\/\/b2c.fairs.vn\/en\/wp-json\/wp\/v2\/product_cat?post=11278"},{"taxonomy":"product_tag","embeddable":true,"href":"https:\/\/b2c.fairs.vn\/en\/wp-json\/wp\/v2\/product_tag?post=11278"}],"curies":[{"name":"wp","href":"https:\/\/api.w.org\/{rel}","templated":true}]}}