{"id":11272,"date":"2024-03-28T10:55:12","date_gmt":"2024-03-28T03:55:12","guid":{"rendered":"https:\/\/b2c.fairs.vn\/?post_type=product&#038;p=11272"},"modified":"2024-04-19T13:25:49","modified_gmt":"2024-04-19T06:25:49","slug":"mat-dua-nuoc-vietnipa-co-dac","status":"publish","type":"product","link":"https:\/\/b2c.fairs.vn\/en\/product\/mat-dua-nuoc-vietnipa-co-dac\/","title":{"rendered":"M\u1eadt d\u01b0\u0300a n\u01b0\u01a1\u0301c VIETNIPA c\u00f4 \u0111\u1eb7c"},"content":{"rendered":"<p>&#8211; Th\u01b0\u01a1ng hi\u1ec7u: Vietnipa<br \/>\n&#8211; Xu\u1ea5t x\u1ee9: C\u1ea7n Gi\u1edd<br \/>\n&#8211; H\u1ea1n s\u1eed d\u1ee5ng: 12 th\u00e1ng<\/p>\n<p>&#8211; Th\u00e0nh ph\u1ea7n: 100% tinh ch\u1ea5t Cu\u1ed1ng D\u1eeba N\u01b0\u1edbc \u0111\u01b0\u1ee3c c\u00f4 \u0111\u1eb7c v\u00e0 thanh tr\u00f9ng, kh\u00f4ng ch\u1ee9a ch\u1ea5t b\u1ea3o qu\u1ea3n v\u00e0 ph\u1ee5 gia, an to\u00e0n v\u1edbi s\u1ee9c kh\u1ecfe.<\/p>","protected":false},"excerpt":{"rendered":"<p>&#8211; Th\u01b0\u01a1ng hi\u1ec7u: Vietnipa &#8211; Xu\u1ea5t x\u1ee9: C\u1ea7n Gi\u1edd &#8211; H\u1ea1n s\u1eed d\u1ee5ng: 12 th\u00e1ng &#8211; Th\u00e0nh ph\u1ea7n: 100% tinh<\/p>","protected":false},"featured_media":11317,"comment_status":"open","ping_status":"closed","template":"","meta":{"_acf_changed":false},"product_cat":[317,366,367,22,313],"product_tag":[],"class_list":{"0":"post-11272","1":"product","2":"type-product","3":"status-publish","4":"has-post-thumbnail","6":"product_cat-che-bien-tu-thit-trung-sua-thuy-san-cac-san-pham-tu-mat-ong-mat-khac-va-nong-san-thuc-pham-khac","7":"product_cat-hang-cnnt-cap-qg","8":"product_cat-hang-cnnt-cap-qg-2023","9":"product_cat-sanphamthucpham","10":"product_cat-thuc-pham-che-bien","12":"first","13":"instock","14":"shipping-taxable","15":"purchasable","16":"product-type-variable"},"acf":[],"_links":{"self":[{"href":"https:\/\/b2c.fairs.vn\/en\/wp-json\/wp\/v2\/product\/11272","targetHints":{"allow":["GET"]}}],"collection":[{"href":"https:\/\/b2c.fairs.vn\/en\/wp-json\/wp\/v2\/product"}],"about":[{"href":"https:\/\/b2c.fairs.vn\/en\/wp-json\/wp\/v2\/types\/product"}],"replies":[{"embeddable":true,"href":"https:\/\/b2c.fairs.vn\/en\/wp-json\/wp\/v2\/comments?post=11272"}],"version-history":[{"count":0,"href":"https:\/\/b2c.fairs.vn\/en\/wp-json\/wp\/v2\/product\/11272\/revisions"}],"wp:featuredmedia":[{"embeddable":true,"href":"https:\/\/b2c.fairs.vn\/en\/wp-json\/wp\/v2\/media\/11317"}],"wp:attachment":[{"href":"https:\/\/b2c.fairs.vn\/en\/wp-json\/wp\/v2\/media?parent=11272"}],"wp:term":[{"taxonomy":"product_cat","embeddable":true,"href":"https:\/\/b2c.fairs.vn\/en\/wp-json\/wp\/v2\/product_cat?post=11272"},{"taxonomy":"product_tag","embeddable":true,"href":"https:\/\/b2c.fairs.vn\/en\/wp-json\/wp\/v2\/product_tag?post=11272"}],"curies":[{"name":"wp","href":"https:\/\/api.w.org\/{rel}","templated":true}]}}