{"id":11269,"date":"2024-03-28T10:42:37","date_gmt":"2024-03-28T03:42:37","guid":{"rendered":"https:\/\/b2c.fairs.vn\/?post_type=product&#038;p=11269"},"modified":"2024-03-28T10:42:41","modified_gmt":"2024-03-28T03:42:41","slug":"mien-dau-xanh","status":"publish","type":"product","link":"https:\/\/b2c.fairs.vn\/en\/product\/mien-dau-xanh\/","title":{"rendered":"Mi\u1ebfn \u0111\u1eadu xanh"},"content":{"rendered":"<div class=\"row\">\n<div class=\"col-sm-6\">\n<div class=\"intro\">\n<p><strong>Tr\u1ecdng l\u01b0\u1ee3ng t\u1ecbnh:<\/strong>\u00a0200 g<\/p>\n<p><strong>Th\u00e0nh ph\u1ea7n:<\/strong>\u00a0100% tinh b\u1ed9t \u0111\u1eadu xanh<\/p>\n<\/div>\n<\/div>\n<\/div>\n<div class=\"row\">\n<div class=\"col-sm-8\">\n<div class=\"fulltext\">\n<h2>Ph\u00f9 h\u1ee3p cho ng\u01b0\u1eddi mu\u1ed1n gi\u1ea3m c\u00e2n<\/h2>\n<p>Mi\u1ebfn khoai t\u00e2y Nguy\u00ean H\u1eadu \u0111\u01b0\u1ee3c ch\u1ebf bi\u1ebfn tr\u00ean d\u00e2y chuy\u1ec1n h\u1ee3p v\u1ec7 sinh v\u1edbi h\u1ec7 th\u1ed1ng qu\u1ea3n l\u00fd ch\u1ea5t l\u01b0\u1ee3ng ch\u1eb7t ch\u1ebd n\u00ean s\u1ea3n ph\u1ea9m \u0111\u1ea3m b\u1ea3o an to\u00e0n s\u1ee9c kh\u1ecfe cho ng\u01b0\u1eddi ti\u00eau d\u00f9ng.<\/p>\n<p>Mi\u1ebfn khoai t\u00e2y l\u00e0 m\u1ed9t trong nh\u1eefng th\u1ef1c ph\u1ea9m tuy\u1ec7t v\u1eddi d\u00e0nh cho ng\u01b0\u1eddi mu\u1ed1n gi\u1ea3m c\u00e2n v\u00ec mi\u1ebfn cung c\u1ea5p \u00edt calo, \u0111\u1eb7c bi\u1ec7t kh\u00f4ng ch\u1ee9a ch\u1ea5t b\u00e9o v\u00e0 cholesterol.<\/p>\n<p><strong>H\u01b0\u1edbng d\u1eabn s\u1eed d\u1ee5ng<\/strong><\/p>\n<p>+ B\u01b0\u1edbc 1: Ng\u00e2m mi\u1ebfn trong n\u01b0\u1edbc l\u1ea1nh kho\u1ea3ng 5 &#8211; 10 ph\u00fat<br \/>\n+ B\u01b0\u1edbc 2: Tr\u1ee5ng v\u1edbi n\u01b0\u1edbc s\u00f4i kho\u1ea3ng 5 ph\u00fat<br \/>\n+ B\u01b0\u1edbc 3: V\u1edbt ra, r\u1eeda b\u1eb1ng n\u01b0\u1edbc s\u1ea1ch, \u0111\u1ec3 r\u00e1o, c\u00f3 th\u1ec3 d\u00f9ng \u0111\u1ec3:<\/p>\n<p>a) X\u00e0o v\u1edbi th\u1ecbt, t\u00f4m, tr\u1ee9ng, m\u1ef1c, t\u00f4m, rau, gia v\u1ecb \u2026<br \/>\nb) N\u1ea5u v\u1edbi n\u01b0\u1edbc soup (th\u1ecbt, g\u00e0, v\u1ecbt, c\u1ee7 c\u00e1c lo\u1ea1i,\u2026)<\/p>\n<p>Mi\u1ebfn \u0111\u1eadu xanh Nguy\u00ean H\u1eadu t\u1ef1 h\u00e0o mang l\u1ea1i th\u1ef1c ph\u1ea9m an to\u00e0n cho gia \u0111\u00ecnh b\u1ea1n.<\/p>\n<\/div>\n<\/div>\n<\/div>","protected":false},"excerpt":{"rendered":"<div class=\"row\">\n<div class=\"col-sm-6\">\n<div class=\"intro\">\n<p><strong>Tr\u1ecdng l\u01b0\u1ee3ng t\u1ecbnh:<\/strong>\u00a0200 g<\/p>\n<p><strong>Th\u00e0nh ph\u1ea7n:<\/strong>\u00a0100% tinh b\u1ed9t \u0111\u1eadu xanh<\/p>\n<\/div>\n<\/div>\n<\/div>\n<div class=\"row\">\n<div class=\"col-sm-8\">\n<div class=\"fulltext\">\n<h2>Ph\u00f9 h\u1ee3p cho ng\u01b0\u1eddi mu\u1ed1n gi\u1ea3m c\u00e2n<\/h2>\n<p>Mi\u1ebfn khoai t\u00e2y Nguy\u00ean H\u1eadu \u0111\u01b0\u1ee3c ch\u1ebf bi\u1ebfn tr\u00ean d\u00e2y chuy\u1ec1n h\u1ee3p v\u1ec7 sinh v\u1edbi h\u1ec7 th\u1ed1ng qu\u1ea3n l\u00fd ch\u1ea5t l\u01b0\u1ee3ng ch\u1eb7t ch\u1ebd n\u00ean s\u1ea3n ph\u1ea9m \u0111\u1ea3m b\u1ea3o an to\u00e0n s\u1ee9c kh\u1ecfe cho ng\u01b0\u1eddi ti\u00eau d\u00f9ng.<\/p>\n<p>Mi\u1ebfn khoai t\u00e2y l\u00e0 m\u1ed9t trong nh\u1eefng th\u1ef1c ph\u1ea9m tuy\u1ec7t v\u1eddi d\u00e0nh cho ng\u01b0\u1eddi mu\u1ed1n gi\u1ea3m c\u00e2n v\u00ec mi\u1ebfn cung c\u1ea5p \u00edt calo, \u0111\u1eb7c bi\u1ec7t kh\u00f4ng ch\u1ee9a ch\u1ea5t b\u00e9o v\u00e0 cholesterol.<\/p>\n<p><strong>H\u01b0\u1edbng d\u1eabn s\u1eed d\u1ee5ng<\/strong><\/p>\n<p>+ B\u01b0\u1edbc 1: Ng\u00e2m mi\u1ebfn trong n\u01b0\u1edbc l\u1ea1nh kho\u1ea3ng 5 &#8211; 10 ph\u00fat<br \/>\n+ B\u01b0\u1edbc 2: Tr\u1ee5ng v\u1edbi n\u01b0\u1edbc s\u00f4i kho\u1ea3ng 5 ph\u00fat<br \/>\n+ B\u01b0\u1edbc 3: V\u1edbt ra, r\u1eeda b\u1eb1ng n\u01b0\u1edbc s\u1ea1ch, \u0111\u1ec3 r\u00e1o, c\u00f3 th\u1ec3 d\u00f9ng \u0111\u1ec3:<\/p>\n<p>a) X\u00e0o v\u1edbi th\u1ecbt, t\u00f4m, tr\u1ee9ng, m\u1ef1c, t\u00f4m, rau, gia v\u1ecb \u2026<br \/>\nb) N\u1ea5u v\u1edbi n\u01b0\u1edbc soup (th\u1ecbt, g\u00e0, v\u1ecbt, c\u1ee7 c\u00e1c lo\u1ea1i,\u2026)<\/p>\n<p>Mi\u1ebfn \u0111\u1eadu xanh Nguy\u00ean H\u1eadu t\u1ef1 h\u00e0o mang l\u1ea1i th\u1ef1c ph\u1ea9m an to\u00e0n cho gia \u0111\u00ecnh b\u1ea1n.<\/p>\n<\/div>\n<\/div>\n<\/div>","protected":false},"featured_media":11271,"comment_status":"open","ping_status":"closed","template":"","meta":{"_acf_changed":false},"product_cat":[315,22,313],"product_tag":[],"class_list":{"0":"post-11269","1":"product","2":"type-product","3":"status-publish","4":"has-post-thumbnail","6":"product_cat-che-bien-tu-gao-ngu-coc","7":"product_cat-sanphamthucpham","8":"product_cat-thuc-pham-che-bien","10":"first","11":"instock","12":"shipping-taxable","13":"product-type-simple"},"acf":[],"_links":{"self":[{"href":"https:\/\/b2c.fairs.vn\/en\/wp-json\/wp\/v2\/product\/11269","targetHints":{"allow":["GET"]}}],"collection":[{"href":"https:\/\/b2c.fairs.vn\/en\/wp-json\/wp\/v2\/product"}],"about":[{"href":"https:\/\/b2c.fairs.vn\/en\/wp-json\/wp\/v2\/types\/product"}],"replies":[{"embeddable":true,"href":"https:\/\/b2c.fairs.vn\/en\/wp-json\/wp\/v2\/comments?post=11269"}],"version-history":[{"count":0,"href":"https:\/\/b2c.fairs.vn\/en\/wp-json\/wp\/v2\/product\/11269\/revisions"}],"wp:featuredmedia":[{"embeddable":true,"href":"https:\/\/b2c.fairs.vn\/en\/wp-json\/wp\/v2\/media\/11271"}],"wp:attachment":[{"href":"https:\/\/b2c.fairs.vn\/en\/wp-json\/wp\/v2\/media?parent=11269"}],"wp:term":[{"taxonomy":"product_cat","embeddable":true,"href":"https:\/\/b2c.fairs.vn\/en\/wp-json\/wp\/v2\/product_cat?post=11269"},{"taxonomy":"product_tag","embeddable":true,"href":"https:\/\/b2c.fairs.vn\/en\/wp-json\/wp\/v2\/product_tag?post=11269"}],"curies":[{"name":"wp","href":"https:\/\/api.w.org\/{rel}","templated":true}]}}