{"id":11255,"date":"2024-03-28T10:41:11","date_gmt":"2024-03-28T03:41:11","guid":{"rendered":"https:\/\/b2c.fairs.vn\/?post_type=product&#038;p=11255"},"modified":"2024-03-28T10:41:11","modified_gmt":"2024-03-28T03:41:11","slug":"banh-trang-gao-lut","status":"publish","type":"product","link":"https:\/\/b2c.fairs.vn\/en\/product\/banh-trang-gao-lut\/","title":{"rendered":"B\u00e1nh tr\u00e1ng g\u1ea1o l\u1ee9t"},"content":{"rendered":"<div class=\"row\">\n<div class=\"col-sm-6\">\n<div class=\"intro\">\n<p><strong>Tr\u1ecdng l\u01b0\u1ee3ng t\u1ecbnh:<\/strong>\u00a0200 g<\/p>\n<p><strong>Th\u00e0nh ph\u1ea7n:<\/strong>\u00a0g\u1ea1o l\u1ee9t huy\u1ebft r\u1ed3ng, tinh b\u1ed9t khoai m\u00ec v\u00e0 mu\u1ed1i<\/p>\n<\/div>\n<\/div>\n<\/div>\n<div class=\"row\">\n<div class=\"col-sm-8\">\n<div class=\"fulltext\">\n<p><strong>H\u01b0\u1edbng d\u1eabn s\u1eed d\u1ee5ng:<\/strong>\u00a0D\u00f9ng l\u00e0m g\u1ecfi cu\u1ed1n, b\u00ec cu\u1ed1n,&#8230;<\/p>\n<p>B\u00e1nh tr\u00e1ng g\u1ea1o l\u1ee9t Nguy\u00ean H\u1eadu \u0111\u01b0\u1ee3c s\u1ea3n xu\u1ea5t t\u1eeb g\u1ea1o l\u1ee9t huy\u1ebft r\u1ed3ng, tinh b\u1ed9t khoai m\u00ec v\u00e0 mu\u1ed1i, kh\u00f4ng ch\u1ee9a ch\u1ea5t b\u1ea3o qu\u1ea3n n\u00ean r\u1ea5t an to\u00e0n cho s\u1ee9c kh\u1ecfe ng\u01b0\u1eddi ti\u00eau d\u00f9ng.<\/p>\n<p>B\u00e1nh tr\u00e1ng g\u1ea1o l\u1ee9t Nguy\u00ean H\u1eadu \u0111\u01b0\u1ee3c s\u1ea3n xu\u1ea5t tr\u00ean d\u00e2y chuy\u1ec1n c\u00f4ng ngh\u1ec7 ti\u00ean ti\u1ebfn, ho\u00e0n to\u00e0n kh\u00e9p k\u00edn t\u1eeb c\u00f4ng \u0111o\u1ea1n \u0111\u1ea7u ti\u00ean cho \u0111\u1ebfn th\u00e0nh ph\u1ea9m n\u00ean \u0111\u1ea3m b\u1ea3o an to\u00e0n v\u1ec7 sinh th\u1ef1c ph\u1ea9m.<\/p>\n<p>B\u00e1nh tr\u00e1ng g\u1ea1o l\u1ee9t m\u1ed9t th\u1ef1c ph\u1ea9m t\u1ed1t cho s\u1ee9c kh\u1ecfe.<\/p>\n<\/div>\n<\/div>\n<\/div>","protected":false},"excerpt":{"rendered":"<div class=\"row\">\n<div class=\"col-sm-6\">\n<div class=\"intro\">\n<p><strong>Tr\u1ecdng l\u01b0\u1ee3ng t\u1ecbnh:<\/strong>\u00a0200 g<\/p>\n<p><strong>Th\u00e0nh ph\u1ea7n:<\/strong>\u00a0g\u1ea1o l\u1ee9t huy\u1ebft r\u1ed3ng, tinh b\u1ed9t khoai m\u00ec v\u00e0 mu\u1ed1i<\/p>\n<\/div>\n<\/div>\n<\/div>\n<div class=\"row\">\n<div class=\"col-sm-8\">\n<div class=\"fulltext\">\n<p><strong>H\u01b0\u1edbng d\u1eabn s\u1eed d\u1ee5ng:<\/strong>\u00a0D\u00f9ng l\u00e0m g\u1ecfi cu\u1ed1n, b\u00ec cu\u1ed1n,&#8230;<\/p>\n<p>B\u00e1nh tr\u00e1ng g\u1ea1o l\u1ee9t Nguy\u00ean H\u1eadu \u0111\u01b0\u1ee3c s\u1ea3n xu\u1ea5t t\u1eeb g\u1ea1o l\u1ee9t huy\u1ebft r\u1ed3ng, tinh b\u1ed9t khoai m\u00ec v\u00e0 mu\u1ed1i, kh\u00f4ng ch\u1ee9a ch\u1ea5t b\u1ea3o qu\u1ea3n n\u00ean r\u1ea5t an to\u00e0n cho s\u1ee9c kh\u1ecfe ng\u01b0\u1eddi ti\u00eau d\u00f9ng.<\/p>\n<p>B\u00e1nh tr\u00e1ng g\u1ea1o l\u1ee9t Nguy\u00ean H\u1eadu \u0111\u01b0\u1ee3c s\u1ea3n xu\u1ea5t tr\u00ean d\u00e2y chuy\u1ec1n c\u00f4ng ngh\u1ec7 ti\u00ean ti\u1ebfn, ho\u00e0n to\u00e0n kh\u00e9p k\u00edn t\u1eeb c\u00f4ng \u0111o\u1ea1n \u0111\u1ea7u ti\u00ean cho \u0111\u1ebfn th\u00e0nh ph\u1ea9m n\u00ean \u0111\u1ea3m b\u1ea3o an to\u00e0n v\u1ec7 sinh th\u1ef1c ph\u1ea9m.<\/p>\n<p>B\u00e1nh tr\u00e1ng g\u1ea1o l\u1ee9t m\u1ed9t th\u1ef1c ph\u1ea9m t\u1ed1t cho s\u1ee9c kh\u1ecfe.<\/p>\n<\/div>\n<\/div>\n<\/div>","protected":false},"featured_media":11267,"comment_status":"open","ping_status":"closed","template":"","meta":{"_acf_changed":false},"product_cat":[315,22,313],"product_tag":[],"class_list":{"0":"post-11255","1":"product","2":"type-product","3":"status-publish","4":"has-post-thumbnail","6":"product_cat-che-bien-tu-gao-ngu-coc","7":"product_cat-sanphamthucpham","8":"product_cat-thuc-pham-che-bien","10":"first","11":"instock","12":"shipping-taxable","13":"product-type-simple"},"acf":[],"_links":{"self":[{"href":"https:\/\/b2c.fairs.vn\/en\/wp-json\/wp\/v2\/product\/11255","targetHints":{"allow":["GET"]}}],"collection":[{"href":"https:\/\/b2c.fairs.vn\/en\/wp-json\/wp\/v2\/product"}],"about":[{"href":"https:\/\/b2c.fairs.vn\/en\/wp-json\/wp\/v2\/types\/product"}],"replies":[{"embeddable":true,"href":"https:\/\/b2c.fairs.vn\/en\/wp-json\/wp\/v2\/comments?post=11255"}],"version-history":[{"count":0,"href":"https:\/\/b2c.fairs.vn\/en\/wp-json\/wp\/v2\/product\/11255\/revisions"}],"wp:featuredmedia":[{"embeddable":true,"href":"https:\/\/b2c.fairs.vn\/en\/wp-json\/wp\/v2\/media\/11267"}],"wp:attachment":[{"href":"https:\/\/b2c.fairs.vn\/en\/wp-json\/wp\/v2\/media?parent=11255"}],"wp:term":[{"taxonomy":"product_cat","embeddable":true,"href":"https:\/\/b2c.fairs.vn\/en\/wp-json\/wp\/v2\/product_cat?post=11255"},{"taxonomy":"product_tag","embeddable":true,"href":"https:\/\/b2c.fairs.vn\/en\/wp-json\/wp\/v2\/product_tag?post=11255"}],"curies":[{"name":"wp","href":"https:\/\/api.w.org\/{rel}","templated":true}]}}