{"id":11254,"date":"2024-03-28T10:43:46","date_gmt":"2024-03-28T03:43:46","guid":{"rendered":"https:\/\/b2c.fairs.vn\/?post_type=product&#038;p=11254"},"modified":"2024-04-23T16:08:52","modified_gmt":"2024-04-23T09:08:52","slug":"nuoc-cot-nhau-nguyen-chat-1000ml","status":"publish","type":"product","link":"https:\/\/b2c.fairs.vn\/en\/product\/nuoc-cot-nhau-nguyen-chat-1000ml\/","title":{"rendered":"N\u01b0\u1edbc c\u1ed1t nh\u00e0u nguy\u00ean ch\u1ea5t 1000ml"},"content":{"rendered":"<ul class=\"product_info\">\n<li>N\u01af\u1edaC C\u1ed0T NH\u00c0U ( NONI JUICE ) \u0111\u01b0\u1ee3c \u1ee7 y\u1ebfm kh\u00ed l\u00ean men t\u1ef1 nhi\u00ean t\u1eeb tr\u00e1i nh\u00e0u t\u01b0\u01a1i, th\u1eddi gian \u0111\u1ee7 12 th\u00e1ng m\u1edbi chi\u1ebft gi\u00f3tL\u1ee3i \u00edch khi d\u00f9ng 50ml &#8211; 100ml h\u1eb1ng ng\u00e0y\n<p>&#8211; KH\u00c1NG VI\u00caM, KH\u00c1NG KHU\u1ea8N<\/p>\n<p>&#8211; C\u00c2N B\u1eb0NG CHUY\u1ec2N H\u00d3A<\/p>\n<p>&#8211; T\u0102NG C\u01af\u1edcNG S\u1ee8C \u0110\u1ec0 KH\u00c1NG<\/p>\n<p>&#8211; GI\u1ea2M M\u1ee0 N\u1ed8I T\u1ea0NG, M\u1ee0 TH\u1eeaA<\/p>\n<p>&#8211; KI\u1ec2M SO\u00c1T C\u00c2N N\u1eb6NG<\/p>\n<p>&#8211; H\u1ec6 H\u00d4 H\u1ea4P KH\u1eceE M\u1ea0NH<\/p>\n<p>&#8211; B\u1ed4 SUNG C\u00c1C AXIT AMIN,<\/p>\n<p>VITAMIN( A, C, E, K, B1, B6, B12.)<\/li>\n<\/ul>\n<p>&nbsp;<\/p>\n<p><img decoding=\"async\" src=\"https:\/\/www.facebook.com\/images\/emoji.php\/v9\/tb4\/1\/16\/2b50.png\" alt=\"\u2b50\" \/>\u00a0N\u01b0\u1edbc c\u1ed1t tr\u00e1i nh\u00e0u \u0111\u01b0\u1ee3c xem l\u00e0 b\u00e0i thu\u1ed1c qu\u00fd ch\u1eefa \u0111\u01b0\u1ee3c r\u1ea5t nhi\u1ec1u b\u1ec7nh nh\u01b0 b\u1ec7nh cao huy\u1ebft \u00e1p, \u0111au l\u01b0ng, vi\u00eam kh\u1edbp, ti\u1ec3u \u0111\u01b0\u1eddng v\u00e0 ch\u1eefa l\u00e0nh v\u1ebft th\u01b0\u01a1ng, b\u1ec7nh \u0111au d\u1ea1 d\u00e0y,\u2026 Trong s\u1ed1 12 lo\u1ea1i th\u1ea3o d\u01b0\u1ee3c \u0111\u01b0\u1ee3c s\u1eed d\u1ee5ng nhi\u1ec1u nh\u1ea5t \u0111\u1ec3 ch\u1eefa b\u1ec7nh th\u00ec c\u00e2y nh\u00e0u \u0111\u01b0\u1ee3c x\u1ebfp \u1edf v\u1ecb tr\u00ed th\u1ee9 2.<\/p>\n<p><img decoding=\"async\" src=\"https:\/\/www.facebook.com\/images\/emoji.php\/v9\/t46\/1\/16\/2197.png\" alt=\"\u2197\" \/>\u00a0N\u01b0\u1edbc \u00e9p Tr\u00e1i Nh\u00e0u Noni gi\u00fap th\u00fac \u0111\u1ea9y qu\u00e1 tr\u00ecnh l\u00e0m tr\u1ebb h\u00f3a t\u1ebf b\u00e0o, \u0111\u1ea3m b\u1ea3o cho c\u00e1c t\u1ebf b\u00e0o v\u1eadn h\u00e0nh kh\u1ecfe h\u01a1n trong qu\u00e1 tr\u00ecnh ho\u1ea1t \u0111\u1ed9ng c\u1ee7a c\u01a1 th\u1ec3.<\/p>\n<p><img decoding=\"async\" src=\"https:\/\/www.facebook.com\/images\/emoji.php\/v9\/t46\/1\/16\/2197.png\" alt=\"\u2197\" \/>\u00a0Trong th\u00e0nh ph\u1ea7n c\u1ee7a Tr\u00e1i Nh\u00e0u c\u00f3 ch\u1ea5t gi\u1ea3m \u0111au n\u00ean n\u01b0\u1edbc \u00e9p tr\u00e1i nh\u00e0u c\u00f3 c\u00f4ng d\u1ee5ng l\u00e0m d\u1ecbu c\u01a1n \u0111au. \u0110\u1ed3ng th\u1eddi, n\u01b0\u1edbc \u00e9p tr\u00e1i nh\u00e0u Noni c\u00f3 th\u1ec3 ch\u1ed1ng l\u1ea1i nh\u1eefng t\u00e1c h\u1ea1i c\u1ee7a vi\u00eam nhi\u1ec5m.<\/p>\n<p><img decoding=\"async\" src=\"https:\/\/www.facebook.com\/images\/emoji.php\/v9\/t46\/1\/16\/2197.png\" alt=\"\u2197\" \/>\u00a0M\u1ed9t ch\u1ee9c n\u0103ng v\u00f4 c\u00f9ng quan tr\u1ecdng c\u1ee7a n\u01b0\u1edbc \u00e9p Tr\u00e1i Nh\u00e0u l\u00e0 ho\u1ea1t \u0111\u1ed9ng ch\u1ed1ng l\u1ea1i qu\u00e1 tr\u00ecnh oxy h\u00f3a. \u0110\u00f3 l\u00e0 l\u00fd do m\u00e0 n\u01b0\u1edbc \u00e9p tr\u00e1i nh\u00e0u tr\u1edf th\u00e0nh ng\u01b0\u1eddi b\u1ea1n \u0111\u1ed3ng h\u00e0nh c\u1ee7a c\u00e1c b\u1ec7nh nh\u00e2n trong cu\u1ed9c chi\u1ebfn ch\u1ed1ng l\u1ea1i ung th\u01b0.<\/p>\n<p><img decoding=\"async\" src=\"https:\/\/www.facebook.com\/images\/emoji.php\/v9\/t46\/1\/16\/2197.png\" alt=\"\u2197\" \/>\u00a0Gi\u00fap \u0111i\u1ec1u ch\u1ec9nh \u0111\u1ec3 l\u00e0m h\u1ec7 th\u1ed1ng mi\u1ec5n d\u1ecbch ho\u1ea1t \u0111\u1ed9ng t\u1ed1t h\u01a1n b\u1eb1ng c\u00e1ch t\u0103ng c\u01b0\u1eddng ho\u1ea1t \u0111\u1ed9ng c\u1ee7a c\u00e1c h\u1ec7 th\u1ed1ng ch\u1ee9c n\u0103ng v\u00e0 k\u00edch th\u00edch ho\u1ea1t \u0111\u1ed9ng c\u1ee7a c\u00e1c b\u1ed9 ph\u1eadn c\u00f2n y\u1ebfu.<\/p>\n<p><img decoding=\"async\" src=\"https:\/\/www.facebook.com\/images\/emoji.php\/v9\/t46\/1\/16\/2197.png\" alt=\"\u2197\" \/>\u00a0M\u1ed9t trong nh\u1eefng \u01b0u \u0111i\u1ec3m \u0111\u01b0\u1ee3c quan t\u00e2m c\u1ee7a n\u01b0\u1edbc \u00e9p Tr\u00e1i Nh\u00e0u l\u00e0 t\u0103ng c\u01b0\u1eddng s\u1ee9c kh\u1ecfe. S\u1ea3n ph\u1ea9m \u0111\u01b0\u1ee3c c\u00e1c nh\u00e0 khoa h\u1ecdc ch\u1ee9ng minh c\u00f3 t\u00e1c d\u1ee5ng c\u1ee7ng c\u1ed1 v\u00e0 gi\u00fap duy tr\u00ec c\u1ea5u tr\u00fac c\u1ee7a c\u00e1c t\u1ebf b\u00e0o. Khi \u0111\u01b0\u1ee3c \u0111\u01b0a v\u00e0o c\u01a1 th\u1ec3 N\u01b0\u1edbc \u00e9p Tr\u00e1i Nh\u00e0u \u00e2m th\u1ea7m \u201ct\u00ecm ra\u201d c\u00e1c t\u1ebf b\u00e0o b\u1ec7nh v\u00e0 \u201ch\u1ed7 tr\u1ee3 \u0111i\u1ec1u tr\u1ecb\u201d n\u00f3.<\/p>\n<p><img decoding=\"async\" src=\"https:\/\/www.facebook.com\/images\/emoji.php\/v9\/t46\/1\/16\/2197.png\" alt=\"\u2197\" \/>\u00a0N\u01b0\u1edbc \u00e9p Tr\u00e1i Nh\u00e0u c\u00f3 th\u1ec3 l\u00e0m gi\u1ea3m c\u00e1c tri\u1ec7u ch\u1ee9ng nguy hi\u1ec3m c\u1ee7a b\u1ec7nh hen b\u1eb1ng vi\u1ec7c t\u0103ng c\u01b0\u1eddng v\u00e0 \u0111i\u1ec1u ch\u1ec9nh \u0111\u1ec3 h\u1ec7 th\u1ed1ng mi\u1ec5n d\u1ecbch ho\u1ea1t \u0111\u1ed9ng t\u1ed1t h\u01a1n.<\/p>\n<p><img decoding=\"async\" src=\"https:\/\/www.facebook.com\/images\/emoji.php\/v9\/t46\/1\/16\/2197.png\" alt=\"\u2197\" \/>\u00a0\u0110i\u1ec1u tuy\u1ec7t v\u1eddi l\u00e0 N\u01b0\u1edbc \u00e9p Tr\u00e1i Nh\u00e0u Noni c\u00f3 th\u1ec3 gi\u00fap con ng\u01b0\u1eddi gi\u1ea3m c\u00e2n, b\u1eb1ng c\u00e1ch t\u1ea1o gi\u1ea5c ng\u1ee7 ngon h\u01a1n, c\u00e2n b\u1eb1ng l\u01b0\u1ee3ng \u0111\u01b0\u1eddng trong m\u00e1u, th\u00fac \u0111\u1ea9y qu\u00e1 tr\u00ecnh oxy h\u00f3a c\u1ee7a c\u01a1 th\u1ec3.<\/p>","protected":false},"excerpt":{"rendered":"<p>N\u01af\u1edaC C\u1ed0T NH\u00c0U ( NONI JUICE ) \u0111\u01b0\u1ee3c \u1ee7 y\u1ebfm kh\u00ed l\u00ean men t\u1ef1 nhi\u00ean t\u1eeb tr\u00e1i nh\u00e0u t\u01b0\u01a1i, th\u1eddi<\/p>","protected":false},"featured_media":11277,"comment_status":"open","ping_status":"closed","template":"","meta":{"_acf_changed":false},"product_cat":[325,329,331,366,398],"product_tag":[],"class_list":{"0":"post-11254","1":"product","2":"type-product","3":"status-publish","4":"has-post-thumbnail","6":"product_cat-san-pham-do-uong","7":"product_cat-do-uong-khong-con","8":"product_cat-do-uong-khong-con-do-uong-khong-con","9":"product_cat-hang-cnnt-cap-qg","10":"product_cat-san-pham-cnnt-tb-cap-qg-2021","12":"first","13":"instock","14":"shipping-taxable","15":"purchasable","16":"product-type-simple"},"acf":[],"_links":{"self":[{"href":"https:\/\/b2c.fairs.vn\/en\/wp-json\/wp\/v2\/product\/11254","targetHints":{"allow":["GET"]}}],"collection":[{"href":"https:\/\/b2c.fairs.vn\/en\/wp-json\/wp\/v2\/product"}],"about":[{"href":"https:\/\/b2c.fairs.vn\/en\/wp-json\/wp\/v2\/types\/product"}],"replies":[{"embeddable":true,"href":"https:\/\/b2c.fairs.vn\/en\/wp-json\/wp\/v2\/comments?post=11254"}],"version-history":[{"count":0,"href":"https:\/\/b2c.fairs.vn\/en\/wp-json\/wp\/v2\/product\/11254\/revisions"}],"wp:featuredmedia":[{"embeddable":true,"href":"https:\/\/b2c.fairs.vn\/en\/wp-json\/wp\/v2\/media\/11277"}],"wp:attachment":[{"href":"https:\/\/b2c.fairs.vn\/en\/wp-json\/wp\/v2\/media?parent=11254"}],"wp:term":[{"taxonomy":"product_cat","embeddable":true,"href":"https:\/\/b2c.fairs.vn\/en\/wp-json\/wp\/v2\/product_cat?post=11254"},{"taxonomy":"product_tag","embeddable":true,"href":"https:\/\/b2c.fairs.vn\/en\/wp-json\/wp\/v2\/product_tag?post=11254"}],"curies":[{"name":"wp","href":"https:\/\/api.w.org\/{rel}","templated":true}]}}