{"id":11210,"date":"2024-03-28T10:24:55","date_gmt":"2024-03-28T03:24:55","guid":{"rendered":"https:\/\/b2c.fairs.vn\/?post_type=product&#038;p=11210"},"modified":"2024-03-28T10:24:56","modified_gmt":"2024-03-28T03:24:56","slug":"bun-gao","status":"publish","type":"product","link":"https:\/\/b2c.fairs.vn\/en\/product\/bun-gao\/","title":{"rendered":"B\u00fan g\u1ea1o"},"content":{"rendered":"<div class=\"row\">\n<div class=\"col-sm-6\">\n<div class=\"intro\">\n<p><strong>Tr\u1ecdng l\u01b0\u1ee3ng t\u1ecbnh:<\/strong>\u00a0200 g<\/p>\n<p><strong>Th\u00e0nh ph\u1ea7n:<\/strong>\u00a0\u0111\u01b0\u1ee3c ch\u1ebf bi\u1ebfn t\u1eeb 100% h\u1ea1t g\u1ea1o th\u01a1m ngon<\/p>\n<\/div>\n<\/div>\n<\/div>\n<div class=\"row\">\n<div class=\"col-sm-8\">\n<div class=\"fulltext\">\n<h2>Tinh hoa \u1ea9m th\u1ef1c<\/h2>\n<p>B\u00fan g\u1ea1o Nguy\u00ean H\u1eadu \u0111\u01b0\u1ee3c ch\u1ebf bi\u1ebfn tr\u00ean d\u00e2y chuy\u1ec1n h\u1ee3p v\u1ec7 sinh v\u1edbi h\u1ec7 th\u1ed1ng qu\u1ea3n l\u00fd ch\u1ea5t l\u01b0\u1ee3ng ch\u1eb7t ch\u1ebd n\u00ean s\u1ea3n ph\u1ea9m \u0111\u1ea3m b\u1ea3o an to\u00e0n s\u1ee9c kh\u1ecfe cho ng\u01b0\u1eddi ti\u00eau d\u00f9ng<\/p>\n<p><strong>H\u01b0\u1edbng d\u1eabn s\u1eed d\u1ee5ng<\/strong><\/p>\n<p>+ B\u01b0\u1edbc 1: Ng\u00e2m b\u00fan trong n\u01b0\u1edbc l\u1ea1nh kho\u1ea3ng 5 &#8211; 10 ph\u00fat<br \/>\n+ B\u01b0\u1edbc 2: Tr\u1ee5ng v\u1edbi n\u01b0\u1edbc s\u00f4i kho\u1ea3ng 4 &#8211; 6 ph\u00fat<br \/>\n+ B\u01b0\u1edbc 3: V\u1edbt ra x\u1ea3 l\u1ea1i b\u1eb1ng n\u01b0\u1edbc s\u1ea1ch \u0111\u1ec3 r\u00e1o v\u00e0 c\u00f3 th\u1ec3 ch\u1ebf bi\u1ebfn th\u00e0nh c\u00e1c m\u00f3n nh\u01b0:<\/p>\n<p>a) X\u00e0o v\u1edbi m\u1ef1c, t\u00f4m, cua, th\u1ecbt, c\u00e0 r\u1ed1t, rau v\u00e0 gia v\u1ecb \u2026<br \/>\nb) D\u00f9ng nh\u01b0 b\u00fan t\u01b0\u01a1i ho\u1eb7c d\u00f9ng chung v\u1edbi l\u1ea9u<br \/>\nc) D\u00f9ng chung v\u1edbi n\u01b0\u1edbc soup x\u01b0\u01a1ng, t\u00f4m, kh\u00f4 m\u1ef1c, th\u1ecbt, c\u1ee7 s\u1eafn,\u2026<\/p>\n<\/div>\n<\/div>\n<\/div>","protected":false},"excerpt":{"rendered":"<div class=\"row\">\n<div class=\"col-sm-6\">\n<div class=\"intro\">\n<p><strong>Tr\u1ecdng l\u01b0\u1ee3ng t\u1ecbnh:<\/strong>\u00a0200 g<\/p>\n<p><strong>Th\u00e0nh ph\u1ea7n:<\/strong>\u00a0\u0111\u01b0\u1ee3c ch\u1ebf bi\u1ebfn t\u1eeb 100% h\u1ea1t g\u1ea1o th\u01a1m ngon<\/p>\n<\/div>\n<\/div>\n<\/div>\n<div class=\"row\">\n<div class=\"col-sm-8\">\n<div class=\"fulltext\">\n<h2>Tinh hoa \u1ea9m th\u1ef1c<\/h2>\n<p>B\u00fan g\u1ea1o Nguy\u00ean H\u1eadu \u0111\u01b0\u1ee3c ch\u1ebf bi\u1ebfn tr\u00ean d\u00e2y chuy\u1ec1n h\u1ee3p v\u1ec7 sinh v\u1edbi h\u1ec7 th\u1ed1ng qu\u1ea3n l\u00fd ch\u1ea5t l\u01b0\u1ee3ng ch\u1eb7t ch\u1ebd n\u00ean s\u1ea3n ph\u1ea9m \u0111\u1ea3m b\u1ea3o an to\u00e0n s\u1ee9c kh\u1ecfe cho ng\u01b0\u1eddi ti\u00eau d\u00f9ng<\/p>\n<p><strong>H\u01b0\u1edbng d\u1eabn s\u1eed d\u1ee5ng<\/strong><\/p>\n<p>+ B\u01b0\u1edbc 1: Ng\u00e2m b\u00fan trong n\u01b0\u1edbc l\u1ea1nh kho\u1ea3ng 5 &#8211; 10 ph\u00fat<br \/>\n+ B\u01b0\u1edbc 2: Tr\u1ee5ng v\u1edbi n\u01b0\u1edbc s\u00f4i kho\u1ea3ng 4 &#8211; 6 ph\u00fat<br \/>\n+ B\u01b0\u1edbc 3: V\u1edbt ra x\u1ea3 l\u1ea1i b\u1eb1ng n\u01b0\u1edbc s\u1ea1ch \u0111\u1ec3 r\u00e1o v\u00e0 c\u00f3 th\u1ec3 ch\u1ebf bi\u1ebfn th\u00e0nh c\u00e1c m\u00f3n nh\u01b0:<\/p>\n<p>a) X\u00e0o v\u1edbi m\u1ef1c, t\u00f4m, cua, th\u1ecbt, c\u00e0 r\u1ed1t, rau v\u00e0 gia v\u1ecb \u2026<br \/>\nb) D\u00f9ng nh\u01b0 b\u00fan t\u01b0\u01a1i ho\u1eb7c d\u00f9ng chung v\u1edbi l\u1ea9u<br \/>\nc) D\u00f9ng chung v\u1edbi n\u01b0\u1edbc soup x\u01b0\u01a1ng, t\u00f4m, kh\u00f4 m\u1ef1c, th\u1ecbt, c\u1ee7 s\u1eafn,\u2026<\/p>\n<\/div>\n<\/div>\n<\/div>","protected":false},"featured_media":11211,"comment_status":"open","ping_status":"closed","template":"","meta":{"_acf_changed":false},"product_cat":[315,22,313],"product_tag":[],"class_list":{"0":"post-11210","1":"product","2":"type-product","3":"status-publish","4":"has-post-thumbnail","6":"product_cat-che-bien-tu-gao-ngu-coc","7":"product_cat-sanphamthucpham","8":"product_cat-thuc-pham-che-bien","10":"first","11":"instock","12":"shipping-taxable","13":"product-type-simple"},"acf":[],"_links":{"self":[{"href":"https:\/\/b2c.fairs.vn\/en\/wp-json\/wp\/v2\/product\/11210","targetHints":{"allow":["GET"]}}],"collection":[{"href":"https:\/\/b2c.fairs.vn\/en\/wp-json\/wp\/v2\/product"}],"about":[{"href":"https:\/\/b2c.fairs.vn\/en\/wp-json\/wp\/v2\/types\/product"}],"replies":[{"embeddable":true,"href":"https:\/\/b2c.fairs.vn\/en\/wp-json\/wp\/v2\/comments?post=11210"}],"version-history":[{"count":0,"href":"https:\/\/b2c.fairs.vn\/en\/wp-json\/wp\/v2\/product\/11210\/revisions"}],"wp:featuredmedia":[{"embeddable":true,"href":"https:\/\/b2c.fairs.vn\/en\/wp-json\/wp\/v2\/media\/11211"}],"wp:attachment":[{"href":"https:\/\/b2c.fairs.vn\/en\/wp-json\/wp\/v2\/media?parent=11210"}],"wp:term":[{"taxonomy":"product_cat","embeddable":true,"href":"https:\/\/b2c.fairs.vn\/en\/wp-json\/wp\/v2\/product_cat?post=11210"},{"taxonomy":"product_tag","embeddable":true,"href":"https:\/\/b2c.fairs.vn\/en\/wp-json\/wp\/v2\/product_tag?post=11210"}],"curies":[{"name":"wp","href":"https:\/\/api.w.org\/{rel}","templated":true}]}}