{"id":11203,"date":"2024-03-28T10:22:31","date_gmt":"2024-03-28T03:22:31","guid":{"rendered":"https:\/\/b2c.fairs.vn\/?post_type=product&#038;p=11203"},"modified":"2024-03-28T10:22:32","modified_gmt":"2024-03-28T03:22:32","slug":"hu-tieu-bot-loc","status":"publish","type":"product","link":"https:\/\/b2c.fairs.vn\/en\/product\/hu-tieu-bot-loc\/","title":{"rendered":"H\u1ee7 ti\u1ebfu b\u1ed9t l\u1ecdc"},"content":{"rendered":"<div class=\"row\">\n<div class=\"col-sm-6\">\n<div class=\"intro\">\n<p><strong>Tr\u1ecdng l\u01b0\u1ee3ng t\u1ecbnh:<\/strong>\u00a0200 g<\/p>\n<p><strong>Th\u00e0nh ph\u1ea7n:<\/strong>\u00a0\u0111\u01b0\u1ee3c ch\u1ebf bi\u1ebfn t\u1eeb b\u1ed9t g\u1ea1o tinh ch\u1ea5t<\/p>\n<\/div>\n<\/div>\n<\/div>\n<div class=\"row\">\n<div class=\"col-sm-8\">\n<div class=\"fulltext\">\n<h2>Tinh t\u00fay t\u1eeb h\u1ea1t g\u1ea1o<\/h2>\n<p>H\u1ee7 ti\u1ebfu b\u1ed9t g\u1ea1o l\u1ecdc \u0111\u01b0\u1ee3c s\u1ea3n xu\u1ea5t t\u1eeb ngu\u1ed3n nguy\u00ean li\u1ec7u t\u1ed1t nh\u1ea5t do Nguy\u00ean H\u1eadu tuy\u1ec3n ch\u1ecdn nghi\u00eam ng\u1eb7t. \u0110\u1eb7c bi\u1ec7t, h\u1ee7 ti\u1ebfu b\u1ed9t g\u1ea1o l\u1ecdc Nguy\u00ean H\u1eadu kh\u00f4ng s\u1eed d\u1ee5ng ch\u1ea5t b\u1ea3o qu\u1ea3n<\/p>\n<p><strong>H\u01b0\u1edbng d\u1eabn s\u1eed d\u1ee5ng<\/strong><\/p>\n<p>+ B\u01b0\u1edbc 1: R\u1eeda v\u1edbi n\u01b0\u1edbc s\u1ea1ch<br \/>\n+ B\u01b0\u1edbc 2: Cho v\u00e0o n\u1ed3i n\u01b0\u1edbc \u0111ang s\u00f4i kho\u1ea3ng 6 &#8211; 8 ph\u00fat<br \/>\n+ B\u01b0\u1edbc 3: V\u1edbt ra x\u1ea3 l\u1ea1i v\u1edbi n\u01b0\u1edbc s\u1ea1ch<br \/>\n+ B\u01b0\u1edbc 4: T\u00f9y nghi ch\u1ebf bi\u1ebfn nh\u01b0:<\/p>\n<p>a) H\u1ee7 ti\u1ebfu b\u1ed9t l\u1ecdc kh\u00f4: tr\u1ed9n \u0111\u1ec1u v\u1edbi m\u1ed9t \u00edt d\u1ea7u, d\u00f9ng chung v\u1edbi th\u1ecbt, t\u00f4m, m\u1ef1c, rau v\u00e0 n\u01b0\u1edbc s\u1ed1t c\u00e0 chua<\/p>\n<p>b) H\u1ee7 ti\u1ebfu b\u1ed9t l\u1ecdc x\u00e0o: x\u00e0o ch\u00edn t\u00f4m, m\u1ef1c, th\u1ecbt, c\u00e0 r\u1ed1t, gi\u00e1, h\u1eb9 v\u00e0 tr\u1ed9n v\u1edbi h\u1ee7 ti\u1ebfu sau khi \u0111\u01b0\u1ee3c s\u01a1 ch\u1ebf xong b\u01b0\u1edbc 3<\/p>\n<p>c) H\u1ee7 ti\u1ebfu b\u1ed9t l\u1ecdc n\u01b0\u1edbc: d\u00f9ng chung v\u1edbi n\u01b0\u1edbc soup x\u01b0\u01a1ng, t\u00f4m, kh\u00f4 m\u1ef1c, th\u1ecbt, c\u1ee7 s\u1eafn,\u2026<\/p>\n<\/div>\n<\/div>\n<\/div>","protected":false},"excerpt":{"rendered":"<div class=\"row\">\n<div class=\"col-sm-6\">\n<div class=\"intro\">\n<p><strong>Tr\u1ecdng l\u01b0\u1ee3ng t\u1ecbnh:<\/strong>\u00a0200 g<\/p>\n<p><strong>Th\u00e0nh ph\u1ea7n:<\/strong>\u00a0\u0111\u01b0\u1ee3c ch\u1ebf bi\u1ebfn t\u1eeb b\u1ed9t g\u1ea1o tinh ch\u1ea5t<\/p>\n<\/div>\n<\/div>\n<\/div>\n<div class=\"row\">\n<div class=\"col-sm-8\">\n<div class=\"fulltext\">\n<h2>Tinh t\u00fay t\u1eeb h\u1ea1t g\u1ea1o<\/h2>\n<p>H\u1ee7 ti\u1ebfu b\u1ed9t g\u1ea1o l\u1ecdc \u0111\u01b0\u1ee3c s\u1ea3n xu\u1ea5t t\u1eeb ngu\u1ed3n nguy\u00ean li\u1ec7u t\u1ed1t nh\u1ea5t do Nguy\u00ean H\u1eadu tuy\u1ec3n ch\u1ecdn nghi\u00eam ng\u1eb7t. \u0110\u1eb7c bi\u1ec7t, h\u1ee7 ti\u1ebfu b\u1ed9t g\u1ea1o l\u1ecdc Nguy\u00ean H\u1eadu kh\u00f4ng s\u1eed d\u1ee5ng ch\u1ea5t b\u1ea3o qu\u1ea3n<\/p>\n<p><strong>H\u01b0\u1edbng d\u1eabn s\u1eed d\u1ee5ng<\/strong><\/p>\n<p>+ B\u01b0\u1edbc 1: R\u1eeda v\u1edbi n\u01b0\u1edbc s\u1ea1ch<br \/>\n+ B\u01b0\u1edbc 2: Cho v\u00e0o n\u1ed3i n\u01b0\u1edbc \u0111ang s\u00f4i kho\u1ea3ng 6 &#8211; 8 ph\u00fat<br \/>\n+ B\u01b0\u1edbc 3: V\u1edbt ra x\u1ea3 l\u1ea1i v\u1edbi n\u01b0\u1edbc s\u1ea1ch<br \/>\n+ B\u01b0\u1edbc 4: T\u00f9y nghi ch\u1ebf bi\u1ebfn nh\u01b0:<\/p>\n<p>a) H\u1ee7 ti\u1ebfu b\u1ed9t l\u1ecdc kh\u00f4: tr\u1ed9n \u0111\u1ec1u v\u1edbi m\u1ed9t \u00edt d\u1ea7u, d\u00f9ng chung v\u1edbi th\u1ecbt, t\u00f4m, m\u1ef1c, rau v\u00e0 n\u01b0\u1edbc s\u1ed1t c\u00e0 chua<\/p>\n<p>b) H\u1ee7 ti\u1ebfu b\u1ed9t l\u1ecdc x\u00e0o: x\u00e0o ch\u00edn t\u00f4m, m\u1ef1c, th\u1ecbt, c\u00e0 r\u1ed1t, gi\u00e1, h\u1eb9 v\u00e0 tr\u1ed9n v\u1edbi h\u1ee7 ti\u1ebfu sau khi \u0111\u01b0\u1ee3c s\u01a1 ch\u1ebf xong b\u01b0\u1edbc 3<\/p>\n<p>c) H\u1ee7 ti\u1ebfu b\u1ed9t l\u1ecdc n\u01b0\u1edbc: d\u00f9ng chung v\u1edbi n\u01b0\u1edbc soup x\u01b0\u01a1ng, t\u00f4m, kh\u00f4 m\u1ef1c, th\u1ecbt, c\u1ee7 s\u1eafn,\u2026<\/p>\n<\/div>\n<\/div>\n<\/div>","protected":false},"featured_media":11207,"comment_status":"open","ping_status":"closed","template":"","meta":{"_acf_changed":false},"product_cat":[315,22,313],"product_tag":[],"class_list":{"0":"post-11203","1":"product","2":"type-product","3":"status-publish","4":"has-post-thumbnail","6":"product_cat-che-bien-tu-gao-ngu-coc","7":"product_cat-sanphamthucpham","8":"product_cat-thuc-pham-che-bien","10":"first","11":"instock","12":"shipping-taxable","13":"product-type-simple"},"acf":[],"_links":{"self":[{"href":"https:\/\/b2c.fairs.vn\/en\/wp-json\/wp\/v2\/product\/11203","targetHints":{"allow":["GET"]}}],"collection":[{"href":"https:\/\/b2c.fairs.vn\/en\/wp-json\/wp\/v2\/product"}],"about":[{"href":"https:\/\/b2c.fairs.vn\/en\/wp-json\/wp\/v2\/types\/product"}],"replies":[{"embeddable":true,"href":"https:\/\/b2c.fairs.vn\/en\/wp-json\/wp\/v2\/comments?post=11203"}],"version-history":[{"count":0,"href":"https:\/\/b2c.fairs.vn\/en\/wp-json\/wp\/v2\/product\/11203\/revisions"}],"wp:featuredmedia":[{"embeddable":true,"href":"https:\/\/b2c.fairs.vn\/en\/wp-json\/wp\/v2\/media\/11207"}],"wp:attachment":[{"href":"https:\/\/b2c.fairs.vn\/en\/wp-json\/wp\/v2\/media?parent=11203"}],"wp:term":[{"taxonomy":"product_cat","embeddable":true,"href":"https:\/\/b2c.fairs.vn\/en\/wp-json\/wp\/v2\/product_cat?post=11203"},{"taxonomy":"product_tag","embeddable":true,"href":"https:\/\/b2c.fairs.vn\/en\/wp-json\/wp\/v2\/product_tag?post=11203"}],"curies":[{"name":"wp","href":"https:\/\/api.w.org\/{rel}","templated":true}]}}