{"id":11182,"date":"2024-03-28T10:22:19","date_gmt":"2024-03-28T03:22:19","guid":{"rendered":"https:\/\/b2c.fairs.vn\/?post_type=product&#038;p=11182"},"modified":"2024-04-23T15:28:40","modified_gmt":"2024-04-23T08:28:40","slug":"ca-phe-phin-giay-non-la-180g","status":"publish","type":"product","link":"https:\/\/b2c.fairs.vn\/en\/product\/ca-phe-phin-giay-non-la-180g\/","title":{"rendered":"C\u00e0 ph\u00ea phin gi\u1ea5y N\u00f3n L\u00e1 180g"},"content":{"rendered":"<h2>Gi\u1edbi thi\u1ec7u v\u1ec1 C\u00e0 ph\u00ea phin gi\u1ea5y N\u00f3n L\u00e1 180g<\/h2>\n<p><strong>H\u1ea1t c\u00e0 ph\u00ea Arabica<\/strong>\u00a0\u0111\u01b0\u1ee3c ch\u1ecdn l\u1ecdc v\u00e0 rang xay theo k\u1ef9 thu\u1eadt ch\u1ebf bi\u1ebfn hi\u1ec7n \u0111\u1ea1i \u0111\u1ec3 cho ra s\u1ea3n ph\u1ea9m c\u00e0 ph\u00ea b\u1ed9t l\u1ecdc ch\u1ea5t l\u01b0\u1ee3ng cao, th\u1ef1c s\u1ef1 \u0111\u00e1p \u1ee9ng \u0111\u01b0\u1ee3c kh\u1ea9u v\u1ecb c\u1ee7a c\u00e0 ph\u00ea Vi\u1ec7t Nam.\u00a0<a href=\"https:\/\/bachhoavidan.com\/ca-phe-phin-giay-non-la-180g\"><strong>C\u00e0 ph\u00ea phin gi\u1ea5y N\u00f3n L\u00e1 180g<\/strong><\/a>\u00a0l\u00e0 s\u1ea3n ph\u1ea9m<strong>\u00a0c\u00e0 ph\u00ea phin<\/strong>\u00a0cao c\u1ea5p c\u1ee7a th\u01b0\u01a1ng hi\u1ec7u\u00a0<strong>N\u00f3n L\u00e1<\/strong><\/p>\n<h3>\u01afu \u0111i\u1ec3m v\u1ec1 C\u00e0 ph\u00ea phin gi\u1ea5y N\u00f3n L\u00e1 180g:<\/h3>\n<ul>\n<li>C\u00e0 ph\u00ea N\u00f3n L\u00e1 Arabica Dark\u00a0s\u1eed d\u1ee5ng th\u00e0nh ph\u1ea7n l\u00e0 nh\u1eefng\u00a0h\u1ea1t c\u00e0 ph\u00ea Arabica\u00a0h\u1ea3o h\u1ea1ng \u0111em rang v\u00e0 xay theo quy tr\u00ecnh ch\u1ebf bi\u1ebfn hi\u1ec7n \u0111\u1ea1i, cho ra s\u1ea3n ph\u1ea9m\u00a0c\u00e0 ph\u00ea phin\u00a0ch\u1ea5t l\u01b0\u1ee3ng \u0111\u00fang v\u1ecb c\u00e0 ph\u00ea Vi\u1ec7t Nam.<\/li>\n<li>C\u00e0 ph\u00ea \u0111\u01b0\u1ee3c pha theo c\u00e1ch truy\u1ec1n th\u1ed1ng b\u1eb1ng c\u00e1ch s\u1eed d\u1ee5ng phin gi\u1ea5y \u0111\u1ed9c \u0111\u00e1o, an to\u00e0n v\u00e0 b\u1ea3o v\u1ec7 m\u00f4i tr\u01b0\u1eddng.<\/li>\n<li>\u0110i\u1ec3m \u0111\u1eb7c bi\u1ec7t c\u1ee7a s\u1ea3n ph\u1ea9m n\u1eb1m \u1edf thi\u1ebft k\u1ebf g\u00f3i gi\u1ea5y ti\u1ec7n l\u1ee3i, nh\u1ecf g\u1ecdn, gi\u00fap b\u1ea1n c\u00f3 th\u1ec3 mang \u0111\u1ebfn b\u1ea5t c\u1ee9 \u0111\u00e2u v\u00e0 l\u01b0\u1ee3ng c\u00e0 ph\u00ea trong m\u1ed7i t\u00fai gi\u1ea5y c\u0169ng v\u1eeba \u0111\u1ee7 d\u00f9ng, kh\u00f4ng t\u1ed1n nhi\u1ec1u th\u1eddi gian \u0111ong \u0111\u1ebfm c\u00e0 ph\u1ec3 \u0111\u1ec3 pha.<\/li>\n<li>B\u1eaft \u0111\u1ea7u bu\u1ed5i s\u00e1ng b\u1eb1ng m\u1ed9t ly c\u00e0 ph\u00ea pha phin gi\u00fap \u0111\u1ea7u \u00f3c t\u1ec9nh t\u00e1o, s\u1ea3ng kho\u00e1i, t\u0103ng kh\u1ea3 n\u0103ng t\u1eadp trung v\u00e0o c\u00f4ng vi\u1ec7c, ngo\u00e0i ra m\u1ed7i ng\u00e0y m\u1ed9t ly c\u00e0 ph\u00ea c\u00f2n c\u00f3 nh\u1eefng\u00a0l\u1ee3i \u00edch b\u1ea5t ng\u1edd \u0111\u1ed1i v\u1edbi c\u01a1 th\u1ec3.<\/li>\n<\/ul>\n<h2>Th\u00f4ng tin v\u1ec1 C\u00e0 ph\u00ea phin gi\u1ea5y N\u00f3n L\u00e1 180g<\/h2>\n<table style=\"height: 255px;\" width=\"590\" cellpadding=\"2\" align=\"center\">\n<tbody>\n<tr>\n<td>Th\u01b0\u01a1ng hi\u1ec7u:<\/td>\n<td>N\u00f3n L\u00e1 (Vi\u1ec7t Nam)<\/td>\n<\/tr>\n<tr>\n<td>N\u01a1i s\u1ea3n xu\u1ea5t:<\/td>\n<td>Vi\u1ec7t Nam<\/td>\n<\/tr>\n<tr>\n<td>Lo\u1ea1i s\u1ea3n ph\u1ea9m<\/td>\n<td>c\u00e0 ph\u00ea phin gi\u1ea5y<\/td>\n<\/tr>\n<tr>\n<td>Th\u00e0nh ph\u1ea7n:<\/td>\n<td>Arabica<\/td>\n<\/tr>\n<tr>\n<td>Ch\u1ebf bi\u1ebfn:<\/td>\n<td>Rang xay<\/td>\n<\/tr>\n<tr>\n<td>Kh\u1ed1i l\u01b0\u1ee3ng:<\/td>\n<td>180g<\/td>\n<\/tr>\n<tr>\n<td>\u0110\u00f3ng g\u00f3i:<\/td>\n<td>H\u1ed9p<\/td>\n<\/tr>\n<tr>\n<td>S\u1ed1 l\u01b0\u1ee3ng:<\/td>\n<td>10 g\u00f3i<\/td>\n<\/tr>\n<\/tbody>\n<\/table>\n<h3>H\u01b0\u1edbng d\u1eabn s\u1eed d\u1ee5ng C\u00e0 ph\u00ea phin gi\u1ea5y N\u00f3n L\u00e1 180g:<\/h3>\n<ul>\n<li>X\u00e9 theo \u0111\u01b0\u1eddng ch\u1ea5m \u0111\u1ec3 m\u1edf t\u00fai c\u00e0 ph\u00ea.<\/li>\n<li>K\u00e9o nh\u1eefng m\u00f3c treo c\u1ee7a ph\u1ea7n b\u00ean d\u01b0\u1edbi ra xa t\u00fai c\u00e0 ph\u00ea.<\/li>\n<li>Treo t\u00fai l\u1ecdc c\u00e0 ph\u00ea tr\u00ean ly, th\u00eam n\u01b0\u1edbc n\u00f3ng t\u1eeb t\u1eeb.<\/li>\n<li>L\u1ea5y t\u00fai l\u1ecdc ra b\u1eb1ng nh\u1eefng m\u00f3c treo v\u00e0 s\u1eb5n s\u00e0ng th\u01b0\u1edfng th\u1ee9c, cho th\u00eam\u00a0\u0111\u01b0\u1eddng\u00a0v\u00e0\u00a0s\u1eefa\u00a0t\u00f9y theo \u00fd th\u00edch.<\/li>\n<\/ul>\n<p><em><u>B\u1ea3o qu\u1ea3n:<\/u><\/em><\/p>\n<ul>\n<li>N\u01a1i kh\u00f4 r\u00e1o, tho\u00e1ng m\u00e1t. Tr\u00e1nh \u00e1nh n\u1eafng tr\u1ef1c ti\u1ebfp.<\/li>\n<\/ul>","protected":false},"excerpt":{"rendered":"<p>Gi\u1edbi thi\u1ec7u v\u1ec1 C\u00e0 ph\u00ea phin gi\u1ea5y N\u00f3n L\u00e1 180g H\u1ea1t c\u00e0 ph\u00ea Arabica\u00a0\u0111\u01b0\u1ee3c ch\u1ecdn l\u1ecdc v\u00e0 rang xay theo<\/p>","protected":false},"featured_media":11198,"comment_status":"open","ping_status":"closed","template":"","meta":{"_acf_changed":false},"product_cat":[324,366,398,22],"product_tag":[],"class_list":{"0":"post-11182","1":"product","2":"type-product","3":"status-publish","4":"has-post-thumbnail","6":"product_cat-ca-phe-ca-cao","7":"product_cat-hang-cnnt-cap-qg","8":"product_cat-san-pham-cnnt-tb-cap-qg-2021","9":"product_cat-sanphamthucpham","11":"first","12":"instock","13":"shipping-taxable","14":"purchasable","15":"product-type-simple"},"acf":[],"_links":{"self":[{"href":"https:\/\/b2c.fairs.vn\/en\/wp-json\/wp\/v2\/product\/11182","targetHints":{"allow":["GET"]}}],"collection":[{"href":"https:\/\/b2c.fairs.vn\/en\/wp-json\/wp\/v2\/product"}],"about":[{"href":"https:\/\/b2c.fairs.vn\/en\/wp-json\/wp\/v2\/types\/product"}],"replies":[{"embeddable":true,"href":"https:\/\/b2c.fairs.vn\/en\/wp-json\/wp\/v2\/comments?post=11182"}],"version-history":[{"count":0,"href":"https:\/\/b2c.fairs.vn\/en\/wp-json\/wp\/v2\/product\/11182\/revisions"}],"wp:featuredmedia":[{"embeddable":true,"href":"https:\/\/b2c.fairs.vn\/en\/wp-json\/wp\/v2\/media\/11198"}],"wp:attachment":[{"href":"https:\/\/b2c.fairs.vn\/en\/wp-json\/wp\/v2\/media?parent=11182"}],"wp:term":[{"taxonomy":"product_cat","embeddable":true,"href":"https:\/\/b2c.fairs.vn\/en\/wp-json\/wp\/v2\/product_cat?post=11182"},{"taxonomy":"product_tag","embeddable":true,"href":"https:\/\/b2c.fairs.vn\/en\/wp-json\/wp\/v2\/product_tag?post=11182"}],"curies":[{"name":"wp","href":"https:\/\/api.w.org\/{rel}","templated":true}]}}