{"id":11128,"date":"2024-03-28T10:02:24","date_gmt":"2024-03-28T03:02:24","guid":{"rendered":"https:\/\/b2c.fairs.vn\/?post_type=product&#038;p=11128"},"modified":"2024-04-17T17:06:26","modified_gmt":"2024-04-17T10:06:26","slug":"banh-trang-nuong-vi-muc-cay","status":"publish","type":"product","link":"https:\/\/b2c.fairs.vn\/en\/product\/banh-trang-nuong-vi-muc-cay\/","title":{"rendered":"B\u00e1nh tr\u00e1ng n\u01b0\u1edbng V\u1ecb M\u1ef1c Cay"},"content":{"rendered":"<p>Nh\u1edd th\u1ebf m\u1ea1nh s\u1eb5n c\u00f3 t\u1eeb ngu\u1ed3n nguy\u00ean li\u1ec7u d\u1eeba d\u1ed3i d\u00e0o t\u1ea1i Tam Quan, c\u00f9ng v\u1edbi s\u1ef1 k\u1ebft h\u1ee3p h\u00e0i h\u00f2a v\u00e0 linh ho\u1ea1t gi\u1eefa c\u00e1c lo\u1ea1i nguy\u00ean li\u1ec7u l\u1ea1i v\u1edbi nhau, m\u00e0 c\u00f4ng ty\u00a0<strong>b\u00e1nh tr\u00e1ng Sachi\u00a0<\/strong>\u0111\u00e3 cho ra \u0111\u1eddi d\u00f2ng s\u1ea3n ph\u1ea9m\u00a0<strong>b\u00e1nh tr\u00e1ng n\u01b0\u1edbng h\u01b0\u01a1ng v\u1ecb m\u1ef1c cay\u00a0<\/strong>t\u1eeb nh\u1eefng b\u00eca b\u00e1nh tr\u00e1ng ngon\u00a0v\u1edbi nh\u1eefng \u01b0u \u0111i\u1ec3m v\u01b0\u1ee3t tr\u1ed9i so v\u1edbi nh\u1eefng c\u01a1 s\u1edf kh\u00e1c tr\u00ean th\u1ecb tr\u01b0\u1eddng, c\u1ee5 th\u1ec3 l\u00e0:<\/p>\n<ul>\n<li><strong>B\u00e1nh tr\u00e1ng n\u01b0\u1edbng h\u01b0\u01a1ng v\u1ecb m\u1ef1c cay<\/strong>\u00a0<strong>Sachi<\/strong>\u00a0x\u1ed1p, gi\u00f2n r\u1ee5m, c\u00f3 m\u00f9i v\u1ecb b\u00e9o \u0111\u1eb7c tr\u01b0ng c\u1ee7a d\u1eeba v\u00e0 h\u01b0\u01a1ng th\u01a1m m\u1ef1c cay v\u00ec \u0111\u01b0\u1ee3c s\u1ea5y theo c\u00f4ng ngh\u1ec7 m\u00e1y m\u00f3c.<\/li>\n<li>B\u00e1nh c\u00f3 th\u1ec3 s\u1eed d\u1ee5ng ngay \u0111\u1ec3 \u0103n v\u1eb7t \u0111\u1ea7y th\u00fa v\u1ecb.<\/li>\n<li><strong>B\u00e1nh tr\u00e1ng n\u01b0\u1edbng h\u01b0\u01a1ng v\u1ecb m\u1ef1c cay\u00a0<\/strong>\u0111\u01b0\u1ee3c n\u01b0\u1edbng b\u1eb1ng \u0111i\u1ec7n t\u1ef1 \u0111\u1ed9ng ch\u00edn v\u00e0ng \u0111\u1ec1u, n\u00ean \u0111\u1ea3m b\u1ea3o kh\u00f4ng b\u1ecb b\u00e1m m\u00f9i h\u01a1i kh\u00f3i gi\u1ed1ng nh\u01b0 ki\u1ec3u n\u01b0\u1edbng than th\u00f4ng th\u01b0\u1eddng, c\u00f3 m\u00e1y m\u00f3c quay \u0111\u1ec1u l\u00e0m th\u1ea5m gia v\u1ecb th\u01a1m ngon, \u0111\u1ea3m b\u1ea3o khi \u0103n b\u1ea1n s\u1ebd ghi\u1ec1n.<\/li>\n<li>S\u1ea3n ph\u1ea9m \u0111\u01b0\u1ee3c s\u1ea3n xu\u1ea5t \u0111\u00f3ng g\u00f3i v\u1edbi bao b\u00ec sang tr\u1ecdng, hi\u1ec7n \u0111\u1ea1i v\u00e0 h\u00fat ch\u00e2n kh\u00f4ng \u0111\u1ea3m b\u1ea3o an to\u00e0n v\u1ec7 sinh th\u1ef1c ph\u1ea9m.<\/li>\n<\/ul>","protected":false},"excerpt":{"rendered":"<p>Nh\u1edd th\u1ebf m\u1ea1nh s\u1eb5n c\u00f3 t\u1eeb ngu\u1ed3n nguy\u00ean li\u1ec7u d\u1eeba d\u1ed3i d\u00e0o t\u1ea1i Tam Quan, c\u00f9ng v\u1edbi s\u1ef1 k\u1ebft h\u1ee3p<\/p>","protected":false},"featured_media":11138,"comment_status":"open","ping_status":"closed","template":"","meta":{"_acf_changed":false},"product_cat":[315,366,367,22,313],"product_tag":[],"class_list":{"0":"post-11128","1":"product","2":"type-product","3":"status-publish","4":"has-post-thumbnail","6":"product_cat-che-bien-tu-gao-ngu-coc","7":"product_cat-hang-cnnt-cap-qg","8":"product_cat-hang-cnnt-cap-qg-2023","9":"product_cat-sanphamthucpham","10":"product_cat-thuc-pham-che-bien","12":"first","13":"instock","14":"shipping-taxable","15":"purchasable","16":"product-type-simple"},"acf":[],"_links":{"self":[{"href":"https:\/\/b2c.fairs.vn\/en\/wp-json\/wp\/v2\/product\/11128","targetHints":{"allow":["GET"]}}],"collection":[{"href":"https:\/\/b2c.fairs.vn\/en\/wp-json\/wp\/v2\/product"}],"about":[{"href":"https:\/\/b2c.fairs.vn\/en\/wp-json\/wp\/v2\/types\/product"}],"replies":[{"embeddable":true,"href":"https:\/\/b2c.fairs.vn\/en\/wp-json\/wp\/v2\/comments?post=11128"}],"version-history":[{"count":0,"href":"https:\/\/b2c.fairs.vn\/en\/wp-json\/wp\/v2\/product\/11128\/revisions"}],"wp:featuredmedia":[{"embeddable":true,"href":"https:\/\/b2c.fairs.vn\/en\/wp-json\/wp\/v2\/media\/11138"}],"wp:attachment":[{"href":"https:\/\/b2c.fairs.vn\/en\/wp-json\/wp\/v2\/media?parent=11128"}],"wp:term":[{"taxonomy":"product_cat","embeddable":true,"href":"https:\/\/b2c.fairs.vn\/en\/wp-json\/wp\/v2\/product_cat?post=11128"},{"taxonomy":"product_tag","embeddable":true,"href":"https:\/\/b2c.fairs.vn\/en\/wp-json\/wp\/v2\/product_tag?post=11128"}],"curies":[{"name":"wp","href":"https:\/\/api.w.org\/{rel}","templated":true}]}}