{"id":11018,"date":"2024-03-28T09:34:56","date_gmt":"2024-03-28T02:34:56","guid":{"rendered":"https:\/\/b2c.fairs.vn\/?post_type=product&#038;p=11018"},"modified":"2024-04-17T17:10:12","modified_gmt":"2024-04-17T10:10:12","slug":"banh-trang-tron-sa-te-toi-kho-bo","status":"publish","type":"product","link":"https:\/\/b2c.fairs.vn\/en\/product\/banh-trang-tron-sa-te-toi-kho-bo\/","title":{"rendered":"B\u00e1nh tr\u00e1ng tr\u1ed9n sa t\u1ebf t\u1ecfi kh\u00f4 b\u00f2"},"content":{"rendered":"<p><strong>B\u00e1nh tr\u00e1ng tr\u1ed9n sa t\u1ebf t\u1ecfi kh\u00f4 b\u00f2<\/strong>\u00a0l\u00e0 m\u1ed9t m\u00f3n \u0103n v\u1eb7t \u0111\u1ed9c \u0111\u00e1o m\u00e0 kh\u00f3 c\u00f3 ai c\u00f3 th\u1ec3 kh\u01b0\u1edbc t\u1eeb. \u0110\u00f3 l\u00e0 s\u1ef1 k\u1ebft h\u1ee3p h\u00e0i h\u00f2a gi\u1eefa c\u00e1c lo\u1ea1i nguy\u00ean li\u1ec7u v\u1edbi nhau \u0111\u1ea7y \u0111\u1ee7 h\u01b0\u01a1ng v\u1ecb: chua \u2013 cay \u2013 m\u1eb7n \u2013 ng\u1ecdt.<\/p>\n<p><strong>B\u00e1nh tr\u00e1ng tr\u1ed9n sa t\u1ebf t\u1ecfi kh\u00f4 b\u00f2<\/strong>\u00a0\u1edf C\u00f4ng ty TNHH Sachi Nguy\u1ec5n b\u00e1n ra r\u1ea5t ch\u1ea5t l\u01b0\u1ee3ng v\u00e0 th\u01a1m ngon, \u0111\u1ea3m b\u1ea3o s\u1ea1ch s\u1ebd m\u00e0 \u0103n l\u1ea1i r\u1ea5t th\u00edch. \u0110\u1eebng lo l\u1eafng khi mua b\u00e1nh tr\u00e1ng k\u00e9m ch\u1ea5t l\u01b0\u1ee3ng, kh\u00f4ng h\u1ee3p v\u1ec7 sinh, h\u00e3y mua b\u00e1nh tr\u00e1ng t\u1ea1i Sachi Nguy\u1ec5n nh\u00e9, \u0111\u1ea3m \u0111\u1ea3m v\u1eeba h\u1ee3p t\u00fai ti\u1ec1n, h\u1ee3p v\u1ec1 sinh m\u00e0 c\u00f2n ngon n\u1eefa. B\u00e1nh tr\u00e1ng \u0111\u01b0\u1ee3c b\u00e1n t\u1ea1i C\u00f4ng ty ch\u00fang t\u00f4i \u0111\u01b0\u1ee3c ki\u1ec3m duy\u1ec7t v\u1ec7 sinh s\u1ea1ch s\u1ebd m\u1edbi c\u00f3 th\u1ec3 b\u00e1n cho kh\u00e1ch h\u00e0ng, n\u00ean b\u1ea1n y\u00ean t\u00e2m nh\u00e9!<\/p>","protected":false},"excerpt":{"rendered":"<p>B\u00e1nh tr\u00e1ng tr\u1ed9n sa t\u1ebf t\u1ecfi kh\u00f4 b\u00f2\u00a0l\u00e0 m\u1ed9t m\u00f3n \u0103n v\u1eb7t \u0111\u1ed9c \u0111\u00e1o m\u00e0 kh\u00f3 c\u00f3 ai c\u00f3 th\u1ec3<\/p>","protected":false},"featured_media":11020,"comment_status":"open","ping_status":"closed","template":"","meta":{"_acf_changed":false},"product_cat":[315,366,367,22,313],"product_tag":[],"class_list":{"0":"post-11018","1":"product","2":"type-product","3":"status-publish","4":"has-post-thumbnail","6":"product_cat-che-bien-tu-gao-ngu-coc","7":"product_cat-hang-cnnt-cap-qg","8":"product_cat-hang-cnnt-cap-qg-2023","9":"product_cat-sanphamthucpham","10":"product_cat-thuc-pham-che-bien","12":"first","13":"instock","14":"shipping-taxable","15":"purchasable","16":"product-type-simple"},"acf":[],"_links":{"self":[{"href":"https:\/\/b2c.fairs.vn\/en\/wp-json\/wp\/v2\/product\/11018","targetHints":{"allow":["GET"]}}],"collection":[{"href":"https:\/\/b2c.fairs.vn\/en\/wp-json\/wp\/v2\/product"}],"about":[{"href":"https:\/\/b2c.fairs.vn\/en\/wp-json\/wp\/v2\/types\/product"}],"replies":[{"embeddable":true,"href":"https:\/\/b2c.fairs.vn\/en\/wp-json\/wp\/v2\/comments?post=11018"}],"version-history":[{"count":0,"href":"https:\/\/b2c.fairs.vn\/en\/wp-json\/wp\/v2\/product\/11018\/revisions"}],"wp:featuredmedia":[{"embeddable":true,"href":"https:\/\/b2c.fairs.vn\/en\/wp-json\/wp\/v2\/media\/11020"}],"wp:attachment":[{"href":"https:\/\/b2c.fairs.vn\/en\/wp-json\/wp\/v2\/media?parent=11018"}],"wp:term":[{"taxonomy":"product_cat","embeddable":true,"href":"https:\/\/b2c.fairs.vn\/en\/wp-json\/wp\/v2\/product_cat?post=11018"},{"taxonomy":"product_tag","embeddable":true,"href":"https:\/\/b2c.fairs.vn\/en\/wp-json\/wp\/v2\/product_tag?post=11018"}],"curies":[{"name":"wp","href":"https:\/\/api.w.org\/{rel}","templated":true}]}}