{"id":11006,"date":"2024-03-28T09:30:51","date_gmt":"2024-03-28T02:30:51","guid":{"rendered":"https:\/\/b2c.fairs.vn\/?post_type=product&#038;p=11006"},"modified":"2024-04-17T17:06:46","modified_gmt":"2024-04-17T10:06:46","slug":"banh-trang-ruoc-ca-hoi-120gr","status":"publish","type":"product","link":"https:\/\/b2c.fairs.vn\/en\/product\/banh-trang-ruoc-ca-hoi-120gr\/","title":{"rendered":"B\u00e1nh tr\u00e1ng ru\u1ed1c C\u00e1 H\u1ed3i 120gr"},"content":{"rendered":"<p>V\u1eabn l\u00e0 nh\u1eefng s\u1ef1 k\u1ebft h\u1ee3p tinh t\u1ebf gi\u1eefa c\u00e1c gia v\u1ecb \u0111\u1eb7c s\u1ea3n d\u00e2n t\u1ed9c nh\u1ea3y m\u00faa tr\u00ean n\u1ec1n chi\u1ebfc b\u00e1nh tr\u00e1ng n\u01b0\u1edbng truy\u1ec1n th\u1ed1ng t\u1ea1o ra nh\u1eefng m\u00f3n \u0103n v\u1eb7t, \u0103n ch\u01a1i \u0111\u1eadm \u0111\u00e0 m\u00e0 m\u1ecdi ng\u01b0\u1eddi \u0111\u1ec1u th\u00edch th\u00fa. \u0110\u1ea7u ti\u00ean, b\u00e1nh tr\u00e1ng d\u00f9ng \u0111\u1ec3 n\u01b0\u1edbng ph\u1ea3i \u0111\u01b0\u1ee3c l\u1ef1a ch\u1ecdn lo\u1ea1i \u0111\u1eb7c bi\u1ec7t nh\u1ea5t, lo\u1ea1i b\u00e1nh d\u00e0y v\u00e0 ph\u1ee7 nhi\u1ec1u m\u00e8 tr\u1eafng nh\u1eb1m c\u00f3 \u0111\u01b0\u1ee3c v\u1ecb th\u01a1m ngon \u0111\u1eadm \u0111\u00e0 khi n\u01b0\u1edbng ch\u00edn. Cho ra l\u00f2 m\u00f3n b\u00e1nh tr\u00e1ng ru\u1ed1c C\u00e1 H\u1ed3i th\u01a1m ngon.<\/p>\n<p>B\u00e1nh sau khi \u0111\u01b0\u1ee3c n\u01b0\u1edbng cho ch\u00edn v\u00e0ng s\u1ebd \u0111\u01b0\u1ee3c ph\u1ebft m\u1ed9t l\u1edbp gia v\u1ecb m\u1eafm v\u00e0\u00a0ph\u1ee7 ru\u1ed1c C\u00e1 H\u1ed3i\u00a0, sau nhi\u1ec1u c\u00f4ng \u0111o\u1ea1n t\u1eeb khi pha b\u1ed9t tr\u00e1ng b\u00e1nh cho \u0111\u1ebfn khi n\u01b0\u1edbng ch\u00edn v\u00e0 ph\u1ee7 l\u00ean nh\u1eefng l\u1edbp ru\u1ed1c C\u00e1 H\u1ed3i, cu\u1ed1i c\u00f9ng B\u00e1nh s\u1ebd \u0111\u01b0\u1ee3c b\u1ebb th\u00e0nh t\u1eebng m\u00e3nh \u0111\u1ec5 cho v\u00e0o nh\u1eefng chi\u1ebfc t\u00fai xinh xinh, m\u1ed7i t\u00fai kh\u1ed1i l\u01b0\u1ee3ng 120gr.<\/p>","protected":false},"excerpt":{"rendered":"<p>V\u1eabn l\u00e0 nh\u1eefng s\u1ef1 k\u1ebft h\u1ee3p tinh t\u1ebf gi\u1eefa c\u00e1c gia v\u1ecb \u0111\u1eb7c s\u1ea3n d\u00e2n t\u1ed9c nh\u1ea3y m\u00faa tr\u00ean n\u1ec1n<\/p>","protected":false},"featured_media":11007,"comment_status":"open","ping_status":"closed","template":"","meta":{"_acf_changed":false},"product_cat":[315,366,367,22,313],"product_tag":[],"class_list":{"0":"post-11006","1":"product","2":"type-product","3":"status-publish","4":"has-post-thumbnail","6":"product_cat-che-bien-tu-gao-ngu-coc","7":"product_cat-hang-cnnt-cap-qg","8":"product_cat-hang-cnnt-cap-qg-2023","9":"product_cat-sanphamthucpham","10":"product_cat-thuc-pham-che-bien","12":"first","13":"instock","14":"shipping-taxable","15":"purchasable","16":"product-type-simple"},"acf":[],"_links":{"self":[{"href":"https:\/\/b2c.fairs.vn\/en\/wp-json\/wp\/v2\/product\/11006","targetHints":{"allow":["GET"]}}],"collection":[{"href":"https:\/\/b2c.fairs.vn\/en\/wp-json\/wp\/v2\/product"}],"about":[{"href":"https:\/\/b2c.fairs.vn\/en\/wp-json\/wp\/v2\/types\/product"}],"replies":[{"embeddable":true,"href":"https:\/\/b2c.fairs.vn\/en\/wp-json\/wp\/v2\/comments?post=11006"}],"version-history":[{"count":0,"href":"https:\/\/b2c.fairs.vn\/en\/wp-json\/wp\/v2\/product\/11006\/revisions"}],"wp:featuredmedia":[{"embeddable":true,"href":"https:\/\/b2c.fairs.vn\/en\/wp-json\/wp\/v2\/media\/11007"}],"wp:attachment":[{"href":"https:\/\/b2c.fairs.vn\/en\/wp-json\/wp\/v2\/media?parent=11006"}],"wp:term":[{"taxonomy":"product_cat","embeddable":true,"href":"https:\/\/b2c.fairs.vn\/en\/wp-json\/wp\/v2\/product_cat?post=11006"},{"taxonomy":"product_tag","embeddable":true,"href":"https:\/\/b2c.fairs.vn\/en\/wp-json\/wp\/v2\/product_tag?post=11006"}],"curies":[{"name":"wp","href":"https:\/\/api.w.org\/{rel}","templated":true}]}}