{"id":11001,"date":"2024-03-28T09:27:24","date_gmt":"2024-03-28T02:27:24","guid":{"rendered":"https:\/\/b2c.fairs.vn\/?post_type=product&#038;p=11001"},"modified":"2024-04-17T17:05:19","modified_gmt":"2024-04-17T10:05:19","slug":"banh-trang-nuoc-cot-dua-me-den","status":"publish","type":"product","link":"https:\/\/b2c.fairs.vn\/en\/product\/banh-trang-nuoc-cot-dua-me-den\/","title":{"rendered":"B\u00e1nh tr\u00e1ng n\u01b0\u1edbc c\u1ed1t d\u1eeba m\u00e8 \u0111en"},"content":{"rendered":"<p>S\u1ea3n ph\u1ea9m\u00a0<strong>b\u00e1nh tr\u00e1ng n\u01b0\u1edbc c\u1ed1t d\u1eeba n\u01b0\u1edbng<\/strong>\u00a0c\u1ee7a\u00a0<strong>Sachi<\/strong>\u00a0v\u1edbi c\u00e1c th\u00e0nh ph\u1ea7n ch\u00ednh t\u1eeb g\u1ea1o, b\u1ed9t m\u00ec v\u00e0 nh\u1edd c\u00f3 pha th\u00eam n\u01b0\u1edbc c\u1ed1t d\u1eeba v\u00e0o c\u00f9ng n\u00ean b\u00e1nh c\u00f3 \u0111\u1ed9 b\u00e9o ng\u1eady, h\u01b0\u01a1ng v\u1ecb d\u1eeba th\u01a1m ngon \u0111\u1eb7c tr\u01b0ng. \u0110\u1eb7c bi\u1ec7t \u0111\u1ec3 b\u00e1nh c\u00f3 ch\u1ea5t l\u01b0\u1ee3ng cao nh\u1ea5t, th\u00ec lo\u1ea1i d\u1eeba nguy\u00ean li\u1ec7u \u0111\u01b0\u1ee3c ch\u1ecdn ph\u1ea3i l\u00e0 nh\u1eefng tr\u00e1i nhi\u1ec1u c\u01a1m, kh\u00f4ng \u0111\u01b0\u1ee3c qu\u00e1 gi\u00e1 c\u0169ng nh\u01b0 qu\u00e1 non.<\/p>\n<p>Ngo\u00e0i ra, \u0111\u1ec3 t\u0103ng th\u00eam m\u00f9i v\u1ecb h\u1ea5p d\u1eabn cho\u00a0<strong>b\u00e1nh tr\u00e1ng n\u01b0\u1edbc c\u1ed1t d\u1eeba<\/strong>\u00a0ch\u00fang t\u00f4i c\u00f2n b\u1ed5 sung th\u00eam m\u1ed9t s\u1ed1 nguy\u00ean li\u1ec7u ph\u1ee5 nh\u01b0: ti\u00eau \u0111en, \u1edbt, t\u1ecfi, h\u00e0nh h\u01b0\u01a1ng, m\u00e8 tr\u1eafng v\u00e0 mu\u1ed1i. T\u1ea5t c\u1ea3 nh\u1eefng nguy\u00ean li\u1ec7u n\u00e0y h\u00f2a quy\u1ec7n v\u00e0o nhau, t\u1ea1o ra nh\u1eefng m\u1ebb b\u00e1nh s\u1ef1c m\u00f9i th\u01a1m ngon ngay c\u1ea3 khi ch\u01b0a ch\u00edn.<\/p>\n<p>Nh\u1edd th\u1ebf m\u1ea1nh s\u1eb5n c\u00f3 t\u1eeb ngu\u1ed3n nguy\u00ean li\u1ec7u d\u1eeba d\u1ed3i d\u00e0o t\u1ea1i Tam Quan, c\u00f9ng v\u1edbi s\u1ef1 k\u1ebft h\u1ee3p h\u00e0i h\u00f2a v\u00e0 linh ho\u1ea1t gi\u1eefa c\u00e1c lo\u1ea1i nguy\u00ean li\u1ec7u l\u1ea1i v\u1edbi nhau, m\u00e0 c\u00f4ng ty\u00a0<strong>b\u00e1nh tr\u00e1ng n\u01b0\u1edbng \u0111\u00f3ng g\u00f3i Sachi\u00a0<\/strong>\u0111\u00e3 cho ra \u0111\u1eddi d\u00f2ng s\u1ea3n ph\u1ea9m\u00a0<strong>b\u00e1nh tr\u00e1ng n\u01b0\u1edbc c\u1ed1t d\u1eeba<\/strong>\u00a0v\u1edbi nh\u1eefng \u01b0u \u0111i\u1ec3m v\u01b0\u1ee3t tr\u1ed9i so v\u1edbi nh\u1eefng c\u01a1 s\u1edf kh\u00e1c tr\u00ean th\u1ecb tr\u01b0\u1eddng, c\u1ee5 th\u1ec3 l\u00e0:<\/p>\n<ul>\n<li><strong>B\u00e1nh tr\u00e1ng n\u01b0\u1edbc c\u1ed1t d\u1eeba<\/strong>\u00a0n\u01b0\u1edbng s\u1eb5n\u00a0<strong>Sachi<\/strong>\u00a0x\u1ed1p, gi\u00f2n r\u1ee5m, c\u00f3 m\u00f9i v\u1ecb b\u00e9o \u0111\u1eb7c tr\u01b0ng c\u1ee7a d\u1eeba v\u00e0 m\u00f9i th\u01a1m c\u1ee7a m\u00e8.<\/li>\n<li>B\u00e1nh c\u00f3 th\u1ec3 s\u1eed d\u1ee5ng ngay \u0111\u1ec3 \u0103n k\u00e8m v\u1edbi nhi\u1ec1u m\u00f3n \u0103n kh\u00e1c nhau ho\u1eb7c l\u00e0m m\u00f3n \u0103n v\u1eb7t \u0111\u1ea7y th\u00fa v\u1ecb.<\/li>\n<li><strong>B\u00e1nh tr\u00e1ng n\u01b0\u1edbc c\u1ed1t d\u1eeba<\/strong>\u00a0\u0111\u01b0\u1ee3c n\u01b0\u1edbng b\u1eb1ng \u0111i\u1ec7n t\u1ef1 \u0111\u1ed9ng ch\u00edn v\u00e0ng \u0111\u1ec1u, n\u00ean \u0111\u1ea3m b\u1ea3o kh\u00f4ng b\u1ecb b\u00e1m m\u00f9i h\u01a1i kh\u00f3i gi\u1ed1ng nh\u01b0 ki\u1ec3u n\u01b0\u1edbng than th\u00f4ng th\u01b0\u1eddng.<\/li>\n<li>S\u1ea3n ph\u1ea9m \u0111\u01b0\u1ee3c s\u1ea3n xu\u1ea5t \u0111\u00f3ng g\u00f3i v\u1edbi bao b\u00ec sang tr\u1ecdng, hi\u1ec7n \u0111\u1ea1i v\u00e0 h\u00fat ch\u00e2n kh\u00f4ng \u0111\u1ea3m b\u1ea3o an to\u00e0n v\u1ec7 sinh th\u1ef1c ph\u1ea9m.<\/li>\n<li><strong>B\u00e1nh tr\u00e1ng n\u01b0\u1edbc c\u1ed1t d\u1eeba n\u01b0\u1edbng<\/strong>\u00a0c\u1ee7a\u00a0<strong>Sachi<\/strong>\u00a0\u0111\u00e3 \u0111\u01b0\u1ee3c c\u1ea5p ch\u1ee9ng nh\u1eadn ti\u00eau chu\u1ea9n qu\u1ed1c t\u1ebf ISO 22000:2018.<\/li>\n<li>L\u00e0 s\u1ea3n ph\u1ea9m OCOP (4 sao) c\u1ee7a t\u1ec9nh v\u00e0 \u0111\u00e3 \u0111\u1ea1t \u0111\u01b0\u1ee3c c\u00e1c ti\u00eau ch\u00ed \u0111\u1ec3 xu\u1ea5t \u0111i c\u00e1c th\u1ecb tr\u01b0\u1eddng kh\u00f3 t\u00ednh.<\/li>\n<\/ul>","protected":false},"excerpt":{"rendered":"<p>S\u1ea3n ph\u1ea9m\u00a0b\u00e1nh tr\u00e1ng n\u01b0\u1edbc c\u1ed1t d\u1eeba n\u01b0\u1edbng\u00a0c\u1ee7a\u00a0Sachi\u00a0v\u1edbi c\u00e1c th\u00e0nh ph\u1ea7n ch\u00ednh t\u1eeb g\u1ea1o, b\u1ed9t m\u00ec v\u00e0 nh\u1edd c\u00f3 pha th\u00eam<\/p>","protected":false},"featured_media":11004,"comment_status":"open","ping_status":"closed","template":"","meta":{"_acf_changed":false},"product_cat":[315,366,367,22,313],"product_tag":[],"class_list":{"0":"post-11001","1":"product","2":"type-product","3":"status-publish","4":"has-post-thumbnail","6":"product_cat-che-bien-tu-gao-ngu-coc","7":"product_cat-hang-cnnt-cap-qg","8":"product_cat-hang-cnnt-cap-qg-2023","9":"product_cat-sanphamthucpham","10":"product_cat-thuc-pham-che-bien","12":"first","13":"instock","14":"shipping-taxable","15":"purchasable","16":"product-type-simple"},"acf":[],"_links":{"self":[{"href":"https:\/\/b2c.fairs.vn\/en\/wp-json\/wp\/v2\/product\/11001","targetHints":{"allow":["GET"]}}],"collection":[{"href":"https:\/\/b2c.fairs.vn\/en\/wp-json\/wp\/v2\/product"}],"about":[{"href":"https:\/\/b2c.fairs.vn\/en\/wp-json\/wp\/v2\/types\/product"}],"replies":[{"embeddable":true,"href":"https:\/\/b2c.fairs.vn\/en\/wp-json\/wp\/v2\/comments?post=11001"}],"version-history":[{"count":0,"href":"https:\/\/b2c.fairs.vn\/en\/wp-json\/wp\/v2\/product\/11001\/revisions"}],"wp:featuredmedia":[{"embeddable":true,"href":"https:\/\/b2c.fairs.vn\/en\/wp-json\/wp\/v2\/media\/11004"}],"wp:attachment":[{"href":"https:\/\/b2c.fairs.vn\/en\/wp-json\/wp\/v2\/media?parent=11001"}],"wp:term":[{"taxonomy":"product_cat","embeddable":true,"href":"https:\/\/b2c.fairs.vn\/en\/wp-json\/wp\/v2\/product_cat?post=11001"},{"taxonomy":"product_tag","embeddable":true,"href":"https:\/\/b2c.fairs.vn\/en\/wp-json\/wp\/v2\/product_tag?post=11001"}],"curies":[{"name":"wp","href":"https:\/\/api.w.org\/{rel}","templated":true}]}}