{"id":11000,"date":"2024-03-28T09:44:15","date_gmt":"2024-03-28T02:44:15","guid":{"rendered":"https:\/\/b2c.fairs.vn\/?post_type=product&#038;p=11000"},"modified":"2024-04-22T10:12:53","modified_gmt":"2024-04-22T03:12:53","slug":"ca-lac-nuong-tam-gia-vi-thuan-hue-100g","status":"publish","type":"product","link":"https:\/\/b2c.fairs.vn\/en\/product\/ca-lac-nuong-tam-gia-vi-thuan-hue-100g\/","title":{"rendered":"C\u00e1 l\u1ea1c n\u01b0\u1edbng t\u1ea9m gia v\u1ecb Thu\u1eadn Hu\u1ec7 100G"},"content":{"rendered":"<p>TH\u00d4NG TIN S\u1ea2N PH\u1ea8M : C\u00c1 N\u01af\u1edaNG<\/p>\n<p>&#8211; Th\u00e0nh ph\u1ea7n s\u1ea3n ph\u1ea9m \u0111\u01b0\u1ee3c ph\u00e2n t\u00edch b\u1edfi c\u1ee5c an to\u00e0n th\u1ef1c ph\u1ea9m HACCP v\u00e0 \u0111\u01b0\u1ee3c in r\u00f5 tr\u00ean m\u1ed7i s\u1ea3n ph\u1ea9m<\/p>\n<p>&#8211; H\u01b0\u1edbng d\u1eabn s\u1eed d\u1ee5ng: D\u00f9ng \u0103n tr\u1ef1c ti\u1ebfp<\/p>\n<p>&#8211; H\u01b0\u1edbng d\u1eabn b\u1ea3o qu\u1ea3n: Nhi\u1ec7t \u0111\u1ed9 m\u00e1t<\/p>\n<p>&#8211; Tr\u1ecdng l\u01b0\u1ee3ng t\u1ecbnh : 100G ( kh\u00f4ng t\u00ednh bao b\u00ec )<\/p>\n<p>&#8211; H\u1ea1n s\u1eed d\u1ee5ng: 1 n\u0103m k\u1ec3 t\u1eeb ng\u00e0y s\u1ea3n xu\u1ea5t<\/p>","protected":false},"excerpt":{"rendered":"<p>TH\u00d4NG TIN S\u1ea2N PH\u1ea8M : C\u00c1 N\u01af\u1edaNG &#8211; Th\u00e0nh ph\u1ea7n s\u1ea3n ph\u1ea9m \u0111\u01b0\u1ee3c ph\u00e2n t\u00edch b\u1edfi c\u1ee5c an to\u00e0n th\u1ef1c<\/p>","protected":false},"featured_media":11105,"comment_status":"open","ping_status":"closed","template":"","meta":{"_acf_changed":false},"product_cat":[317,366,398,22,313],"product_tag":[],"class_list":{"0":"post-11000","1":"product","2":"type-product","3":"status-publish","4":"has-post-thumbnail","6":"product_cat-che-bien-tu-thit-trung-sua-thuy-san-cac-san-pham-tu-mat-ong-mat-khac-va-nong-san-thuc-pham-khac","7":"product_cat-hang-cnnt-cap-qg","8":"product_cat-san-pham-cnnt-tb-cap-qg-2021","9":"product_cat-sanphamthucpham","10":"product_cat-thuc-pham-che-bien","12":"first","13":"instock","14":"shipping-taxable","15":"purchasable","16":"product-type-simple"},"acf":[],"_links":{"self":[{"href":"https:\/\/b2c.fairs.vn\/en\/wp-json\/wp\/v2\/product\/11000","targetHints":{"allow":["GET"]}}],"collection":[{"href":"https:\/\/b2c.fairs.vn\/en\/wp-json\/wp\/v2\/product"}],"about":[{"href":"https:\/\/b2c.fairs.vn\/en\/wp-json\/wp\/v2\/types\/product"}],"replies":[{"embeddable":true,"href":"https:\/\/b2c.fairs.vn\/en\/wp-json\/wp\/v2\/comments?post=11000"}],"version-history":[{"count":0,"href":"https:\/\/b2c.fairs.vn\/en\/wp-json\/wp\/v2\/product\/11000\/revisions"}],"wp:featuredmedia":[{"embeddable":true,"href":"https:\/\/b2c.fairs.vn\/en\/wp-json\/wp\/v2\/media\/11105"}],"wp:attachment":[{"href":"https:\/\/b2c.fairs.vn\/en\/wp-json\/wp\/v2\/media?parent=11000"}],"wp:term":[{"taxonomy":"product_cat","embeddable":true,"href":"https:\/\/b2c.fairs.vn\/en\/wp-json\/wp\/v2\/product_cat?post=11000"},{"taxonomy":"product_tag","embeddable":true,"href":"https:\/\/b2c.fairs.vn\/en\/wp-json\/wp\/v2\/product_tag?post=11000"}],"curies":[{"name":"wp","href":"https:\/\/api.w.org\/{rel}","templated":true}]}}