{"id":10989,"date":"2024-03-28T09:23:39","date_gmt":"2024-03-28T02:23:39","guid":{"rendered":"https:\/\/b2c.fairs.vn\/?post_type=product&#038;p=10989"},"modified":"2024-04-17T17:04:47","modified_gmt":"2024-04-17T10:04:47","slug":"banh-trang-mam-toi-120g","status":"publish","type":"product","link":"https:\/\/b2c.fairs.vn\/en\/product\/banh-trang-mam-toi-120g\/","title":{"rendered":"B\u00e1nh tr\u00e1ng m\u1eafm t\u1ecfi 120g"},"content":{"rendered":"<p>Nh\u1eefng ng\u00e0y qua,\u00a0<strong>B\u00e1nh tr\u00e1ng m\u1eafm t\u1ecfi\u00a0<\/strong>\u0111ang \u0111\u01b0\u1ee3c c\u00e1c t\u00edn \u0111\u1ed3 \u0103n v\u1eb7t c\u0169ng nh\u01b0 gi\u1edbi s\u00e0nh \u0103n s\u0103n t\u00ecm. B\u1edfi m\u00f3n\u00a0<strong>b\u00e1nh tr\u00e1ng m\u1eafm t\u1ecfi\u00a0<\/strong>n\u00e0y r\u1ea5t hot hi\u1ec7n nay, kh\u00f4ng ch\u1ec9 th\u01a1m ngon m\u00e0 c\u00f2n l\u1ea1 mi\u1ec7ng n\u1eefa!<\/p>\n<p>M\u00f3n b\u00e1nh g\u00ec m\u00e0 v\u1eeba m\u1edf t\u00fai \u0111\u00e3 th\u01a1m ph\u1ee9c m\u00f9i gia v\u1ecb, b\u00e9o ng\u1eady c\u1ee7a n\u01b0\u1edbc c\u1ed1t d\u1eeba, b\u1ed9t g\u1ea1o, m\u00e8 \u0111en c\u00f9ng v\u1ecb m\u1eb7n m\u1eb7n c\u1ee7a m\u1eafm, th\u01a1m th\u01a1m c\u1ee7a t\u1ecfi c\u1ee9 nghe gi\u00f2n r\u1ee5m trong mi\u1ec7ng m\u00e0 ai \u0103n c\u0169ng ph\u1ea3i t\u1ea5m t\u1eaft khen ngon. M\u00f3n ngon l\u00e0 th\u1ebf nh\u01b0ng v\u1eabn c\u00f2n nhi\u1ec1u b\u00ed m\u1eadt ch\u01b0a \u0111\u01b0\u1ee3c b\u1eadt m\u00ed. Kh\u00f4ng \u0111\u1ec3 cho ch\u1ecb em ph\u1ea3i ch\u1edd \u0111\u1ee3i l\u00e2u,\u00a0<a href=\"https:\/\/banhtrangsachi.com\/\"><strong>Sachi Nguy\u1ec5n<\/strong><\/a>\u00a0xin b\u1eadt m\u00ed t\u1ea5t t\u1ea7n t\u1eadt th\u00f4ng tin v\u1ec1 m\u00f3n b\u00e1nh tr\u00e1ng th\u1ea7n th\u00e1nh n\u00e0y ngay \u0111\u00e2y!<\/p>\n<p>B\u00e1nh \u0111\u01b0\u1ee3c s\u1ea3n xu\u1ea5t t\u1eeb l\u00e0ng ngh\u1ec1 b\u00e1nh tr\u00e1ng truy\u1ec1n th\u1ed1ng l\u00e2u \u0111\u1eddi. C\u00f9ng v\u1edbi v\u1ecb n\u01b0\u1edbc c\u1ed1t d\u1eeba b\u00e9o ng\u1eady, r\u1eafc \u0111\u1ea7y h\u1ea1t m\u00e8 \u0111en v\u00e0 \u0111\u01b0\u1ee3c ph\u01a1i d\u01b0\u1edbi n\u1eafng m\u1ed9t ng\u00e0y. M\u1eafm t\u1ecfi, gia v\u1ecb \u0111\u1ea7y \u0111\u1ee7 s\u1ebd \u0111\u01b0\u1ee3c ph\u1ee7 \u0111\u1ea7y l\u00ean m\u1eb7t b\u00e1nh r\u1ed3i \u0111em n\u01b0\u1edbng tr\u00ean b\u1ebfp than. Khi ch\u00edn \u0111\u1ec1u hai m\u1eb7t b\u00e1nh, nh\u1eefng mi\u1ebfng b\u00e1nh gi\u00f2n tan v\u1edbi m\u00f9i th\u01a1m t\u1ecfa ra nh\u01b0 nh\u1eefng t\u00ecnh c\u1ea3m ch\u1ea5t ph\u00e1t m\u00e0 n\u1ed3ng n\u00e0ng trao \u0111\u1ebfn tay b\u1ea1n b\u00e8 g\u1ea7n xa. \u00a0<strong>B\u00e1nh tr\u00e1ng m\u1eafm t\u1ecfi\u00a0<\/strong>hi\u1ec7n l\u00e0 m\u00f3n \u0103n v\u1eb7t kh\u00e1 n\u1ed5i c\u1ee7a \u0111\u1ea1i \u0111a s\u1ed1 h\u1ecdc sinh, sinh vi\u00ean, c\u00e1c gi\u1edbi tr\u1ebb s\u00e0nh \u0103n th\u00edch \u0103n m\u00f3n b\u00e1nh<\/p>","protected":false},"excerpt":{"rendered":"<p>Nh\u1eefng ng\u00e0y qua,\u00a0B\u00e1nh tr\u00e1ng m\u1eafm t\u1ecfi\u00a0\u0111ang \u0111\u01b0\u1ee3c c\u00e1c t\u00edn \u0111\u1ed3 \u0103n v\u1eb7t c\u0169ng nh\u01b0 gi\u1edbi s\u00e0nh \u0103n s\u0103n t\u00ecm. B\u1edfi<\/p>","protected":false},"featured_media":10992,"comment_status":"open","ping_status":"closed","template":"","meta":{"_acf_changed":false},"product_cat":[315,366,367,22,313],"product_tag":[],"class_list":{"0":"post-10989","1":"product","2":"type-product","3":"status-publish","4":"has-post-thumbnail","6":"product_cat-che-bien-tu-gao-ngu-coc","7":"product_cat-hang-cnnt-cap-qg","8":"product_cat-hang-cnnt-cap-qg-2023","9":"product_cat-sanphamthucpham","10":"product_cat-thuc-pham-che-bien","12":"first","13":"instock","14":"shipping-taxable","15":"purchasable","16":"product-type-simple"},"acf":[],"_links":{"self":[{"href":"https:\/\/b2c.fairs.vn\/en\/wp-json\/wp\/v2\/product\/10989","targetHints":{"allow":["GET"]}}],"collection":[{"href":"https:\/\/b2c.fairs.vn\/en\/wp-json\/wp\/v2\/product"}],"about":[{"href":"https:\/\/b2c.fairs.vn\/en\/wp-json\/wp\/v2\/types\/product"}],"replies":[{"embeddable":true,"href":"https:\/\/b2c.fairs.vn\/en\/wp-json\/wp\/v2\/comments?post=10989"}],"version-history":[{"count":0,"href":"https:\/\/b2c.fairs.vn\/en\/wp-json\/wp\/v2\/product\/10989\/revisions"}],"wp:featuredmedia":[{"embeddable":true,"href":"https:\/\/b2c.fairs.vn\/en\/wp-json\/wp\/v2\/media\/10992"}],"wp:attachment":[{"href":"https:\/\/b2c.fairs.vn\/en\/wp-json\/wp\/v2\/media?parent=10989"}],"wp:term":[{"taxonomy":"product_cat","embeddable":true,"href":"https:\/\/b2c.fairs.vn\/en\/wp-json\/wp\/v2\/product_cat?post=10989"},{"taxonomy":"product_tag","embeddable":true,"href":"https:\/\/b2c.fairs.vn\/en\/wp-json\/wp\/v2\/product_tag?post=10989"}],"curies":[{"name":"wp","href":"https:\/\/api.w.org\/{rel}","templated":true}]}}