{"id":10986,"date":"2024-03-28T09:22:37","date_gmt":"2024-03-28T02:22:37","guid":{"rendered":"https:\/\/b2c.fairs.vn\/?post_type=product&#038;p=10986"},"modified":"2024-04-23T16:15:44","modified_gmt":"2024-04-23T09:15:44","slug":"tinh-dau-chuc-bergamot-essensial-oil","status":"publish","type":"product","link":"https:\/\/b2c.fairs.vn\/en\/product\/tinh-dau-chuc-bergamot-essensial-oil\/","title":{"rendered":"Tinh D\u1ea7u Ch\u00fac ( Bergamot Essensial Oil)"},"content":{"rendered":"<p><strong class=\"x-el x-el-span c2-9 c2-a c2-7g c2-s c2-2j c2-7h c2-3\">Chi ti\u1ebft s\u1ea3n ph\u1ea9m<\/strong><\/p>\n<p>C\u00e2y Ch\u00fac c\u00f3 t\u00ean khoa h\u1ecdc l\u00e0 \u00a0Citrus hystrix\/Bergamot l\u00e0 lo\u1ea1i c\u00e2y \u0111\u1eb7c bi\u1ec7t c\u1ee7a 2 huy\u1ec7n mi\u1ec1n n\u00fai Tri T\u00f4n, T\u1ecbnh Bi\u00ean c\u1ee7a T\u1ec9nh An Giang. Ti\u1ebfng Kh\u01a1mer g\u1ecdi l\u00e0 K\u1ed1t &#8211; S\u00f4t hay chanh th\u00e1i l\u00e0 s\u1ed1 8.<\/p>\n<p>C\u00f4ng D\u1ee5ng: \u00a01. L\u00e0m s\u1ea3ng kho\u00e1i tinh th\u1ea7n, gi\u1ea3m stress, gi\u1ea3m \u0111au \u0111\u1ea7u<\/p>\n<p>2. Tr\u1ecb ch\u1ee9ng m\u1ea5t ng\u1ee7, gi\u00fap gi\u1ea5c ng\u1ee7 s\u00e2u h\u01a1n.<\/p>\n<p>3. Ch\u1ed1ng oxy h\u00f3a, ch\u1ed1ng n\u1ea5m m\u00f3ng, h\u1ea1 \u0111\u01b0\u1eddng huy\u1ebft, gi\u1ea3m \u0111\u1ea7y h\u01a1i.<\/p>\n<p>4. Kh\u1eed m\u00f9i trong kh\u00f4ng kh\u00ed, l\u00e0m th\u00f4ng m\u0169i, m\u00e1t h\u1ecdng.<\/p>\n<p>5. C\u00f3 hi\u1ec7u qu\u1ea3 trong h\u1ed7 tr\u1ee3 tinh th\u1ea7n, gi\u1ea3m c\u0103ng th\u1eb3ng, k\u00edch th\u00edch hormon h\u1ed7 tr\u1ee3 qu\u00e1 tr\u00ecnh th\u1ee5 thai<\/p>\n<p>6. Tr\u1ecb g\u00e0u v\u00e0 ch\u1ed1ng r\u1ee5ng t\u00f3c, d\u01b0\u1ee1ng t\u00f3c b\u00f3ng m\u01b0\u1ee3t.<\/p>\n<p>7. Di\u1ec7t khu\u1ea9n, n\u1ea5m<\/p>\n<p>H\u01b0\u1edbng d\u1eabn s\u1eed d\u1ee5ng:<\/p>\n<p>1. Cho 3-5 gi\u1ecdt v\u00e0o \u0111\u00e8n x\u00f4ng tinh d\u1ea7u \u0111\u1ec3 x\u00f4ng ph\u00f2ng ng\u1ee7, ph\u00f2ng kh\u00e1ch (ho\u1eb7c toilet) kh\u1eed m\u00f9i, gi\u1ea3m \u1ea9m m\u1ed1c, ph\u00f2ng ch\u1ed1ng vi khu\u1ea9n g\u00e2y b\u1ec7nh r\u1ea5t t\u1ed1t cho s\u1ee9c kh\u1ecfe.<\/p>\n<p>2. Cho 3-5 gi\u1ecdt v\u00e0o n\u01b0\u1edbc khi t\u1eafm \u0111\u1ec3 th\u01b0 gi\u00e3n tinh th\u1ea7n.<\/p>\n<p>3. Cho 1-2 gi\u1ecdt tinh d\u1ea7u v\u00e0o m\u1ed9t s\u1ed1 m\u00f3n \u0103n nhi\u1ec1u \u0111\u1ea1m nh\u01b0 b\u00f2, g\u00e0 sau khi ch\u1ebf bi\u1ebfn xong l\u00e0m m\u00f3n \u0103n th\u01a1m ngon h\u01a1n v\u00e0 d\u1ec5 ti\u00eau h\u00f3a h\u01a1n.<\/p>\n<p>4. L\u1ea5y 1 th\u00eca d\u1ea7u d\u1eeba, nh\u1ecf th\u00eam 2-3 gi\u1ecdt tinh d\u1ea7u ch\u00fac v\u00e0o tr\u1ed9n \u0111\u1ec1u v\u00e0 massage l\u00ean ch\u00e2n t\u00f3c sau 30 ph\u00fat g\u1ed9i s\u1ea1ch l\u1ea1i b\u1eb1ng d\u1ea7u g\u1ed9i th\u00f4ng th\u01b0\u1eddng.<\/p>\n<p>5. Ho\u1eb7c sau khi g\u1ed9i s\u1ea1ch t\u00f3c, d\u00f9ng 4-5 gi\u1ecdt tinh d\u1ea7u ch\u00fac pha lo\u00e3ng v\u1edbi n\u01b0\u1edbc \u1ea5m thoa l\u00ean ch\u00e2n t\u00f3c, da \u0111\u1ea7u, massage nh\u1eb9 nh\u00e0ng \u0111\u1ec3 tinh d\u1ea7u c\u00f3 th\u1ec3 th\u1eabm th\u1ea5u. ( \u0111\u1ed1i v\u1edbi tinh d\u1ea7u ch\u00fac nguy\u00ean ch\u1ea5t b\u1ea1n kh\u00f4ng c\u1ea7n g\u1ed9i l\u1ea1i).<\/p>","protected":false},"excerpt":{"rendered":"<p>Chi ti\u1ebft s\u1ea3n ph\u1ea9m C\u00e2y Ch\u00fac c\u00f3 t\u00ean khoa h\u1ecdc l\u00e0 \u00a0Citrus hystrix\/Bergamot l\u00e0 lo\u1ea1i c\u00e2y \u0111\u1eb7c bi\u1ec7t c\u1ee7a 2<\/p>","protected":false},"featured_media":10988,"comment_status":"open","ping_status":"closed","template":"","meta":{"_acf_changed":false},"product_cat":[332,366,398,335],"product_tag":[],"class_list":{"0":"post-10986","1":"product","2":"type-product","3":"status-publish","4":"has-post-thumbnail","6":"product_cat-san-pham-duoc-lieu-va-san-pham-tu-duoc-lieu","7":"product_cat-hang-cnnt-cap-qg","8":"product_cat-san-pham-cnnt-tb-cap-qg-2021","9":"product_cat-tinh-dau-va-thao-duoc-khac","11":"first","12":"instock","13":"sale","14":"shipping-taxable","15":"purchasable","16":"product-type-simple"},"acf":[],"_links":{"self":[{"href":"https:\/\/b2c.fairs.vn\/en\/wp-json\/wp\/v2\/product\/10986","targetHints":{"allow":["GET"]}}],"collection":[{"href":"https:\/\/b2c.fairs.vn\/en\/wp-json\/wp\/v2\/product"}],"about":[{"href":"https:\/\/b2c.fairs.vn\/en\/wp-json\/wp\/v2\/types\/product"}],"replies":[{"embeddable":true,"href":"https:\/\/b2c.fairs.vn\/en\/wp-json\/wp\/v2\/comments?post=10986"}],"version-history":[{"count":0,"href":"https:\/\/b2c.fairs.vn\/en\/wp-json\/wp\/v2\/product\/10986\/revisions"}],"wp:featuredmedia":[{"embeddable":true,"href":"https:\/\/b2c.fairs.vn\/en\/wp-json\/wp\/v2\/media\/10988"}],"wp:attachment":[{"href":"https:\/\/b2c.fairs.vn\/en\/wp-json\/wp\/v2\/media?parent=10986"}],"wp:term":[{"taxonomy":"product_cat","embeddable":true,"href":"https:\/\/b2c.fairs.vn\/en\/wp-json\/wp\/v2\/product_cat?post=10986"},{"taxonomy":"product_tag","embeddable":true,"href":"https:\/\/b2c.fairs.vn\/en\/wp-json\/wp\/v2\/product_tag?post=10986"}],"curies":[{"name":"wp","href":"https:\/\/api.w.org\/{rel}","templated":true}]}}