{"id":10984,"date":"2024-03-28T09:21:08","date_gmt":"2024-03-28T02:21:08","guid":{"rendered":"https:\/\/b2c.fairs.vn\/?post_type=product&#038;p=10984"},"modified":"2024-04-17T17:04:36","modified_gmt":"2024-04-17T10:04:36","slug":"banh-trang-mam-ruoc-sachi-food-5-cai-tui-200-gram","status":"publish","type":"product","link":"https:\/\/b2c.fairs.vn\/en\/product\/banh-trang-mam-ruoc-sachi-food-5-cai-tui-200-gram\/","title":{"rendered":"B\u00e1nh tr\u00e1ng m\u1eafm ru\u1ed1c Sachi Food (5 c\u00e1i\/t\u00fai \u2013 200 gram)"},"content":{"rendered":"<p>Th\u00e0nh ph\u1ea7n: 80% b\u1ed9t g\u1ea1o, 15% m\u1eafm ru\u1ed1c, 5% gia v\u1ecb (\u0111\u01b0\u1eddng, \u1edbt, d\u1ea7u th\u1ef1c v\u1eadt)<br \/>\nHSD: 15 ng\u00e0y k\u1ec3 t\u1eeb ng\u00e0y s\u1ea3n xu\u1ea5t<br \/>\nHDSD: D\u00f9ng ngay khi m\u1edf bao b\u00ec<br \/>\nB\u1ea3o qu\u1ea3n: B\u1ea3o qu\u1ea3n n\u01a1i kh\u00f4 tho\u00e1ng, tr\u00e1nh \u00e1nh n\u1eafng tr\u1ef1c ti\u1ebfp<br \/>\nTh\u00f4ng tin c\u1ea3nh b\u00e1o: Kh\u00f4ng d\u00f9ng n\u1ebfu d\u1ecb \u1ee9ng v\u1edbi c\u00e1c th\u00e0nh ph\u1ea7n c\u1ee7a s\u1ea3n ph\u1ea9m.<br \/>\nKh\u1ed1i l\u01b0\u1ee3ng t\u1ecbnh: 100 g<\/p>\n<p>M\u00f3n b\u00e1nh tr\u00e1ng m\u1eafm ru\u1ed1c n\u00e0y \u0111\u01b0\u1ee3c l\u00e0m ra l\u00e0m sao? B\u00e1nh tr\u00e1ng m\u1eafm ru\u1ed1c \u0111\u01b0\u1ee3c l\u00e0m t\u1eeb nh\u1eefng nguy\u00ean li\u1ec7u s\u1eb5n c\u00f3 t\u1eeb t\u1ef1 nhi\u00ean nh\u01b0: g\u1ea1o, m\u00e8, \u1edbt,\u2026 G\u1ea1o \u0111\u01b0\u1ee3c ng\u00e2m, xay th\u00e0nh b\u1ed9t, pha th\u00eam ch\u00fat m\u1ed9t \u00edt m\u00e8 tr\u1eafng, mu\u1ed1i, \u1edbt xay, \u0111\u01b0\u1eddng, d\u1eeba\u2026 G\u1ea1o l\u00e0m b\u00e1nh \u0111\u01b0\u1ee3c vo k\u1ef9 v\u00e0 xay nhuy\u1ec5n m\u1ecbn. B\u1ed9t pha \u0111\u00fang, \u0111\u1ec3 khi tr\u00e1ng b\u00e1nh m\u1edbi kh\u00f4ng b\u1ecb d\u00ednh khu\u00f4n, d\u1ec5 d\u00e0ng trong vi\u1ec7c l\u1eadt tr\u1edf khi ph\u01a1i kh\u00f4. B\u1ed9t g\u1ea1o \u0111\u01b0\u1ee3c ng\u00e2m trong v\u00f2ng m\u1ed9t \u0111\u00eam, ng\u01b0\u1eddi tr\u00e1ng b\u00e1nh ph\u1ea3i l\u00e0 ng\u01b0\u1eddi ph\u1ea3i quen tay, tay \u0111i\u00eau luy\u1ec7n th\u00ec mi\u1ebfng b\u00e1nh tr\u00e1ng ra l\u00f2 m\u1edbi tr\u00f2n v\u00e0 \u0111\u1ec1u \u0111\u01b0\u1ee3c.<\/p>","protected":false},"excerpt":{"rendered":"<p>Th\u00e0nh ph\u1ea7n: 80% b\u1ed9t g\u1ea1o, 15% m\u1eafm ru\u1ed1c, 5% gia v\u1ecb (\u0111\u01b0\u1eddng, \u1edbt, d\u1ea7u th\u1ef1c v\u1eadt) HSD: 15 ng\u00e0y k\u1ec3<\/p>","protected":false},"featured_media":10985,"comment_status":"open","ping_status":"closed","template":"","meta":{"_acf_changed":false},"product_cat":[315,366,367,22,313],"product_tag":[],"class_list":{"0":"post-10984","1":"product","2":"type-product","3":"status-publish","4":"has-post-thumbnail","6":"product_cat-che-bien-tu-gao-ngu-coc","7":"product_cat-hang-cnnt-cap-qg","8":"product_cat-hang-cnnt-cap-qg-2023","9":"product_cat-sanphamthucpham","10":"product_cat-thuc-pham-che-bien","12":"first","13":"instock","14":"shipping-taxable","15":"purchasable","16":"product-type-simple"},"acf":[],"_links":{"self":[{"href":"https:\/\/b2c.fairs.vn\/en\/wp-json\/wp\/v2\/product\/10984","targetHints":{"allow":["GET"]}}],"collection":[{"href":"https:\/\/b2c.fairs.vn\/en\/wp-json\/wp\/v2\/product"}],"about":[{"href":"https:\/\/b2c.fairs.vn\/en\/wp-json\/wp\/v2\/types\/product"}],"replies":[{"embeddable":true,"href":"https:\/\/b2c.fairs.vn\/en\/wp-json\/wp\/v2\/comments?post=10984"}],"version-history":[{"count":0,"href":"https:\/\/b2c.fairs.vn\/en\/wp-json\/wp\/v2\/product\/10984\/revisions"}],"wp:featuredmedia":[{"embeddable":true,"href":"https:\/\/b2c.fairs.vn\/en\/wp-json\/wp\/v2\/media\/10985"}],"wp:attachment":[{"href":"https:\/\/b2c.fairs.vn\/en\/wp-json\/wp\/v2\/media?parent=10984"}],"wp:term":[{"taxonomy":"product_cat","embeddable":true,"href":"https:\/\/b2c.fairs.vn\/en\/wp-json\/wp\/v2\/product_cat?post=10984"},{"taxonomy":"product_tag","embeddable":true,"href":"https:\/\/b2c.fairs.vn\/en\/wp-json\/wp\/v2\/product_tag?post=10984"}],"curies":[{"name":"wp","href":"https:\/\/api.w.org\/{rel}","templated":true}]}}