{"id":10980,"date":"2024-03-28T09:18:14","date_gmt":"2024-03-28T02:18:14","guid":{"rendered":"https:\/\/b2c.fairs.vn\/?post_type=product&#038;p=10980"},"modified":"2024-04-17T17:04:30","modified_gmt":"2024-04-17T10:04:30","slug":"banh-trang-khoai-lang","status":"publish","type":"product","link":"https:\/\/b2c.fairs.vn\/en\/product\/banh-trang-khoai-lang\/","title":{"rendered":"B\u00e1nh tr\u00e1ng khoai lang"},"content":{"rendered":"<p><strong>B\u00e1nh tr\u00e1ng khoai lang<\/strong>\u00a0\u0111\u01b0\u1ee3c l\u00e0m t\u1eeb khoai lang nguy\u00ean ch\u1ea5t, h\u01b0\u01a1ng v\u1ecb th\u01a1m ngon v\u1edbi m\u00f9i g\u1eebng quy\u1ec7n c\u00f9ng m\u00f9i khoai lang \u0111\u1eadm \u0111\u00e0 m\u00f9i v\u1ecb c\u1ee7a qu\u00ea h\u01b0\u01a1ng B\u00ecnh \u0110\u1ecbnh. B\u00e1nh m\u1ecfng, h\u01a1i c\u1ee9ng tuy nhi\u00ean c\u00f3 th\u1ec3 cu\u1ed9n l\u1ea1i \u0103n ngay \u0111\u1ec3 c\u1ea3m nh\u1eadn \u0111\u01b0\u1ee3c v\u1ecb th\u01a1m, b\u00f9i trong mi\u1ec7ng.<\/p>\n<p><strong>B\u00e1nh tr\u00e1ng khoai lang<\/strong>\u00a0khi \u0103n b\u1ea1n s\u1ebd c\u1ea3m nh\u1eadn \u0111\u01b0\u1ee3c:<\/p>\n<ul>\n<li>V\u1ecb ng\u1ecdt thanh t\u1ef1 nhi\u00ean c\u1ee7a khoai lang<\/li>\n<li>Th\u00eam ch\u00fat n\u1ed3ng \u1ea5m c\u1ee7a g\u1eebng<\/li>\n<li>M\u1ed9t \u00edt v\u1eebng m\u00e8 th\u01a1m th\u01a1m b\u00e9o b\u00e9o<\/li>\n<\/ul>\n<p>X\u00e9 \u0103n ngay ho\u1eb7c n\u01b0\u1edbng l\u00ean \u0111\u1ec1u ngon h\u1ebft nha m\u1ecdi ng\u01b0\u1eddi. B\u00e1nh \u0103n ngon h\u01a1n khi n\u01b0\u1edbng, n\u01b0\u1edbng l\u00ean \u0103n v\u1edbi m\u00f9i th\u01a1m c\u1ee7a g\u1eebng, khoai gi\u00f2n tan trong mi\u1ec7ng.\u00a0<strong>B\u00e1nh tr\u00e1ng khoai lang\u00a0<\/strong>khi n\u01b0\u1edbng l\u00ean \u0103n s\u1ebd ngon h\u01a1n nha.<\/p>","protected":false},"excerpt":{"rendered":"<p>B\u00e1nh tr\u00e1ng khoai lang\u00a0\u0111\u01b0\u1ee3c l\u00e0m t\u1eeb khoai lang nguy\u00ean ch\u1ea5t, h\u01b0\u01a1ng v\u1ecb th\u01a1m ngon v\u1edbi m\u00f9i g\u1eebng quy\u1ec7n c\u00f9ng m\u00f9i<\/p>","protected":false},"featured_media":10982,"comment_status":"open","ping_status":"closed","template":"","meta":{"_acf_changed":false},"product_cat":[315,366,367,22,313],"product_tag":[],"class_list":{"0":"post-10980","1":"product","2":"type-product","3":"status-publish","4":"has-post-thumbnail","6":"product_cat-che-bien-tu-gao-ngu-coc","7":"product_cat-hang-cnnt-cap-qg","8":"product_cat-hang-cnnt-cap-qg-2023","9":"product_cat-sanphamthucpham","10":"product_cat-thuc-pham-che-bien","12":"first","13":"instock","14":"shipping-taxable","15":"purchasable","16":"product-type-simple"},"acf":[],"_links":{"self":[{"href":"https:\/\/b2c.fairs.vn\/en\/wp-json\/wp\/v2\/product\/10980","targetHints":{"allow":["GET"]}}],"collection":[{"href":"https:\/\/b2c.fairs.vn\/en\/wp-json\/wp\/v2\/product"}],"about":[{"href":"https:\/\/b2c.fairs.vn\/en\/wp-json\/wp\/v2\/types\/product"}],"replies":[{"embeddable":true,"href":"https:\/\/b2c.fairs.vn\/en\/wp-json\/wp\/v2\/comments?post=10980"}],"version-history":[{"count":0,"href":"https:\/\/b2c.fairs.vn\/en\/wp-json\/wp\/v2\/product\/10980\/revisions"}],"wp:featuredmedia":[{"embeddable":true,"href":"https:\/\/b2c.fairs.vn\/en\/wp-json\/wp\/v2\/media\/10982"}],"wp:attachment":[{"href":"https:\/\/b2c.fairs.vn\/en\/wp-json\/wp\/v2\/media?parent=10980"}],"wp:term":[{"taxonomy":"product_cat","embeddable":true,"href":"https:\/\/b2c.fairs.vn\/en\/wp-json\/wp\/v2\/product_cat?post=10980"},{"taxonomy":"product_tag","embeddable":true,"href":"https:\/\/b2c.fairs.vn\/en\/wp-json\/wp\/v2\/product_tag?post=10980"}],"curies":[{"name":"wp","href":"https:\/\/api.w.org\/{rel}","templated":true}]}}