{"id":10973,"date":"2024-03-28T09:16:19","date_gmt":"2024-03-28T02:16:19","guid":{"rendered":"https:\/\/b2c.fairs.vn\/?post_type=product&#038;p=10973"},"modified":"2024-04-17T17:04:18","modified_gmt":"2024-04-17T10:04:18","slug":"banh-trang-goi-cuon","status":"publish","type":"product","link":"https:\/\/b2c.fairs.vn\/en\/product\/banh-trang-goi-cuon\/","title":{"rendered":"B\u00e1nh tr\u00e1ng g\u1ecfi cu\u1ed1n"},"content":{"rendered":"<p>B\u00e1nh tr\u00e1ng g\u1ecfi cu\u1ed1n l\u00e0 linh h\u1ed3n c\u1ee7a m\u00f3n g\u1ecfi cu\u1ed1n Vi\u1ec7t Nam. B\u00e1nh tr\u00e1ng g\u1ecfi cu\u1ed1n \u0111\u01b0\u1ee3c pha tr\u1ed9n th\u00e0nh ph\u1ea7n b\u1ed9t m\u00ec v\u00e0 b\u1ed9t g\u1ea1o tinh t\u1ebf, cho k\u1ebft c\u1ea5u b\u00e1nh kh\u00f4ng qu\u00e1 d\u00e0y nh\u01b0ng v\u1eabn \u0111\u1eadm \u0111\u00e0 khi \u0103n. L\u1edbp b\u00e1nh tr\u00e1ng m\u1ec1m d\u1ebbo bao b\u1ecdc l\u1ea5y ph\u1ea7n nh\u00e2n b\u00ean trong t\u1ea1o n\u00ean h\u01b0\u01a1ng v\u1ecb thanh m\u00e1t, gi\u00fap b\u1eefa \u0103n gia \u0111\u00ecnh th\u00eam phong ph\u00fa.<\/p>\n<p>Qu\u00e1 tr\u00ecnh s\u1ea3n xu\u1ea5t b\u00e1nh tr\u00e1ng g\u1ecfi cu\u1ed1n \u0111\u1ea3m b\u1ea3o v\u1ec7 sinh, kh\u00f4ng s\u1eed d\u1ee5ng ch\u1ea5t ph\u1ee5 gia, ch\u1ea5t b\u1ea3o qu\u1ea3n hay c\u00e1c th\u00e0nh ph\u1ea7n g\u00e2y h\u1ea1i cho s\u1ee9c kh\u1ecfe. B\u00e1nh tr\u00e1ng g\u1ecfi cu\u1ed1n v\u1edbi nguy\u00ean li\u1ec7u b\u1ed9t m\u00ec, b\u1ed9t g\u1ea1o ch\u1ecdn l\u1ecdc cho h\u01b0\u01a1ng th\u01a1m ng\u1ecdt \u0111\u1eb7c tr\u01b0ng. L\u1edbp b\u00e1nh kh\u00f4ng qu\u00e1 m\u1ecfng, \u0111\u1ed9 dai v\u1eeba ph\u1ea3i \u0111\u1ec3 d\u1ec5 cu\u1ed1n, \u0111\u1ed3ng th\u1eddi \u0111\u1eadm v\u1ecb g\u1ea1o th\u01a1m ngon. B\u00e1nh tr\u00e1ng tr\u00e1ng g\u1ecfi cu\u1ed1n c\u00f3 nhi\u1ec1u c\u1ee1 kh\u00e1c nhau, mua theo nhu c\u1ea7u cu\u1ed1n g\u1ecfi c\u1ee7a m\u1ecdi nh\u00e0 v\u00e0 d\u00f9ng ngay m\u00e0 kh\u00f4ng c\u1ea7n c\u1eaft nh\u1ecf.<\/p>\n<p>C\u00f4ng d\u1ee5ng: B\u00e1nh tr\u00e1ng g\u1ecfi cu\u1ed1n d\u00f9ng \u0111\u1ec3 \u0103n tr\u1ef1c ti\u1ebfp trong c\u00e1c m\u00f3n g\u1ecfi cu\u1ed1n. C\u00e1c b\u1ea1n c\u00f2n c\u00f3 th\u1ec3 l\u00e0m v\u1ecf b\u00e1nh ch\u1ea3 gi\u00f2, khi chi\u00ean s\u1ebd c\u00f3 \u0111\u1ed9 gi\u00f2n c\u00f9ng m\u00e0u v\u00e0ng n\u00e2u h\u1ea5p d\u1eabn.<\/p>","protected":false},"excerpt":{"rendered":"<p>B\u00e1nh tr\u00e1ng g\u1ecfi cu\u1ed1n l\u00e0 linh h\u1ed3n c\u1ee7a m\u00f3n g\u1ecfi cu\u1ed1n Vi\u1ec7t Nam. B\u00e1nh tr\u00e1ng g\u1ecfi cu\u1ed1n \u0111\u01b0\u1ee3c pha tr\u1ed9n<\/p>","protected":false},"featured_media":10974,"comment_status":"open","ping_status":"closed","template":"","meta":{"_acf_changed":false},"product_cat":[315,366,367,22,313],"product_tag":[],"class_list":{"0":"post-10973","1":"product","2":"type-product","3":"status-publish","4":"has-post-thumbnail","6":"product_cat-che-bien-tu-gao-ngu-coc","7":"product_cat-hang-cnnt-cap-qg","8":"product_cat-hang-cnnt-cap-qg-2023","9":"product_cat-sanphamthucpham","10":"product_cat-thuc-pham-che-bien","12":"first","13":"instock","14":"shipping-taxable","15":"purchasable","16":"product-type-simple"},"acf":[],"_links":{"self":[{"href":"https:\/\/b2c.fairs.vn\/en\/wp-json\/wp\/v2\/product\/10973","targetHints":{"allow":["GET"]}}],"collection":[{"href":"https:\/\/b2c.fairs.vn\/en\/wp-json\/wp\/v2\/product"}],"about":[{"href":"https:\/\/b2c.fairs.vn\/en\/wp-json\/wp\/v2\/types\/product"}],"replies":[{"embeddable":true,"href":"https:\/\/b2c.fairs.vn\/en\/wp-json\/wp\/v2\/comments?post=10973"}],"version-history":[{"count":0,"href":"https:\/\/b2c.fairs.vn\/en\/wp-json\/wp\/v2\/product\/10973\/revisions"}],"wp:featuredmedia":[{"embeddable":true,"href":"https:\/\/b2c.fairs.vn\/en\/wp-json\/wp\/v2\/media\/10974"}],"wp:attachment":[{"href":"https:\/\/b2c.fairs.vn\/en\/wp-json\/wp\/v2\/media?parent=10973"}],"wp:term":[{"taxonomy":"product_cat","embeddable":true,"href":"https:\/\/b2c.fairs.vn\/en\/wp-json\/wp\/v2\/product_cat?post=10973"},{"taxonomy":"product_tag","embeddable":true,"href":"https:\/\/b2c.fairs.vn\/en\/wp-json\/wp\/v2\/product_tag?post=10973"}],"curies":[{"name":"wp","href":"https:\/\/api.w.org\/{rel}","templated":true}]}}