{"id":10964,"date":"2024-03-28T09:22:46","date_gmt":"2024-03-28T02:22:46","guid":{"rendered":"https:\/\/b2c.fairs.vn\/?post_type=product&#038;p=10964"},"modified":"2024-04-19T13:19:26","modified_gmt":"2024-04-19T06:19:26","slug":"mat-ong-hoa-dua","status":"publish","type":"product","link":"https:\/\/b2c.fairs.vn\/en\/product\/mat-ong-hoa-dua\/","title":{"rendered":"M\u1eadt ong hoa d\u1eeba"},"content":{"rendered":"<p>M\u1eadt ong Hoa d\u1eeba hay th\u01b0\u1eddng g\u1ecdi l\u00e0 M\u1eadt ong Ru\u1ed3i (con ong nh\u1ecf nh\u01b0 con ru\u1ed3i) l\u00e0 lo\u1ea1i M\u1eadt ong \u0111\u01b0\u1ee3c khai th\u00e1c ho\u00e0n to\u00e0n t\u1eeb thi\u00ean nhi\u00ean, m\u1eadt ong t\u1ef1 nhi\u00ean cho ch\u1ea5t l\u01b0\u1ee3ng r\u1ea5t t\u1ed1t, m\u00f9i th\u01a1m d\u1ecbu v\u00e0 v\u1ecb ng\u1ecdt thanh m\u00e1t. \u0110\u00e2y l\u00e0 lo\u1ea1i ong hoang d\u00e3 th\u01b0\u1eddng l\u00e0m t\u1ed5 tr\u00ean c\u00e1c l\u00e1 d\u1eeba ho\u1eb7c c\u00e1c bu\u1ed3ng d\u1eeba, \u0111\u01b0\u1ee3c ng\u01b0\u1eddi n\u00f4ng d\u00e2n tr\u00e8o l\u00ean l\u1ea5y t\u1eebng t\u1ed5 ho\u00e0n to\u00e0n th\u1ee7 c\u00f4ng. Th\u00f4ng th\u01b0\u1eddng m\u1ed7i t\u1ed5 ong ch\u1ec9 cho kho\u1ea3ng t\u1eeb 50 ml \u0111\u1ebfn 300 ml m\u1eadt n\u00ean m\u1eadt ong hoa d\u1eeba l\u00e0 lo\u1ea1i m\u1eadt qu\u00fd hi\u1ebfm, d\u01b0\u1ee3c t\u00ednh cao, kh\u00f4ng nhi\u1ec5m h\u00f3a ch\u1ea5t n\u00ean ch\u1ea5t l\u01b0\u1ee3ng r\u1ea5t t\u1ed1t.<br \/>\nL\u01b0u \u00fd : S\u1ea3n Ph\u1ea9m N\u00e0y Kh\u00f4ng Ph\u1ea3i L\u00e0 Thu\u1ed1c V\u00e0 Kh\u00f4ng C\u00f3 T\u00e1c D\u1ee5ng Thay Th\u1ebf Thu\u1ed1c Ch\u1eefa B\u1ec7nh.<\/p>\n<p><b>THA\u0300NH PH\u00c2\u0300N:<\/b><\/p>\n<ul>\n<li>100%\u00a0<b>m\u00e2\u0323t ong Hoa D\u1eeba\u00a0<\/b>(M\u1eadt ong Ru\u1ed3i B\u1ebfn Tre)<\/li>\n<\/ul>\n<p><b>C\u00d4NG DU\u0323NG:<\/b><\/p>\n<ul>\n<li>D\u00f9ng l\u00e0m thu\u1ed1c, ng\u00e2m r\u01b0\u1ee3u ng\u00e2m thu\u1ed1c mang l\u1ea1i hi\u1ec7u qu\u1ea3 r\u1ea5t t\u1ed1t<\/li>\n<li>B\u00f4\u0300i b\u00f4\u0309 s\u01b0\u0301c kho\u0309e cho ng\u01b0\u01a1\u0300i lao l\u01b0\u0323c, b\u00f4\u0309 sung vitamin va\u0300 khoa\u0301ng ch\u00e2\u0301t c\u00e2\u0300n thi\u00ea\u0301t cho c\u01a1 th\u00ea\u0309.<\/li>\n<li>Du\u0300ng t\u00f4\u0301t cho tre\u0309 em ke\u0301m \u0103n, suy dinh d\u01b0\u01a1\u0303ng; ng\u01b0\u01a1\u0300i gia\u0300 y\u00ea\u0301u; ng\u01b0\u01a1\u0300i la\u0300m vi\u00ea\u0323c tri\u0301 o\u0301c va\u0300 nh\u00e2\u0301t la\u0300 phu\u0323 n\u01b0\u0303 sau khi sinh.<\/li>\n<li>H\u1ed7 tr\u1ee3 \u0111i\u1ec1u tr\u1ecb\u00a0 vi\u00eam d\u1ea1 d\u00e0y v\u00e0 t\u00e1 tr\u00e0ng m\u00e3n t\u00ednh.<\/li>\n<li>D\u01b0\u1ee1ng da (d\u00f9ng ngo\u00e0i da) gi\u00fap l\u00e0n da m\u1ecbn \u0111\u1eb9p, tr\u1eafng h\u1ed3ng.<\/li>\n<li>B\u1ed3i b\u1ed5 s\u1ee9c kh\u1ecfe v\u00e0 \u0111\u1eb7c bi\u1ec7t l\u00e0\u00a0<b>c\u1ea3i thi\u1ec7n sinh l\u00fd<\/b><\/li>\n<\/ul>\n<p><b>CA\u0301CH DU\u0300NG:<\/b><\/p>\n<ul>\n<li>Du\u0300ng thay th\u00ea\u0301 \u0111\u01b0\u01a1\u0300ng trong vi\u1ec7c ch\u1ebf bi\u1ebfn th\u1ef1c ph\u1ea9m nh\u01b0: n\u01b0\u1edbng g\u00e0, quay v\u1ecbt, kho th\u1ecbt, c\u00e1, \u2026 ho\u0103\u0323c ch\u1ebf bi\u1ebfn \u0111\u1ed3 u\u1ed1ng nh\u01b0 n\u01b0\u1edbc cam, n\u01b0\u1edbc chanh, sinh t\u1ed1, Yaourt, l\u00e0m b\u00e1nh k\u1eb9o\u2026<\/li>\n<li>N\u00ean u\u1ed1ng 2 l\u1ea7n m\u1ed7i ng\u00e0y, m\u1ed7i l\u1ea7n 2-3 mu\u1ed7ng caf\u00e9. U\u1ed1ng pha v\u1edbi n\u01b0\u1edbc \u1ea5m, n\u01b0\u1edbc tr\u00e1i c\u00e2y, sinh t\u1ed1 ho\u1eb7c pha v\u1edbi s\u1eefa, kem, tra\u0300, &#8230;<\/li>\n<li>Kh\u00f4ng du\u0300ng v\u01a1\u0301i ha\u0300n the<\/li>\n<\/ul>\n<p><b>BA\u0309O QUA\u0309N:<\/b><\/p>\n<ul>\n<li>B\u1ea3o qu\u1ea3n n\u01a1i kh\u00f4 r\u00e1o tho\u00e1ng m\u00e1t, tr\u00e1nh \u00e1nh s\u00e1ng m\u1eb7t tr\u1eddi.<\/li>\n<li>Kh\u00f4ng c\u00e2\u0300n \u0111\u00ea\u0309 trong tu\u0309 la\u0323nh.<\/li>\n<li><i>L\u01b0u \u00fd: S\u1ea3n ph\u1ea9m c\u00f3 th\u1ec3 b\u1ecb \u0111\u00f3ng b\u0103ng n\u1ebfu \u0111\u1ec3 trong ng\u0103n ma\u0301t t\u1ee7 l\u1ea1nh. \u0110\u1ec3 s\u1ea3n ph\u1ea9m tr\u1edf l\u1ea1i tr\u1ea1ng th\u00e1i ban \u0111\u1ea7u, ng\u00e2m v\u00e0o n\u01b0\u1edbc \u00e2\u0301m, sau 5 ph\u00fat l\u1eafc \u0111\u1ec1u.<\/i><\/li>\n<\/ul>\n<p><strong>*S\u1ea2N PH\u1ea8M N\u00c0Y KH\u00d4NG PH\u1ea2I L\u00c0 THU\u1ed0C V\u00c0 KH\u00d4NG C\u00d3 T\u00c1C D\u1ee4NG THAY TH\u1ebe THU\u1ed0C CH\u1eeeA B\u1ec6NH*<\/strong><\/p>","protected":false},"excerpt":{"rendered":"<p>M\u1eadt ong Hoa d\u1eeba hay th\u01b0\u1eddng g\u1ecdi l\u00e0 M\u1eadt ong Ru\u1ed3i (con ong nh\u1ecf nh\u01b0 con ru\u1ed3i) l\u00e0 lo\u1ea1i M\u1eadt<\/p>","protected":false},"featured_media":10975,"comment_status":"open","ping_status":"closed","template":"","meta":{"_acf_changed":false},"product_cat":[312,366,367,22,310],"product_tag":[],"class_list":{"0":"post-10964","1":"product","2":"type-product","3":"status-publish","4":"has-post-thumbnail","6":"product_cat-mat-ong-mat-khac-va-nong-san-thuc-pham-khac","7":"product_cat-hang-cnnt-cap-qg","8":"product_cat-hang-cnnt-cap-qg-2023","9":"product_cat-sanphamthucpham","10":"product_cat-thuc-pham-tho-so-che","12":"first","13":"instock","14":"shipping-taxable","15":"purchasable","16":"product-type-variable"},"acf":[],"_links":{"self":[{"href":"https:\/\/b2c.fairs.vn\/en\/wp-json\/wp\/v2\/product\/10964","targetHints":{"allow":["GET"]}}],"collection":[{"href":"https:\/\/b2c.fairs.vn\/en\/wp-json\/wp\/v2\/product"}],"about":[{"href":"https:\/\/b2c.fairs.vn\/en\/wp-json\/wp\/v2\/types\/product"}],"replies":[{"embeddable":true,"href":"https:\/\/b2c.fairs.vn\/en\/wp-json\/wp\/v2\/comments?post=10964"}],"version-history":[{"count":0,"href":"https:\/\/b2c.fairs.vn\/en\/wp-json\/wp\/v2\/product\/10964\/revisions"}],"wp:featuredmedia":[{"embeddable":true,"href":"https:\/\/b2c.fairs.vn\/en\/wp-json\/wp\/v2\/media\/10975"}],"wp:attachment":[{"href":"https:\/\/b2c.fairs.vn\/en\/wp-json\/wp\/v2\/media?parent=10964"}],"wp:term":[{"taxonomy":"product_cat","embeddable":true,"href":"https:\/\/b2c.fairs.vn\/en\/wp-json\/wp\/v2\/product_cat?post=10964"},{"taxonomy":"product_tag","embeddable":true,"href":"https:\/\/b2c.fairs.vn\/en\/wp-json\/wp\/v2\/product_tag?post=10964"}],"curies":[{"name":"wp","href":"https:\/\/api.w.org\/{rel}","templated":true}]}}