{"id":10953,"date":"2024-03-28T09:07:06","date_gmt":"2024-03-28T02:07:06","guid":{"rendered":"https:\/\/b2c.fairs.vn\/?post_type=product&#038;p=10953"},"modified":"2024-04-17T16:59:54","modified_gmt":"2024-04-17T09:59:54","slug":"banh-trang-cuon-tom-hanh-1kg","status":"publish","type":"product","link":"https:\/\/b2c.fairs.vn\/en\/product\/banh-trang-cuon-tom-hanh-1kg\/","title":{"rendered":"B\u00e1nh tr\u00e1ng cu\u1ed9n t\u00f4m h\u00e0nh 1kg"},"content":{"rendered":"<p><span lang=\"vi\"><b>B\u00e1nh tr\u00e1ng cu\u1ed9n t\u00f4m h\u00e0nh l\u00e0<\/b>\u00a0m\u1ed9t m\u00f3n \u0103n v\u1eb7t d\u00e2n d\u00e3, ph\u1ed5 bi\u1ebfn d\u00f9 b\u1ea1n c\u00f3 th\u01b0\u1eddng th\u1ee9c h\u00e0ng tr\u0103m l\u1ea7n v\u1eabn c\u1ee9 th\u1ea5y n\u00f3 h\u1ea5p d\u1eabn \u0111\u1ebfn l\u1ea1 l\u00f9ng. Nh\u1eefng nguy\u00ean li\u1ec7u th\u00e2n quen nh\u01b0 b\u00e1nh tr\u00e1ng, mu\u1ed1i t\u00f4m v\u00e0 h\u00e0nh phi,\u2026 khi k\u1ebft h\u1ee3p l\u1ea1i t\u1ea1o ra m\u1ed9t h\u01b0\u01a1ng v\u1ecb kh\u00f3 c\u00f3 m\u00f3n \u0103n v\u1eb7t n\u00e0o c\u00f3 th\u1ec3 s\u00e1nh b\u1eb1ng.<\/span><\/p>\n<h3><span id=\"Banh_trang_cuon_tom_hanh_co_suc_hut_nhu_the_nao\"><b>B\u00e1nh tr\u00e1ng cu\u1ed9n t\u00f4m h\u00e0nh c\u00f3 s\u1ee9c h\u00fat nh\u01b0 th\u1ebf n\u00e0o?<\/b><\/span><\/h3>\n<p><span lang=\"vi\">B\u1ea1n c\u00f3 th\u1ec3 t\u00ecm mua m\u00f3n\u00a0<strong>b\u00e1nh tr\u00e1ng cu\u1ed9n t\u00f4m h\u00e0nh<\/strong>\u00a0\u1edf b\u1ea5t c\u1ee9 \u0111\u00e2u v\u00ec n\u00f3 l\u00e0 1 m\u00f3n \u0103n v\u1eb7t \u01b0a th\u00edch c\u1ee7a \u0111\u1ea1i \u0111a s\u1ed1 h\u1ecdc sinh, sinh vi\u00ean v\u00e0 thanh ni\u00ean tr\u1ebb. \u0110i\u1ec1u n\u00e0y cho th\u1ea5y \u0111\u01b0\u1ee3c s\u1ef1 ph\u1ed5 bi\u1ebfn c\u1ee7a m\u00f3n\u00a0<strong>b\u00e1nh tr\u00e1ng cu\u1ed9n t\u00f4m h\u00e0nh<\/strong>\u00a0n\u1ed5i ti\u1ebfng n\u00e0y. D\u00f9 ph\u1ed5 bi\u1ebfn, d\u1ec5 t\u00ecm, gi\u00e1 r\u1ebb th\u1ebf nh\u01b0ng ng\u01b0\u1eddi ta ch\u1ec9 c\u00f3 \u201ccu\u1ed3ng\u201d h\u01a1n ch\u1ee9 kh\u00f4ng h\u1ec1 ch\u00e1n c\u00e1i m\u00f3n \u0103n th\u00fa v\u1ecb n\u00e0y. V\u1edbi nguy\u00ean li\u1ec7u ch\u00ednh l\u00e0 b\u00e1nh tr\u00e1ng, ng\u01b0\u1eddi ta \u0111\u00e3 k\u1ebft h\u1ee3p th\u00eam v\u1edbi m\u1ed9t s\u1ed1 lo\u1ea1i gia v\u1ecb kh\u00e1c \u0111\u1ec3 t\u1ea1o n\u00ean m\u00f3n b\u00e1nh tr\u00e1ng ri\u00eang bi\u1ec7t.<\/span><\/p>\n<p><span lang=\"vi\">Hi\u1ec7n nay, tr\u00ean th\u1ecb tr\u01b0\u1eddng c\u00f3 r\u1ea5t nhi\u1ec1u lo\u1ea1i b\u00e1nh tr\u00e1ng. B\u1ea1n c\u00f3 th\u1ec3 ch\u1ecdn b\u00e1nh tr\u00e1ng mu\u1ed1i t\u00f4m, b\u00e1nh tr\u00e1ng sa t\u1ebf, b\u00e1nh tr\u00e1ng sa t\u1ebf kh\u00f4 b\u00f2,\u2026 Hay ch\u1ec9 \u0111\u01a1n thu\u1ea7n l\u00e0 m\u00f3n b\u00e1nh tr\u00e1ng t\u00f4m h\u00e0nh. V\u1ec1 h\u00ecnh th\u1ee9c b\u00e1nh tr\u00e1ng c\u0169ng v\u00f4 c\u00f9ng \u0111a d\u1ea1ng, ph\u1ed5 bi\u1ebfn nh\u1ea5t l\u00e0 b\u00e1nh tr\u00e1ng s\u1ee3i, b\u00e1nh tr\u00e1ng cu\u1ed9n.<\/span><\/p>\n<p><span lang=\"vi\">T\u1ea1i C\u00f4ng ty TNHH Sachi Nguy\u1ec5n c\u00f3 \u0111a d\u1ea1ng lo\u1ea1i b\u00e1nh tr\u00e1ng tr\u1ed9n. M\u1ed7i lo\u1ea1i \u0111\u1ec1u c\u00f3 h\u01b0\u01a1ng v\u1ecb v\u00e0 h\u00ecnh th\u1ee9c ri\u00eang. \u0110\u1ed1i v\u1edbi m\u00f3n\u00a0<b>b\u00e1nh tr\u00e1ng cu\u1ed9n t\u00f4m h\u00e0nh\u00a0<\/b>\u1edf Sachi cung c\u1ea5p cho th\u1ef1c kh\u00e1ch kh\u00f4ng nh\u1eefng th\u01a1m ngon, v\u1eeba dai v\u1eeba gi\u00f2n m\u00e0 c\u00f2n \u0111\u1ec3 l\u1ea1i d\u1ef1 v\u1ecb l\u01b0u luy\u1ebfn khi th\u01b0\u1edfng th\u1ee9c .<\/span><\/p>\n<h3><span id=\"Nhung_nguyen_lieu_co_trong_banh_trang_cuon_tom_hanh\"><a name=\"_tb20yvkh179g\"><\/a><b>Nh\u1eefng nguy\u00ean li\u1ec7u c\u00f3 trong b\u00e1nh tr\u00e1ng cu\u1ed9n t\u00f4m h\u00e0nh<\/b><\/span><\/h3>\n<p><span lang=\"vi\">B\u00e1nh tr\u00e1ng tr\u1ed9n l\u00e0 m\u00f3n \u0103n v\u1eb7t r\u1ea5t \u0111\u01b0\u1ee3c l\u00f2ng c\u00e1c b\u1ea1n tr\u1ebb, \u0111\u1eb7c bi\u1ec7t l\u00e0 ch\u1ecb em ph\u1ee5 n\u1eef. M\u1ed9t ph\u1ea7n l\u00e0 v\u00ec h\u01b0\u01a1ng v\u1ecb c\u1ee7a n\u00f3 \u0103n ho\u00e0i kh\u00f4ng bi\u00eat ng\u00e1n. Th\u00eam n\u1eefa l\u00e0 c\u00f4ng th\u1ee9c l\u00e0m c\u0169ng r\u1ea5t \u0111\u01a1n gi\u1ea3n. V\u1edbi ch\u1ecb em kh\u00e9o tay, c\u00f3 th\u1ec3 t\u1ef1 l\u00e0m b\u00e1nh tr\u00e1ng tr\u1ed9n t\u1ea1i nh\u00e0. Tuy nhi\u00ean, \u0111a ph\u1ea7n m\u1ecdi ng\u01b0\u1eddi v\u1eabn th\u00edch mua b\u00e1nh tr\u00e1ng v\u00ec kh\u00f4ng c\u00f3 th\u1eddi gian l\u00e0m, m\u1ed9t ph\u1ea7n mu\u1ed1n mua t\u1ea1i nh\u1eefng c\u01a1 s\u1edf uy t\u00edn h\u01a1n b\u1edfi b\u00e1nh tr\u00e1ng v\u1eeba ngon, gi\u00e1 r\u1ebb l\u1ea1i \u0111\u1ea1t ti\u00eau chu\u1ea9n ch\u1ea5t l\u01b0\u1ee3ng.<\/span><\/p>\n<p><span lang=\"vi\">M\u00f3n\u00a0<b>b\u00e1nh tr\u00e1ng cu\u1ed9n t\u00f4m h\u00e0nh<\/b>\u00a0t\u1ea1i C\u00f4ng ty TNHH Sachi Nguy\u1ec5n v\u1edbi nguy\u00ean li\u1ec7u ch\u00ednh l\u00e0 b\u00e1nh tr\u00e1ng, h\u00e0nh phi, ru\u1ed1c th\u1ecbt, \u0111\u01b0\u1ee3c ch\u1ecdn nh\u1eefng b\u1ecbch b\u00e1nh tr\u00e1ng th\u01a1m ngon, \u0111\u1ea1t chu\u1ea9n ch\u1ea5t l\u01b0\u1ee3ng cung c\u1ea5p cho m\u1ecdi ng\u01b0\u1eddi.\u00a0<i><\/i><\/span><span lang=\"vi\">B\u00e1nh tr\u00e1ng cu\u1ed9n \u0111\u1ec1u kh\u00f4ng nh\u1eefng \u0111\u1eb9p m\u1eaft m\u00e0 c\u00f2n th\u01a1m ngon m\u00f9i g\u1ea1o, v\u1eeba b\u00f9i, v\u1eeba d\u1ebbo l\u1ea1i gi\u00f2n gi\u00f2n vui mi\u1ec7ng. K\u1ebft h\u1ee3p v\u1edbi \u0111\u00f3 l\u00e0 lo\u1ea1i ru\u1ed1c th\u1ecbt s\u1ea1ch, sa t\u1ebf h\u1ea3o h\u1ea1ng c\u00f9ng h\u00e0nh phi th\u01a1m, kh\u00f4ng h\u1ec1 th\u1ea5m nhi\u1ec1u d\u1ea7u.<\/span><\/p>\n<h2><span id=\"Huong_vi_thom_ngon_toi_cuon_banh_cuoi_cung\"><a name=\"_mh511nhqzrfe\"><\/a><b>H\u01b0\u01a1ng v\u1ecb th\u01a1m ngon t\u1edbi cu\u1ed9n b\u00e1nh cu\u1ed1i c\u00f9ng<\/b><\/span><\/h2>\n<p><b><span lang=\"vi\">B\u00e1nh tr\u00e1ng cu\u1ed9n t\u00f4m h\u00e0nh\u00a0<\/span><\/b><span lang=\"vi\">k<\/span><span lang=\"vi\">hi b\u1ea1n th\u01b0\u1edfng th\u1ee9c m\u00f3n \u0103n, b\u1ea1n s\u1ebd c\u1ea3m nh\u1eadn \u0111\u01b0\u1ee3c tinh t\u00fay v\u00e0 v\u1ecb ngon ch\u00ednh th\u1ed1ng c\u1ee7a m\u00f3n \u0103n v\u1eb7t n\u00e0y. \u0110\u00f3 ch\u00ednh l\u00e0 v\u1ecb th\u01a1m d\u1ebbo c\u1ee7a g\u1ea1o t\u1eeb b\u00e1nh tr\u00e1ng, ng\u1ecdt th\u01a1m th\u00ec th\u1ecbt ru\u1ed1c, h\u01b0\u01a1ng th\u01a1m c\u1ee7a h\u00e0nh phi.<\/span><b><\/b><\/p>\n<ul>\n<li><span lang=\"vi\">\u0110a d\u1ea1ng c\u00e1c lo\u1ea1i b\u00e1nh tr\u00e1ng, t\u1eeb h\u01b0\u01a1ng v\u1ecb t\u1edbi h\u00ecnh th\u1ee9c<\/span><\/li>\n<li><span lang=\"vi\">S\u1ea3n ph\u1ea9m \u0111\u1ea1t ch\u1ea5t l\u01b0\u1ee3ng v\u1ec7 sinh an to\u00e0n th\u1ef1c ph\u1ea9m<\/span><\/li>\n<li><span lang=\"vi\">H\u01b0\u01a1ng v\u1ecb th\u01a1m ngon, b\u1ed5 d\u01b0\u1ee1ng<\/span><\/li>\n<li><span lang=\"vi\">An to\u00e0n, ph\u00f9 h\u1ee3p v\u1edbi nhi\u1ec1u \u0111\u1ed1i t\u01b0\u1ee3ng<\/span><\/li>\n<li><span lang=\"vi\">Gi\u00e1 th\u00e0nh h\u1ee3p l\u00fd, h\u1ea1n s\u1eed d\u1ee5ng l\u00e2u d\u00e0i<\/span><\/li>\n<li><span lang=\"vi\">Nh\u1eadn \u0111\u01a1n \u0111\u1eb7t h\u00e0ng to\u00e0n qu\u1ed1c<\/span><\/li>\n<\/ul>","protected":false},"excerpt":{"rendered":"<p>B\u00e1nh tr\u00e1ng cu\u1ed9n t\u00f4m h\u00e0nh l\u00e0\u00a0m\u1ed9t m\u00f3n \u0103n v\u1eb7t d\u00e2n d\u00e3, ph\u1ed5 bi\u1ebfn d\u00f9 b\u1ea1n c\u00f3 th\u01b0\u1eddng th\u1ee9c h\u00e0ng tr\u0103m<\/p>","protected":false},"featured_media":10956,"comment_status":"open","ping_status":"closed","template":"","meta":{"_acf_changed":false},"product_cat":[315,366,367,22,313],"product_tag":[],"class_list":{"0":"post-10953","1":"product","2":"type-product","3":"status-publish","4":"has-post-thumbnail","6":"product_cat-che-bien-tu-gao-ngu-coc","7":"product_cat-hang-cnnt-cap-qg","8":"product_cat-hang-cnnt-cap-qg-2023","9":"product_cat-sanphamthucpham","10":"product_cat-thuc-pham-che-bien","12":"first","13":"instock","14":"shipping-taxable","15":"purchasable","16":"product-type-simple"},"acf":[],"_links":{"self":[{"href":"https:\/\/b2c.fairs.vn\/en\/wp-json\/wp\/v2\/product\/10953","targetHints":{"allow":["GET"]}}],"collection":[{"href":"https:\/\/b2c.fairs.vn\/en\/wp-json\/wp\/v2\/product"}],"about":[{"href":"https:\/\/b2c.fairs.vn\/en\/wp-json\/wp\/v2\/types\/product"}],"replies":[{"embeddable":true,"href":"https:\/\/b2c.fairs.vn\/en\/wp-json\/wp\/v2\/comments?post=10953"}],"version-history":[{"count":0,"href":"https:\/\/b2c.fairs.vn\/en\/wp-json\/wp\/v2\/product\/10953\/revisions"}],"wp:featuredmedia":[{"embeddable":true,"href":"https:\/\/b2c.fairs.vn\/en\/wp-json\/wp\/v2\/media\/10956"}],"wp:attachment":[{"href":"https:\/\/b2c.fairs.vn\/en\/wp-json\/wp\/v2\/media?parent=10953"}],"wp:term":[{"taxonomy":"product_cat","embeddable":true,"href":"https:\/\/b2c.fairs.vn\/en\/wp-json\/wp\/v2\/product_cat?post=10953"},{"taxonomy":"product_tag","embeddable":true,"href":"https:\/\/b2c.fairs.vn\/en\/wp-json\/wp\/v2\/product_tag?post=10953"}],"curies":[{"name":"wp","href":"https:\/\/api.w.org\/{rel}","templated":true}]}}