{"id":10952,"date":"2024-03-28T09:35:39","date_gmt":"2024-03-28T02:35:39","guid":{"rendered":"https:\/\/b2c.fairs.vn\/?post_type=product&#038;p=10952"},"modified":"2024-03-28T09:35:39","modified_gmt":"2024-03-28T02:35:39","slug":"banh-phong-tom-thuong-hang","status":"publish","type":"product","link":"https:\/\/b2c.fairs.vn\/en\/product\/banh-phong-tom-thuong-hang\/","title":{"rendered":"B\u00e1nh ph\u1ed3ng t\u00f4m th\u01b0\u1ee3ng h\u1ea1ng"},"content":{"rendered":"<p><strong>Tr\u1ecdng l\u01b0\u1ee3ng t\u1ecbnh:<\/strong>\u00a0170 g<\/p>\n<p><strong>Th\u00e0nh ph\u1ea7n:<\/strong>\u00a0tinh b\u1ed9t khoai m\u00ec, t\u00f4m v\u00e0 c\u00e1c lo\u1ea1i gia v\u1ecb kh\u00e1c<\/p>\n<p><strong>H\u01b0\u1edbng d\u1eabn s\u1eed d\u1ee5ng:<\/strong>\u00a0c\u00f3 nhi\u1ec1u c\u00e1ch ch\u1ebf bi\u1ebfn<\/p>\n<p>&#8211; D\u1ea7u chi\u00ean \u1edf nhi\u1ec7t \u0111\u1ed9 160 \u00f7 190\u00b0C, cho b\u00e1nh v\u00e0o, b\u00e1nh v\u1eeba tr\u1edf v\u00e0ng v\u00e0 n\u1edf \u0111\u1ec1u th\u00ec v\u1edbt ra<br \/>\n&#8211; N\u1ea5u soup<br \/>\n&#8211; N\u01b0\u1edbng b\u1eb1ng microwave (l\u00f2 vi s\u00f3ng hay l\u00f2 vi ba)<\/p>","protected":false},"excerpt":{"rendered":"<p><strong>Tr\u1ecdng l\u01b0\u1ee3ng t\u1ecbnh:<\/strong>\u00a0170 g<\/p>\n<p><strong>Th\u00e0nh ph\u1ea7n:<\/strong>\u00a0tinh b\u1ed9t khoai m\u00ec, t\u00f4m v\u00e0 c\u00e1c lo\u1ea1i gia v\u1ecb kh\u00e1c<\/p>\n<p><strong>H\u01b0\u1edbng d\u1eabn s\u1eed d\u1ee5ng:<\/strong>\u00a0c\u00f3 nhi\u1ec1u c\u00e1ch ch\u1ebf bi\u1ebfn<\/p>\n<p>&#8211; D\u1ea7u chi\u00ean \u1edf nhi\u1ec7t \u0111\u1ed9 160 \u00f7 190\u00b0C, cho b\u00e1nh v\u00e0o, b\u00e1nh v\u1eeba tr\u1edf v\u00e0ng v\u00e0 n\u1edf \u0111\u1ec1u th\u00ec v\u1edbt ra<br \/>\n&#8211; N\u1ea5u soup<br \/>\n&#8211; N\u01b0\u1edbng b\u1eb1ng microwave (l\u00f2 vi s\u00f3ng hay l\u00f2 vi ba)<\/p>","protected":false},"featured_media":11003,"comment_status":"open","ping_status":"closed","template":"","meta":{"_acf_changed":false},"product_cat":[22,313],"product_tag":[],"class_list":{"0":"post-10952","1":"product","2":"type-product","3":"status-publish","4":"has-post-thumbnail","6":"product_cat-sanphamthucpham","7":"product_cat-thuc-pham-che-bien","9":"first","10":"instock","11":"shipping-taxable","12":"product-type-simple"},"acf":[],"_links":{"self":[{"href":"https:\/\/b2c.fairs.vn\/en\/wp-json\/wp\/v2\/product\/10952","targetHints":{"allow":["GET"]}}],"collection":[{"href":"https:\/\/b2c.fairs.vn\/en\/wp-json\/wp\/v2\/product"}],"about":[{"href":"https:\/\/b2c.fairs.vn\/en\/wp-json\/wp\/v2\/types\/product"}],"replies":[{"embeddable":true,"href":"https:\/\/b2c.fairs.vn\/en\/wp-json\/wp\/v2\/comments?post=10952"}],"version-history":[{"count":0,"href":"https:\/\/b2c.fairs.vn\/en\/wp-json\/wp\/v2\/product\/10952\/revisions"}],"wp:featuredmedia":[{"embeddable":true,"href":"https:\/\/b2c.fairs.vn\/en\/wp-json\/wp\/v2\/media\/11003"}],"wp:attachment":[{"href":"https:\/\/b2c.fairs.vn\/en\/wp-json\/wp\/v2\/media?parent=10952"}],"wp:term":[{"taxonomy":"product_cat","embeddable":true,"href":"https:\/\/b2c.fairs.vn\/en\/wp-json\/wp\/v2\/product_cat?post=10952"},{"taxonomy":"product_tag","embeddable":true,"href":"https:\/\/b2c.fairs.vn\/en\/wp-json\/wp\/v2\/product_tag?post=10952"}],"curies":[{"name":"wp","href":"https:\/\/api.w.org\/{rel}","templated":true}]}}