{"id":10726,"date":"2024-03-27T17:15:05","date_gmt":"2024-03-27T10:15:05","guid":{"rendered":"https:\/\/b2c.fairs.vn\/?post_type=product&#038;p=10726"},"modified":"2024-04-17T17:00:34","modified_gmt":"2024-04-17T10:00:34","slug":"banh-trang-cuon-gion-sachi-1kg","status":"publish","type":"product","link":"https:\/\/b2c.fairs.vn\/en\/product\/banh-trang-cuon-gion-sachi-1kg\/","title":{"rendered":"B\u00e1nh tr\u00e1ng cu\u1ed1n gi\u00f2n Sachi 1kg"},"content":{"rendered":"<p class=\"QN2lPu\">B\u00e1nh tr\u00e1ng g\u1ea1o cu\u1ed1n gi\u00f2n Sachi \u0111\u01b0\u1ee3c l\u00e0m t\u1eeb 100% g\u1ea1o, 100% ch\u1ea5t l\u01b0\u1ee3ng, b\u00e1nh \u0111\u01b0\u1ee3c kh\u00e1ch h\u00e0ng c\u1ea3 x\u1ee9 B\u00ecnh \u0110\u1ecbnh v\u00e0 S\u00e0i G\u00f2n \u0111\u1eb7c bi\u1ec7t \u01b0a th\u00edch.<\/p>\n<p class=\"QN2lPu\">B\u00e1nh tr\u00e1ng g\u1ea1o cu\u1ed1n gi\u00f2n Sachi khi nh\u00fang nh\u01b0ng kh\u00f4ng dai, kh\u00f4ng d\u1ebbo nh\u01b0 b\u00e1nh tr\u00e1ng g\u1ea1o th\u01b0\u1eddng. M\u00e0 n\u00f3 v\u1eabn gi\u1eef \u0111\u01b0\u1ee3c \u0111\u1ed9 gi\u00f2n. Tr\u00ean b\u1ec1 m\u1eb7t c\u1ee7a b\u00e1nh c\u00f3 nh\u1eefng h\u1ea1t li ti nh\u00ecn nh\u01b0 nh\u1eefng h\u1ea1t s\u1ea1n, ch\u00ednh nh\u1eefng h\u1ea1t li ti n\u00e0y m\u1edbi t\u1ea1o n\u00ean \u0111\u1ed9 gi\u00f2n \u0111\u1eb7c tr\u01b0ng c\u1ee7a b\u00e1nh tr\u00e1ng Sachi. B\u00e1nh tr\u00e1ng cu\u1ed1n gi\u00f2n c\u00f3 th\u1ec3 \u0103n s\u1ed1ng, c\u00f3 th\u1ec3 nh\u00fang c\u0169ng c\u00f3 th\u1ec3 n\u01b0\u1edbng nh\u01b0ng \u0103n ngon nh\u1ea5t v\u1eabn l\u00e0 nh\u00fang.<\/p>\n<p class=\"QN2lPu\">B\u00e1nh cu\u1ed1n th\u1ecbt lu\u1ed9c<\/p>\n<p class=\"QN2lPu\">B\u00e1nh cu\u1ed1n b\u00e1nh h\u1ecfi l\u00f2ng heo<\/p>\n<p class=\"QN2lPu\">B\u00e1nh cu\u1ed1n c\u00e1 h\u1ea5p<\/p>\n<p class=\"QN2lPu\">B\u00e1nh cu\u1ed1n tr\u1ee9ng<\/p>\n<p class=\"QN2lPu\">B\u00e1nh cu\u1ed1n th\u1ecbt lu\u1ed9c\u2026\u2026\u2026ch\u1ea5m c\u00e1c lo\u1ea1i m\u1eafm \u0111\u1ec1u r\u1ea5t ngon.<\/p>","protected":false},"excerpt":{"rendered":"<p>B\u00e1nh tr\u00e1ng g\u1ea1o cu\u1ed1n gi\u00f2n Sachi \u0111\u01b0\u1ee3c l\u00e0m t\u1eeb 100% g\u1ea1o, 100% ch\u1ea5t l\u01b0\u1ee3ng, b\u00e1nh \u0111\u01b0\u1ee3c kh\u00e1ch h\u00e0ng c\u1ea3 x\u1ee9<\/p>","protected":false},"featured_media":10729,"comment_status":"open","ping_status":"closed","template":"","meta":{"_acf_changed":false},"product_cat":[315,366,367,22,313],"product_tag":[],"class_list":{"0":"post-10726","1":"product","2":"type-product","3":"status-publish","4":"has-post-thumbnail","6":"product_cat-che-bien-tu-gao-ngu-coc","7":"product_cat-hang-cnnt-cap-qg","8":"product_cat-hang-cnnt-cap-qg-2023","9":"product_cat-sanphamthucpham","10":"product_cat-thuc-pham-che-bien","12":"first","13":"instock","14":"shipping-taxable","15":"purchasable","16":"product-type-simple"},"acf":[],"_links":{"self":[{"href":"https:\/\/b2c.fairs.vn\/en\/wp-json\/wp\/v2\/product\/10726","targetHints":{"allow":["GET"]}}],"collection":[{"href":"https:\/\/b2c.fairs.vn\/en\/wp-json\/wp\/v2\/product"}],"about":[{"href":"https:\/\/b2c.fairs.vn\/en\/wp-json\/wp\/v2\/types\/product"}],"replies":[{"embeddable":true,"href":"https:\/\/b2c.fairs.vn\/en\/wp-json\/wp\/v2\/comments?post=10726"}],"version-history":[{"count":0,"href":"https:\/\/b2c.fairs.vn\/en\/wp-json\/wp\/v2\/product\/10726\/revisions"}],"wp:featuredmedia":[{"embeddable":true,"href":"https:\/\/b2c.fairs.vn\/en\/wp-json\/wp\/v2\/media\/10729"}],"wp:attachment":[{"href":"https:\/\/b2c.fairs.vn\/en\/wp-json\/wp\/v2\/media?parent=10726"}],"wp:term":[{"taxonomy":"product_cat","embeddable":true,"href":"https:\/\/b2c.fairs.vn\/en\/wp-json\/wp\/v2\/product_cat?post=10726"},{"taxonomy":"product_tag","embeddable":true,"href":"https:\/\/b2c.fairs.vn\/en\/wp-json\/wp\/v2\/product_tag?post=10726"}],"curies":[{"name":"wp","href":"https:\/\/api.w.org\/{rel}","templated":true}]}}